{"id":5967,"date":"2023-01-10T15:07:05","date_gmt":"2023-01-10T07:07:05","guid":{"rendered":"https:\/\/www.mentormedia.com\/%e5%8a%9e%e5%85%ac%e5%9c%b0%e7%82%b9%e8%81%94%e7%b3%bb%e4%ba%ba-2\/%e7%be%8e%e6%b4%b2\/"},"modified":"2026-01-29T15:03:27","modified_gmt":"2026-01-29T07:03:27","slug":"%e7%be%8e%e6%b4%b2","status":"publish","type":"page","link":"https:\/\/www.mentormedia.com\/zh-hans\/%e5%8a%9e%e5%85%ac%e5%9c%b0%e7%82%b9%e8%81%94%e7%b3%bb%e4%ba%ba\/%e7%be%8e%e6%b4%b2\/","title":{"rendered":"\u7f8e\u6d32"},"content":{"rendered":"\r\n\t\t<section class=\"titlebild-section titlebild-block-id-69efbb8d3a782 titlebild-block-layout contact\">\r\n                <div class=\"full-bild\"> <img fetchpriority=\"high\" decoding=\"sync\" width=\"1920\" height=\"520\" src=\"https:\/\/www.mentormedia.com\/wp-content\/uploads\/2024\/02\/contact.jpeg\" class=\"img-fluid\" alt=\"Contact\" srcset=\"https:\/\/www.mentormedia.com\/wp-content\/uploads\/2024\/02\/contact.jpeg 1920w, https:\/\/www.mentormedia.com\/wp-content\/uploads\/2024\/02\/contact-300x81.jpeg 300w, https:\/\/www.mentormedia.com\/wp-content\/uploads\/2024\/02\/contact-1024x277.jpeg 1024w, https:\/\/www.mentormedia.com\/wp-content\/uploads\/2024\/02\/contact-768x208.jpeg 768w, https:\/\/www.mentormedia.com\/wp-content\/uploads\/2024\/02\/contact-1536x416.jpeg 1536w\" sizes=\"(max-width: 1920px) 100vw, 1920px\" \/><\/div>\r\n                <div class=\"bild-title container\">\r\n                <p class=\"headline wt-h1\"> \u8054\u7cfb\u660e\u5fb7   <\/p>\r\n                <\/div>\r\n        <\/section>\r\n\t\n\n\n<div style=\"height:50px\" aria-hidden=\"true\" class=\"wp-block-spacer eplus-wrapper\"><\/div>\n\n\n\n<div class=\"wp-block-columns justify-content-center edplus_anim-EPfqYo eplus-wrapper is-layout-flex wp-container-core-columns-is-layout-9d6595d7 wp-block-columns-is-layout-flex\">\n<div class=\"wp-block-column eplus-wrapper is-layout-flow wp-block-column-is-layout-flow\" style=\"flex-basis:650px\">\n<div class=\"wp-block-columns eplus-wrapper is-layout-flex wp-container-core-columns-is-layout-9d6595d7 wp-block-columns-is-layout-flex\">\n<div class=\"wp-block-column eplus-wrapper is-layout-flow wp-block-column-is-layout-flow\" style=\"flex-basis:100%\">\n<div class=\"wp-block-buttons eplus-wrapper is-content-justification-center is-nowrap is-layout-flex wp-container-core-buttons-is-layout-1fb9aab6 wp-block-buttons-is-layout-flex\">\n<div class=\"wp-block-button has-custom-width wp-block-button__width-50 is-style-outline mm-button eplus-wrapper is-style-outline--1\"><a class=\"wp-block-button__link has-white-background-color has-text-color has-background has-custom-font-size wp-element-button\" href=\"https:\/\/www.mentormedia.com\/zh-hans\/%e5%8f%96%e5%be%97%e8%81%94%e7%b3%bb\/\" style=\"color:#333333;font-size:14px;font-style:normal;font-weight:500\">\u53d6\u5f97\u8054\u7cfb<\/a><\/div>\n\n\n\n<div class=\"wp-block-button has-custom-width wp-block-button__width-50 mm-button is-style-fill eplus-wrapper\"><a class=\"wp-block-button__link has-white-color has-text-color has-background has-custom-font-size wp-element-button\" href=\"https:\/\/www.mentormedia.com\/zh-hans\/%e5%8a%9e%e5%85%ac%e5%9c%b0%e7%82%b9%e8%81%94%e7%b3%bb%e4%ba%ba\/\" style=\"background-color:#0093bd;font-size:14px;font-style:normal;font-weight:500\">\u5982\u4f55\u627e\u5230\u6211\u4eec<\/a><\/div>\n<\/div>\n<\/div>\n<\/div>\n<\/div>\n<\/div>\n\n\n\n<div class=\"wp-block-columns contact-tab-wrapper has-background is-layout-flex wp-container-core-columns-is-layout-9d6595d7 wp-block-columns-is-layout-flex\" style=\"background-color:#f0f0f0\">\n<div class=\"wp-block-column eplus-wrapper is-layout-flow wp-block-column-is-layout-flow\" style=\"flex-basis:650px\">\n<div class=\"wp-block-columns eplus-wrapper is-layout-flex wp-container-core-columns-is-layout-9d6595d7 wp-block-columns-is-layout-flex\">\n<div class=\"wp-block-column contact-desktop-buttons is-layout-flow wp-block-column-is-layout-flow\" style=\"flex-basis:100%\">\n<div class=\"wp-block-buttons eplus-wrapper is-content-justification-center is-nowrap is-layout-flex wp-container-core-buttons-is-layout-1fb9aab6 wp-block-buttons-is-layout-flex\">\n<div class=\"wp-block-button has-custom-width wp-block-button__width-50 is-style-outline mm-button eplus-wrapper is-style-outline--2\"><a class=\"wp-block-button__link has-text-color has-background has-custom-font-size wp-element-button\" href=\"https:\/\/www.mentormedia.com\/zh-hans\/%e5%8a%9e%e5%85%ac%e5%9c%b0%e7%82%b9%e8%81%94%e7%b3%bb%e4%ba%ba\/\" style=\"color:#333333;background-color:#f0f0f0;font-size:14px;font-style:normal;font-weight:500\">\u603b\u90e8<\/a><\/div>\n\n\n\n<div class=\"wp-block-button has-custom-width wp-block-button__width-50 is-style-outline mm-button eplus-wrapper is-style-outline--3\"><a class=\"wp-block-button__link has-text-color has-background has-custom-font-size wp-element-button\" href=\"\/zh-hans\/\u4e9a\u6d32\/\" style=\"color:#333333;background-color:#f0f0f0;font-size:14px;font-style:normal;font-weight:500\">\u4e9a\u6d32<\/a><\/div>\n\n\n\n<div class=\"wp-block-button has-custom-width wp-block-button__width-50 mm-button is-style-fill eplus-wrapper\"><a class=\"wp-block-button__link has-white-color has-text-color has-background has-custom-font-size wp-element-button\" href=\"\/zh-hans\/\u7f8e\u6d32\/\" style=\"background-color:#0093bd;font-size:14px;font-style:normal;font-weight:500\">\u7f8e\u6d32<\/a><\/div>\n\n\n\n<div class=\"wp-block-button has-custom-width wp-block-button__width-50 is-style-outline mm-button eplus-wrapper is-style-outline--4\"><a class=\"wp-block-button__link has-text-color has-background has-custom-font-size wp-element-button\" href=\"\/zh-hans\/\u6b27\u6d32\/\" style=\"color:#333333;background-color:#f0f0f0;font-size:14px;font-style:normal;font-weight:500\">\u6b27\u6d32<\/a><\/div>\n<\/div>\n<\/div>\n<\/div>\n\n\n\n<div class=\"wp-block-columns eplus-wrapper is-layout-flex wp-container-core-columns-is-layout-9d6595d7 wp-block-columns-is-layout-flex\">\n<div class=\"wp-block-column contact-mobile-buttons is-layout-flow wp-block-column-is-layout-flow\" style=\"flex-basis:100%\">\n<div class=\"wp-block-buttons eplus-wrapper is-content-justification-center is-nowrap is-layout-flex wp-container-core-buttons-is-layout-1fb9aab6 wp-block-buttons-is-layout-flex\">\n<div class=\"wp-block-button has-custom-width wp-block-button__width-100 is-style-outline mm-button eplus-wrapper is-style-outline--5\"><a class=\"wp-block-button__link has-text-color has-background has-custom-font-size wp-element-button\" href=\"https:\/\/www.mentormedia.com\/zh-hans\/%e5%8a%9e%e5%85%ac%e5%9c%b0%e7%82%b9%e8%81%94%e7%b3%bb%e4%ba%ba\/\" style=\"color:#333333;background-color:#f0f0f0;font-size:14px;font-style:normal;font-weight:500\">\u603b\u90e8<\/a><\/div>\n<\/div>\n\n\n\n<hr class=\"wp-block-separator has-text-color has-alpha-channel-opacity has-background is-style-wide eplus-wrapper\" style=\"background-color:#f3f3f3;color:#f3f3f3\"\/>\n\n\n\n<div class=\"wp-block-buttons eplus-wrapper is-content-justification-center is-nowrap is-layout-flex wp-container-core-buttons-is-layout-1fb9aab6 wp-block-buttons-is-layout-flex\">\n<div class=\"wp-block-button has-custom-width wp-block-button__width-100 is-style-outline mm-button eplus-wrapper is-style-outline--6\"><a class=\"wp-block-button__link has-text-color has-background has-custom-font-size wp-element-button\" href=\"\/zh-hans\/\u4e9a\u6d32\/\" style=\"color:#333333;background-color:#f0f0f0;font-size:14px;font-style:normal;font-weight:500\">\u4e9a\u6d32<\/a><\/div>\n<\/div>\n\n\n\n<hr class=\"wp-block-separator has-text-color has-alpha-channel-opacity has-background is-style-wide eplus-wrapper\" style=\"background-color:#f3f3f3;color:#f3f3f3\"\/>\n\n\n\n<div class=\"wp-block-buttons eplus-wrapper is-content-justification-center is-nowrap is-layout-flex wp-container-core-buttons-is-layout-1fb9aab6 wp-block-buttons-is-layout-flex\">\n<div class=\"wp-block-button has-custom-width wp-block-button__width-100 mm-button is-style-fill eplus-wrapper\"><a class=\"wp-block-button__link has-white-color has-text-color has-background has-custom-font-size wp-element-button\" href=\"\/zh-hans\/\u7f8e\u6d32\/\" style=\"background-color:#0093bd;font-size:14px;font-style:normal;font-weight:500\">\u7f8e\u6d32<\/a><\/div>\n<\/div>\n\n\n\n<hr class=\"wp-block-separator has-text-color has-alpha-channel-opacity has-background is-style-wide eplus-wrapper\" style=\"background-color:#f3f3f3;color:#f3f3f3\"\/>\n\n\n\n<div class=\"wp-block-buttons eplus-wrapper is-content-justification-center is-nowrap is-layout-flex wp-container-core-buttons-is-layout-1fb9aab6 wp-block-buttons-is-layout-flex\">\n<div class=\"wp-block-button has-custom-width wp-block-button__width-100 is-style-outline mm-button eplus-wrapper is-style-outline--7\"><a class=\"wp-block-button__link has-text-color has-background has-custom-font-size wp-element-button\" href=\"\/zh-hans\/\u6b27\u6d32\/\" style=\"color:#333333;background-color:#f0f0f0;font-size:14px;font-style:normal;font-weight:500\">\u6b27\u6d32<\/a><\/div>\n<\/div>\n<\/div>\n<\/div>\n\n\n\n<p class=\"eplus-wrapper has-text-color\" style=\"color:#333333\">Mentor Media (USA) Supply Chain Management, Inc<br>865 South Washington Ave<br>San Bernardino, CA, 92408, USA<br>\u7535\u5b50\u90ae\u4ef6 <a href=\"mailto:AMERSales@mentormedia.com\">AMERSales@mentormedia.com<\/a><br>\u7535\u8bdd: +1 909 930 0800<br>\u4f20\u771f\uff1a +1 909 930 0807<\/p>\n\n\n\n<div style=\"height:9px\" aria-hidden=\"true\" class=\"wp-block-spacer\"><\/div>\n\n\n\n<p>Mentor Supply Chain USA Inc.<br>1395 Polk Drive<br>Warsaw, Indiana, 46582, USA<br>\u7535\u5b50\u90ae\u4ef6 <a href=\"mailto:AMERSales@mentormedia.com\">AMERSales@mentormedia.com<\/a><br>\u7535\u8bdd: +1 574 376 2953<br>\u4f20\u771f\uff1a +1 574 376 2963<\/p>\n\n\n\n<div class=\"contactMap\"><iframe loading=\"lazy\" class=\"map\" style=\"margin-top:25px;\" src=\"https:\/\/www.google.com\/maps\/d\/u\/0\/embed?mid=zRHRZ_NNvdqo.ktr3YHSffYi4&amp;ll=39.178145,-95.7453014&amp;z=4\" width=\"640\" height=\"480\" frameborder=\"0\"><\/iframe><\/div>\n\n\n\n<hr class=\"wp-block-separator has-text-color has-alpha-channel-opacity has-background is-style-wide eplus-wrapper\" style=\"background-color:#0093bd;color:#0093bd\"\/>\n\n\n\n<p class=\"eplus-wrapper has-text-color\" style=\"color:#333333\">Mentor Media Ju\u00e1rez S.A. de C.V.<strong><br><\/strong>Libre Comercio No. 2164<br>Parque Industrial Am\u00e9ricas<br>Cd. Ju\u00e1rez, Chih. C.P. 32575 M\u00e9xico<br>\u7535\u5b50\u90ae\u4ef6 <a href=\"mailto:AMERSales@mentormedia.com\">AMERSales@mentormedia.com<\/a><br>\u7535\u8bdd: ++52 656 257 1603<\/p>\n\n\n\n<div style=\"height:9px\" aria-hidden=\"true\" class=\"wp-block-spacer\"><\/div>\n\n\n\n<p><em>SCM Operations \u2013 Monterrey<\/em><br>Avenida Miguel Alem\u00e1n 2455,<br>Parque Industrial via 54,<br>66627 Cd Apodaca, N.L., M\u00e9xico<br>\u7535\u5b50\u90ae\u4ef6 <a href=\"mailto:AMERSales@mentormedia.com\">AMERSales@mentormedia.com<\/a><\/p>\n\n\n\n<div style=\"height:9px\" aria-hidden=\"true\" class=\"wp-block-spacer\"><\/div>\n\n\n\n<p>Mentor Supply Chain Mexico S.A. de C.V.<br>Libre Comercio No. 2164<br>Parque Industrial Am\u00e9ricas<br>Cd. Ju\u00e1rez, Chih. C.P. 32575 Mexico<br>\u7535\u5b50\u90ae\u4ef6 <a href=\"mailto:AMERSales@mentormedia.com\">AMERSales@mentormedia.com<\/a><\/p>\n\n\n\n<div class=\"contactMap\"><iframe loading=\"lazy\" class=\"map\" style=\"margin-top:25px;\" src=\"https:\/\/www.google.com\/maps\/d\/u\/0\/embed?mid=zRHRZ_NNvdqo.ktr3YHSffYi4&amp;ll=31.222584,-106.321071&amp;z=5\" width=\"640\" height=\"480\" frameborder=\"0\"><\/iframe><\/div>\n\n\n\n<hr class=\"wp-block-separator has-text-color has-alpha-channel-opacity has-background is-style-wide eplus-wrapper\" style=\"background-color:#0093bd;color:#0093bd\"\/>\n\n\n\n<p class=\"eplus-wrapper has-text-color\" style=\"color:#333333\">Mentor Supply Chain Management (Brazil)<strong><br><\/strong>Rod SP 073, 1.800 \u2013 KM 37 1 Galpao Modulos 01, 02 E 03 \u2013 Bloco 300 \u2013 <br>Distrito Industrial Do Lageado \u2013 Salto \u2013 SP Brazil<br>\u7535\u5b50\u90ae\u4ef6 <a href=\"mailto:AMERSales@mentormedia.com\">AMERSales@mentormedia.com<\/a><a href=\"mailto:sales@mentormedia.com\"><br><\/a>\u7535\u8bdd\uff1a +55 11 3195 3400<\/p>\n\n\n\n<div class=\"contactMap\"><iframe loading=\"lazy\" class=\"map\" style=\"margin-top:25px;\" src=\"https:\/\/www.google.com\/maps\/d\/u\/0\/embed?mid=zRHRZ_NNvdqo.ktr3YHSffYi4&amp;ll=-23.1923346,-46.4611807&amp;z=8\" width=\"640\" height=\"480\" frameborder=\"0\"><\/iframe><\/div>\n<\/div>\n<\/div>\n","protected":false},"excerpt":{"rendered":"<p>Mentor Media (USA) Supply Chain Management, Inc865 Sout&#8230;<\/p>\n","protected":false},"author":1,"featured_media":0,"parent":5957,"menu_order":0,"comment_status":"closed","ping_status":"closed","template":"","meta":{"footnotes":""},"class_list":["post-5967","page","type-page","status-publish","hentry"],"yoast_head":"<!-- This site is optimized with the Yoast SEO plugin v27.1.1 - https:\/\/yoast.com\/product\/yoast-seo-wordpress\/ -->\n<title>\u7f8e\u6d32 - \u660e\u5fb7<\/title>\n<meta name=\"robots\" content=\"index, follow, max-snippet:-1, max-image-preview:large, max-video-preview:-1\" \/>\n<link rel=\"canonical\" href=\"https:\/\/www.mentormedia.com\/zh-hans\/\u529e\u516c\u5730\u70b9\u8054\u7cfb\u4eba\/\u7f8e\u6d32\/\" \/>\n<meta property=\"og:locale\" content=\"zh_CN\" \/>\n<meta property=\"og:type\" content=\"article\" \/>\n<meta property=\"og:title\" content=\"\u7f8e\u6d32 - \u660e\u5fb7\" \/>\n<meta property=\"og:description\" content=\"Mentor Media (USA) Supply Chain Management, Inc865 Sout...\" \/>\n<meta property=\"og:url\" content=\"https:\/\/www.mentormedia.com\/zh-hans\/\u529e\u516c\u5730\u70b9\u8054\u7cfb\u4eba\/\u7f8e\u6d32\/\" \/>\n<meta property=\"og:site_name\" content=\"\u660e\u5fb7\" \/>\n<meta property=\"article:modified_time\" content=\"2026-01-29T07:03:27+00:00\" \/>\n<meta name=\"twitter:card\" content=\"summary_large_image\" \/>\n<meta name=\"twitter:label1\" content=\"\u9884\u8ba1\u9605\u8bfb\u65f6\u95f4\" \/>\n\t<meta name=\"twitter:data1\" content=\"1 \u5206\" \/>\n<script type=\"application\/ld+json\" class=\"yoast-schema-graph\">{\"@context\":\"https:\/\/schema.org\",\"@graph\":[{\"@type\":\"WebPage\",\"@id\":\"https:\/\/www.mentormedia.com\/zh-hans\/%e5%8a%9e%e5%85%ac%e5%9c%b0%e7%82%b9%e8%81%94%e7%b3%bb%e4%ba%ba\/%e7%be%8e%e6%b4%b2\/\",\"url\":\"https:\/\/www.mentormedia.com\/zh-hans\/%e5%8a%9e%e5%85%ac%e5%9c%b0%e7%82%b9%e8%81%94%e7%b3%bb%e4%ba%ba\/%e7%be%8e%e6%b4%b2\/\",\"name\":\"\u7f8e\u6d32 - \u660e\u5fb7\",\"isPartOf\":{\"@id\":\"https:\/\/www.mentormedia.com\/#website\"},\"datePublished\":\"2023-01-10T07:07:05+00:00\",\"dateModified\":\"2026-01-29T07:03:27+00:00\",\"breadcrumb\":{\"@id\":\"https:\/\/www.mentormedia.com\/zh-hans\/%e5%8a%9e%e5%85%ac%e5%9c%b0%e7%82%b9%e8%81%94%e7%b3%bb%e4%ba%ba\/%e7%be%8e%e6%b4%b2\/#breadcrumb\"},\"inLanguage\":\"zh-Hans\",\"potentialAction\":[{\"@type\":\"ReadAction\",\"target\":[\"https:\/\/www.mentormedia.com\/zh-hans\/%e5%8a%9e%e5%85%ac%e5%9c%b0%e7%82%b9%e8%81%94%e7%b3%bb%e4%ba%ba\/%e7%be%8e%e6%b4%b2\/\"]}]},{\"@type\":\"BreadcrumbList\",\"@id\":\"https:\/\/www.mentormedia.com\/zh-hans\/%e5%8a%9e%e5%85%ac%e5%9c%b0%e7%82%b9%e8%81%94%e7%b3%bb%e4%ba%ba\/%e7%be%8e%e6%b4%b2\/#breadcrumb\",\"itemListElement\":[{\"@type\":\"ListItem\",\"position\":1,\"name\":\"Home\",\"item\":\"https:\/\/www.mentormedia.com\/zh-hans\/\"},{\"@type\":\"ListItem\",\"position\":2,\"name\":\"\u529e\u516c\u5730\u70b9\u8054\u7cfb\u4eba\",\"item\":\"https:\/\/www.mentormedia.com\/zh-hans\/%e5%8a%9e%e5%85%ac%e5%9c%b0%e7%82%b9%e8%81%94%e7%b3%bb%e4%ba%ba\/\"},{\"@type\":\"ListItem\",\"position\":3,\"name\":\"\u7f8e\u6d32\"}]},{\"@type\":\"WebSite\",\"@id\":\"https:\/\/www.mentormedia.com\/#website\",\"url\":\"https:\/\/www.mentormedia.com\/\",\"name\":\"\u660e\u5fb7\",\"description\":\"Global Supply Chain Solutions\",\"publisher\":{\"@id\":\"https:\/\/www.mentormedia.com\/#organization\"},\"potentialAction\":[{\"@type\":\"SearchAction\",\"target\":{\"@type\":\"EntryPoint\",\"urlTemplate\":\"https:\/\/www.mentormedia.com\/?s={search_term_string}\"},\"query-input\":{\"@type\":\"PropertyValueSpecification\",\"valueRequired\":true,\"valueName\":\"search_term_string\"}}],\"inLanguage\":\"zh-Hans\"},{\"@type\":\"Organization\",\"@id\":\"https:\/\/www.mentormedia.com\/#organization\",\"name\":\"\u660e\u5fb7\",\"url\":\"https:\/\/www.mentormedia.com\/\",\"logo\":{\"@type\":\"ImageObject\",\"inLanguage\":\"zh-Hans\",\"@id\":\"https:\/\/www.mentormedia.com\/#\/schema\/logo\/image\/\",\"url\":\"https:\/\/www.mentormedia.com\/wp-content\/uploads\/2026\/02\/logo-mentor-media.webp\",\"contentUrl\":\"https:\/\/www.mentormedia.com\/wp-content\/uploads\/2026\/02\/logo-mentor-media.webp\",\"width\":200,\"height\":82,\"caption\":\"\u660e\u5fb7\"},\"image\":{\"@id\":\"https:\/\/www.mentormedia.com\/#\/schema\/logo\/image\/\"}}]}<\/script>\n<!-- \/ Yoast SEO plugin. -->","yoast_head_json":{"title":"\u7f8e\u6d32 - \u660e\u5fb7","robots":{"index":"index","follow":"follow","max-snippet":"max-snippet:-1","max-image-preview":"max-image-preview:large","max-video-preview":"max-video-preview:-1"},"canonical":"https:\/\/www.mentormedia.com\/zh-hans\/\u529e\u516c\u5730\u70b9\u8054\u7cfb\u4eba\/\u7f8e\u6d32\/","og_locale":"zh_CN","og_type":"article","og_title":"\u7f8e\u6d32 - \u660e\u5fb7","og_description":"Mentor Media (USA) Supply Chain Management, Inc865 Sout...","og_url":"https:\/\/www.mentormedia.com\/zh-hans\/\u529e\u516c\u5730\u70b9\u8054\u7cfb\u4eba\/\u7f8e\u6d32\/","og_site_name":"\u660e\u5fb7","article_modified_time":"2026-01-29T07:03:27+00:00","twitter_card":"summary_large_image","twitter_misc":{"\u9884\u8ba1\u9605\u8bfb\u65f6\u95f4":"1 \u5206"},"schema":{"@context":"https:\/\/schema.org","@graph":[{"@type":"WebPage","@id":"https:\/\/www.mentormedia.com\/zh-hans\/%e5%8a%9e%e5%85%ac%e5%9c%b0%e7%82%b9%e8%81%94%e7%b3%bb%e4%ba%ba\/%e7%be%8e%e6%b4%b2\/","url":"https:\/\/www.mentormedia.com\/zh-hans\/%e5%8a%9e%e5%85%ac%e5%9c%b0%e7%82%b9%e8%81%94%e7%b3%bb%e4%ba%ba\/%e7%be%8e%e6%b4%b2\/","name":"\u7f8e\u6d32 - \u660e\u5fb7","isPartOf":{"@id":"https:\/\/www.mentormedia.com\/#website"},"datePublished":"2023-01-10T07:07:05+00:00","dateModified":"2026-01-29T07:03:27+00:00","breadcrumb":{"@id":"https:\/\/www.mentormedia.com\/zh-hans\/%e5%8a%9e%e5%85%ac%e5%9c%b0%e7%82%b9%e8%81%94%e7%b3%bb%e4%ba%ba\/%e7%be%8e%e6%b4%b2\/#breadcrumb"},"inLanguage":"zh-Hans","potentialAction":[{"@type":"ReadAction","target":["https:\/\/www.mentormedia.com\/zh-hans\/%e5%8a%9e%e5%85%ac%e5%9c%b0%e7%82%b9%e8%81%94%e7%b3%bb%e4%ba%ba\/%e7%be%8e%e6%b4%b2\/"]}]},{"@type":"BreadcrumbList","@id":"https:\/\/www.mentormedia.com\/zh-hans\/%e5%8a%9e%e5%85%ac%e5%9c%b0%e7%82%b9%e8%81%94%e7%b3%bb%e4%ba%ba\/%e7%be%8e%e6%b4%b2\/#breadcrumb","itemListElement":[{"@type":"ListItem","position":1,"name":"Home","item":"https:\/\/www.mentormedia.com\/zh-hans\/"},{"@type":"ListItem","position":2,"name":"\u529e\u516c\u5730\u70b9\u8054\u7cfb\u4eba","item":"https:\/\/www.mentormedia.com\/zh-hans\/%e5%8a%9e%e5%85%ac%e5%9c%b0%e7%82%b9%e8%81%94%e7%b3%bb%e4%ba%ba\/"},{"@type":"ListItem","position":3,"name":"\u7f8e\u6d32"}]},{"@type":"WebSite","@id":"https:\/\/www.mentormedia.com\/#website","url":"https:\/\/www.mentormedia.com\/","name":"\u660e\u5fb7","description":"Global Supply Chain Solutions","publisher":{"@id":"https:\/\/www.mentormedia.com\/#organization"},"potentialAction":[{"@type":"SearchAction","target":{"@type":"EntryPoint","urlTemplate":"https:\/\/www.mentormedia.com\/?s={search_term_string}"},"query-input":{"@type":"PropertyValueSpecification","valueRequired":true,"valueName":"search_term_string"}}],"inLanguage":"zh-Hans"},{"@type":"Organization","@id":"https:\/\/www.mentormedia.com\/#organization","name":"\u660e\u5fb7","url":"https:\/\/www.mentormedia.com\/","logo":{"@type":"ImageObject","inLanguage":"zh-Hans","@id":"https:\/\/www.mentormedia.com\/#\/schema\/logo\/image\/","url":"https:\/\/www.mentormedia.com\/wp-content\/uploads\/2026\/02\/logo-mentor-media.webp","contentUrl":"https:\/\/www.mentormedia.com\/wp-content\/uploads\/2026\/02\/logo-mentor-media.webp","width":200,"height":82,"caption":"\u660e\u5fb7"},"image":{"@id":"https:\/\/www.mentormedia.com\/#\/schema\/logo\/image\/"}}]}},"_links":{"self":[{"href":"https:\/\/www.mentormedia.com\/zh-hans\/wp-json\/wp\/v2\/pages\/5967","targetHints":{"allow":["GET"]}}],"collection":[{"href":"https:\/\/www.mentormedia.com\/zh-hans\/wp-json\/wp\/v2\/pages"}],"about":[{"href":"https:\/\/www.mentormedia.com\/zh-hans\/wp-json\/wp\/v2\/types\/page"}],"author":[{"embeddable":true,"href":"https:\/\/www.mentormedia.com\/zh-hans\/wp-json\/wp\/v2\/users\/1"}],"replies":[{"embeddable":true,"href":"https:\/\/www.mentormedia.com\/zh-hans\/wp-json\/wp\/v2\/comments?post=5967"}],"version-history":[{"count":36,"href":"https:\/\/www.mentormedia.com\/zh-hans\/wp-json\/wp\/v2\/pages\/5967\/revisions"}],"predecessor-version":[{"id":10803,"href":"https:\/\/www.mentormedia.com\/zh-hans\/wp-json\/wp\/v2\/pages\/5967\/revisions\/10803"}],"up":[{"embeddable":true,"href":"https:\/\/www.mentormedia.com\/zh-hans\/wp-json\/wp\/v2\/pages\/5957"}],"wp:attachment":[{"href":"https:\/\/www.mentormedia.com\/zh-hans\/wp-json\/wp\/v2\/media?parent=5967"}],"curies":[{"name":"wp","href":"https:\/\/api.w.org\/{rel}","templated":true}]}}