{"id":4474,"date":"2022-11-03T21:11:36","date_gmt":"2022-11-03T13:11:36","guid":{"rendered":"https:\/\/www.mentormedia.com\/solucoes\/nova-rota-da-seda-bri-na-sigla-em-ingles-e-corredor-internacional-de-comercio-terra-mar-ilstc-na-sigla-em-ingles\/"},"modified":"2024-02-19T15:09:27","modified_gmt":"2024-02-19T14:09:27","slug":"nova-rota-da-seda-bri-na-sigla-em-ingles-e-corredor-internacional-de-comercio-terra-mar-ilstc-na-sigla-em-ingles","status":"publish","type":"page","link":"https:\/\/www.mentormedia.com\/pt-br\/nova-rota-da-seda-bri-na-sigla-em-ingles-e-corredor-internacional-de-comercio-terra-mar-ilstc-na-sigla-em-ingles\/","title":{"rendered":"Nova Rota da Seda (BRI, na sigla em ingl\u00eas) e Corredor Internacional de Com\u00e9rcio Terra-Mar (ILSTC, na sigla em ingl\u00eas)"},"content":{"rendered":"\r\n\t\t<section class=\"titlebild-section titlebild-block-id-6a07b36774c4b titlebild-block-layout bottom\">\r\n                <div class=\"full-bild\"> <img fetchpriority=\"high\" decoding=\"sync\" width=\"1920\" height=\"520\" src=\"https:\/\/www.mentormedia.com\/wp-content\/uploads\/2024\/02\/MM-BRI-21.jpg\" class=\"img-fluid\" alt=\"MM BRI\" srcset=\"https:\/\/www.mentormedia.com\/wp-content\/uploads\/2024\/02\/MM-BRI-21.jpg 1920w, https:\/\/www.mentormedia.com\/wp-content\/uploads\/2024\/02\/MM-BRI-21-300x81.jpg 300w, https:\/\/www.mentormedia.com\/wp-content\/uploads\/2024\/02\/MM-BRI-21-1024x277.jpg 1024w, https:\/\/www.mentormedia.com\/wp-content\/uploads\/2024\/02\/MM-BRI-21-768x208.jpg 768w, https:\/\/www.mentormedia.com\/wp-content\/uploads\/2024\/02\/MM-BRI-21-1536x416.jpg 1536w\" sizes=\"(max-width: 1920px) 100vw, 1920px\" \/><\/div>\r\n                <div class=\"bild-title container\">\r\n                <p class=\"headline wt-h1\"> Nova Rota Da Seda (Bri, Na Sigla Em Ingl\u00eas) E Corredor Internacional De Com\u00e9rcio Terra-mar (Ilstc, Na Sigla Em Ingl\u00eas) <\/p>\r\n                <\/div>\r\n        <\/section>\r\n\t\n\n\r\n                        <section class=\"textBlock \" style=\"background-color: #f5f5f5;\" >\r\n                            \r\n                                <div class=\"container\">\r\n                                    \r\n                                    \r\n                                    \r\n                                    <div class=\"row text\">\r\n                                        <div class=\"col\">\r\n                                            <div class=\"textBlock-text col-md-9\">\r\n                                                \n<p class=\"wp-block-wt-text-block\">As localiza\u00e7\u00f5es estrat\u00e9gicas da Mentor Media ao longo da Nova Rota da Seda (BRI) chinesa possibilita conex\u00f5es terrestres (rodovi\u00e1rias e ferrovi\u00e1rias) e mar\u00edtimas otimizadas. Nossas solu\u00e7\u00f5es aproveitam o Corredor Internacional de Com\u00e9rcio Terra-Mar (ILSTC), que oferece economias e um canal de distribui\u00e7\u00e3o alternativo para a cadeia de suprimentos.<\/p>\n\r\n                                            <\/div>\r\n                                        <\/div>                                        \r\n                                    <\/div>                                                                        \r\n                                <\/div>                                \r\n                        <\/section>\r\n                    \n\n\r\n                        <section class=\"textBlock \"  >\r\n                            \r\n                                <div class=\"container\">\r\n                                    \r\n                                    \r\n                                    \r\n                                    <div class=\"row text\">\r\n                                        <div class=\"col\">\r\n                                            <div class=\"textBlock-text col-md-9\">\r\n                                                \n<p class=\"wp-block-wt-text-block\">A Mentor Media \u00e9 uma empresa l\u00edder em solu\u00e7\u00f5es para a cadeia de suprimentos de ponta a ponta. Estamos constantemente fortalecendo as nossas compet\u00eancias log\u00edsticas.<br><br>Nossa experi\u00eancia no setor e a expans\u00e3o para a conectividade rodovi\u00e1ria, ferrovi\u00e1ria, a\u00e9rea e mar\u00edtima nos possibilitaram oferecer economias e uma cadeia de suprimentos confi\u00e1vel para os nossos clientes.<br><br>Com os custos crescentes e as incertezas no ambiente comercial, \u00e9 crucial que as empresas garantam uma cadeia de suprimentos est\u00e1vel para manter sua parcela de mercado. As empresas est\u00e3o buscando canais de distribui\u00e7\u00e3o alternativos.<br><br>Nossas solu\u00e7\u00f5es log\u00edsticas h\u00edbridas s\u00e3o personaliz\u00e1veis. Oferecem economias e garantem a viabilidade dos neg\u00f3cios.<\/p>\n\r\n                                            <\/div>\r\n                                        <\/div>                                        \r\n                                    <\/div>                                                                        \r\n                                <\/div>                                \r\n                        <\/section>\r\n                    \n\n\t<div class='full-width-case-study'><div class='container'>\t<div class=\"portfolio-main isotope-init portfolio-full_width_spacing full-width-section full-width-content\" data-frame=\"square\" data-fluid_image=\"true\" data-is_full_width=\"true\">\r\n\t\t<div class=\"portfolio-main-inner portfolio-col-3\">\r\n\t\t\t<div class=\"filter clearfix\">\r\n\t\t\t\t\t\t\t<h4>ESTUDOS DE CASO<\/h4>\r\n\t\t\t\t\t\t<\/div>\r\n\t\t\t\r\n\t\t\r\n\t\t<div class=\"portfolio-wrapper\">\r\n\t\t\t<div class=\"portfolio-isotope-container\">\r\n\t\t\t\t\t\t\t\t\t<div class=\"isotope-item  belt-road-initiative-bri-and-international-land-sea-trade-corridor-ilstc-pt-br value-added-services-pt-br\">\r\n\t\t\t\t\t\t<div class=\"portfolio-item\">\r\n\t\t\t\t\t\t\t<div class=\"portfolio-img\"><a href=\"https:\/\/www.mentormedia.com\/pt-br\/case_study\/nova-rota-da-seda-bri-na-sigla-em-ingles-e-corredor-internacional-de-comercio-terra-mar-ilstc-na-sigla-em-ingles\/\" style=\"background-image: url(https:\/\/www.mentormedia.com\/wp-content\/uploads\/2026\/02\/MM-CASE-VAS-BELT.webp);\" class=\"custom-shape no_under\"><\/a><\/div>\r\n\t\t\t\t\t\t\t<a class=\"portfolio-info no_under\" href=\"https:\/\/www.mentormedia.com\/pt-br\/case_study\/nova-rota-da-seda-bri-na-sigla-em-ingles-e-corredor-internacional-de-comercio-terra-mar-ilstc-na-sigla-em-ingles\/\">\r\n\t\t\t\t\t\t\t\t<div class=\"portfolio-title\"><h6>Nova Rota da Seda (BRI, na sigla em ingl\u00eas) e Corredor Internacional de Com\u00e9rcio Terra-Mar (ILSTC, na sigla em ingl\u00eas)<\/h6><\/div>\r\n\t\t\t\t\t\t\t<\/a>\r\n\t\t\t\t\t\t<\/div>\r\n\t\t\t\t\t<\/div>\r\n\t\t\t\t\t\t\t\t<\/div>\r\n\t\t<\/div>\r\n\t<\/div>\r\n\t<\/div>\r\n\t<\/div><\/div>\t","protected":false},"excerpt":{"rendered":"","protected":false},"author":1,"featured_media":0,"parent":0,"menu_order":0,"comment_status":"closed","ping_status":"closed","template":"","meta":{"footnotes":""},"class_list":["post-4474","page","type-page","status-publish","hentry"],"yoast_head":"<!-- This site is optimized with the Yoast SEO plugin v27.5 - https:\/\/yoast.com\/product\/yoast-seo-wordpress\/ -->\n<title>Nova Rota da Seda (BRI, na sigla em ingl\u00eas) e Corredor Internacional de Com\u00e9rcio Terra-Mar (ILSTC, na sigla em ingl\u00eas) - Mentor Media<\/title>\n<meta name=\"description\" content=\"As localiza\u00e7\u00f5es estrat\u00e9gicas da Mentor Media ao longo da Nova Rota da Seda (BRI) chinesa possibilita conex\u00f5es terrestres (rodovi\u00e1rias e ferrovi\u00e1rias) e mar\u00edtimas otimizadas.\" \/>\n<meta name=\"robots\" content=\"index, follow, max-snippet:-1, max-image-preview:large, max-video-preview:-1\" \/>\n<link rel=\"canonical\" href=\"https:\/\/www.mentormedia.com\/belt-road-initiative-bri-and-international-land-sea-trade-corridor-ilstc\/\" \/>\n<meta property=\"og:locale\" content=\"pt_BR\" \/>\n<meta property=\"og:type\" content=\"article\" \/>\n<meta property=\"og:title\" content=\"Nova Rota da Seda (BRI, na sigla em ingl\u00eas) e Corredor Internacional de Com\u00e9rcio Terra-Mar (ILSTC, na sigla em ingl\u00eas) - Mentor Media\" \/>\n<meta property=\"og:description\" content=\"As localiza\u00e7\u00f5es estrat\u00e9gicas da Mentor Media ao longo da Nova Rota da Seda (BRI) chinesa possibilita conex\u00f5es terrestres (rodovi\u00e1rias e ferrovi\u00e1rias) e mar\u00edtimas otimizadas.\" \/>\n<meta property=\"og:url\" content=\"https:\/\/www.mentormedia.com\/belt-road-initiative-bri-and-international-land-sea-trade-corridor-ilstc\/\" \/>\n<meta property=\"og:site_name\" content=\"Mentor Media\" \/>\n<meta property=\"article:modified_time\" content=\"2024-02-19T14:09:27+00:00\" \/>\n<meta name=\"twitter:card\" content=\"summary_large_image\" \/>\n<meta name=\"twitter:label1\" content=\"Est. tempo de leitura\" \/>\n\t<meta name=\"twitter:data1\" content=\"1 minuto\" \/>\n<script type=\"application\/ld+json\" class=\"yoast-schema-graph\">{\"@context\":\"https:\\\/\\\/schema.org\",\"@graph\":[{\"@type\":\"WebPage\",\"@id\":\"https:\\\/\\\/www.mentormedia.com\\\/belt-road-initiative-bri-and-international-land-sea-trade-corridor-ilstc\\\/\",\"url\":\"https:\\\/\\\/www.mentormedia.com\\\/belt-road-initiative-bri-and-international-land-sea-trade-corridor-ilstc\\\/\",\"name\":\"Nova Rota da Seda (BRI, na sigla em ingl\u00eas) e Corredor Internacional de Com\u00e9rcio Terra-Mar (ILSTC, na sigla em ingl\u00eas) - Mentor Media\",\"isPartOf\":{\"@id\":\"https:\\\/\\\/www.mentormedia.com\\\/#website\"},\"datePublished\":\"2022-11-03T13:11:36+00:00\",\"dateModified\":\"2024-02-19T14:09:27+00:00\",\"description\":\"As localiza\u00e7\u00f5es estrat\u00e9gicas da Mentor Media ao longo da Nova Rota da Seda (BRI) chinesa possibilita conex\u00f5es terrestres (rodovi\u00e1rias e ferrovi\u00e1rias) e mar\u00edtimas otimizadas.\",\"breadcrumb\":{\"@id\":\"https:\\\/\\\/www.mentormedia.com\\\/belt-road-initiative-bri-and-international-land-sea-trade-corridor-ilstc\\\/#breadcrumb\"},\"inLanguage\":\"pt-BR\",\"potentialAction\":[{\"@type\":\"ReadAction\",\"target\":[\"https:\\\/\\\/www.mentormedia.com\\\/belt-road-initiative-bri-and-international-land-sea-trade-corridor-ilstc\\\/\"]}]},{\"@type\":\"BreadcrumbList\",\"@id\":\"https:\\\/\\\/www.mentormedia.com\\\/belt-road-initiative-bri-and-international-land-sea-trade-corridor-ilstc\\\/#breadcrumb\",\"itemListElement\":[{\"@type\":\"ListItem\",\"position\":1,\"name\":\"Home\",\"item\":\"https:\\\/\\\/www.mentormedia.com\\\/pt-br\\\/\"},{\"@type\":\"ListItem\",\"position\":2,\"name\":\"Nova Rota da Seda (BRI, na sigla em ingl\u00eas) e Corredor Internacional de Com\u00e9rcio Terra-Mar (ILSTC, na sigla em ingl\u00eas)\"}]},{\"@type\":\"WebSite\",\"@id\":\"https:\\\/\\\/www.mentormedia.com\\\/#website\",\"url\":\"https:\\\/\\\/www.mentormedia.com\\\/\",\"name\":\"Mentor Media\",\"description\":\"Global Supply Chain Solutions\",\"publisher\":{\"@id\":\"https:\\\/\\\/www.mentormedia.com\\\/#organization\"},\"potentialAction\":[{\"@type\":\"SearchAction\",\"target\":{\"@type\":\"EntryPoint\",\"urlTemplate\":\"https:\\\/\\\/www.mentormedia.com\\\/?s={search_term_string}\"},\"query-input\":{\"@type\":\"PropertyValueSpecification\",\"valueRequired\":true,\"valueName\":\"search_term_string\"}}],\"inLanguage\":\"pt-BR\"},{\"@type\":\"Organization\",\"@id\":\"https:\\\/\\\/www.mentormedia.com\\\/#organization\",\"name\":\"Mentor Media\",\"url\":\"https:\\\/\\\/www.mentormedia.com\\\/\",\"logo\":{\"@type\":\"ImageObject\",\"inLanguage\":\"pt-BR\",\"@id\":\"https:\\\/\\\/www.mentormedia.com\\\/#\\\/schema\\\/logo\\\/image\\\/\",\"url\":\"https:\\\/\\\/www.mentormedia.com\\\/wp-content\\\/uploads\\\/2026\\\/02\\\/logo-mentor-media.webp\",\"contentUrl\":\"https:\\\/\\\/www.mentormedia.com\\\/wp-content\\\/uploads\\\/2026\\\/02\\\/logo-mentor-media.webp\",\"width\":200,\"height\":82,\"caption\":\"Mentor Media\"},\"image\":{\"@id\":\"https:\\\/\\\/www.mentormedia.com\\\/#\\\/schema\\\/logo\\\/image\\\/\"}}]}<\/script>\n<!-- \/ Yoast SEO plugin. -->","yoast_head_json":{"title":"Nova Rota da Seda (BRI, na sigla em ingl\u00eas) e Corredor Internacional de Com\u00e9rcio Terra-Mar (ILSTC, na sigla em ingl\u00eas) - Mentor Media","description":"As localiza\u00e7\u00f5es estrat\u00e9gicas da Mentor Media ao longo da Nova Rota da Seda (BRI) chinesa possibilita conex\u00f5es terrestres (rodovi\u00e1rias e ferrovi\u00e1rias) e mar\u00edtimas otimizadas.","robots":{"index":"index","follow":"follow","max-snippet":"max-snippet:-1","max-image-preview":"max-image-preview:large","max-video-preview":"max-video-preview:-1"},"canonical":"https:\/\/www.mentormedia.com\/belt-road-initiative-bri-and-international-land-sea-trade-corridor-ilstc\/","og_locale":"pt_BR","og_type":"article","og_title":"Nova Rota da Seda (BRI, na sigla em ingl\u00eas) e Corredor Internacional de Com\u00e9rcio Terra-Mar (ILSTC, na sigla em ingl\u00eas) - Mentor Media","og_description":"As localiza\u00e7\u00f5es estrat\u00e9gicas da Mentor Media ao longo da Nova Rota da Seda (BRI) chinesa possibilita conex\u00f5es terrestres (rodovi\u00e1rias e ferrovi\u00e1rias) e mar\u00edtimas otimizadas.","og_url":"https:\/\/www.mentormedia.com\/belt-road-initiative-bri-and-international-land-sea-trade-corridor-ilstc\/","og_site_name":"Mentor Media","article_modified_time":"2024-02-19T14:09:27+00:00","twitter_card":"summary_large_image","twitter_misc":{"Est. tempo de leitura":"1 minuto"},"schema":{"@context":"https:\/\/schema.org","@graph":[{"@type":"WebPage","@id":"https:\/\/www.mentormedia.com\/belt-road-initiative-bri-and-international-land-sea-trade-corridor-ilstc\/","url":"https:\/\/www.mentormedia.com\/belt-road-initiative-bri-and-international-land-sea-trade-corridor-ilstc\/","name":"Nova Rota da Seda (BRI, na sigla em ingl\u00eas) e Corredor Internacional de Com\u00e9rcio Terra-Mar (ILSTC, na sigla em ingl\u00eas) - Mentor Media","isPartOf":{"@id":"https:\/\/www.mentormedia.com\/#website"},"datePublished":"2022-11-03T13:11:36+00:00","dateModified":"2024-02-19T14:09:27+00:00","description":"As localiza\u00e7\u00f5es estrat\u00e9gicas da Mentor Media ao longo da Nova Rota da Seda (BRI) chinesa possibilita conex\u00f5es terrestres (rodovi\u00e1rias e ferrovi\u00e1rias) e mar\u00edtimas otimizadas.","breadcrumb":{"@id":"https:\/\/www.mentormedia.com\/belt-road-initiative-bri-and-international-land-sea-trade-corridor-ilstc\/#breadcrumb"},"inLanguage":"pt-BR","potentialAction":[{"@type":"ReadAction","target":["https:\/\/www.mentormedia.com\/belt-road-initiative-bri-and-international-land-sea-trade-corridor-ilstc\/"]}]},{"@type":"BreadcrumbList","@id":"https:\/\/www.mentormedia.com\/belt-road-initiative-bri-and-international-land-sea-trade-corridor-ilstc\/#breadcrumb","itemListElement":[{"@type":"ListItem","position":1,"name":"Home","item":"https:\/\/www.mentormedia.com\/pt-br\/"},{"@type":"ListItem","position":2,"name":"Nova Rota da Seda (BRI, na sigla em ingl\u00eas) e Corredor Internacional de Com\u00e9rcio Terra-Mar (ILSTC, na sigla em ingl\u00eas)"}]},{"@type":"WebSite","@id":"https:\/\/www.mentormedia.com\/#website","url":"https:\/\/www.mentormedia.com\/","name":"Mentor Media","description":"Global Supply Chain Solutions","publisher":{"@id":"https:\/\/www.mentormedia.com\/#organization"},"potentialAction":[{"@type":"SearchAction","target":{"@type":"EntryPoint","urlTemplate":"https:\/\/www.mentormedia.com\/?s={search_term_string}"},"query-input":{"@type":"PropertyValueSpecification","valueRequired":true,"valueName":"search_term_string"}}],"inLanguage":"pt-BR"},{"@type":"Organization","@id":"https:\/\/www.mentormedia.com\/#organization","name":"Mentor Media","url":"https:\/\/www.mentormedia.com\/","logo":{"@type":"ImageObject","inLanguage":"pt-BR","@id":"https:\/\/www.mentormedia.com\/#\/schema\/logo\/image\/","url":"https:\/\/www.mentormedia.com\/wp-content\/uploads\/2026\/02\/logo-mentor-media.webp","contentUrl":"https:\/\/www.mentormedia.com\/wp-content\/uploads\/2026\/02\/logo-mentor-media.webp","width":200,"height":82,"caption":"Mentor Media"},"image":{"@id":"https:\/\/www.mentormedia.com\/#\/schema\/logo\/image\/"}}]}},"_links":{"self":[{"href":"https:\/\/www.mentormedia.com\/pt-br\/wp-json\/wp\/v2\/pages\/4474","targetHints":{"allow":["GET"]}}],"collection":[{"href":"https:\/\/www.mentormedia.com\/pt-br\/wp-json\/wp\/v2\/pages"}],"about":[{"href":"https:\/\/www.mentormedia.com\/pt-br\/wp-json\/wp\/v2\/types\/page"}],"author":[{"embeddable":true,"href":"https:\/\/www.mentormedia.com\/pt-br\/wp-json\/wp\/v2\/users\/1"}],"replies":[{"embeddable":true,"href":"https:\/\/www.mentormedia.com\/pt-br\/wp-json\/wp\/v2\/comments?post=4474"}],"version-history":[{"count":8,"href":"https:\/\/www.mentormedia.com\/pt-br\/wp-json\/wp\/v2\/pages\/4474\/revisions"}],"predecessor-version":[{"id":7927,"href":"https:\/\/www.mentormedia.com\/pt-br\/wp-json\/wp\/v2\/pages\/4474\/revisions\/7927"}],"wp:attachment":[{"href":"https:\/\/www.mentormedia.com\/pt-br\/wp-json\/wp\/v2\/media?parent=4474"}],"curies":[{"name":"wp","href":"https:\/\/api.w.org\/{rel}","templated":true}]}}