{"id":4463,"date":"2022-11-03T21:04:30","date_gmt":"2022-11-03T13:04:30","guid":{"rendered":"https:\/\/www.mentormedia.com\/solucoes\/antifalsificacao\/"},"modified":"2024-02-19T15:06:08","modified_gmt":"2024-02-19T14:06:08","slug":"antifalsificacao","status":"publish","type":"page","link":"https:\/\/www.mentormedia.com\/pt-br\/antifalsificacao\/","title":{"rendered":"Antifalsifica\u00e7\u00e3o"},"content":{"rendered":"\r\n\t\t<section class=\"titlebild-section titlebild-block-id-69f270861b660 titlebild-block-layout bottom\">\r\n                <div class=\"full-bild\"> <img fetchpriority=\"high\" decoding=\"sync\" width=\"1920\" height=\"520\" src=\"https:\/\/www.mentormedia.com\/wp-content\/uploads\/2023\/07\/MM-VAS-1920-520.jpg\" class=\"img-fluid\" alt=\"MM VAS\" srcset=\"https:\/\/www.mentormedia.com\/wp-content\/uploads\/2023\/07\/MM-VAS-1920-520.jpg 1920w, https:\/\/www.mentormedia.com\/wp-content\/uploads\/2023\/07\/MM-VAS-1920-520-300x81.jpg 300w, https:\/\/www.mentormedia.com\/wp-content\/uploads\/2023\/07\/MM-VAS-1920-520-1024x277.jpg 1024w, https:\/\/www.mentormedia.com\/wp-content\/uploads\/2023\/07\/MM-VAS-1920-520-768x208.jpg 768w, https:\/\/www.mentormedia.com\/wp-content\/uploads\/2023\/07\/MM-VAS-1920-520-1536x416.jpg 1536w\" sizes=\"(max-width: 1920px) 100vw, 1920px\" \/><\/div>\r\n                <div class=\"bild-title container\">\r\n                <p class=\"headline wt-h1\"> Antifalsifica\u00e7\u00e3o <\/p>\r\n                <\/div>\r\n        <\/section>\r\n\t\n\n\r\n                        <section class=\"textBlock \" style=\"background-color: #f5f5f5;\" >\r\n                            \r\n                                <div class=\"container\">\r\n                                    \r\n                                    \r\n                                    \r\n                                    <div class=\"row text\">\r\n                                        <div class=\"col\">\r\n                                            <div class=\"textBlock-text col-md-9\">\r\n                                                \n<p class=\"wp-block-wt-text-block\">Uma comprova\u00e7\u00e3o de autenticidade do produto oferece uma garantia adicional e harmonia da marca para a compra e uso por parte de um consumidor. Os clientes, portanto, tendem a fazer novas aquisi\u00e7\u00f5es e uma divulga\u00e7\u00e3o positiva.<br><br>A solu\u00e7\u00e3o antifalsifica\u00e7\u00e3o da Mentor Media oferece um caminho para certificar a autenticidade dos seus produtos e engajar o seu p\u00fablico.<\/p>\n\r\n                                            <\/div>\r\n                                        <\/div>                                        \r\n                                    <\/div>                                                                        \r\n                                <\/div>                                \r\n                        <\/section>\r\n                    \n\n\r\n                        <section class=\"textBlock \"  >\r\n                            \r\n                                <div class=\"container\">\r\n                                    \r\n                                    \r\n                                    \r\n                                    <div class=\"row text\">\r\n                                        <div class=\"col\">\r\n                                            <div class=\"textBlock-text col-md-9\">\r\n                                                \n<p class=\"wp-block-wt-text-block\">A solu\u00e7\u00e3o VeriiReal da Mentor Media \u00e9 uma plataforma de serializa\u00e7\u00e3o exclusiva, desenvolvida para proteger contra falsifica\u00e7\u00e3o e preservar a propriedade intelectual dos clientes.<br><br>A solu\u00e7\u00e3o possui uma etiqueta antiadultera\u00e7\u00e3o com c\u00f3digos de realidade aumentada (RA) \u00fanicos inclu\u00eddos em sua impress\u00e3o. Esse recurso aprimorado de etiquetagem previne a duplica\u00e7\u00e3o e oferece o n\u00edvel m\u00e1ximo de autenticidade de seguran\u00e7a.<br><br>O c\u00f3digo RA criptografado possibilita que a etiqueta contenha informa\u00e7\u00f5es de propriedade intelectual (PI) do produto, para que os usu\u00e1rios possam verificar os detalhes e a autenticidade do produto, ativar a garantia e outros tipos de marketing p\u00f3s-venda.<br><br>A solu\u00e7\u00e3o \u00e9 altamente personaliz\u00e1vel em termos de interface e design de etiqueta, para funcionar com diferentes produtos e setores.<\/p>\n\r\n                                            <\/div>\r\n                                        <\/div>                                        \r\n                                    <\/div>                                                                        \r\n                                <\/div>                                \r\n                        <\/section>\r\n                    ","protected":false},"excerpt":{"rendered":"","protected":false},"author":1,"featured_media":0,"parent":0,"menu_order":0,"comment_status":"closed","ping_status":"closed","template":"","meta":{"footnotes":""},"class_list":["post-4463","page","type-page","status-publish","hentry"],"yoast_head":"<!-- This site is optimized with the Yoast SEO plugin v27.5 - https:\/\/yoast.com\/product\/yoast-seo-wordpress\/ -->\n<title>Antifalsifica\u00e7\u00e3o - Mentor Media<\/title>\n<meta name=\"description\" content=\"A solu\u00e7\u00e3o antifalsifica\u00e7\u00e3o da Mentor Media oferece um caminho para certificar a autenticidade dos seus produtos e engajar o seu p\u00fablico.\" \/>\n<meta name=\"robots\" content=\"index, follow, max-snippet:-1, max-image-preview:large, max-video-preview:-1\" \/>\n<link rel=\"canonical\" href=\"https:\/\/www.mentormedia.com\/anti-counterfeit\/\" \/>\n<meta property=\"og:locale\" content=\"pt_BR\" \/>\n<meta property=\"og:type\" content=\"article\" \/>\n<meta property=\"og:title\" content=\"Antifalsifica\u00e7\u00e3o - Mentor Media\" \/>\n<meta property=\"og:description\" content=\"A solu\u00e7\u00e3o antifalsifica\u00e7\u00e3o da Mentor Media oferece um caminho para certificar a autenticidade dos seus produtos e engajar o seu p\u00fablico.\" \/>\n<meta property=\"og:url\" content=\"https:\/\/www.mentormedia.com\/anti-counterfeit\/\" \/>\n<meta property=\"og:site_name\" content=\"Mentor Media\" \/>\n<meta property=\"article:modified_time\" content=\"2024-02-19T14:06:08+00:00\" \/>\n<meta name=\"twitter:card\" content=\"summary_large_image\" \/>\n<meta name=\"twitter:label1\" content=\"Est. tempo de leitura\" \/>\n\t<meta name=\"twitter:data1\" content=\"1 minuto\" \/>\n<script type=\"application\/ld+json\" class=\"yoast-schema-graph\">{\"@context\":\"https:\\\/\\\/schema.org\",\"@graph\":[{\"@type\":\"WebPage\",\"@id\":\"https:\\\/\\\/www.mentormedia.com\\\/anti-counterfeit\\\/\",\"url\":\"https:\\\/\\\/www.mentormedia.com\\\/anti-counterfeit\\\/\",\"name\":\"Antifalsifica\u00e7\u00e3o - Mentor Media\",\"isPartOf\":{\"@id\":\"https:\\\/\\\/www.mentormedia.com\\\/#website\"},\"datePublished\":\"2022-11-03T13:04:30+00:00\",\"dateModified\":\"2024-02-19T14:06:08+00:00\",\"description\":\"A solu\u00e7\u00e3o antifalsifica\u00e7\u00e3o da Mentor Media oferece um caminho para certificar a autenticidade dos seus produtos e engajar o seu p\u00fablico.\",\"breadcrumb\":{\"@id\":\"https:\\\/\\\/www.mentormedia.com\\\/anti-counterfeit\\\/#breadcrumb\"},\"inLanguage\":\"pt-BR\",\"potentialAction\":[{\"@type\":\"ReadAction\",\"target\":[\"https:\\\/\\\/www.mentormedia.com\\\/anti-counterfeit\\\/\"]}]},{\"@type\":\"BreadcrumbList\",\"@id\":\"https:\\\/\\\/www.mentormedia.com\\\/anti-counterfeit\\\/#breadcrumb\",\"itemListElement\":[{\"@type\":\"ListItem\",\"position\":1,\"name\":\"Home\",\"item\":\"https:\\\/\\\/www.mentormedia.com\\\/pt-br\\\/\"},{\"@type\":\"ListItem\",\"position\":2,\"name\":\"Antifalsifica\u00e7\u00e3o\"}]},{\"@type\":\"WebSite\",\"@id\":\"https:\\\/\\\/www.mentormedia.com\\\/#website\",\"url\":\"https:\\\/\\\/www.mentormedia.com\\\/\",\"name\":\"Mentor Media\",\"description\":\"Global Supply Chain Solutions\",\"publisher\":{\"@id\":\"https:\\\/\\\/www.mentormedia.com\\\/#organization\"},\"potentialAction\":[{\"@type\":\"SearchAction\",\"target\":{\"@type\":\"EntryPoint\",\"urlTemplate\":\"https:\\\/\\\/www.mentormedia.com\\\/?s={search_term_string}\"},\"query-input\":{\"@type\":\"PropertyValueSpecification\",\"valueRequired\":true,\"valueName\":\"search_term_string\"}}],\"inLanguage\":\"pt-BR\"},{\"@type\":\"Organization\",\"@id\":\"https:\\\/\\\/www.mentormedia.com\\\/#organization\",\"name\":\"Mentor Media\",\"url\":\"https:\\\/\\\/www.mentormedia.com\\\/\",\"logo\":{\"@type\":\"ImageObject\",\"inLanguage\":\"pt-BR\",\"@id\":\"https:\\\/\\\/www.mentormedia.com\\\/#\\\/schema\\\/logo\\\/image\\\/\",\"url\":\"https:\\\/\\\/www.mentormedia.com\\\/wp-content\\\/uploads\\\/2026\\\/02\\\/logo-mentor-media.webp\",\"contentUrl\":\"https:\\\/\\\/www.mentormedia.com\\\/wp-content\\\/uploads\\\/2026\\\/02\\\/logo-mentor-media.webp\",\"width\":200,\"height\":82,\"caption\":\"Mentor Media\"},\"image\":{\"@id\":\"https:\\\/\\\/www.mentormedia.com\\\/#\\\/schema\\\/logo\\\/image\\\/\"}}]}<\/script>\n<!-- \/ Yoast SEO plugin. -->","yoast_head_json":{"title":"Antifalsifica\u00e7\u00e3o - Mentor Media","description":"A solu\u00e7\u00e3o antifalsifica\u00e7\u00e3o da Mentor Media oferece um caminho para certificar a autenticidade dos seus produtos e engajar o seu p\u00fablico.","robots":{"index":"index","follow":"follow","max-snippet":"max-snippet:-1","max-image-preview":"max-image-preview:large","max-video-preview":"max-video-preview:-1"},"canonical":"https:\/\/www.mentormedia.com\/anti-counterfeit\/","og_locale":"pt_BR","og_type":"article","og_title":"Antifalsifica\u00e7\u00e3o - Mentor Media","og_description":"A solu\u00e7\u00e3o antifalsifica\u00e7\u00e3o da Mentor Media oferece um caminho para certificar a autenticidade dos seus produtos e engajar o seu p\u00fablico.","og_url":"https:\/\/www.mentormedia.com\/anti-counterfeit\/","og_site_name":"Mentor Media","article_modified_time":"2024-02-19T14:06:08+00:00","twitter_card":"summary_large_image","twitter_misc":{"Est. tempo de leitura":"1 minuto"},"schema":{"@context":"https:\/\/schema.org","@graph":[{"@type":"WebPage","@id":"https:\/\/www.mentormedia.com\/anti-counterfeit\/","url":"https:\/\/www.mentormedia.com\/anti-counterfeit\/","name":"Antifalsifica\u00e7\u00e3o - Mentor Media","isPartOf":{"@id":"https:\/\/www.mentormedia.com\/#website"},"datePublished":"2022-11-03T13:04:30+00:00","dateModified":"2024-02-19T14:06:08+00:00","description":"A solu\u00e7\u00e3o antifalsifica\u00e7\u00e3o da Mentor Media oferece um caminho para certificar a autenticidade dos seus produtos e engajar o seu p\u00fablico.","breadcrumb":{"@id":"https:\/\/www.mentormedia.com\/anti-counterfeit\/#breadcrumb"},"inLanguage":"pt-BR","potentialAction":[{"@type":"ReadAction","target":["https:\/\/www.mentormedia.com\/anti-counterfeit\/"]}]},{"@type":"BreadcrumbList","@id":"https:\/\/www.mentormedia.com\/anti-counterfeit\/#breadcrumb","itemListElement":[{"@type":"ListItem","position":1,"name":"Home","item":"https:\/\/www.mentormedia.com\/pt-br\/"},{"@type":"ListItem","position":2,"name":"Antifalsifica\u00e7\u00e3o"}]},{"@type":"WebSite","@id":"https:\/\/www.mentormedia.com\/#website","url":"https:\/\/www.mentormedia.com\/","name":"Mentor Media","description":"Global Supply Chain Solutions","publisher":{"@id":"https:\/\/www.mentormedia.com\/#organization"},"potentialAction":[{"@type":"SearchAction","target":{"@type":"EntryPoint","urlTemplate":"https:\/\/www.mentormedia.com\/?s={search_term_string}"},"query-input":{"@type":"PropertyValueSpecification","valueRequired":true,"valueName":"search_term_string"}}],"inLanguage":"pt-BR"},{"@type":"Organization","@id":"https:\/\/www.mentormedia.com\/#organization","name":"Mentor Media","url":"https:\/\/www.mentormedia.com\/","logo":{"@type":"ImageObject","inLanguage":"pt-BR","@id":"https:\/\/www.mentormedia.com\/#\/schema\/logo\/image\/","url":"https:\/\/www.mentormedia.com\/wp-content\/uploads\/2026\/02\/logo-mentor-media.webp","contentUrl":"https:\/\/www.mentormedia.com\/wp-content\/uploads\/2026\/02\/logo-mentor-media.webp","width":200,"height":82,"caption":"Mentor Media"},"image":{"@id":"https:\/\/www.mentormedia.com\/#\/schema\/logo\/image\/"}}]}},"_links":{"self":[{"href":"https:\/\/www.mentormedia.com\/pt-br\/wp-json\/wp\/v2\/pages\/4463","targetHints":{"allow":["GET"]}}],"collection":[{"href":"https:\/\/www.mentormedia.com\/pt-br\/wp-json\/wp\/v2\/pages"}],"about":[{"href":"https:\/\/www.mentormedia.com\/pt-br\/wp-json\/wp\/v2\/types\/page"}],"author":[{"embeddable":true,"href":"https:\/\/www.mentormedia.com\/pt-br\/wp-json\/wp\/v2\/users\/1"}],"replies":[{"embeddable":true,"href":"https:\/\/www.mentormedia.com\/pt-br\/wp-json\/wp\/v2\/comments?post=4463"}],"version-history":[{"count":22,"href":"https:\/\/www.mentormedia.com\/pt-br\/wp-json\/wp\/v2\/pages\/4463\/revisions"}],"predecessor-version":[{"id":7736,"href":"https:\/\/www.mentormedia.com\/pt-br\/wp-json\/wp\/v2\/pages\/4463\/revisions\/7736"}],"wp:attachment":[{"href":"https:\/\/www.mentormedia.com\/pt-br\/wp-json\/wp\/v2\/media?parent=4463"}],"curies":[{"name":"wp","href":"https:\/\/api.w.org\/{rel}","templated":true}]}}