{"id":4409,"date":"2022-11-03T20:55:22","date_gmt":"2022-11-03T19:55:22","guid":{"rendered":"https:\/\/www.mentormedia.com\/solucoes\/plano-de-gestao-de-riscos-e-continuidade-de-negocios\/"},"modified":"2024-02-19T15:03:36","modified_gmt":"2024-02-19T14:03:36","slug":"plano-de-gestao-de-riscos-e-continuidade-de-negocios","status":"publish","type":"page","link":"https:\/\/www.mentormedia.com\/pt-br\/plano-de-gestao-de-riscos-e-continuidade-de-negocios\/","title":{"rendered":"Plano de gest\u00e3o de riscos e continuidade de neg\u00f3cios"},"content":{"rendered":"\r\n\t\t<section class=\"titlebild-section titlebild-block-id-6a0397c23bc4c titlebild-block-layout center\">\r\n                <div class=\"full-bild\"> <img fetchpriority=\"high\" decoding=\"sync\" width=\"1920\" height=\"520\" src=\"https:\/\/www.mentormedia.com\/wp-content\/uploads\/2024\/02\/risk-management-and-business-continuity-plan.jpeg\" class=\"img-fluid\" alt=\"Risk Management And Business Continuity Plan\" srcset=\"https:\/\/www.mentormedia.com\/wp-content\/uploads\/2024\/02\/risk-management-and-business-continuity-plan.jpeg 1920w, https:\/\/www.mentormedia.com\/wp-content\/uploads\/2024\/02\/risk-management-and-business-continuity-plan-300x81.jpeg 300w, https:\/\/www.mentormedia.com\/wp-content\/uploads\/2024\/02\/risk-management-and-business-continuity-plan-1024x277.jpeg 1024w, https:\/\/www.mentormedia.com\/wp-content\/uploads\/2024\/02\/risk-management-and-business-continuity-plan-768x208.jpeg 768w, https:\/\/www.mentormedia.com\/wp-content\/uploads\/2024\/02\/risk-management-and-business-continuity-plan-1536x416.jpeg 1536w\" sizes=\"(max-width: 1920px) 100vw, 1920px\" \/><\/div>\r\n                <div class=\"bild-title container\">\r\n                <p class=\"headline wt-h1\"> Plano De Gest\u00e3o De Riscos E Continuidade De Neg\u00f3cios <\/p>\r\n                <\/div>\r\n        <\/section>\r\n\t\n\n\r\n                        <section class=\"textBlock \" style=\"background-color: #f5f5f5;\" >\r\n                            \r\n                                <div class=\"container\">\r\n                                    \r\n                                    \r\n                                    \r\n                                    <div class=\"row text\">\r\n                                        <div class=\"col\">\r\n                                            <div class=\"textBlock-text col-md-9\">\r\n                                                \n<p class=\"wp-block-wt-text-block\">Nosso plano de continuidade de neg\u00f3cios integra m\u00faltiplas fun\u00e7\u00f5es, processos e instala\u00e7\u00f5es em todo o mundo de uma maneira uniforme. \u00c9 a nossa resposta coletiva e eficaz \u00e0 situa\u00e7\u00f5es cr\u00edticas baseadas na experi\u00eancia, simula\u00e7\u00e3o e intera\u00e7\u00e3o dedicada.<\/p>\n\r\n                                            <\/div>\r\n                                        <\/div>                                        \r\n                                    <\/div>                                                                        \r\n                                <\/div>                                \r\n                        <\/section>\r\n                    \n\n\r\n                        <section class=\"textBlock \"  >\r\n                            \r\n                                <div class=\"container\">\r\n                                    \r\n                                    \r\n                                    \r\n                                    <div class=\"row text\">\r\n                                        <div class=\"col\">\r\n                                            <div class=\"textBlock-text col-md-9\">\r\n                                                \n<p class=\"wp-block-wt-text-block\">Nosso plano de continuidade de neg\u00f3cios est\u00e1 estruturado em quatro est\u00e1gios, que respondem a cen\u00e1rios de mudan\u00e7a. Adaptamos continuamente as medidas preventivas de acordo com a situa\u00e7\u00e3o e navegamos rapidamente entre as etapas para garantir seguran\u00e7a e efici\u00eancia.<\/p>\n\r\n                                            <\/div>\r\n                                        <\/div>                                        \r\n                                    <\/div>                                                                        \r\n                                <\/div>                                \r\n                        <\/section>\r\n                    \n\n\n<div class=\"wp-block-columns container eplus-wrapper is-layout-flex wp-container-core-columns-is-layout-9d6595d7 wp-block-columns-is-layout-flex\">\n<div class=\"wp-block-column eplus-wrapper is-layout-flow wp-block-column-is-layout-flow\">\n<figure class=\"wp-block-image size-full eplus-wrapper image\"><img width=\"940\" height=\"530\" loading=\"lazy\" decoding=\"async\" src=\"https:\/\/www.mentormedia.com\/wp-content\/uploads\/2023\/04\/BCP-case-2-2-pt-br.png\" alt=\"BCP Case Pt Br\" class=\"wp-image-7039\" srcset=\"https:\/\/www.mentormedia.com\/wp-content\/uploads\/2023\/04\/BCP-case-2-2-pt-br.png 940w, https:\/\/www.mentormedia.com\/wp-content\/uploads\/2023\/04\/BCP-case-2-2-pt-br-300x169.png 300w, https:\/\/www.mentormedia.com\/wp-content\/uploads\/2023\/04\/BCP-case-2-2-pt-br-768x433.png 768w\" sizes=\"auto, (max-width: 940px) 100vw, 940px\" \/><\/figure>\n<\/div>\n<\/div>\n\n\n\r\n                        <section class=\"textBlock \"  >\r\n                            \r\n                                <div class=\"container\">\r\n                                    \r\n                                    \r\n                                    \r\n                                    <div class=\"row text\">\r\n                                        <div class=\"col\">\r\n                                            <div class=\"textBlock-text col-md-9\">\r\n                                                \n<p class=\"wp-block-wt-text-block\">Temos uma estrutura transversal de resposta a emerg\u00eancias, orientando e integrando, al\u00e9m de responsabilidade compartilhada entre a unidades de neg\u00f3cios.<\/p>\n\r\n                                            <\/div>\r\n                                        <\/div>                                        \r\n                                    <\/div>                                                                        \r\n                                <\/div>                                \r\n                        <\/section>\r\n                    \n\n\n<div class=\"wp-block-columns container eplus-wrapper is-layout-flex wp-container-core-columns-is-layout-9d6595d7 wp-block-columns-is-layout-flex\">\n<div class=\"wp-block-column eplus-wrapper is-layout-flow wp-block-column-is-layout-flow\">\n<figure class=\"wp-block-image size-full eplus-wrapper image\"><img width=\"940\" height=\"917\" loading=\"lazy\" decoding=\"async\" src=\"https:\/\/www.mentormedia.com\/wp-content\/uploads\/2023\/04\/BCP-case-1-pt-br.png\" alt=\"BCP Case Pt Br\" class=\"wp-image-7043\" srcset=\"https:\/\/www.mentormedia.com\/wp-content\/uploads\/2023\/04\/BCP-case-1-pt-br.png 940w, https:\/\/www.mentormedia.com\/wp-content\/uploads\/2023\/04\/BCP-case-1-pt-br-300x293.png 300w, https:\/\/www.mentormedia.com\/wp-content\/uploads\/2023\/04\/BCP-case-1-pt-br-768x749.png 768w\" sizes=\"auto, (max-width: 940px) 100vw, 940px\" \/><\/figure>\n<\/div>\n<\/div>\n\n\n\t<div class='full-width-case-study'><div class='container'>\t<div class=\"portfolio-main isotope-init portfolio-full_width_spacing full-width-section full-width-content\" data-frame=\"square\" data-fluid_image=\"true\" data-is_full_width=\"true\">\r\n\t\t<div class=\"portfolio-main-inner portfolio-col-3\">\r\n\t\t\t<div class=\"filter clearfix\">\r\n\t\t\t\t\t\t\t<h4>ESTUDOS DE CASO<\/h4>\r\n\t\t\t\t\t\t<\/div>\r\n\t\t\t\r\n\t\t\r\n\t\t<div class=\"portfolio-wrapper\">\r\n\t\t\t<div class=\"portfolio-isotope-container\">\r\n\t\t\t\t\t\t\t\t\t<div class=\"isotope-item  risk-management-and-business-continuity-plan-pt-br value-added-services-pt-br\">\r\n\t\t\t\t\t\t<div class=\"portfolio-item\">\r\n\t\t\t\t\t\t\t<div class=\"portfolio-img\"><a href=\"https:\/\/www.mentormedia.com\/pt-br\/case_study\/plano-de-continuidade-de-negocios-bcp\/\" style=\"background-image: url(https:\/\/www.mentormedia.com\/wp-content\/uploads\/2022\/10\/BCP-case-2-teaser.jpeg);\" class=\"custom-shape no_under\"><\/a><\/div>\r\n\t\t\t\t\t\t\t<a class=\"portfolio-info no_under\" href=\"https:\/\/www.mentormedia.com\/pt-br\/case_study\/plano-de-continuidade-de-negocios-bcp\/\">\r\n\t\t\t\t\t\t\t\t<div class=\"portfolio-title\"><h6>Plano de continuidade de negocios (BCP)<\/h6><\/div>\r\n\t\t\t\t\t\t\t<\/a>\r\n\t\t\t\t\t\t<\/div>\r\n\t\t\t\t\t<\/div>\r\n\t\t\t\t\t\t\t\t<\/div>\r\n\t\t<\/div>\r\n\t<\/div>\r\n\t<\/div>\r\n\t<\/div><\/div>\t","protected":false},"excerpt":{"rendered":"","protected":false},"author":1,"featured_media":0,"parent":0,"menu_order":0,"comment_status":"closed","ping_status":"closed","template":"","meta":{"footnotes":""},"class_list":["post-4409","page","type-page","status-publish","hentry"],"yoast_head":"<!-- This site is optimized with the Yoast SEO plugin v27.5 - https:\/\/yoast.com\/product\/yoast-seo-wordpress\/ -->\n<title>Plano de gest\u00e3o de riscos e continuidade de neg\u00f3cios - Mentor Media<\/title>\n<meta name=\"description\" content=\"Nosso plano de continuidade de neg\u00f3cios integra m\u00faltiplas fun\u00e7\u00f5es, processos e instala\u00e7\u00f5es em todo o mundo de uma maneira uniforme.\" \/>\n<meta name=\"robots\" content=\"index, follow, max-snippet:-1, max-image-preview:large, max-video-preview:-1\" \/>\n<link rel=\"canonical\" href=\"https:\/\/www.mentormedia.com\/pt-br\/plano-de-gestao-de-riscos-e-continuidade-de-negocios\/\" \/>\n<meta property=\"og:locale\" content=\"pt_BR\" \/>\n<meta property=\"og:type\" content=\"article\" \/>\n<meta property=\"og:title\" content=\"Plano de gest\u00e3o de riscos e continuidade de neg\u00f3cios - Mentor Media\" \/>\n<meta property=\"og:description\" content=\"Nosso plano de continuidade de neg\u00f3cios integra m\u00faltiplas fun\u00e7\u00f5es, processos e instala\u00e7\u00f5es em todo o mundo de uma maneira uniforme.\" \/>\n<meta property=\"og:url\" content=\"https:\/\/www.mentormedia.com\/pt-br\/plano-de-gestao-de-riscos-e-continuidade-de-negocios\/\" \/>\n<meta property=\"og:site_name\" content=\"Mentor Media\" \/>\n<meta property=\"article:modified_time\" content=\"2024-02-19T14:03:36+00:00\" \/>\n<meta property=\"og:image\" content=\"https:\/\/www.mentormedia.com\/wp-content\/uploads\/2023\/04\/BCP-case-2-2-pt-br.png\" \/>\n<meta name=\"twitter:card\" content=\"summary_large_image\" \/>\n<meta name=\"twitter:label1\" content=\"Est. tempo de leitura\" \/>\n\t<meta name=\"twitter:data1\" content=\"1 minuto\" \/>\n<script type=\"application\/ld+json\" class=\"yoast-schema-graph\">{\"@context\":\"https:\\\/\\\/schema.org\",\"@graph\":[{\"@type\":\"WebPage\",\"@id\":\"https:\\\/\\\/www.mentormedia.com\\\/pt-br\\\/plano-de-gestao-de-riscos-e-continuidade-de-negocios\\\/\",\"url\":\"https:\\\/\\\/www.mentormedia.com\\\/pt-br\\\/plano-de-gestao-de-riscos-e-continuidade-de-negocios\\\/\",\"name\":\"Plano de gest\u00e3o de riscos e continuidade de neg\u00f3cios - Mentor Media\",\"isPartOf\":{\"@id\":\"https:\\\/\\\/www.mentormedia.com\\\/#website\"},\"primaryImageOfPage\":{\"@id\":\"https:\\\/\\\/www.mentormedia.com\\\/pt-br\\\/plano-de-gestao-de-riscos-e-continuidade-de-negocios\\\/#primaryimage\"},\"image\":{\"@id\":\"https:\\\/\\\/www.mentormedia.com\\\/pt-br\\\/plano-de-gestao-de-riscos-e-continuidade-de-negocios\\\/#primaryimage\"},\"thumbnailUrl\":\"https:\\\/\\\/www.mentormedia.com\\\/wp-content\\\/uploads\\\/2023\\\/04\\\/BCP-case-2-2-pt-br.png\",\"datePublished\":\"2022-11-03T19:55:22+00:00\",\"dateModified\":\"2024-02-19T14:03:36+00:00\",\"description\":\"Nosso plano de continuidade de neg\u00f3cios integra m\u00faltiplas fun\u00e7\u00f5es, processos e instala\u00e7\u00f5es em todo o mundo de uma maneira uniforme.\",\"breadcrumb\":{\"@id\":\"https:\\\/\\\/www.mentormedia.com\\\/pt-br\\\/plano-de-gestao-de-riscos-e-continuidade-de-negocios\\\/#breadcrumb\"},\"inLanguage\":\"pt-BR\",\"potentialAction\":[{\"@type\":\"ReadAction\",\"target\":[\"https:\\\/\\\/www.mentormedia.com\\\/pt-br\\\/plano-de-gestao-de-riscos-e-continuidade-de-negocios\\\/\"]}]},{\"@type\":\"ImageObject\",\"inLanguage\":\"pt-BR\",\"@id\":\"https:\\\/\\\/www.mentormedia.com\\\/pt-br\\\/plano-de-gestao-de-riscos-e-continuidade-de-negocios\\\/#primaryimage\",\"url\":\"https:\\\/\\\/www.mentormedia.com\\\/wp-content\\\/uploads\\\/2023\\\/04\\\/BCP-case-2-2-pt-br.png\",\"contentUrl\":\"https:\\\/\\\/www.mentormedia.com\\\/wp-content\\\/uploads\\\/2023\\\/04\\\/BCP-case-2-2-pt-br.png\"},{\"@type\":\"BreadcrumbList\",\"@id\":\"https:\\\/\\\/www.mentormedia.com\\\/pt-br\\\/plano-de-gestao-de-riscos-e-continuidade-de-negocios\\\/#breadcrumb\",\"itemListElement\":[{\"@type\":\"ListItem\",\"position\":1,\"name\":\"Home\",\"item\":\"https:\\\/\\\/www.mentormedia.com\\\/pt-br\\\/\"},{\"@type\":\"ListItem\",\"position\":2,\"name\":\"Plano de gest\u00e3o de riscos e continuidade de neg\u00f3cios\"}]},{\"@type\":\"WebSite\",\"@id\":\"https:\\\/\\\/www.mentormedia.com\\\/#website\",\"url\":\"https:\\\/\\\/www.mentormedia.com\\\/\",\"name\":\"Mentor Media\",\"description\":\"Global Supply Chain Solutions\",\"publisher\":{\"@id\":\"https:\\\/\\\/www.mentormedia.com\\\/#organization\"},\"potentialAction\":[{\"@type\":\"SearchAction\",\"target\":{\"@type\":\"EntryPoint\",\"urlTemplate\":\"https:\\\/\\\/www.mentormedia.com\\\/?s={search_term_string}\"},\"query-input\":{\"@type\":\"PropertyValueSpecification\",\"valueRequired\":true,\"valueName\":\"search_term_string\"}}],\"inLanguage\":\"pt-BR\"},{\"@type\":\"Organization\",\"@id\":\"https:\\\/\\\/www.mentormedia.com\\\/#organization\",\"name\":\"Mentor Media\",\"url\":\"https:\\\/\\\/www.mentormedia.com\\\/\",\"logo\":{\"@type\":\"ImageObject\",\"inLanguage\":\"pt-BR\",\"@id\":\"https:\\\/\\\/www.mentormedia.com\\\/#\\\/schema\\\/logo\\\/image\\\/\",\"url\":\"https:\\\/\\\/www.mentormedia.com\\\/wp-content\\\/uploads\\\/2026\\\/02\\\/logo-mentor-media.webp\",\"contentUrl\":\"https:\\\/\\\/www.mentormedia.com\\\/wp-content\\\/uploads\\\/2026\\\/02\\\/logo-mentor-media.webp\",\"width\":200,\"height\":82,\"caption\":\"Mentor Media\"},\"image\":{\"@id\":\"https:\\\/\\\/www.mentormedia.com\\\/#\\\/schema\\\/logo\\\/image\\\/\"}}]}<\/script>\n<!-- \/ Yoast SEO plugin. -->","yoast_head_json":{"title":"Plano de gest\u00e3o de riscos e continuidade de neg\u00f3cios - Mentor Media","description":"Nosso plano de continuidade de neg\u00f3cios integra m\u00faltiplas fun\u00e7\u00f5es, processos e instala\u00e7\u00f5es em todo o mundo de uma maneira uniforme.","robots":{"index":"index","follow":"follow","max-snippet":"max-snippet:-1","max-image-preview":"max-image-preview:large","max-video-preview":"max-video-preview:-1"},"canonical":"https:\/\/www.mentormedia.com\/pt-br\/plano-de-gestao-de-riscos-e-continuidade-de-negocios\/","og_locale":"pt_BR","og_type":"article","og_title":"Plano de gest\u00e3o de riscos e continuidade de neg\u00f3cios - Mentor Media","og_description":"Nosso plano de continuidade de neg\u00f3cios integra m\u00faltiplas fun\u00e7\u00f5es, processos e instala\u00e7\u00f5es em todo o mundo de uma maneira uniforme.","og_url":"https:\/\/www.mentormedia.com\/pt-br\/plano-de-gestao-de-riscos-e-continuidade-de-negocios\/","og_site_name":"Mentor Media","article_modified_time":"2024-02-19T14:03:36+00:00","og_image":[{"url":"https:\/\/www.mentormedia.com\/wp-content\/uploads\/2023\/04\/BCP-case-2-2-pt-br.png","type":"","width":"","height":""}],"twitter_card":"summary_large_image","twitter_misc":{"Est. tempo de leitura":"1 minuto"},"schema":{"@context":"https:\/\/schema.org","@graph":[{"@type":"WebPage","@id":"https:\/\/www.mentormedia.com\/pt-br\/plano-de-gestao-de-riscos-e-continuidade-de-negocios\/","url":"https:\/\/www.mentormedia.com\/pt-br\/plano-de-gestao-de-riscos-e-continuidade-de-negocios\/","name":"Plano de gest\u00e3o de riscos e continuidade de neg\u00f3cios - Mentor Media","isPartOf":{"@id":"https:\/\/www.mentormedia.com\/#website"},"primaryImageOfPage":{"@id":"https:\/\/www.mentormedia.com\/pt-br\/plano-de-gestao-de-riscos-e-continuidade-de-negocios\/#primaryimage"},"image":{"@id":"https:\/\/www.mentormedia.com\/pt-br\/plano-de-gestao-de-riscos-e-continuidade-de-negocios\/#primaryimage"},"thumbnailUrl":"https:\/\/www.mentormedia.com\/wp-content\/uploads\/2023\/04\/BCP-case-2-2-pt-br.png","datePublished":"2022-11-03T19:55:22+00:00","dateModified":"2024-02-19T14:03:36+00:00","description":"Nosso plano de continuidade de neg\u00f3cios integra m\u00faltiplas fun\u00e7\u00f5es, processos e instala\u00e7\u00f5es em todo o mundo de uma maneira uniforme.","breadcrumb":{"@id":"https:\/\/www.mentormedia.com\/pt-br\/plano-de-gestao-de-riscos-e-continuidade-de-negocios\/#breadcrumb"},"inLanguage":"pt-BR","potentialAction":[{"@type":"ReadAction","target":["https:\/\/www.mentormedia.com\/pt-br\/plano-de-gestao-de-riscos-e-continuidade-de-negocios\/"]}]},{"@type":"ImageObject","inLanguage":"pt-BR","@id":"https:\/\/www.mentormedia.com\/pt-br\/plano-de-gestao-de-riscos-e-continuidade-de-negocios\/#primaryimage","url":"https:\/\/www.mentormedia.com\/wp-content\/uploads\/2023\/04\/BCP-case-2-2-pt-br.png","contentUrl":"https:\/\/www.mentormedia.com\/wp-content\/uploads\/2023\/04\/BCP-case-2-2-pt-br.png"},{"@type":"BreadcrumbList","@id":"https:\/\/www.mentormedia.com\/pt-br\/plano-de-gestao-de-riscos-e-continuidade-de-negocios\/#breadcrumb","itemListElement":[{"@type":"ListItem","position":1,"name":"Home","item":"https:\/\/www.mentormedia.com\/pt-br\/"},{"@type":"ListItem","position":2,"name":"Plano de gest\u00e3o de riscos e continuidade de neg\u00f3cios"}]},{"@type":"WebSite","@id":"https:\/\/www.mentormedia.com\/#website","url":"https:\/\/www.mentormedia.com\/","name":"Mentor Media","description":"Global Supply Chain Solutions","publisher":{"@id":"https:\/\/www.mentormedia.com\/#organization"},"potentialAction":[{"@type":"SearchAction","target":{"@type":"EntryPoint","urlTemplate":"https:\/\/www.mentormedia.com\/?s={search_term_string}"},"query-input":{"@type":"PropertyValueSpecification","valueRequired":true,"valueName":"search_term_string"}}],"inLanguage":"pt-BR"},{"@type":"Organization","@id":"https:\/\/www.mentormedia.com\/#organization","name":"Mentor Media","url":"https:\/\/www.mentormedia.com\/","logo":{"@type":"ImageObject","inLanguage":"pt-BR","@id":"https:\/\/www.mentormedia.com\/#\/schema\/logo\/image\/","url":"https:\/\/www.mentormedia.com\/wp-content\/uploads\/2026\/02\/logo-mentor-media.webp","contentUrl":"https:\/\/www.mentormedia.com\/wp-content\/uploads\/2026\/02\/logo-mentor-media.webp","width":200,"height":82,"caption":"Mentor Media"},"image":{"@id":"https:\/\/www.mentormedia.com\/#\/schema\/logo\/image\/"}}]}},"_links":{"self":[{"href":"https:\/\/www.mentormedia.com\/pt-br\/wp-json\/wp\/v2\/pages\/4409","targetHints":{"allow":["GET"]}}],"collection":[{"href":"https:\/\/www.mentormedia.com\/pt-br\/wp-json\/wp\/v2\/pages"}],"about":[{"href":"https:\/\/www.mentormedia.com\/pt-br\/wp-json\/wp\/v2\/types\/page"}],"author":[{"embeddable":true,"href":"https:\/\/www.mentormedia.com\/pt-br\/wp-json\/wp\/v2\/users\/1"}],"replies":[{"embeddable":true,"href":"https:\/\/www.mentormedia.com\/pt-br\/wp-json\/wp\/v2\/comments?post=4409"}],"version-history":[{"count":11,"href":"https:\/\/www.mentormedia.com\/pt-br\/wp-json\/wp\/v2\/pages\/4409\/revisions"}],"predecessor-version":[{"id":7919,"href":"https:\/\/www.mentormedia.com\/pt-br\/wp-json\/wp\/v2\/pages\/4409\/revisions\/7919"}],"wp:attachment":[{"href":"https:\/\/www.mentormedia.com\/pt-br\/wp-json\/wp\/v2\/media?parent=4409"}],"curies":[{"name":"wp","href":"https:\/\/api.w.org\/{rel}","templated":true}]}}