{"id":4398,"date":"2022-11-03T20:45:37","date_gmt":"2022-11-03T12:45:37","guid":{"rendered":"https:\/\/www.mentormedia.com\/solucoes\/montagem-personalizada-de-kits\/"},"modified":"2024-02-19T14:50:20","modified_gmt":"2024-02-19T13:50:20","slug":"montagem-personalizada-de-kits","status":"publish","type":"page","link":"https:\/\/www.mentormedia.com\/pt-br\/montagem-personalizada-de-kits\/","title":{"rendered":"Montagem personalizada de kits"},"content":{"rendered":"\r\n\t\t<section class=\"titlebild-section titlebild-block-id-69f5f03ba1340 titlebild-block-layout bottom\">\r\n                <div class=\"full-bild\"> <img fetchpriority=\"high\" decoding=\"sync\" width=\"1920\" height=\"520\" src=\"https:\/\/www.mentormedia.com\/wp-content\/uploads\/2024\/02\/MM-CUSTOMKIT-21-4.jpg\" class=\"img-fluid\" alt=\"MM CUSTOMKIT\" srcset=\"https:\/\/www.mentormedia.com\/wp-content\/uploads\/2024\/02\/MM-CUSTOMKIT-21-4.jpg 1920w, https:\/\/www.mentormedia.com\/wp-content\/uploads\/2024\/02\/MM-CUSTOMKIT-21-4-300x81.jpg 300w, https:\/\/www.mentormedia.com\/wp-content\/uploads\/2024\/02\/MM-CUSTOMKIT-21-4-1024x277.jpg 1024w, https:\/\/www.mentormedia.com\/wp-content\/uploads\/2024\/02\/MM-CUSTOMKIT-21-4-768x208.jpg 768w, https:\/\/www.mentormedia.com\/wp-content\/uploads\/2024\/02\/MM-CUSTOMKIT-21-4-1536x416.jpg 1536w\" sizes=\"(max-width: 1920px) 100vw, 1920px\" \/><\/div>\r\n                <div class=\"bild-title container\">\r\n                <p class=\"headline wt-h1\"> Montagem personalizada de kits <\/p>\r\n                <\/div>\r\n        <\/section>\r\n\t\n\n\r\n                        <section class=\"textBlock \" style=\"background-color: #f5f5f5;\" >\r\n                            \r\n                                <div class=\"container\">\r\n                                    \r\n                                    \r\n                                    \r\n                                    <div class=\"row text\">\r\n                                        <div class=\"col\">\r\n                                            <div class=\"textBlock-text col-md-9\">\r\n                                                \n<p class=\"wp-block-wt-text-block\">A Mentor Media oferece montagem de kits altamente personalizada. Criada especificamente para as suas necessidades de produtos e as demandas do seu consumidor final.<br><br>Os requisitos de montagem de kits variam de acordo com os padr\u00f5es regionais ou de cada pa\u00eds, o idioma e as especifica\u00e7\u00f5es do pedido do cliente.<br><br>Nossa solu\u00e7\u00e3o personalizada de kit oferece personaliza\u00e7\u00e3o ou padroniza\u00e7\u00e3o de todos os pedidos.<\/p>\n\r\n                                            <\/div>\r\n                                        <\/div>                                        \r\n                                    <\/div>                                                                        \r\n                                <\/div>                                \r\n                        <\/section>\r\n                    \n\n\r\n                        <section class=\"textBlock \"  >\r\n                            \r\n                                <div class=\"container\">\r\n                                    \r\n                                    \r\n                                    \r\n                                    <div class=\"row text\">\r\n                                        <div class=\"col\">\r\n                                            <div class=\"textBlock-text col-md-9\">\r\n                                                \n<p class=\"wp-block-wt-text-block\">A Mentor Media visa simplificar as suas prepara\u00e7\u00f5es para remessas.<br><br>Utilizando a nossa experi\u00eancia para buscar, adquirir e gerir remessas de fornecedores de diversos componentes.<br><br>A Mentor Media pode coordenar as entregas de diversos fornecedores, consolidar e retrabalhar com eles kits \u00fanicos personalizados, para envio para o seu destino final.<br><br>Um estoque gerido pelo fornecedor (VMI, na sigla em ingl\u00eas), de acordo com o seu estoque do fornecedor (SOI, na sigla em ingl\u00eas), ou personalizado segundo requisitos \u00fanicos. A solu\u00e7\u00e3o de fonte \u00fanica da Mentor Media oferece kits de etiquetagem personalizados. (ou seja, com c\u00f3digo de barra e integrados aos seus sistemas ERP.)<br><br>A solu\u00e7\u00e3o personalizada de montagem de kits da Mentor Media tamb\u00e9m possui rastreamento da localiza\u00e7\u00e3o dos kits, impress\u00e3o IFU para clientes de diversos pa\u00edses, com servi\u00e7os de inspe\u00e7\u00e3o, para garantir a conformidade com as diversas normas.<\/p>\n\r\n                                            <\/div>\r\n                                        <\/div>                                        \r\n                                    <\/div>                                                                        \r\n                                <\/div>                                \r\n                        <\/section>\r\n                    \n\n\t<div class='full-width-case-study'><div class='container'>\t<div class=\"portfolio-main isotope-init portfolio-full_width_spacing full-width-section full-width-content\" data-frame=\"square\" data-fluid_image=\"true\" data-is_full_width=\"true\">\r\n\t\t<div class=\"portfolio-main-inner portfolio-col-3\">\r\n\t\t\t<div class=\"filter clearfix\">\r\n\t\t\t\t\t\t\t<h4>ESTUDOS DE CASO<\/h4>\r\n\t\t\t\t\t\t<\/div>\r\n\t\t\t\r\n\t\t\r\n\t\t<div class=\"portfolio-wrapper\">\r\n\t\t\t<div class=\"portfolio-isotope-container\">\r\n\t\t\t\t\t\t\t\t\t<div class=\"isotope-item  print-and-packaging-pt-br custom-kitting-pt-br\">\r\n\t\t\t\t\t\t<div class=\"portfolio-item\">\r\n\t\t\t\t\t\t\t<div class=\"portfolio-img\"><a href=\"https:\/\/www.mentormedia.com\/pt-br\/case_study\/montagem-personalizada-de-kits\/\" style=\"background-image: url(https:\/\/www.mentormedia.com\/wp-content\/uploads\/2022\/10\/MM-CASE-PP-CUST-KITT-1.jpeg);\" class=\"custom-shape no_under\"><\/a><\/div>\r\n\t\t\t\t\t\t\t<a class=\"portfolio-info no_under\" href=\"https:\/\/www.mentormedia.com\/pt-br\/case_study\/montagem-personalizada-de-kits\/\">\r\n\t\t\t\t\t\t\t\t<div class=\"portfolio-title\"><h6>Montagem personalizada de kits<\/h6><\/div>\r\n\t\t\t\t\t\t\t<\/a>\r\n\t\t\t\t\t\t<\/div>\r\n\t\t\t\t\t<\/div>\r\n\t\t\t\t\t\t\t\t<\/div>\r\n\t\t<\/div>\r\n\t<\/div>\r\n\t<\/div>\r\n\t<\/div><\/div>\t","protected":false},"excerpt":{"rendered":"","protected":false},"author":1,"featured_media":0,"parent":0,"menu_order":0,"comment_status":"closed","ping_status":"closed","template":"","meta":{"footnotes":""},"class_list":["post-4398","page","type-page","status-publish","hentry"],"yoast_head":"<!-- This site is optimized with the Yoast SEO plugin v27.5 - https:\/\/yoast.com\/product\/yoast-seo-wordpress\/ -->\n<title>Montagem personalizada de kits - Mentor Media<\/title>\n<meta name=\"description\" content=\"A Mentor Media oferece montagem de kits altamente personalizada. Criada especificamente para as suas necessidades de produtos e as demandas do seu consumidor final.\" \/>\n<meta name=\"robots\" content=\"index, follow, max-snippet:-1, max-image-preview:large, max-video-preview:-1\" \/>\n<link rel=\"canonical\" href=\"https:\/\/www.mentormedia.com\/pt-br\/montagem-personalizada-de-kits\/\" \/>\n<meta property=\"og:locale\" content=\"pt_BR\" \/>\n<meta property=\"og:type\" content=\"article\" \/>\n<meta property=\"og:title\" content=\"Montagem personalizada de kits - Mentor Media\" \/>\n<meta property=\"og:description\" content=\"A Mentor Media oferece montagem de kits altamente personalizada. Criada especificamente para as suas necessidades de produtos e as demandas do seu consumidor final.\" \/>\n<meta property=\"og:url\" content=\"https:\/\/www.mentormedia.com\/pt-br\/montagem-personalizada-de-kits\/\" \/>\n<meta property=\"og:site_name\" content=\"Mentor Media\" \/>\n<meta property=\"article:modified_time\" content=\"2024-02-19T13:50:20+00:00\" \/>\n<meta name=\"twitter:card\" content=\"summary_large_image\" \/>\n<meta name=\"twitter:label1\" content=\"Est. tempo de leitura\" \/>\n\t<meta name=\"twitter:data1\" content=\"1 minuto\" \/>\n<script type=\"application\/ld+json\" class=\"yoast-schema-graph\">{\"@context\":\"https:\\\/\\\/schema.org\",\"@graph\":[{\"@type\":\"WebPage\",\"@id\":\"https:\\\/\\\/www.mentormedia.com\\\/pt-br\\\/montagem-personalizada-de-kits\\\/\",\"url\":\"https:\\\/\\\/www.mentormedia.com\\\/pt-br\\\/montagem-personalizada-de-kits\\\/\",\"name\":\"Montagem personalizada de kits - Mentor Media\",\"isPartOf\":{\"@id\":\"https:\\\/\\\/www.mentormedia.com\\\/#website\"},\"datePublished\":\"2022-11-03T12:45:37+00:00\",\"dateModified\":\"2024-02-19T13:50:20+00:00\",\"description\":\"A Mentor Media oferece montagem de kits altamente personalizada. Criada especificamente para as suas necessidades de produtos e as demandas do seu consumidor final.\",\"breadcrumb\":{\"@id\":\"https:\\\/\\\/www.mentormedia.com\\\/pt-br\\\/montagem-personalizada-de-kits\\\/#breadcrumb\"},\"inLanguage\":\"pt-BR\",\"potentialAction\":[{\"@type\":\"ReadAction\",\"target\":[\"https:\\\/\\\/www.mentormedia.com\\\/pt-br\\\/montagem-personalizada-de-kits\\\/\"]}]},{\"@type\":\"BreadcrumbList\",\"@id\":\"https:\\\/\\\/www.mentormedia.com\\\/pt-br\\\/montagem-personalizada-de-kits\\\/#breadcrumb\",\"itemListElement\":[{\"@type\":\"ListItem\",\"position\":1,\"name\":\"Home\",\"item\":\"https:\\\/\\\/www.mentormedia.com\\\/pt-br\\\/\"},{\"@type\":\"ListItem\",\"position\":2,\"name\":\"Montagem personalizada de kits\"}]},{\"@type\":\"WebSite\",\"@id\":\"https:\\\/\\\/www.mentormedia.com\\\/#website\",\"url\":\"https:\\\/\\\/www.mentormedia.com\\\/\",\"name\":\"Mentor Media\",\"description\":\"Global Supply Chain Solutions\",\"publisher\":{\"@id\":\"https:\\\/\\\/www.mentormedia.com\\\/#organization\"},\"potentialAction\":[{\"@type\":\"SearchAction\",\"target\":{\"@type\":\"EntryPoint\",\"urlTemplate\":\"https:\\\/\\\/www.mentormedia.com\\\/?s={search_term_string}\"},\"query-input\":{\"@type\":\"PropertyValueSpecification\",\"valueRequired\":true,\"valueName\":\"search_term_string\"}}],\"inLanguage\":\"pt-BR\"},{\"@type\":\"Organization\",\"@id\":\"https:\\\/\\\/www.mentormedia.com\\\/#organization\",\"name\":\"Mentor Media\",\"url\":\"https:\\\/\\\/www.mentormedia.com\\\/\",\"logo\":{\"@type\":\"ImageObject\",\"inLanguage\":\"pt-BR\",\"@id\":\"https:\\\/\\\/www.mentormedia.com\\\/#\\\/schema\\\/logo\\\/image\\\/\",\"url\":\"https:\\\/\\\/www.mentormedia.com\\\/wp-content\\\/uploads\\\/2026\\\/02\\\/logo-mentor-media.webp\",\"contentUrl\":\"https:\\\/\\\/www.mentormedia.com\\\/wp-content\\\/uploads\\\/2026\\\/02\\\/logo-mentor-media.webp\",\"width\":200,\"height\":82,\"caption\":\"Mentor Media\"},\"image\":{\"@id\":\"https:\\\/\\\/www.mentormedia.com\\\/#\\\/schema\\\/logo\\\/image\\\/\"}}]}<\/script>\n<!-- \/ Yoast SEO plugin. -->","yoast_head_json":{"title":"Montagem personalizada de kits - Mentor Media","description":"A Mentor Media oferece montagem de kits altamente personalizada. Criada especificamente para as suas necessidades de produtos e as demandas do seu consumidor final.","robots":{"index":"index","follow":"follow","max-snippet":"max-snippet:-1","max-image-preview":"max-image-preview:large","max-video-preview":"max-video-preview:-1"},"canonical":"https:\/\/www.mentormedia.com\/pt-br\/montagem-personalizada-de-kits\/","og_locale":"pt_BR","og_type":"article","og_title":"Montagem personalizada de kits - Mentor Media","og_description":"A Mentor Media oferece montagem de kits altamente personalizada. Criada especificamente para as suas necessidades de produtos e as demandas do seu consumidor final.","og_url":"https:\/\/www.mentormedia.com\/pt-br\/montagem-personalizada-de-kits\/","og_site_name":"Mentor Media","article_modified_time":"2024-02-19T13:50:20+00:00","twitter_card":"summary_large_image","twitter_misc":{"Est. tempo de leitura":"1 minuto"},"schema":{"@context":"https:\/\/schema.org","@graph":[{"@type":"WebPage","@id":"https:\/\/www.mentormedia.com\/pt-br\/montagem-personalizada-de-kits\/","url":"https:\/\/www.mentormedia.com\/pt-br\/montagem-personalizada-de-kits\/","name":"Montagem personalizada de kits - Mentor Media","isPartOf":{"@id":"https:\/\/www.mentormedia.com\/#website"},"datePublished":"2022-11-03T12:45:37+00:00","dateModified":"2024-02-19T13:50:20+00:00","description":"A Mentor Media oferece montagem de kits altamente personalizada. Criada especificamente para as suas necessidades de produtos e as demandas do seu consumidor final.","breadcrumb":{"@id":"https:\/\/www.mentormedia.com\/pt-br\/montagem-personalizada-de-kits\/#breadcrumb"},"inLanguage":"pt-BR","potentialAction":[{"@type":"ReadAction","target":["https:\/\/www.mentormedia.com\/pt-br\/montagem-personalizada-de-kits\/"]}]},{"@type":"BreadcrumbList","@id":"https:\/\/www.mentormedia.com\/pt-br\/montagem-personalizada-de-kits\/#breadcrumb","itemListElement":[{"@type":"ListItem","position":1,"name":"Home","item":"https:\/\/www.mentormedia.com\/pt-br\/"},{"@type":"ListItem","position":2,"name":"Montagem personalizada de kits"}]},{"@type":"WebSite","@id":"https:\/\/www.mentormedia.com\/#website","url":"https:\/\/www.mentormedia.com\/","name":"Mentor Media","description":"Global Supply Chain Solutions","publisher":{"@id":"https:\/\/www.mentormedia.com\/#organization"},"potentialAction":[{"@type":"SearchAction","target":{"@type":"EntryPoint","urlTemplate":"https:\/\/www.mentormedia.com\/?s={search_term_string}"},"query-input":{"@type":"PropertyValueSpecification","valueRequired":true,"valueName":"search_term_string"}}],"inLanguage":"pt-BR"},{"@type":"Organization","@id":"https:\/\/www.mentormedia.com\/#organization","name":"Mentor Media","url":"https:\/\/www.mentormedia.com\/","logo":{"@type":"ImageObject","inLanguage":"pt-BR","@id":"https:\/\/www.mentormedia.com\/#\/schema\/logo\/image\/","url":"https:\/\/www.mentormedia.com\/wp-content\/uploads\/2026\/02\/logo-mentor-media.webp","contentUrl":"https:\/\/www.mentormedia.com\/wp-content\/uploads\/2026\/02\/logo-mentor-media.webp","width":200,"height":82,"caption":"Mentor Media"},"image":{"@id":"https:\/\/www.mentormedia.com\/#\/schema\/logo\/image\/"}}]}},"_links":{"self":[{"href":"https:\/\/www.mentormedia.com\/pt-br\/wp-json\/wp\/v2\/pages\/4398","targetHints":{"allow":["GET"]}}],"collection":[{"href":"https:\/\/www.mentormedia.com\/pt-br\/wp-json\/wp\/v2\/pages"}],"about":[{"href":"https:\/\/www.mentormedia.com\/pt-br\/wp-json\/wp\/v2\/types\/page"}],"author":[{"embeddable":true,"href":"https:\/\/www.mentormedia.com\/pt-br\/wp-json\/wp\/v2\/users\/1"}],"replies":[{"embeddable":true,"href":"https:\/\/www.mentormedia.com\/pt-br\/wp-json\/wp\/v2\/comments?post=4398"}],"version-history":[{"count":23,"href":"https:\/\/www.mentormedia.com\/pt-br\/wp-json\/wp\/v2\/pages\/4398\/revisions"}],"predecessor-version":[{"id":7911,"href":"https:\/\/www.mentormedia.com\/pt-br\/wp-json\/wp\/v2\/pages\/4398\/revisions\/7911"}],"wp:attachment":[{"href":"https:\/\/www.mentormedia.com\/pt-br\/wp-json\/wp\/v2\/media?parent=4398"}],"curies":[{"name":"wp","href":"https:\/\/api.w.org\/{rel}","templated":true}]}}