{"id":4181,"date":"2022-11-03T20:29:18","date_gmt":"2022-11-03T12:29:18","guid":{"rendered":"https:\/\/www.mentormedia.com\/solucoes\/gestao-de-estoque-hospitalar\/"},"modified":"2024-02-19T13:53:56","modified_gmt":"2024-02-19T12:53:56","slug":"gestao-de-estoque-hospitalar","status":"publish","type":"page","link":"https:\/\/www.mentormedia.com\/pt-br\/gestao-de-estoque-hospitalar\/","title":{"rendered":"Gest\u00e3o de estoque hospitalar"},"content":{"rendered":"\r\n\t\t<section class=\"titlebild-section titlebild-block-id-69f23b861c2a8 titlebild-block-layout center\">\r\n                <div class=\"full-bild\"> <img fetchpriority=\"high\" decoding=\"sync\" width=\"1920\" height=\"520\" src=\"https:\/\/www.mentormedia.com\/wp-content\/uploads\/2024\/02\/MM-HOSP-21.jpg\" class=\"img-fluid\" alt=\"MM HOSP\" srcset=\"https:\/\/www.mentormedia.com\/wp-content\/uploads\/2024\/02\/MM-HOSP-21.jpg 1920w, https:\/\/www.mentormedia.com\/wp-content\/uploads\/2024\/02\/MM-HOSP-21-300x81.jpg 300w, https:\/\/www.mentormedia.com\/wp-content\/uploads\/2024\/02\/MM-HOSP-21-1024x277.jpg 1024w, https:\/\/www.mentormedia.com\/wp-content\/uploads\/2024\/02\/MM-HOSP-21-768x208.jpg 768w, https:\/\/www.mentormedia.com\/wp-content\/uploads\/2024\/02\/MM-HOSP-21-1536x416.jpg 1536w\" sizes=\"(max-width: 1920px) 100vw, 1920px\" \/><\/div>\r\n                <div class=\"bild-title container\">\r\n                <p class=\"headline wt-h1\"> Gest\u00e3o de estoque hospitalar <\/p>\r\n                <\/div>\r\n        <\/section>\r\n\t\n\n\r\n                        <section class=\"textBlock \" style=\"background-color: #f5f5f5;\" >\r\n                            \r\n                                <div class=\"container\">\r\n                                    \r\n                                    \r\n                                    \r\n                                    <div class=\"row text\">\r\n                                        <div class=\"col\">\r\n                                            <div class=\"textBlock-text col-md-9\">\r\n                                                \n<p class=\"wp-block-wt-text-block\">A solu\u00e7\u00e3o de gest\u00e3o de estoque hospitalar da Mentor Media oferece visibilidade em tempo real das movimenta\u00e7\u00f5es dos estoques e do tempo de prateleira.<br><br>Sua implementa\u00e7\u00e3o reduz o intenso trabalho manual de checagem f\u00edsica e contagem. Uma \u00fanica plataforma para movimenta\u00e7\u00f5es de estoque e utiliza\u00e7\u00e3o \u00e9 uma vantagem. Aquisi\u00e7\u00f5es e previs\u00f5es precisas.<\/p>\n\r\n                                            <\/div>\r\n                                        <\/div>                                        \r\n                                    <\/div>                                                                        \r\n                                <\/div>                                \r\n                        <\/section>\r\n                    \n\n\r\n                        <section class=\"textBlock \"  >\r\n                            \r\n                                <div class=\"container\">\r\n                                    \r\n                                    \r\n                                    \r\n                                    <div class=\"row text\">\r\n                                        <div class=\"col\">\r\n                                            <div class=\"textBlock-text col-md-9\">\r\n                                                \n<p class=\"wp-block-wt-text-block\">A solu\u00e7\u00e3o exclusiva da Mentor Media de software de identifica\u00e7\u00e3o por radiofrequ\u00eancia (RFID) pode ser personalizada segundo os requisitos. Nosso servi\u00e7o \u00e9 licenciado para importar dados, e possui registro IMDA.<br><br>Os benef\u00edcios diretos da solu\u00e7\u00e3o RFID incluem gest\u00e3o de estoque em tempo real, como rastreamento, validade e usos, redu\u00e7\u00e3o dos custos trabalhistas, log\u00edstica de estoque hospitalar.<br><br>Oferecemos uma gama de solu\u00e7\u00f5es RFID, desde a instala\u00e7\u00e3o de hardware fixo em farm\u00e1cias hospitalares a dispositivos m\u00f3veis, visando a mobilidade.<br><br>A visibilidade do estoque pode ser ainda mais aprimorada com a integra\u00e7\u00e3o de APIs ou o aplicativo desenvolvido pela Mentor Media.<\/p>\n\r\n                                            <\/div>\r\n                                        <\/div>                                        \r\n                                    <\/div>                                                                        \r\n                                <\/div>                                \r\n                        <\/section>\r\n                    \n\n\t<div class='full-width-case-study'><div class='container'>\t<div class=\"portfolio-main isotope-init portfolio-full_width_spacing full-width-section full-width-content\" data-frame=\"square\" data-fluid_image=\"true\" data-is_full_width=\"true\">\r\n\t\t<div class=\"portfolio-main-inner portfolio-col-3\">\r\n\t\t\t<div class=\"filter clearfix\">\r\n\t\t\t\t\t\t\t<h4>ESTUDOS DE CASO<\/h4>\r\n\t\t\t\t\t\t<\/div>\r\n\t\t\t\r\n\t\t\r\n\t\t<div class=\"portfolio-wrapper\">\r\n\t\t\t<div class=\"portfolio-isotope-container\">\r\n\t\t\t\t\t\t\t\t\t<div class=\"isotope-item  healthcare-service-solutions-pt-br hospital-inventory-management-pt-br\">\r\n\t\t\t\t\t\t<div class=\"portfolio-item\">\r\n\t\t\t\t\t\t\t<div class=\"portfolio-img\"><a href=\"https:\/\/www.mentormedia.com\/pt-br\/case_study\/gestao-de-estoque-hospitalar\/\" style=\"background-image: url(https:\/\/www.mentormedia.com\/wp-content\/uploads\/2026\/02\/MM-CASE-HC-HOSPITAL.webp);\" class=\"custom-shape no_under\"><\/a><\/div>\r\n\t\t\t\t\t\t\t<a class=\"portfolio-info no_under\" href=\"https:\/\/www.mentormedia.com\/pt-br\/case_study\/gestao-de-estoque-hospitalar\/\">\r\n\t\t\t\t\t\t\t\t<div class=\"portfolio-title\"><h6>Gest\u00e3o de estoque hospitalar<\/h6><\/div>\r\n\t\t\t\t\t\t\t<\/a>\r\n\t\t\t\t\t\t<\/div>\r\n\t\t\t\t\t<\/div>\r\n\t\t\t\t\t\t\t\t<\/div>\r\n\t\t<\/div>\r\n\t<\/div>\r\n\t<\/div>\r\n\t<\/div><\/div>\t","protected":false},"excerpt":{"rendered":"","protected":false},"author":1,"featured_media":0,"parent":0,"menu_order":0,"comment_status":"closed","ping_status":"closed","template":"","meta":{"footnotes":""},"class_list":["post-4181","page","type-page","status-publish","hentry"],"yoast_head":"<!-- This site is optimized with the Yoast SEO plugin v27.5 - https:\/\/yoast.com\/product\/yoast-seo-wordpress\/ -->\n<title>Gest\u00e3o de estoque hospitalar - Mentor Media<\/title>\n<meta name=\"description\" content=\"A solu\u00e7\u00e3o de gest\u00e3o de estoque hospitalar da Mentor Media oferece visibilidade em tempo real das movimenta\u00e7\u00f5es dos estoques e do tempo de prateleira.\" \/>\n<meta name=\"robots\" content=\"index, follow, max-snippet:-1, max-image-preview:large, max-video-preview:-1\" \/>\n<link rel=\"canonical\" href=\"https:\/\/www.mentormedia.com\/hospital-inventory-management\/\" \/>\n<meta property=\"og:locale\" content=\"pt_BR\" \/>\n<meta property=\"og:type\" content=\"article\" \/>\n<meta property=\"og:title\" content=\"Gest\u00e3o de estoque hospitalar - Mentor Media\" \/>\n<meta property=\"og:description\" content=\"A solu\u00e7\u00e3o de gest\u00e3o de estoque hospitalar da Mentor Media oferece visibilidade em tempo real das movimenta\u00e7\u00f5es dos estoques e do tempo de prateleira.\" \/>\n<meta property=\"og:url\" content=\"https:\/\/www.mentormedia.com\/hospital-inventory-management\/\" \/>\n<meta property=\"og:site_name\" content=\"Mentor Media\" \/>\n<meta property=\"article:modified_time\" content=\"2024-02-19T12:53:56+00:00\" \/>\n<meta name=\"twitter:card\" content=\"summary_large_image\" \/>\n<meta name=\"twitter:label1\" content=\"Est. tempo de leitura\" \/>\n\t<meta name=\"twitter:data1\" content=\"1 minuto\" \/>\n<script type=\"application\/ld+json\" class=\"yoast-schema-graph\">{\"@context\":\"https:\\\/\\\/schema.org\",\"@graph\":[{\"@type\":\"WebPage\",\"@id\":\"https:\\\/\\\/www.mentormedia.com\\\/hospital-inventory-management\\\/\",\"url\":\"https:\\\/\\\/www.mentormedia.com\\\/hospital-inventory-management\\\/\",\"name\":\"Gest\u00e3o de estoque hospitalar - Mentor Media\",\"isPartOf\":{\"@id\":\"https:\\\/\\\/www.mentormedia.com\\\/#website\"},\"datePublished\":\"2022-11-03T12:29:18+00:00\",\"dateModified\":\"2024-02-19T12:53:56+00:00\",\"description\":\"A solu\u00e7\u00e3o de gest\u00e3o de estoque hospitalar da Mentor Media oferece visibilidade em tempo real das movimenta\u00e7\u00f5es dos estoques e do tempo de prateleira.\",\"breadcrumb\":{\"@id\":\"https:\\\/\\\/www.mentormedia.com\\\/hospital-inventory-management\\\/#breadcrumb\"},\"inLanguage\":\"pt-BR\",\"potentialAction\":[{\"@type\":\"ReadAction\",\"target\":[\"https:\\\/\\\/www.mentormedia.com\\\/hospital-inventory-management\\\/\"]}]},{\"@type\":\"BreadcrumbList\",\"@id\":\"https:\\\/\\\/www.mentormedia.com\\\/hospital-inventory-management\\\/#breadcrumb\",\"itemListElement\":[{\"@type\":\"ListItem\",\"position\":1,\"name\":\"Home\",\"item\":\"https:\\\/\\\/www.mentormedia.com\\\/pt-br\\\/\"},{\"@type\":\"ListItem\",\"position\":2,\"name\":\"Gest\u00e3o de estoque hospitalar\"}]},{\"@type\":\"WebSite\",\"@id\":\"https:\\\/\\\/www.mentormedia.com\\\/#website\",\"url\":\"https:\\\/\\\/www.mentormedia.com\\\/\",\"name\":\"Mentor Media\",\"description\":\"Global Supply Chain Solutions\",\"publisher\":{\"@id\":\"https:\\\/\\\/www.mentormedia.com\\\/#organization\"},\"potentialAction\":[{\"@type\":\"SearchAction\",\"target\":{\"@type\":\"EntryPoint\",\"urlTemplate\":\"https:\\\/\\\/www.mentormedia.com\\\/?s={search_term_string}\"},\"query-input\":{\"@type\":\"PropertyValueSpecification\",\"valueRequired\":true,\"valueName\":\"search_term_string\"}}],\"inLanguage\":\"pt-BR\"},{\"@type\":\"Organization\",\"@id\":\"https:\\\/\\\/www.mentormedia.com\\\/#organization\",\"name\":\"Mentor Media\",\"url\":\"https:\\\/\\\/www.mentormedia.com\\\/\",\"logo\":{\"@type\":\"ImageObject\",\"inLanguage\":\"pt-BR\",\"@id\":\"https:\\\/\\\/www.mentormedia.com\\\/#\\\/schema\\\/logo\\\/image\\\/\",\"url\":\"https:\\\/\\\/www.mentormedia.com\\\/wp-content\\\/uploads\\\/2026\\\/02\\\/logo-mentor-media.webp\",\"contentUrl\":\"https:\\\/\\\/www.mentormedia.com\\\/wp-content\\\/uploads\\\/2026\\\/02\\\/logo-mentor-media.webp\",\"width\":200,\"height\":82,\"caption\":\"Mentor Media\"},\"image\":{\"@id\":\"https:\\\/\\\/www.mentormedia.com\\\/#\\\/schema\\\/logo\\\/image\\\/\"}}]}<\/script>\n<!-- \/ Yoast SEO plugin. -->","yoast_head_json":{"title":"Gest\u00e3o de estoque hospitalar - Mentor Media","description":"A solu\u00e7\u00e3o de gest\u00e3o de estoque hospitalar da Mentor Media oferece visibilidade em tempo real das movimenta\u00e7\u00f5es dos estoques e do tempo de prateleira.","robots":{"index":"index","follow":"follow","max-snippet":"max-snippet:-1","max-image-preview":"max-image-preview:large","max-video-preview":"max-video-preview:-1"},"canonical":"https:\/\/www.mentormedia.com\/hospital-inventory-management\/","og_locale":"pt_BR","og_type":"article","og_title":"Gest\u00e3o de estoque hospitalar - Mentor Media","og_description":"A solu\u00e7\u00e3o de gest\u00e3o de estoque hospitalar da Mentor Media oferece visibilidade em tempo real das movimenta\u00e7\u00f5es dos estoques e do tempo de prateleira.","og_url":"https:\/\/www.mentormedia.com\/hospital-inventory-management\/","og_site_name":"Mentor Media","article_modified_time":"2024-02-19T12:53:56+00:00","twitter_card":"summary_large_image","twitter_misc":{"Est. tempo de leitura":"1 minuto"},"schema":{"@context":"https:\/\/schema.org","@graph":[{"@type":"WebPage","@id":"https:\/\/www.mentormedia.com\/hospital-inventory-management\/","url":"https:\/\/www.mentormedia.com\/hospital-inventory-management\/","name":"Gest\u00e3o de estoque hospitalar - Mentor Media","isPartOf":{"@id":"https:\/\/www.mentormedia.com\/#website"},"datePublished":"2022-11-03T12:29:18+00:00","dateModified":"2024-02-19T12:53:56+00:00","description":"A solu\u00e7\u00e3o de gest\u00e3o de estoque hospitalar da Mentor Media oferece visibilidade em tempo real das movimenta\u00e7\u00f5es dos estoques e do tempo de prateleira.","breadcrumb":{"@id":"https:\/\/www.mentormedia.com\/hospital-inventory-management\/#breadcrumb"},"inLanguage":"pt-BR","potentialAction":[{"@type":"ReadAction","target":["https:\/\/www.mentormedia.com\/hospital-inventory-management\/"]}]},{"@type":"BreadcrumbList","@id":"https:\/\/www.mentormedia.com\/hospital-inventory-management\/#breadcrumb","itemListElement":[{"@type":"ListItem","position":1,"name":"Home","item":"https:\/\/www.mentormedia.com\/pt-br\/"},{"@type":"ListItem","position":2,"name":"Gest\u00e3o de estoque hospitalar"}]},{"@type":"WebSite","@id":"https:\/\/www.mentormedia.com\/#website","url":"https:\/\/www.mentormedia.com\/","name":"Mentor Media","description":"Global Supply Chain Solutions","publisher":{"@id":"https:\/\/www.mentormedia.com\/#organization"},"potentialAction":[{"@type":"SearchAction","target":{"@type":"EntryPoint","urlTemplate":"https:\/\/www.mentormedia.com\/?s={search_term_string}"},"query-input":{"@type":"PropertyValueSpecification","valueRequired":true,"valueName":"search_term_string"}}],"inLanguage":"pt-BR"},{"@type":"Organization","@id":"https:\/\/www.mentormedia.com\/#organization","name":"Mentor Media","url":"https:\/\/www.mentormedia.com\/","logo":{"@type":"ImageObject","inLanguage":"pt-BR","@id":"https:\/\/www.mentormedia.com\/#\/schema\/logo\/image\/","url":"https:\/\/www.mentormedia.com\/wp-content\/uploads\/2026\/02\/logo-mentor-media.webp","contentUrl":"https:\/\/www.mentormedia.com\/wp-content\/uploads\/2026\/02\/logo-mentor-media.webp","width":200,"height":82,"caption":"Mentor Media"},"image":{"@id":"https:\/\/www.mentormedia.com\/#\/schema\/logo\/image\/"}}]}},"_links":{"self":[{"href":"https:\/\/www.mentormedia.com\/pt-br\/wp-json\/wp\/v2\/pages\/4181","targetHints":{"allow":["GET"]}}],"collection":[{"href":"https:\/\/www.mentormedia.com\/pt-br\/wp-json\/wp\/v2\/pages"}],"about":[{"href":"https:\/\/www.mentormedia.com\/pt-br\/wp-json\/wp\/v2\/types\/page"}],"author":[{"embeddable":true,"href":"https:\/\/www.mentormedia.com\/pt-br\/wp-json\/wp\/v2\/users\/1"}],"replies":[{"embeddable":true,"href":"https:\/\/www.mentormedia.com\/pt-br\/wp-json\/wp\/v2\/comments?post=4181"}],"version-history":[{"count":8,"href":"https:\/\/www.mentormedia.com\/pt-br\/wp-json\/wp\/v2\/pages\/4181\/revisions"}],"predecessor-version":[{"id":7948,"href":"https:\/\/www.mentormedia.com\/pt-br\/wp-json\/wp\/v2\/pages\/4181\/revisions\/7948"}],"wp:attachment":[{"href":"https:\/\/www.mentormedia.com\/pt-br\/wp-json\/wp\/v2\/media?parent=4181"}],"curies":[{"name":"wp","href":"https:\/\/api.w.org\/{rel}","templated":true}]}}