{"id":4172,"date":"2022-11-03T20:23:32","date_gmt":"2022-11-03T12:23:32","guid":{"rendered":"https:\/\/www.mentormedia.com\/solucoes\/centro-de-distribuicao-de-assistencia-medica\/"},"modified":"2024-02-19T13:50:53","modified_gmt":"2024-02-19T12:50:53","slug":"centro-de-distribuicao-de-assistencia-medica","status":"publish","type":"page","link":"https:\/\/www.mentormedia.com\/pt-br\/centro-de-distribuicao-de-assistencia-medica\/","title":{"rendered":"Centro de distribui\u00e7\u00e3o de assist\u00eancia m\u00e9dica"},"content":{"rendered":"\r\n\t\t<section class=\"titlebild-section titlebild-block-id-6a03965434dd2 titlebild-block-layout bottom\">\r\n                <div class=\"full-bild\"> <img fetchpriority=\"high\" decoding=\"sync\" width=\"2100\" height=\"1071\" src=\"https:\/\/www.mentormedia.com\/wp-content\/uploads\/2022\/11\/healthcare-distribution-centre.jpeg\" class=\"img-fluid\" alt=\"Healthcare Distribution Centre\" srcset=\"https:\/\/www.mentormedia.com\/wp-content\/uploads\/2022\/11\/healthcare-distribution-centre.jpeg 2100w, https:\/\/www.mentormedia.com\/wp-content\/uploads\/2022\/11\/healthcare-distribution-centre-300x153.jpeg 300w, https:\/\/www.mentormedia.com\/wp-content\/uploads\/2022\/11\/healthcare-distribution-centre-1024x522.jpeg 1024w, https:\/\/www.mentormedia.com\/wp-content\/uploads\/2022\/11\/healthcare-distribution-centre-768x392.jpeg 768w, https:\/\/www.mentormedia.com\/wp-content\/uploads\/2022\/11\/healthcare-distribution-centre-1536x783.jpeg 1536w, https:\/\/www.mentormedia.com\/wp-content\/uploads\/2022\/11\/healthcare-distribution-centre-2048x1044.jpeg 2048w\" sizes=\"(max-width: 2100px) 100vw, 2100px\" \/><\/div>\r\n                <div class=\"bild-title container\">\r\n                <p class=\"headline wt-h1\"> Centro de distribui\u00e7\u00e3o de assist\u00eancia m\u00e9dica <\/p>\r\n                <\/div>\r\n        <\/section>\r\n\t\n\n\r\n                        <section class=\"textBlock \" style=\"background-color: #f5f5f5;\" >\r\n                            \r\n                                <div class=\"container\">\r\n                                    \r\n                                    \r\n                                    \r\n                                    <div class=\"row text\">\r\n                                        <div class=\"col\">\r\n                                            <div class=\"textBlock-text col-md-9\">\r\n                                                \n<p class=\"wp-block-wt-text-block\">A Mentor Media cumpre os requisitos de todas as v\u00e1rias etapas da cadeia de suprimentos. Gerindo requisitos e expectativas ao ajudar a transitar pelos desafios e oportunidades no cen\u00e1rio de assist\u00eancia m\u00e9dica.<br><br>Temos uma instala\u00e7\u00e3o de 3PL com certifica\u00e7\u00e3o ISO e GDPMDS, ideal para as demandas em constante evolu\u00e7\u00e3o dos clientes na atualidade.<\/p>\n\r\n                                            <\/div>\r\n                                        <\/div>                                        \r\n                                    <\/div>                                                                        \r\n                                <\/div>                                \r\n                        <\/section>\r\n                    \n\n\r\n                        <section class=\"textBlock \"  >\r\n                            \r\n                                <div class=\"container\">\r\n                                    \r\n                                    \r\n                                    \r\n                                    <div class=\"row text\">\r\n                                        <div class=\"col\">\r\n                                            <div class=\"textBlock-text col-md-9\">\r\n                                                \n<p class=\"wp-block-wt-text-block\">De acordo com os valores fundamentais da Mentor Media de oferecer solu\u00e7\u00f5es e processos inovadores, isso tamb\u00e9m se traduz em nossas solu\u00e7\u00f5es para o setor de assist\u00eancia m\u00e9dica.<br><br>De acordo com os valores fundamentais da Mentor Media de oferecer solu\u00e7\u00f5es e processos inovadores, isso tamb\u00e9m se traduz em nossas solu\u00e7\u00f5es para o setor de assist\u00eancia m\u00e9dica. A utiliza\u00e7\u00e3o, por parte da Mentor Media, de armaz\u00e9ns com temperatura controlada e o envolvimento de operadores experientes garante n\u00edveis de servi\u00e7o de alta qualidade. Operamos de forma eficiente e conectamos v\u00e1rios segmentos de log\u00edstica para garantir uma entrega perfeita para os pacientes.<\/p>\n\r\n                                            <\/div>\r\n                                        <\/div>                                        \r\n                                    <\/div>                                                                        \r\n                                <\/div>                                \r\n                        <\/section>\r\n                    \n\n\t<div class='full-width-case-study'><div class='container'>\t<div class=\"portfolio-main isotope-init portfolio-full_width_spacing full-width-section full-width-content\" data-frame=\"square\" data-fluid_image=\"true\" data-is_full_width=\"true\">\r\n\t\t<div class=\"portfolio-main-inner portfolio-col-3\">\r\n\t\t\t<div class=\"filter clearfix\">\r\n\t\t\t\t\t\t\t<h4>ESTUDOS DE CASO<\/h4>\r\n\t\t\t\t\t\t<\/div>\r\n\t\t\t\r\n\t\t\r\n\t\t<div class=\"portfolio-wrapper\">\r\n\t\t\t<div class=\"portfolio-isotope-container\">\r\n\t\t\t\t\t\t\t\t\t<div class=\"isotope-item  healthcare-service-solutions-pt-br healthcare-distribution-centre-pt-br\">\r\n\t\t\t\t\t\t<div class=\"portfolio-item\">\r\n\t\t\t\t\t\t\t<div class=\"portfolio-img\"><a href=\"https:\/\/www.mentormedia.com\/pt-br\/case_study\/centro-de-distribuicao-de-assistencia-medica\/\" style=\"background-image: url(https:\/\/www.mentormedia.com\/wp-content\/uploads\/2026\/02\/MM-CASE-HC-DISTRIBUTIONC.webp);\" class=\"custom-shape no_under\"><\/a><\/div>\r\n\t\t\t\t\t\t\t<a class=\"portfolio-info no_under\" href=\"https:\/\/www.mentormedia.com\/pt-br\/case_study\/centro-de-distribuicao-de-assistencia-medica\/\">\r\n\t\t\t\t\t\t\t\t<div class=\"portfolio-title\"><h6>Centro de distribui\u00e7\u00e3o de assist\u00eancia m\u00e9dica<\/h6><\/div>\r\n\t\t\t\t\t\t\t<\/a>\r\n\t\t\t\t\t\t<\/div>\r\n\t\t\t\t\t<\/div>\r\n\t\t\t\t\t\t\t\t<\/div>\r\n\t\t<\/div>\r\n\t<\/div>\r\n\t<\/div>\r\n\t<\/div><\/div>\t","protected":false},"excerpt":{"rendered":"","protected":false},"author":1,"featured_media":0,"parent":0,"menu_order":0,"comment_status":"closed","ping_status":"closed","template":"","meta":{"footnotes":""},"class_list":["post-4172","page","type-page","status-publish","hentry"],"yoast_head":"<!-- This site is optimized with the Yoast SEO plugin v27.5 - https:\/\/yoast.com\/product\/yoast-seo-wordpress\/ -->\n<title>Centro de distribui\u00e7\u00e3o de assist\u00eancia m\u00e9dica - Mentor Media<\/title>\n<meta name=\"description\" content=\"Temos uma instala\u00e7\u00e3o de 3PL com certifica\u00e7\u00e3o ISO e GDPMDS, ideal para as demandas em constante evolu\u00e7\u00e3o dos clientes na atualidade.\" \/>\n<meta name=\"robots\" content=\"index, follow, max-snippet:-1, max-image-preview:large, max-video-preview:-1\" \/>\n<link rel=\"canonical\" href=\"https:\/\/www.mentormedia.com\/healthcare-distribution-centre\/\" \/>\n<meta property=\"og:locale\" content=\"pt_BR\" \/>\n<meta property=\"og:type\" content=\"article\" \/>\n<meta property=\"og:title\" content=\"Centro de distribui\u00e7\u00e3o de assist\u00eancia m\u00e9dica - Mentor Media\" \/>\n<meta property=\"og:description\" content=\"Temos uma instala\u00e7\u00e3o de 3PL com certifica\u00e7\u00e3o ISO e GDPMDS, ideal para as demandas em constante evolu\u00e7\u00e3o dos clientes na atualidade.\" \/>\n<meta property=\"og:url\" content=\"https:\/\/www.mentormedia.com\/healthcare-distribution-centre\/\" \/>\n<meta property=\"og:site_name\" content=\"Mentor Media\" \/>\n<meta property=\"article:modified_time\" content=\"2024-02-19T12:50:53+00:00\" \/>\n<meta name=\"twitter:card\" content=\"summary_large_image\" \/>\n<meta name=\"twitter:label1\" content=\"Est. tempo de leitura\" \/>\n\t<meta name=\"twitter:data1\" content=\"1 minuto\" \/>\n<script type=\"application\/ld+json\" class=\"yoast-schema-graph\">{\"@context\":\"https:\\\/\\\/schema.org\",\"@graph\":[{\"@type\":\"WebPage\",\"@id\":\"https:\\\/\\\/www.mentormedia.com\\\/healthcare-distribution-centre\\\/\",\"url\":\"https:\\\/\\\/www.mentormedia.com\\\/healthcare-distribution-centre\\\/\",\"name\":\"Centro de distribui\u00e7\u00e3o de assist\u00eancia m\u00e9dica - Mentor Media\",\"isPartOf\":{\"@id\":\"https:\\\/\\\/www.mentormedia.com\\\/#website\"},\"datePublished\":\"2022-11-03T12:23:32+00:00\",\"dateModified\":\"2024-02-19T12:50:53+00:00\",\"description\":\"Temos uma instala\u00e7\u00e3o de 3PL com certifica\u00e7\u00e3o ISO e GDPMDS, ideal para as demandas em constante evolu\u00e7\u00e3o dos clientes na atualidade.\",\"breadcrumb\":{\"@id\":\"https:\\\/\\\/www.mentormedia.com\\\/healthcare-distribution-centre\\\/#breadcrumb\"},\"inLanguage\":\"pt-BR\",\"potentialAction\":[{\"@type\":\"ReadAction\",\"target\":[\"https:\\\/\\\/www.mentormedia.com\\\/healthcare-distribution-centre\\\/\"]}]},{\"@type\":\"BreadcrumbList\",\"@id\":\"https:\\\/\\\/www.mentormedia.com\\\/healthcare-distribution-centre\\\/#breadcrumb\",\"itemListElement\":[{\"@type\":\"ListItem\",\"position\":1,\"name\":\"Home\",\"item\":\"https:\\\/\\\/www.mentormedia.com\\\/pt-br\\\/\"},{\"@type\":\"ListItem\",\"position\":2,\"name\":\"Centro de distribui\u00e7\u00e3o de assist\u00eancia m\u00e9dica\"}]},{\"@type\":\"WebSite\",\"@id\":\"https:\\\/\\\/www.mentormedia.com\\\/#website\",\"url\":\"https:\\\/\\\/www.mentormedia.com\\\/\",\"name\":\"Mentor Media\",\"description\":\"Global Supply Chain Solutions\",\"publisher\":{\"@id\":\"https:\\\/\\\/www.mentormedia.com\\\/#organization\"},\"potentialAction\":[{\"@type\":\"SearchAction\",\"target\":{\"@type\":\"EntryPoint\",\"urlTemplate\":\"https:\\\/\\\/www.mentormedia.com\\\/?s={search_term_string}\"},\"query-input\":{\"@type\":\"PropertyValueSpecification\",\"valueRequired\":true,\"valueName\":\"search_term_string\"}}],\"inLanguage\":\"pt-BR\"},{\"@type\":\"Organization\",\"@id\":\"https:\\\/\\\/www.mentormedia.com\\\/#organization\",\"name\":\"Mentor Media\",\"url\":\"https:\\\/\\\/www.mentormedia.com\\\/\",\"logo\":{\"@type\":\"ImageObject\",\"inLanguage\":\"pt-BR\",\"@id\":\"https:\\\/\\\/www.mentormedia.com\\\/#\\\/schema\\\/logo\\\/image\\\/\",\"url\":\"https:\\\/\\\/www.mentormedia.com\\\/wp-content\\\/uploads\\\/2026\\\/02\\\/logo-mentor-media.webp\",\"contentUrl\":\"https:\\\/\\\/www.mentormedia.com\\\/wp-content\\\/uploads\\\/2026\\\/02\\\/logo-mentor-media.webp\",\"width\":200,\"height\":82,\"caption\":\"Mentor Media\"},\"image\":{\"@id\":\"https:\\\/\\\/www.mentormedia.com\\\/#\\\/schema\\\/logo\\\/image\\\/\"}}]}<\/script>\n<!-- \/ Yoast SEO plugin. -->","yoast_head_json":{"title":"Centro de distribui\u00e7\u00e3o de assist\u00eancia m\u00e9dica - Mentor Media","description":"Temos uma instala\u00e7\u00e3o de 3PL com certifica\u00e7\u00e3o ISO e GDPMDS, ideal para as demandas em constante evolu\u00e7\u00e3o dos clientes na atualidade.","robots":{"index":"index","follow":"follow","max-snippet":"max-snippet:-1","max-image-preview":"max-image-preview:large","max-video-preview":"max-video-preview:-1"},"canonical":"https:\/\/www.mentormedia.com\/healthcare-distribution-centre\/","og_locale":"pt_BR","og_type":"article","og_title":"Centro de distribui\u00e7\u00e3o de assist\u00eancia m\u00e9dica - Mentor Media","og_description":"Temos uma instala\u00e7\u00e3o de 3PL com certifica\u00e7\u00e3o ISO e GDPMDS, ideal para as demandas em constante evolu\u00e7\u00e3o dos clientes na atualidade.","og_url":"https:\/\/www.mentormedia.com\/healthcare-distribution-centre\/","og_site_name":"Mentor Media","article_modified_time":"2024-02-19T12:50:53+00:00","twitter_card":"summary_large_image","twitter_misc":{"Est. tempo de leitura":"1 minuto"},"schema":{"@context":"https:\/\/schema.org","@graph":[{"@type":"WebPage","@id":"https:\/\/www.mentormedia.com\/healthcare-distribution-centre\/","url":"https:\/\/www.mentormedia.com\/healthcare-distribution-centre\/","name":"Centro de distribui\u00e7\u00e3o de assist\u00eancia m\u00e9dica - Mentor Media","isPartOf":{"@id":"https:\/\/www.mentormedia.com\/#website"},"datePublished":"2022-11-03T12:23:32+00:00","dateModified":"2024-02-19T12:50:53+00:00","description":"Temos uma instala\u00e7\u00e3o de 3PL com certifica\u00e7\u00e3o ISO e GDPMDS, ideal para as demandas em constante evolu\u00e7\u00e3o dos clientes na atualidade.","breadcrumb":{"@id":"https:\/\/www.mentormedia.com\/healthcare-distribution-centre\/#breadcrumb"},"inLanguage":"pt-BR","potentialAction":[{"@type":"ReadAction","target":["https:\/\/www.mentormedia.com\/healthcare-distribution-centre\/"]}]},{"@type":"BreadcrumbList","@id":"https:\/\/www.mentormedia.com\/healthcare-distribution-centre\/#breadcrumb","itemListElement":[{"@type":"ListItem","position":1,"name":"Home","item":"https:\/\/www.mentormedia.com\/pt-br\/"},{"@type":"ListItem","position":2,"name":"Centro de distribui\u00e7\u00e3o de assist\u00eancia m\u00e9dica"}]},{"@type":"WebSite","@id":"https:\/\/www.mentormedia.com\/#website","url":"https:\/\/www.mentormedia.com\/","name":"Mentor Media","description":"Global Supply Chain Solutions","publisher":{"@id":"https:\/\/www.mentormedia.com\/#organization"},"potentialAction":[{"@type":"SearchAction","target":{"@type":"EntryPoint","urlTemplate":"https:\/\/www.mentormedia.com\/?s={search_term_string}"},"query-input":{"@type":"PropertyValueSpecification","valueRequired":true,"valueName":"search_term_string"}}],"inLanguage":"pt-BR"},{"@type":"Organization","@id":"https:\/\/www.mentormedia.com\/#organization","name":"Mentor Media","url":"https:\/\/www.mentormedia.com\/","logo":{"@type":"ImageObject","inLanguage":"pt-BR","@id":"https:\/\/www.mentormedia.com\/#\/schema\/logo\/image\/","url":"https:\/\/www.mentormedia.com\/wp-content\/uploads\/2026\/02\/logo-mentor-media.webp","contentUrl":"https:\/\/www.mentormedia.com\/wp-content\/uploads\/2026\/02\/logo-mentor-media.webp","width":200,"height":82,"caption":"Mentor Media"},"image":{"@id":"https:\/\/www.mentormedia.com\/#\/schema\/logo\/image\/"}}]}},"_links":{"self":[{"href":"https:\/\/www.mentormedia.com\/pt-br\/wp-json\/wp\/v2\/pages\/4172","targetHints":{"allow":["GET"]}}],"collection":[{"href":"https:\/\/www.mentormedia.com\/pt-br\/wp-json\/wp\/v2\/pages"}],"about":[{"href":"https:\/\/www.mentormedia.com\/pt-br\/wp-json\/wp\/v2\/types\/page"}],"author":[{"embeddable":true,"href":"https:\/\/www.mentormedia.com\/pt-br\/wp-json\/wp\/v2\/users\/1"}],"replies":[{"embeddable":true,"href":"https:\/\/www.mentormedia.com\/pt-br\/wp-json\/wp\/v2\/comments?post=4172"}],"version-history":[{"count":10,"href":"https:\/\/www.mentormedia.com\/pt-br\/wp-json\/wp\/v2\/pages\/4172\/revisions"}],"predecessor-version":[{"id":7403,"href":"https:\/\/www.mentormedia.com\/pt-br\/wp-json\/wp\/v2\/pages\/4172\/revisions\/7403"}],"wp:attachment":[{"href":"https:\/\/www.mentormedia.com\/pt-br\/wp-json\/wp\/v2\/media?parent=4172"}],"curies":[{"name":"wp","href":"https:\/\/api.w.org\/{rel}","templated":true}]}}