{"id":4148,"date":"2022-11-03T19:31:23","date_gmt":"2022-11-03T11:31:23","guid":{"rendered":"https:\/\/www.mentormedia.com\/solucoes\/limpeza-e-embalagens-esterilizadas\/"},"modified":"2024-02-19T13:47:40","modified_gmt":"2024-02-19T12:47:40","slug":"limpeza-e-embalagens-esterilizadas","status":"publish","type":"page","link":"https:\/\/www.mentormedia.com\/pt-br\/limpeza-e-embalagens-esterilizadas\/","title":{"rendered":"Limpeza e embalagens esterilizadas"},"content":{"rendered":"\r\n\t\t<section class=\"titlebild-section titlebild-block-id-69f4b30f36b51 titlebild-block-layout bottom\">\r\n                <div class=\"full-bild\"> <img fetchpriority=\"high\" decoding=\"sync\" width=\"1920\" height=\"520\" src=\"https:\/\/www.mentormedia.com\/wp-content\/uploads\/2024\/02\/MM-STERILE-CLEANROOM-large.jpg\" class=\"img-fluid\" alt=\"MM STERILE CLEANROOM Large\" srcset=\"https:\/\/www.mentormedia.com\/wp-content\/uploads\/2024\/02\/MM-STERILE-CLEANROOM-large.jpg 1920w, https:\/\/www.mentormedia.com\/wp-content\/uploads\/2024\/02\/MM-STERILE-CLEANROOM-large-300x81.jpg 300w, https:\/\/www.mentormedia.com\/wp-content\/uploads\/2024\/02\/MM-STERILE-CLEANROOM-large-1024x277.jpg 1024w, https:\/\/www.mentormedia.com\/wp-content\/uploads\/2024\/02\/MM-STERILE-CLEANROOM-large-768x208.jpg 768w, https:\/\/www.mentormedia.com\/wp-content\/uploads\/2024\/02\/MM-STERILE-CLEANROOM-large-1536x416.jpg 1536w\" sizes=\"(max-width: 1920px) 100vw, 1920px\" \/><\/div>\r\n                <div class=\"bild-title container\">\r\n                <p class=\"headline wt-h1\"> Limpeza E Embalagens Esterilizadas <\/p>\r\n                <\/div>\r\n        <\/section>\r\n\t\n\n\r\n                        <section class=\"textBlock \" style=\"background-color: #f5f5f5;\" >\r\n                            \r\n                                <div class=\"container\">\r\n                                    \r\n                                    \r\n                                    \r\n                                    <div class=\"row text\">\r\n                                        <div class=\"col\">\r\n                                            <div class=\"textBlock-text col-md-9\">\r\n                                                \n<p class=\"wp-block-wt-text-block\">Os servi\u00e7os de limpeza da Mentor Media tamb\u00e9m possuem certifica\u00e7\u00e3o ISO Classe 7. Com instala\u00e7\u00f5es com temperatura e umidade controladas, com monitoramento dos n\u00edveis de part\u00edculas e biocarga.<br><br>Um processo eficiente de embalagem esterilizada protege os dispositivos contra contaminantes durante o transporte e armazenamento, garante a n\u00e3o toxicidade, \u00e9 compat\u00edvel com o processo de esteriliza\u00e7\u00e3o, em conformidade com normas internacionais, e mant\u00e9m o dispositivo com tempo de prateleira ativo de 10 anos, ou at\u00e9 o momento do uso.<\/p>\n\r\n                                            <\/div>\r\n                                        <\/div>                                        \r\n                                    <\/div>                                                                        \r\n                                <\/div>                                \r\n                        <\/section>\r\n                    \n\n\r\n                        <section class=\"textBlock \"  >\r\n                            \r\n                                <div class=\"container\">\r\n                                    \r\n                                    \r\n                                    \r\n                                    <div class=\"row text\">\r\n                                        <div class=\"col\">\r\n                                            <div class=\"textBlock-text col-md-9\">\r\n                                                <p>\u00c0 luz da pandemia, o setor de assist\u00eancia m\u00e9dica e seus servi\u00e7os s\u00e3o de enorme import\u00e2ncia. A necessidade de entregar dispositivos m\u00e9dicos em embalagens esterilizadas, livres de part\u00edculas prejudiciais, \u00e9 especialmente crucial para a redu\u00e7\u00e3o de infec\u00e7\u00f5es relacionadas \u00e0 assist\u00eancia m\u00e9dica (HAIs, na sigla em ingl\u00eas).<\/p>\n\n<p>O que torna a Mentor Media \u00fanica em embalagens esterilizadas:<\/p>\n\n<ul>\n<li>Sistema moderno de gest\u00e3o da qualidade (com certifica\u00e7\u00e3o TUV SUD)<\/li>\n<li>Consulta completa ao processo de embalagem:\n<ul>\n<li>Utiliza\u00e7\u00e3o de uma variedade de materiais de embalagem pr\u00e9-validados. (tempo de prateleira certificado de at\u00e9 10 anos.)<\/li>\n<li>Pesquisa sobre embalagens\/fluxo de conceito conducente para clientes<\/li>\n<li>Consulta sobre a valida\u00e7\u00e3o necess\u00e1ria<\/li>\n<li>Inspe\u00e7\u00f5es exigidas<\/li>\n<li>Montagem de dispositivos m\u00e9dicos com pe\u00e7as pequenas no ambiente de higieniza\u00e7\u00e3o<\/li>\n<li>Uso de limpeza ultrass\u00f4nica <em>(IPA 70%)<\/em> ou <em>(sistema de \u00e1gua altamente purificada)<\/em> para desinfec\u00e7\u00e3o final ou remo\u00e7\u00e3o de poss\u00edveis part\u00edculas e biocontamina\u00e7\u00e3o.<\/li>\n<li>Limpeza de embalagens de produtos p\u00f3s-processados (utilizando seladoras girat\u00f3rias ou c\u00e2mara de alta velocidade)<\/li>\n<li>Colabora\u00e7\u00e3o com empresa l\u00edder em esteriliza\u00e7\u00e3o Gamma ou EO<\/li>\n<\/ul>\n<\/li>\n<\/ul>\r\n                                            <\/div>\r\n                                        <\/div>                                        \r\n                                    <\/div>                                                                        \r\n                                <\/div>                                \r\n                        <\/section>\r\n                    \n\n\n<div class=\"wp-block-columns container eplus-wrapper is-layout-flex wp-container-core-columns-is-layout-9d6595d7 wp-block-columns-is-layout-flex\">\n<div class=\"wp-block-column eplus-wrapper is-layout-flow wp-block-column-is-layout-flow\">\n<figure class=\"wp-block-image size-full is-resized eplus-wrapper image\"><img loading=\"lazy\" decoding=\"async\" src=\"https:\/\/www.mentormedia.com\/wp-content\/uploads\/2023\/04\/Processing_Sterile-Packaging-Cleanroom-BRA.svg\" alt=\"Processing Sterile Packaging Cleanroom BRA\" class=\"wp-image-7097\" width=\"940\" height=\"529\"\/><\/figure>\n<\/div>\n<\/div>\n\n\n\t<div class='full-width-case-study'><div class='container'>\t<div class=\"portfolio-main isotope-init portfolio-full_width_spacing full-width-section full-width-content\" data-frame=\"square\" data-fluid_image=\"true\" data-is_full_width=\"true\">\r\n\t\t<div class=\"portfolio-main-inner portfolio-col-3\">\r\n\t\t\t<div class=\"filter clearfix\">\r\n\t\t\t\t\t\t\t<h4>ESTUDOS DE CASO<\/h4>\r\n\t\t\t\t\t\t<\/div>\r\n\t\t\t\r\n\t\t\r\n\t\t<div class=\"portfolio-wrapper\">\r\n\t\t\t<div class=\"portfolio-isotope-container\">\r\n\t\t\t\t\t\t\t\t\t<div class=\"isotope-item  healthcare-service-solutions-pt-br sterile-packaging-cleanroom-pt-br\">\r\n\t\t\t\t\t\t<div class=\"portfolio-item\">\r\n\t\t\t\t\t\t\t<div class=\"portfolio-img\"><a href=\"https:\/\/www.mentormedia.com\/pt-br\/case_study\/limpeza-de-embalagens-esterilizadas\/\" style=\"background-image: url(https:\/\/www.mentormedia.com\/wp-content\/uploads\/2026\/02\/MM-CASE-HC-STERILE.webp);\" class=\"custom-shape no_under\"><\/a><\/div>\r\n\t\t\t\t\t\t\t<a class=\"portfolio-info no_under\" href=\"https:\/\/www.mentormedia.com\/pt-br\/case_study\/limpeza-de-embalagens-esterilizadas\/\">\r\n\t\t\t\t\t\t\t\t<div class=\"portfolio-title\"><h6>Limpeza de embalagens esterilizadas<\/h6><\/div>\r\n\t\t\t\t\t\t\t<\/a>\r\n\t\t\t\t\t\t<\/div>\r\n\t\t\t\t\t<\/div>\r\n\t\t\t\t\t\t\t\t<\/div>\r\n\t\t<\/div>\r\n\t<\/div>\r\n\t<\/div>\r\n\t<\/div><\/div>\t","protected":false},"excerpt":{"rendered":"","protected":false},"author":1,"featured_media":0,"parent":0,"menu_order":0,"comment_status":"closed","ping_status":"closed","template":"","meta":{"footnotes":""},"class_list":["post-4148","page","type-page","status-publish","hentry"],"yoast_head":"<!-- This site is optimized with the Yoast SEO plugin v27.5 - https:\/\/yoast.com\/product\/yoast-seo-wordpress\/ -->\n<title>Limpeza e embalagens esterilizadas - Mentor Media<\/title>\n<meta name=\"description\" content=\"Os servi\u00e7os de limpeza da Mentor Media tamb\u00e9m possuem certifica\u00e7\u00e3o ISO Classe 7. Com instala\u00e7\u00f5es com temperatura e umidade controladas, com monitoramento dos n\u00edveis de part\u00edculas e biocarga.\" \/>\n<meta name=\"robots\" content=\"index, follow, max-snippet:-1, max-image-preview:large, max-video-preview:-1\" \/>\n<link rel=\"canonical\" href=\"https:\/\/www.mentormedia.com\/pt-br\/limpeza-e-embalagens-esterilizadas\/\" \/>\n<meta property=\"og:locale\" content=\"pt_BR\" \/>\n<meta property=\"og:type\" content=\"article\" \/>\n<meta property=\"og:title\" content=\"Limpeza e embalagens esterilizadas - Mentor Media\" \/>\n<meta property=\"og:description\" content=\"Os servi\u00e7os de limpeza da Mentor Media tamb\u00e9m possuem certifica\u00e7\u00e3o ISO Classe 7. Com instala\u00e7\u00f5es com temperatura e umidade controladas, com monitoramento dos n\u00edveis de part\u00edculas e biocarga.\" \/>\n<meta property=\"og:url\" content=\"https:\/\/www.mentormedia.com\/pt-br\/limpeza-e-embalagens-esterilizadas\/\" \/>\n<meta property=\"og:site_name\" content=\"Mentor Media\" \/>\n<meta property=\"article:modified_time\" content=\"2024-02-19T12:47:40+00:00\" \/>\n<meta property=\"og:image\" content=\"https:\/\/www.mentormedia.com\/wp-content\/uploads\/2023\/04\/Processing_Sterile-Packaging-Cleanroom-BRA.svg\" \/>\n<meta name=\"twitter:card\" content=\"summary_large_image\" \/>\n<meta name=\"twitter:label1\" content=\"Est. tempo de leitura\" \/>\n\t<meta name=\"twitter:data1\" content=\"1 minuto\" \/>\n<script type=\"application\/ld+json\" class=\"yoast-schema-graph\">{\"@context\":\"https:\\\/\\\/schema.org\",\"@graph\":[{\"@type\":\"WebPage\",\"@id\":\"https:\\\/\\\/www.mentormedia.com\\\/pt-br\\\/limpeza-e-embalagens-esterilizadas\\\/\",\"url\":\"https:\\\/\\\/www.mentormedia.com\\\/pt-br\\\/limpeza-e-embalagens-esterilizadas\\\/\",\"name\":\"Limpeza e embalagens esterilizadas - Mentor Media\",\"isPartOf\":{\"@id\":\"https:\\\/\\\/www.mentormedia.com\\\/#website\"},\"primaryImageOfPage\":{\"@id\":\"https:\\\/\\\/www.mentormedia.com\\\/pt-br\\\/limpeza-e-embalagens-esterilizadas\\\/#primaryimage\"},\"image\":{\"@id\":\"https:\\\/\\\/www.mentormedia.com\\\/pt-br\\\/limpeza-e-embalagens-esterilizadas\\\/#primaryimage\"},\"thumbnailUrl\":\"https:\\\/\\\/www.mentormedia.com\\\/wp-content\\\/uploads\\\/2023\\\/04\\\/Processing_Sterile-Packaging-Cleanroom-BRA.svg\",\"datePublished\":\"2022-11-03T11:31:23+00:00\",\"dateModified\":\"2024-02-19T12:47:40+00:00\",\"description\":\"Os servi\u00e7os de limpeza da Mentor Media tamb\u00e9m possuem certifica\u00e7\u00e3o ISO Classe 7. Com instala\u00e7\u00f5es com temperatura e umidade controladas, com monitoramento dos n\u00edveis de part\u00edculas e biocarga.\",\"breadcrumb\":{\"@id\":\"https:\\\/\\\/www.mentormedia.com\\\/pt-br\\\/limpeza-e-embalagens-esterilizadas\\\/#breadcrumb\"},\"inLanguage\":\"pt-BR\",\"potentialAction\":[{\"@type\":\"ReadAction\",\"target\":[\"https:\\\/\\\/www.mentormedia.com\\\/pt-br\\\/limpeza-e-embalagens-esterilizadas\\\/\"]}]},{\"@type\":\"ImageObject\",\"inLanguage\":\"pt-BR\",\"@id\":\"https:\\\/\\\/www.mentormedia.com\\\/pt-br\\\/limpeza-e-embalagens-esterilizadas\\\/#primaryimage\",\"url\":\"https:\\\/\\\/www.mentormedia.com\\\/wp-content\\\/uploads\\\/2023\\\/04\\\/Processing_Sterile-Packaging-Cleanroom-BRA.svg\",\"contentUrl\":\"https:\\\/\\\/www.mentormedia.com\\\/wp-content\\\/uploads\\\/2023\\\/04\\\/Processing_Sterile-Packaging-Cleanroom-BRA.svg\"},{\"@type\":\"BreadcrumbList\",\"@id\":\"https:\\\/\\\/www.mentormedia.com\\\/pt-br\\\/limpeza-e-embalagens-esterilizadas\\\/#breadcrumb\",\"itemListElement\":[{\"@type\":\"ListItem\",\"position\":1,\"name\":\"Home\",\"item\":\"https:\\\/\\\/www.mentormedia.com\\\/pt-br\\\/\"},{\"@type\":\"ListItem\",\"position\":2,\"name\":\"Limpeza e embalagens esterilizadas\"}]},{\"@type\":\"WebSite\",\"@id\":\"https:\\\/\\\/www.mentormedia.com\\\/#website\",\"url\":\"https:\\\/\\\/www.mentormedia.com\\\/\",\"name\":\"Mentor Media\",\"description\":\"Global Supply Chain Solutions\",\"publisher\":{\"@id\":\"https:\\\/\\\/www.mentormedia.com\\\/#organization\"},\"potentialAction\":[{\"@type\":\"SearchAction\",\"target\":{\"@type\":\"EntryPoint\",\"urlTemplate\":\"https:\\\/\\\/www.mentormedia.com\\\/?s={search_term_string}\"},\"query-input\":{\"@type\":\"PropertyValueSpecification\",\"valueRequired\":true,\"valueName\":\"search_term_string\"}}],\"inLanguage\":\"pt-BR\"},{\"@type\":\"Organization\",\"@id\":\"https:\\\/\\\/www.mentormedia.com\\\/#organization\",\"name\":\"Mentor Media\",\"url\":\"https:\\\/\\\/www.mentormedia.com\\\/\",\"logo\":{\"@type\":\"ImageObject\",\"inLanguage\":\"pt-BR\",\"@id\":\"https:\\\/\\\/www.mentormedia.com\\\/#\\\/schema\\\/logo\\\/image\\\/\",\"url\":\"https:\\\/\\\/www.mentormedia.com\\\/wp-content\\\/uploads\\\/2026\\\/02\\\/logo-mentor-media.webp\",\"contentUrl\":\"https:\\\/\\\/www.mentormedia.com\\\/wp-content\\\/uploads\\\/2026\\\/02\\\/logo-mentor-media.webp\",\"width\":200,\"height\":82,\"caption\":\"Mentor Media\"},\"image\":{\"@id\":\"https:\\\/\\\/www.mentormedia.com\\\/#\\\/schema\\\/logo\\\/image\\\/\"}}]}<\/script>\n<!-- \/ Yoast SEO plugin. -->","yoast_head_json":{"title":"Limpeza e embalagens esterilizadas - Mentor Media","description":"Os servi\u00e7os de limpeza da Mentor Media tamb\u00e9m possuem certifica\u00e7\u00e3o ISO Classe 7. Com instala\u00e7\u00f5es com temperatura e umidade controladas, com monitoramento dos n\u00edveis de part\u00edculas e biocarga.","robots":{"index":"index","follow":"follow","max-snippet":"max-snippet:-1","max-image-preview":"max-image-preview:large","max-video-preview":"max-video-preview:-1"},"canonical":"https:\/\/www.mentormedia.com\/pt-br\/limpeza-e-embalagens-esterilizadas\/","og_locale":"pt_BR","og_type":"article","og_title":"Limpeza e embalagens esterilizadas - Mentor Media","og_description":"Os servi\u00e7os de limpeza da Mentor Media tamb\u00e9m possuem certifica\u00e7\u00e3o ISO Classe 7. Com instala\u00e7\u00f5es com temperatura e umidade controladas, com monitoramento dos n\u00edveis de part\u00edculas e biocarga.","og_url":"https:\/\/www.mentormedia.com\/pt-br\/limpeza-e-embalagens-esterilizadas\/","og_site_name":"Mentor Media","article_modified_time":"2024-02-19T12:47:40+00:00","og_image":[{"url":"https:\/\/www.mentormedia.com\/wp-content\/uploads\/2023\/04\/Processing_Sterile-Packaging-Cleanroom-BRA.svg","type":"","width":"","height":""}],"twitter_card":"summary_large_image","twitter_misc":{"Est. tempo de leitura":"1 minuto"},"schema":{"@context":"https:\/\/schema.org","@graph":[{"@type":"WebPage","@id":"https:\/\/www.mentormedia.com\/pt-br\/limpeza-e-embalagens-esterilizadas\/","url":"https:\/\/www.mentormedia.com\/pt-br\/limpeza-e-embalagens-esterilizadas\/","name":"Limpeza e embalagens esterilizadas - Mentor Media","isPartOf":{"@id":"https:\/\/www.mentormedia.com\/#website"},"primaryImageOfPage":{"@id":"https:\/\/www.mentormedia.com\/pt-br\/limpeza-e-embalagens-esterilizadas\/#primaryimage"},"image":{"@id":"https:\/\/www.mentormedia.com\/pt-br\/limpeza-e-embalagens-esterilizadas\/#primaryimage"},"thumbnailUrl":"https:\/\/www.mentormedia.com\/wp-content\/uploads\/2023\/04\/Processing_Sterile-Packaging-Cleanroom-BRA.svg","datePublished":"2022-11-03T11:31:23+00:00","dateModified":"2024-02-19T12:47:40+00:00","description":"Os servi\u00e7os de limpeza da Mentor Media tamb\u00e9m possuem certifica\u00e7\u00e3o ISO Classe 7. Com instala\u00e7\u00f5es com temperatura e umidade controladas, com monitoramento dos n\u00edveis de part\u00edculas e biocarga.","breadcrumb":{"@id":"https:\/\/www.mentormedia.com\/pt-br\/limpeza-e-embalagens-esterilizadas\/#breadcrumb"},"inLanguage":"pt-BR","potentialAction":[{"@type":"ReadAction","target":["https:\/\/www.mentormedia.com\/pt-br\/limpeza-e-embalagens-esterilizadas\/"]}]},{"@type":"ImageObject","inLanguage":"pt-BR","@id":"https:\/\/www.mentormedia.com\/pt-br\/limpeza-e-embalagens-esterilizadas\/#primaryimage","url":"https:\/\/www.mentormedia.com\/wp-content\/uploads\/2023\/04\/Processing_Sterile-Packaging-Cleanroom-BRA.svg","contentUrl":"https:\/\/www.mentormedia.com\/wp-content\/uploads\/2023\/04\/Processing_Sterile-Packaging-Cleanroom-BRA.svg"},{"@type":"BreadcrumbList","@id":"https:\/\/www.mentormedia.com\/pt-br\/limpeza-e-embalagens-esterilizadas\/#breadcrumb","itemListElement":[{"@type":"ListItem","position":1,"name":"Home","item":"https:\/\/www.mentormedia.com\/pt-br\/"},{"@type":"ListItem","position":2,"name":"Limpeza e embalagens esterilizadas"}]},{"@type":"WebSite","@id":"https:\/\/www.mentormedia.com\/#website","url":"https:\/\/www.mentormedia.com\/","name":"Mentor Media","description":"Global Supply Chain Solutions","publisher":{"@id":"https:\/\/www.mentormedia.com\/#organization"},"potentialAction":[{"@type":"SearchAction","target":{"@type":"EntryPoint","urlTemplate":"https:\/\/www.mentormedia.com\/?s={search_term_string}"},"query-input":{"@type":"PropertyValueSpecification","valueRequired":true,"valueName":"search_term_string"}}],"inLanguage":"pt-BR"},{"@type":"Organization","@id":"https:\/\/www.mentormedia.com\/#organization","name":"Mentor Media","url":"https:\/\/www.mentormedia.com\/","logo":{"@type":"ImageObject","inLanguage":"pt-BR","@id":"https:\/\/www.mentormedia.com\/#\/schema\/logo\/image\/","url":"https:\/\/www.mentormedia.com\/wp-content\/uploads\/2026\/02\/logo-mentor-media.webp","contentUrl":"https:\/\/www.mentormedia.com\/wp-content\/uploads\/2026\/02\/logo-mentor-media.webp","width":200,"height":82,"caption":"Mentor Media"},"image":{"@id":"https:\/\/www.mentormedia.com\/#\/schema\/logo\/image\/"}}]}},"_links":{"self":[{"href":"https:\/\/www.mentormedia.com\/pt-br\/wp-json\/wp\/v2\/pages\/4148","targetHints":{"allow":["GET"]}}],"collection":[{"href":"https:\/\/www.mentormedia.com\/pt-br\/wp-json\/wp\/v2\/pages"}],"about":[{"href":"https:\/\/www.mentormedia.com\/pt-br\/wp-json\/wp\/v2\/types\/page"}],"author":[{"embeddable":true,"href":"https:\/\/www.mentormedia.com\/pt-br\/wp-json\/wp\/v2\/users\/1"}],"replies":[{"embeddable":true,"href":"https:\/\/www.mentormedia.com\/pt-br\/wp-json\/wp\/v2\/comments?post=4148"}],"version-history":[{"count":14,"href":"https:\/\/www.mentormedia.com\/pt-br\/wp-json\/wp\/v2\/pages\/4148\/revisions"}],"predecessor-version":[{"id":7862,"href":"https:\/\/www.mentormedia.com\/pt-br\/wp-json\/wp\/v2\/pages\/4148\/revisions\/7862"}],"wp:attachment":[{"href":"https:\/\/www.mentormedia.com\/pt-br\/wp-json\/wp\/v2\/media?parent=4148"}],"curies":[{"name":"wp","href":"https:\/\/api.w.org\/{rel}","templated":true}]}}