{"id":4039,"date":"2022-11-01T11:53:05","date_gmt":"2022-11-01T03:53:05","guid":{"rendered":"https:\/\/www.mentormedia.com\/solucoes\/"},"modified":"2026-02-06T22:06:40","modified_gmt":"2026-02-06T14:06:40","slug":"solucoes","status":"publish","type":"page","link":"https:\/\/www.mentormedia.com\/pt-br\/solucoes\/","title":{"rendered":"Solu\u00e7\u00f5es"},"content":{"rendered":"\r\n\t\t<section class=\"titlebild-section titlebild-block-id-69e0f51249a24 titlebild-block-layout center\">\r\n                <div class=\"full-bild\"> <img fetchpriority=\"high\" decoding=\"sync\" width=\"1500\" height=\"765\" src=\"https:\/\/www.mentormedia.com\/wp-content\/uploads\/2026\/02\/service-header.webp\" class=\"img-fluid\" alt=\"Service Header\" srcset=\"https:\/\/www.mentormedia.com\/wp-content\/uploads\/2026\/02\/service-header.webp 1500w, https:\/\/www.mentormedia.com\/wp-content\/uploads\/2026\/02\/service-header-300x153.webp 300w, https:\/\/www.mentormedia.com\/wp-content\/uploads\/2026\/02\/service-header-1024x522.webp 1024w, https:\/\/www.mentormedia.com\/wp-content\/uploads\/2026\/02\/service-header-768x392.webp 768w\" sizes=\"(max-width: 1500px) 100vw, 1500px\" \/><\/div>\r\n                <div class=\"bild-title container\">\r\n                <p class=\"headline wt-h1\"> GEST\u00c3O DA CADEIA DE SUPRIMENTOS <\/p>\r\n                <\/div>\r\n        <\/section>\r\n\t\n\n\r\n                        <section class=\"textBlock \" style=\"background-color: #f5f5f5;\" >\r\n                            \r\n                                <div class=\"container\">\r\n                                    \r\n                                    \r\n                                    \r\n                                    <div class=\"row text\">\r\n                                        <div class=\"col\">\r\n                                            <div class=\"textBlock-text col-md-9\">\r\n                                                \n<p class=\"wp-block-wt-text-block\">A Mentor Media \u00e9 uma fornecedora l\u00edder de cadeia de suprimentos que fornece solu\u00e7\u00f5es de valor agregado para atender \u00e0s exig\u00eancias da nova estrutura econ\u00f4mica global. Oferecemos uma variedade de solu\u00e7\u00f5es projetadas para v\u00e1rios setores e cadeias verticais que exigem flexibilidade para modelos que incluem distribui\u00e7\u00e3o regional e\/ou distribui\u00e7\u00e3o central.<\/p>\n\r\n                                            <\/div>\r\n                                        <\/div>                                        \r\n                                    <\/div>                                                                        \r\n                                <\/div>                                \r\n                        <\/section>\r\n                    \n\n\r\n                        <section class=\"textBlock \"  >\r\n                            \r\n                                <div class=\"container\">\r\n                                    \r\n                                    <div class=\"row\">                                        \r\n                        <div class=\"col\">\r\n                            <h1 class=\"textBlock-headline mt-5\">O NOVO PARADIGMA DA CADEIA DE SUPRIMENTOS<\/h1>\r\n                            <div class=\"divider\"><\/div>\r\n                        <\/div>                                        \r\n                    <\/div>\r\n                                    \r\n                                    <div class=\"row text\">\r\n                                        <div class=\"col\">\r\n                                            <div class=\"textBlock-text col-md-9\">\r\n                                                \n<p class=\"wp-block-wt-text-block\">Fazemos parceria com nossos clientes para desenvolver constantemente solu\u00e7\u00f5es para aumentar a efici\u00eancia, simplificar os processos de neg\u00f3cios, manter a alta qualidade e minimizar os riscos do neg\u00f3cio. Nossos clientes s\u00e3o atendidos por uma equipe multifuncional altamente dedicada e experiente, que busca entender suas exig\u00eancias em profundidade e adaptar solu\u00e7\u00f5es que realizar\u00e3o suas metas de neg\u00f3cios da maneira mais eficiente e econ\u00f4mica.<\/p>\n\r\n                                            <\/div>\r\n                                        <\/div>                                        \r\n                                    <\/div>                                                                        \r\n                                <\/div>                                \r\n                        <\/section>\r\n                    \n\n\r\n        <section class=\"picturebutton \">\r\n            <div class=\"row picturebutton-content-wrapper\">\r\n                \r\n\t        <div class=\"picturebutton-block col-12 col-lg-6\">\r\n                <a class=\"picturebutton\" href=\"\/pt-br\/assistencia-medica\/\" >\r\n                     <img loading=\"lazy\" decoding=\"async\" width=\"2100\" height=\"1071\" src=\"https:\/\/www.mentormedia.com\/wp-content\/uploads\/2022\/12\/MM-HC-21-darker.jpg\" class=\"attachment-full size-full\" alt=\"MM HC Darker\" srcset=\"https:\/\/www.mentormedia.com\/wp-content\/uploads\/2022\/12\/MM-HC-21-darker.jpg 2100w, https:\/\/www.mentormedia.com\/wp-content\/uploads\/2022\/12\/MM-HC-21-darker-300x153.jpg 300w, https:\/\/www.mentormedia.com\/wp-content\/uploads\/2022\/12\/MM-HC-21-darker-1024x522.jpg 1024w, https:\/\/www.mentormedia.com\/wp-content\/uploads\/2022\/12\/MM-HC-21-darker-768x392.jpg 768w, https:\/\/www.mentormedia.com\/wp-content\/uploads\/2022\/12\/MM-HC-21-darker-1536x783.jpg 1536w, https:\/\/www.mentormedia.com\/wp-content\/uploads\/2022\/12\/MM-HC-21-darker-2048x1044.jpg 2048w\" sizes=\"auto, (max-width: 2100px) 100vw, 2100px\" \/>\r\n                     <h3 class=\"picturebutton-text\"> ASSIST\u00caNCIA M\u00c9DICA<\/h3>\r\n                 <\/a> \r\n            <\/div>\r\n\t        <div class=\"picturebutton-block col-12 col-lg-6\">\r\n                <a class=\"picturebutton\" href=\"\/pt-br\/solucoes-de-gerenciamento-da-cadeia-de-suprimentos\/\" >\r\n                     <img loading=\"lazy\" decoding=\"async\" width=\"2100\" height=\"1071\" src=\"https:\/\/www.mentormedia.com\/wp-content\/uploads\/2022\/12\/MM-gom.jpg\" class=\"attachment-full size-full\" alt=\"MM Gom\" srcset=\"https:\/\/www.mentormedia.com\/wp-content\/uploads\/2022\/12\/MM-gom.jpg 2100w, https:\/\/www.mentormedia.com\/wp-content\/uploads\/2022\/12\/MM-gom-300x153.jpg 300w, https:\/\/www.mentormedia.com\/wp-content\/uploads\/2022\/12\/MM-gom-1024x522.jpg 1024w, https:\/\/www.mentormedia.com\/wp-content\/uploads\/2022\/12\/MM-gom-768x392.jpg 768w, https:\/\/www.mentormedia.com\/wp-content\/uploads\/2022\/12\/MM-gom-1536x783.jpg 1536w, https:\/\/www.mentormedia.com\/wp-content\/uploads\/2022\/12\/MM-gom-2048x1044.jpg 2048w\" sizes=\"auto, (max-width: 2100px) 100vw, 2100px\" \/>\r\n                     <h3 class=\"picturebutton-text\"> SOLU\u00c7\u00d5ES DE GERENCIAMENTO DA CADEIA DE SUPRIMENTOS<\/h3>\r\n                 <\/a> \r\n            <\/div>\r\n\t        <div class=\"picturebutton-block col-12 col-lg-6\">\r\n                <a class=\"picturebutton\" href=\"\/pt-br\/solucoes-de-servicos-eletronicos\/\" >\r\n                     <img loading=\"lazy\" decoding=\"async\" width=\"2100\" height=\"1071\" src=\"https:\/\/www.mentormedia.com\/wp-content\/uploads\/2022\/12\/MM-ebus.jpg\" class=\"attachment-full size-full\" alt=\"MM Ebus\" srcset=\"https:\/\/www.mentormedia.com\/wp-content\/uploads\/2022\/12\/MM-ebus.jpg 2100w, https:\/\/www.mentormedia.com\/wp-content\/uploads\/2022\/12\/MM-ebus-300x153.jpg 300w, https:\/\/www.mentormedia.com\/wp-content\/uploads\/2022\/12\/MM-ebus-1024x522.jpg 1024w, https:\/\/www.mentormedia.com\/wp-content\/uploads\/2022\/12\/MM-ebus-768x392.jpg 768w, https:\/\/www.mentormedia.com\/wp-content\/uploads\/2022\/12\/MM-ebus-1536x783.jpg 1536w, https:\/\/www.mentormedia.com\/wp-content\/uploads\/2022\/12\/MM-ebus-2048x1044.jpg 2048w\" sizes=\"auto, (max-width: 2100px) 100vw, 2100px\" \/>\r\n                     <h3 class=\"picturebutton-text\"> SOLU\u00c7\u00d5ES DE SERVI\u00c7OS ELETR\u00d4NICOS<\/h3>\r\n                 <\/a> \r\n            <\/div>\r\n\t        <div class=\"picturebutton-block col-12 col-lg-6\">\r\n                <a class=\"picturebutton\" href=\"\/pt-br\/impressao-e-embalagem\/\" >\r\n                     <img loading=\"lazy\" decoding=\"async\" width=\"2100\" height=\"946\" src=\"https:\/\/www.mentormedia.com\/wp-content\/uploads\/2022\/12\/China-Gallery-3-16.jpg\" class=\"attachment-full size-full\" alt=\"China Gallery\" srcset=\"https:\/\/www.mentormedia.com\/wp-content\/uploads\/2022\/12\/China-Gallery-3-16.jpg 2100w, https:\/\/www.mentormedia.com\/wp-content\/uploads\/2022\/12\/China-Gallery-3-16-300x135.jpg 300w, https:\/\/www.mentormedia.com\/wp-content\/uploads\/2022\/12\/China-Gallery-3-16-1024x461.jpg 1024w, https:\/\/www.mentormedia.com\/wp-content\/uploads\/2022\/12\/China-Gallery-3-16-768x346.jpg 768w, https:\/\/www.mentormedia.com\/wp-content\/uploads\/2022\/12\/China-Gallery-3-16-1536x692.jpg 1536w, https:\/\/www.mentormedia.com\/wp-content\/uploads\/2022\/12\/China-Gallery-3-16-2048x923.jpg 2048w\" sizes=\"auto, (max-width: 2100px) 100vw, 2100px\" \/>\r\n                     <h3 class=\"picturebutton-text\"> IMPRESS\u00c3O E EMBALAGEM<\/h3>\r\n                 <\/a> \r\n            <\/div>\r\n\t        <div class=\"picturebutton-block col-12 col-lg-6\">\r\n                <a class=\"picturebutton\" href=\"\/pt-br\/servicos-de-valor-agregado\/\" >\r\n                     <img loading=\"lazy\" decoding=\"async\" width=\"2100\" height=\"1071\" src=\"https:\/\/www.mentormedia.com\/wp-content\/uploads\/2022\/12\/MM-VAS-large.jpg\" class=\"attachment-full size-full\" alt=\"MM VAS Large\" srcset=\"https:\/\/www.mentormedia.com\/wp-content\/uploads\/2022\/12\/MM-VAS-large.jpg 2100w, https:\/\/www.mentormedia.com\/wp-content\/uploads\/2022\/12\/MM-VAS-large-300x153.jpg 300w, https:\/\/www.mentormedia.com\/wp-content\/uploads\/2022\/12\/MM-VAS-large-1024x522.jpg 1024w, https:\/\/www.mentormedia.com\/wp-content\/uploads\/2022\/12\/MM-VAS-large-768x392.jpg 768w, https:\/\/www.mentormedia.com\/wp-content\/uploads\/2022\/12\/MM-VAS-large-1536x783.jpg 1536w, https:\/\/www.mentormedia.com\/wp-content\/uploads\/2022\/12\/MM-VAS-large-2048x1044.jpg 2048w\" sizes=\"auto, (max-width: 2100px) 100vw, 2100px\" \/>\r\n                     <h3 class=\"picturebutton-text\"> SERVI\u00c7OS DE VALOR AGREGADO<\/h3>\r\n                 <\/a> \r\n            <\/div>  <\/div>               \r\n        <\/section>","protected":false},"excerpt":{"rendered":"","protected":false},"author":1,"featured_media":0,"parent":0,"menu_order":0,"comment_status":"closed","ping_status":"closed","template":"","meta":{"footnotes":""},"class_list":["post-4039","page","type-page","status-publish","hentry"],"yoast_head":"<!-- This site is optimized with the Yoast SEO plugin v27.1.1 - https:\/\/yoast.com\/product\/yoast-seo-wordpress\/ -->\n<title>Solu\u00e7\u00f5es de gerenciamento da cadeia de suprimentos - Mentor Media<\/title>\n<meta name=\"description\" content=\"A Mentor Media \u00e9 uma fornecedora l\u00edder de cadeia de suprimentos que fornece solu\u00e7\u00f5es de valor agregado para atender \u00e0s exig\u00eancias da nova estrutura econ\u00f4mica global.\" \/>\n<meta name=\"robots\" content=\"index, follow, max-snippet:-1, max-image-preview:large, max-video-preview:-1\" \/>\n<link rel=\"canonical\" href=\"https:\/\/www.mentormedia.com\/pt-br\/solucoes\/\" \/>\n<meta property=\"og:locale\" content=\"pt_BR\" \/>\n<meta property=\"og:type\" content=\"article\" \/>\n<meta property=\"og:title\" content=\"Solu\u00e7\u00f5es de gerenciamento da cadeia de suprimentos - Mentor Media\" \/>\n<meta property=\"og:description\" content=\"A Mentor Media \u00e9 uma fornecedora l\u00edder de cadeia de suprimentos que fornece solu\u00e7\u00f5es de valor agregado para atender \u00e0s exig\u00eancias da nova estrutura econ\u00f4mica global.\" \/>\n<meta property=\"og:url\" content=\"https:\/\/www.mentormedia.com\/pt-br\/solucoes\/\" \/>\n<meta property=\"og:site_name\" content=\"Mentor Media\" \/>\n<meta property=\"article:modified_time\" content=\"2026-02-06T14:06:40+00:00\" \/>\n<meta name=\"twitter:card\" content=\"summary_large_image\" \/>\n<meta name=\"twitter:label1\" content=\"Est. tempo de leitura\" \/>\n\t<meta name=\"twitter:data1\" content=\"1 minuto\" \/>\n<script type=\"application\/ld+json\" class=\"yoast-schema-graph\">{\"@context\":\"https:\/\/schema.org\",\"@graph\":[{\"@type\":\"WebPage\",\"@id\":\"https:\/\/www.mentormedia.com\/pt-br\/solucoes\/\",\"url\":\"https:\/\/www.mentormedia.com\/pt-br\/solucoes\/\",\"name\":\"Solu\u00e7\u00f5es de gerenciamento da cadeia de suprimentos - Mentor Media\",\"isPartOf\":{\"@id\":\"https:\/\/www.mentormedia.com\/#website\"},\"datePublished\":\"2022-11-01T03:53:05+00:00\",\"dateModified\":\"2026-02-06T14:06:40+00:00\",\"description\":\"A Mentor Media \u00e9 uma fornecedora l\u00edder de cadeia de suprimentos que fornece solu\u00e7\u00f5es de valor agregado para atender \u00e0s exig\u00eancias da nova estrutura econ\u00f4mica global.\",\"breadcrumb\":{\"@id\":\"https:\/\/www.mentormedia.com\/pt-br\/solucoes\/#breadcrumb\"},\"inLanguage\":\"pt-BR\",\"potentialAction\":[{\"@type\":\"ReadAction\",\"target\":[\"https:\/\/www.mentormedia.com\/pt-br\/solucoes\/\"]}]},{\"@type\":\"BreadcrumbList\",\"@id\":\"https:\/\/www.mentormedia.com\/pt-br\/solucoes\/#breadcrumb\",\"itemListElement\":[{\"@type\":\"ListItem\",\"position\":1,\"name\":\"Home\",\"item\":\"https:\/\/www.mentormedia.com\/pt-br\/\"},{\"@type\":\"ListItem\",\"position\":2,\"name\":\"Solu\u00e7\u00f5es\"}]},{\"@type\":\"WebSite\",\"@id\":\"https:\/\/www.mentormedia.com\/#website\",\"url\":\"https:\/\/www.mentormedia.com\/\",\"name\":\"Mentor Media\",\"description\":\"Global Supply Chain Solutions\",\"publisher\":{\"@id\":\"https:\/\/www.mentormedia.com\/#organization\"},\"potentialAction\":[{\"@type\":\"SearchAction\",\"target\":{\"@type\":\"EntryPoint\",\"urlTemplate\":\"https:\/\/www.mentormedia.com\/?s={search_term_string}\"},\"query-input\":{\"@type\":\"PropertyValueSpecification\",\"valueRequired\":true,\"valueName\":\"search_term_string\"}}],\"inLanguage\":\"pt-BR\"},{\"@type\":\"Organization\",\"@id\":\"https:\/\/www.mentormedia.com\/#organization\",\"name\":\"Mentor Media\",\"url\":\"https:\/\/www.mentormedia.com\/\",\"logo\":{\"@type\":\"ImageObject\",\"inLanguage\":\"pt-BR\",\"@id\":\"https:\/\/www.mentormedia.com\/#\/schema\/logo\/image\/\",\"url\":\"https:\/\/www.mentormedia.com\/wp-content\/uploads\/2026\/02\/logo-mentor-media.webp\",\"contentUrl\":\"https:\/\/www.mentormedia.com\/wp-content\/uploads\/2026\/02\/logo-mentor-media.webp\",\"width\":200,\"height\":82,\"caption\":\"Mentor Media\"},\"image\":{\"@id\":\"https:\/\/www.mentormedia.com\/#\/schema\/logo\/image\/\"}}]}<\/script>\n<!-- \/ Yoast SEO plugin. -->","yoast_head_json":{"title":"Solu\u00e7\u00f5es de gerenciamento da cadeia de suprimentos - Mentor Media","description":"A Mentor Media \u00e9 uma fornecedora l\u00edder de cadeia de suprimentos que fornece solu\u00e7\u00f5es de valor agregado para atender \u00e0s exig\u00eancias da nova estrutura econ\u00f4mica global.","robots":{"index":"index","follow":"follow","max-snippet":"max-snippet:-1","max-image-preview":"max-image-preview:large","max-video-preview":"max-video-preview:-1"},"canonical":"https:\/\/www.mentormedia.com\/pt-br\/solucoes\/","og_locale":"pt_BR","og_type":"article","og_title":"Solu\u00e7\u00f5es de gerenciamento da cadeia de suprimentos - Mentor Media","og_description":"A Mentor Media \u00e9 uma fornecedora l\u00edder de cadeia de suprimentos que fornece solu\u00e7\u00f5es de valor agregado para atender \u00e0s exig\u00eancias da nova estrutura econ\u00f4mica global.","og_url":"https:\/\/www.mentormedia.com\/pt-br\/solucoes\/","og_site_name":"Mentor Media","article_modified_time":"2026-02-06T14:06:40+00:00","twitter_card":"summary_large_image","twitter_misc":{"Est. tempo de leitura":"1 minuto"},"schema":{"@context":"https:\/\/schema.org","@graph":[{"@type":"WebPage","@id":"https:\/\/www.mentormedia.com\/pt-br\/solucoes\/","url":"https:\/\/www.mentormedia.com\/pt-br\/solucoes\/","name":"Solu\u00e7\u00f5es de gerenciamento da cadeia de suprimentos - Mentor Media","isPartOf":{"@id":"https:\/\/www.mentormedia.com\/#website"},"datePublished":"2022-11-01T03:53:05+00:00","dateModified":"2026-02-06T14:06:40+00:00","description":"A Mentor Media \u00e9 uma fornecedora l\u00edder de cadeia de suprimentos que fornece solu\u00e7\u00f5es de valor agregado para atender \u00e0s exig\u00eancias da nova estrutura econ\u00f4mica global.","breadcrumb":{"@id":"https:\/\/www.mentormedia.com\/pt-br\/solucoes\/#breadcrumb"},"inLanguage":"pt-BR","potentialAction":[{"@type":"ReadAction","target":["https:\/\/www.mentormedia.com\/pt-br\/solucoes\/"]}]},{"@type":"BreadcrumbList","@id":"https:\/\/www.mentormedia.com\/pt-br\/solucoes\/#breadcrumb","itemListElement":[{"@type":"ListItem","position":1,"name":"Home","item":"https:\/\/www.mentormedia.com\/pt-br\/"},{"@type":"ListItem","position":2,"name":"Solu\u00e7\u00f5es"}]},{"@type":"WebSite","@id":"https:\/\/www.mentormedia.com\/#website","url":"https:\/\/www.mentormedia.com\/","name":"Mentor Media","description":"Global Supply Chain Solutions","publisher":{"@id":"https:\/\/www.mentormedia.com\/#organization"},"potentialAction":[{"@type":"SearchAction","target":{"@type":"EntryPoint","urlTemplate":"https:\/\/www.mentormedia.com\/?s={search_term_string}"},"query-input":{"@type":"PropertyValueSpecification","valueRequired":true,"valueName":"search_term_string"}}],"inLanguage":"pt-BR"},{"@type":"Organization","@id":"https:\/\/www.mentormedia.com\/#organization","name":"Mentor Media","url":"https:\/\/www.mentormedia.com\/","logo":{"@type":"ImageObject","inLanguage":"pt-BR","@id":"https:\/\/www.mentormedia.com\/#\/schema\/logo\/image\/","url":"https:\/\/www.mentormedia.com\/wp-content\/uploads\/2026\/02\/logo-mentor-media.webp","contentUrl":"https:\/\/www.mentormedia.com\/wp-content\/uploads\/2026\/02\/logo-mentor-media.webp","width":200,"height":82,"caption":"Mentor Media"},"image":{"@id":"https:\/\/www.mentormedia.com\/#\/schema\/logo\/image\/"}}]}},"_links":{"self":[{"href":"https:\/\/www.mentormedia.com\/pt-br\/wp-json\/wp\/v2\/pages\/4039","targetHints":{"allow":["GET"]}}],"collection":[{"href":"https:\/\/www.mentormedia.com\/pt-br\/wp-json\/wp\/v2\/pages"}],"about":[{"href":"https:\/\/www.mentormedia.com\/pt-br\/wp-json\/wp\/v2\/types\/page"}],"author":[{"embeddable":true,"href":"https:\/\/www.mentormedia.com\/pt-br\/wp-json\/wp\/v2\/users\/1"}],"replies":[{"embeddable":true,"href":"https:\/\/www.mentormedia.com\/pt-br\/wp-json\/wp\/v2\/comments?post=4039"}],"version-history":[{"count":49,"href":"https:\/\/www.mentormedia.com\/pt-br\/wp-json\/wp\/v2\/pages\/4039\/revisions"}],"predecessor-version":[{"id":11337,"href":"https:\/\/www.mentormedia.com\/pt-br\/wp-json\/wp\/v2\/pages\/4039\/revisions\/11337"}],"wp:attachment":[{"href":"https:\/\/www.mentormedia.com\/pt-br\/wp-json\/wp\/v2\/media?parent=4039"}],"curies":[{"name":"wp","href":"https:\/\/api.w.org\/{rel}","templated":true}]}}