{"id":3955,"date":"2022-10-31T13:25:52","date_gmt":"2022-10-31T05:25:52","guid":{"rendered":"https:\/\/www.mentormedia.com\/sobre-2\/"},"modified":"2026-02-06T21:23:21","modified_gmt":"2026-02-06T13:23:21","slug":"sobre","status":"publish","type":"page","link":"https:\/\/www.mentormedia.com\/pt-br\/sobre\/","title":{"rendered":"Sobre"},"content":{"rendered":"\r\n\t\t<section class=\"titlebild-section titlebild-block-id-69f1973ae5b50 titlebild-block-layout top\">\r\n                <div class=\"full-bild\"> <img fetchpriority=\"high\" decoding=\"sync\" width=\"1920\" height=\"520\" src=\"https:\/\/www.mentormedia.com\/wp-content\/uploads\/2026\/02\/MM-About-1920-520.webp\" class=\"img-fluid\" alt=\"MM About\" srcset=\"https:\/\/www.mentormedia.com\/wp-content\/uploads\/2026\/02\/MM-About-1920-520.webp 1920w, https:\/\/www.mentormedia.com\/wp-content\/uploads\/2026\/02\/MM-About-1920-520-300x81.webp 300w, https:\/\/www.mentormedia.com\/wp-content\/uploads\/2026\/02\/MM-About-1920-520-1024x277.webp 1024w, https:\/\/www.mentormedia.com\/wp-content\/uploads\/2026\/02\/MM-About-1920-520-768x208.webp 768w, https:\/\/www.mentormedia.com\/wp-content\/uploads\/2026\/02\/MM-About-1920-520-1536x416.webp 1536w\" sizes=\"(max-width: 1920px) 100vw, 1920px\" \/><\/div>\r\n                <div class=\"bild-title container\">\r\n                <p class=\"headline wt-h1\"> Sobre a Mentor Media <\/p>\r\n                <\/div>\r\n        <\/section>\r\n\t\n\n\r\n                        <section class=\"textBlock zeropadding\"  >\r\n                            \r\n                                <div class=\"container\">\r\n                                    \r\n                                    <div class=\"row\">                                        \r\n                        <div class=\"col\">\r\n                            <h1 class=\"textBlock-headline mt-5\">DECLARA\u00c7\u00c3O DE MISS\u00c3O<\/h1>\r\n                            <div class=\"divider\"><\/div>\r\n                        <\/div>                                        \r\n                    <\/div>\r\n                                    \r\n                                    <div class=\"row text\">\r\n                                        <div class=\"col\">\r\n                                            <div class=\"textBlock-text col-md-9\">\r\n                                                \n<p class=\"wp-block-wt-text-block\">A miss\u00e3o da Mentor \u00e9 fornecer solu\u00e7\u00f5es inovadoras para a cadeia de suprimentos, adaptadas \u00e0s necessidades dos clientes, investindo em pessoas e tecnologia.<br><br>Nossa Vis\u00e3o \u00e9 ser reconhecido como um provedor de servi\u00e7os de cadeia de suprimentos global inovador, fornecendo solu\u00e7\u00f5es de uma maneira socialmente respons\u00e1vel e recompensando nossos acionistas.<\/p>\n\r\n                                            <\/div>\r\n                                        <\/div>                                        \r\n                                    <\/div>                                                                        \r\n                                <\/div>                                \r\n                        <\/section>\r\n                    \n\n\r\n                        <section class=\"textBlock \"  >\r\n                            \r\n                                <div class=\"container\">\r\n                                    \r\n                                    <div class=\"row\">                                        \r\n                        <div class=\"col\">\r\n                            <h1 class=\"textBlock-headline mt-5\">HIST\u00d3RIA<\/h1>\r\n                            <div class=\"divider\"><\/div>\r\n                        <\/div>                                        \r\n                    <\/div>\r\n                                    \r\n                                    <div class=\"row text\">\r\n                                        <div class=\"col\">\r\n                                            <div class=\"textBlock-text col-md-9\">\r\n                                                \n<p class=\"wp-block-wt-text-block\">Com in\u00edcio em 1984 como uma subsidi\u00e1ria asi\u00e1tica da Mentor Graphics e dedicada \u00e0 automa\u00e7\u00e3o de projetos para fabrica\u00e7\u00e3o de eletr\u00f4nicos, a Mentor Media \u00e9 hoje uma das principais fornecedoras de solu\u00e7\u00f5es de Gest\u00e3o de Cadeia de Suprimentos. Com base em nossa pr\u00f3pria experi\u00eancia com fabrica\u00e7\u00e3o, desenvolvemos uma cadeia de servi\u00e7os abrangentes e de alto valor agregado para ajudar nossos clientes a conceber ideias, desenvolver produtos, construir nomes de marcas e expandir as participa\u00e7\u00f5es de mercado.<br><br>Estar por tr\u00e1s de nossa promessa \u00e9 uma for\u00e7a que inclui profissionais inovadores, comprometidos e vers\u00e1teis, com um compromisso inabal\u00e1vel com opera\u00e7\u00f5es de alta qualidade e altamente focadas no cliente. Somando-se a nossa for\u00e7a est\u00e3o nossas alian\u00e7as estrat\u00e9gicas com fortes parceiros de Log\u00edstica Global, forjando uma cadeia de suprimentos completa que fornece diretamente aos canais e usu\u00e1rios finais, sem atrasos e sem falhas.<br><br>Respondendo rapidamente ao crescimento fenomenal da economia eletr\u00f4nica, tamb\u00e9m fortalecemos nossa infraestrutura de TI, introduzindo recursos poderosos como sistema de atendimento de pedidos via web, Enterprise Resource Planning (ERP), Web Reporting e Live Manufacturing Data Tracking System para melhorar o fluxo de informa\u00e7\u00f5es e gera\u00e7\u00e3o de relat\u00f3rios em tempo real para nossos clientes.<\/p>\n\r\n                                            <\/div>\r\n                                        <\/div>                                        \r\n                                    <\/div>                                                                        \r\n                                <\/div>                                \r\n                        <\/section>\r\n                    \n\n\n<div style=\"height:60px\" aria-hidden=\"true\" class=\"wp-block-spacer\"><\/div>\n\n\n\r\n        <section class=\"timeline\">\r\n        \t<div class=\"container\">\r\n\t\t      \r\n\r\n            <div class=\"row timeline-details\">  \r\n                    <div class=\"time-area col-12 col-lg-3\">\r\n                       <div class=\"year\">\r\n                            <p class=\"wt-hl\">\r\n                               2014  <!-- use $display_year instead of $year -->\r\n                            <\/p>\r\n                        <\/div>\r\n                    <\/div> \r\n                    <div class=\"content-area col-12 col-lg-9\">\r\n                        <p class=\"description wt-t\">A Mentor Media \u00e9 adquirida pelo Elanders Group da Su\u00e9cia.<\/p>\r\n                    <\/div>\r\n            <\/div>\r\n        \r\n\r\n            <div class=\"row timeline-details\">  \r\n                    <div class=\"time-area col-12 col-lg-3\">\r\n                       <div class=\"year\">\r\n                            <p class=\"wt-hl\">\r\n                               2010  <!-- use $display_year instead of $year -->\r\n                            <\/p>\r\n                        <\/div>\r\n                    <\/div> \r\n                    <div class=\"content-area col-12 col-lg-9\">\r\n                        <p class=\"description wt-t\">O site Mentor Media Chongqing \u00e9 criado em 25 de junho de 2009; aumentando sua presen\u00e7a na China.<\/p>\r\n                    <\/div>\r\n            <\/div>\r\n        \r\n\r\n            <div class=\"row timeline-details\">  \r\n                    <div class=\"time-area col-12 col-lg-3\">\r\n                       <div class=\"year\">\r\n                            <p class=\"wt-hl\">\r\n                               2009  <!-- use $display_year instead of $year -->\r\n                            <\/p>\r\n                        <\/div>\r\n                    <\/div> \r\n                    <div class=\"content-area col-12 col-lg-9\">\r\n                        <p class=\"description wt-t\">A Mentor Media abre seu site em Juarez, M\u00e9xico, expandindo sua presen\u00e7a nas Am\u00e9ricas.<\/p>\r\n                    <\/div>\r\n            <\/div>\r\n        \r\n\r\n            <div class=\"row timeline-details\">  \r\n                    <div class=\"time-area col-12 col-lg-3\">\r\n                       <div class=\"year\">\r\n                            <p class=\"wt-hl\">\r\n                               2008  <!-- use $display_year instead of $year -->\r\n                            <\/p>\r\n                        <\/div>\r\n                    <\/div> \r\n                    <div class=\"content-area col-12 col-lg-9\">\r\n                        <p class=\"description wt-t\">O site Mentor Media Ontario na Calif\u00f3rnia se torna \u201cativo\u201d na cobertura da Am\u00e9rica do Norte.<\/p>\r\n                    <\/div>\r\n            <\/div>\r\n        \r\n\r\n            <div class=\"row timeline-details\">  \r\n                    <div class=\"time-area col-12 col-lg-3\">\r\n                       <div class=\"year\">\r\n                            <p class=\"wt-hl\">\r\n                               2006  <!-- use $display_year instead of $year -->\r\n                            <\/p>\r\n                        <\/div>\r\n                    <\/div> \r\n                    <div class=\"content-area col-12 col-lg-9\">\r\n                        <p class=\"description wt-t\">Mudan\u00e7a dos principais acionistas e a empresa se torna privada.<\/p>\r\n                    <\/div>\r\n            <\/div>\r\n        \r\n\r\n            <div class=\"row timeline-details\">  \r\n                    <div class=\"time-area col-12 col-lg-3\">\r\n                       <div class=\"year\">\r\n                            <p class=\"wt-hl\">\r\n                               2005  <!-- use $display_year instead of $year -->\r\n                            <\/p>\r\n                        <\/div>\r\n                    <\/div> \r\n                    <div class=\"content-area col-12 col-lg-9\">\r\n                        <p class=\"description wt-t\">\u00c9 iniciada a opera\u00e7\u00e3o em Suzhou e Yantai (China).<\/p>\r\n                    <\/div>\r\n            <\/div>\r\n        \r\n\r\n            <div class=\"row timeline-details\">  \r\n                    <div class=\"time-area col-12 col-lg-3\">\r\n                       <div class=\"year\">\r\n                            <p class=\"wt-hl\">\r\n                               2004  <!-- use $display_year instead of $year -->\r\n                            <\/p>\r\n                        <\/div>\r\n                    <\/div> \r\n                    <div class=\"content-area col-12 col-lg-9\">\r\n                        <p class=\"description wt-t\">\u00c9 iniciada a opera\u00e7\u00e3o em Songjiang e Kunshan (China).\r\nOpera\u00e7\u00f5es estabelecidas para o Microsoft CRC em Austin (EUA).<\/p>\r\n                    <\/div>\r\n            <\/div>\r\n        \r\n\r\n            <div class=\"row timeline-details\">  \r\n                    <div class=\"time-area col-12 col-lg-3\">\r\n                       <div class=\"year\">\r\n                            <p class=\"wt-hl\">\r\n                               2003  <!-- use $display_year instead of $year -->\r\n                            <\/p>\r\n                        <\/div>\r\n                    <\/div> \r\n                    <div class=\"content-area col-12 col-lg-9\">\r\n                        <p class=\"description wt-t\">\u00c9 iniciada a opera\u00e7\u00e3o em Xiamen (China).<\/p>\r\n                    <\/div>\r\n            <\/div>\r\n        \r\n\r\n            <div class=\"row timeline-details\">  \r\n                    <div class=\"time-area col-12 col-lg-3\">\r\n                       <div class=\"year\">\r\n                            <p class=\"wt-hl\">\r\n                               2002  <!-- use $display_year instead of $year -->\r\n                            <\/p>\r\n                        <\/div>\r\n                    <\/div> \r\n                    <div class=\"content-area col-12 col-lg-9\">\r\n                        <p class=\"description wt-t\">\u00c9 configurado o Microsoft CRC (COA Return Center) em Cingapura e Xangai.<\/p>\r\n                    <\/div>\r\n            <\/div>\r\n        \r\n\r\n            <div class=\"row timeline-details\">  \r\n                    <div class=\"time-area col-12 col-lg-3\">\r\n                       <div class=\"year\">\r\n                            <p class=\"wt-hl\">\r\n                               2001  <!-- use $display_year instead of $year -->\r\n                            <\/p>\r\n                        <\/div>\r\n                    <\/div> \r\n                    <div class=\"content-area col-12 col-lg-9\">\r\n                        <p class=\"description wt-t\">\u00c9 estabelecido o escrit\u00f3rio de representa\u00e7\u00e3o nos EUA.<\/p>\r\n                    <\/div>\r\n            <\/div>\r\n        \r\n\r\n            <div class=\"row timeline-details\">  \r\n                    <div class=\"time-area col-12 col-lg-3\">\r\n                       <div class=\"year\">\r\n                            <p class=\"wt-hl\">\r\n                               2000  <!-- use $display_year instead of $year -->\r\n                            <\/p>\r\n                        <\/div>\r\n                    <\/div> \r\n                    <div class=\"content-area col-12 col-lg-9\">\r\n                        <p class=\"description wt-t\">\u00c9 concedido o status de Microsoft Authorized Replicator.\r\nS\u00e3o iniciadas opera\u00e7\u00f5es em Taiwan, Coreia e Shenzhen (China).<\/p>\r\n                    <\/div>\r\n            <\/div>\r\n        \r\n\r\n            <div class=\"row timeline-details\">  \r\n                    <div class=\"time-area col-12 col-lg-3\">\r\n                       <div class=\"year\">\r\n                            <p class=\"wt-hl\">\r\n                               1999  <!-- use $display_year instead of $year -->\r\n                            <\/p>\r\n                        <\/div>\r\n                    <\/div> \r\n                    <div class=\"content-area col-12 col-lg-9\">\r\n                        <p class=\"description wt-t\">Listado na Bolsa de Valores de Cingapura.\r\n\u00c9 iniciada a opera\u00e7\u00e3o em Xangai (China).<\/p>\r\n                    <\/div>\r\n            <\/div>\r\n        \r\n\r\n            <div class=\"row timeline-details\">  \r\n                    <div class=\"time-area col-12 col-lg-3\">\r\n                       <div class=\"year\">\r\n                            <p class=\"wt-hl\">\r\n                               1998  <!-- use $display_year instead of $year -->\r\n                            <\/p>\r\n                        <\/div>\r\n                    <\/div> \r\n                    <div class=\"content-area col-12 col-lg-9\">\r\n                        <p class=\"description wt-t\">Premiada com o Singapore Enterprise 50 pelo Economic Development Board (36\u00aa posi\u00e7\u00e3o).<\/p>\r\n                    <\/div>\r\n            <\/div>\r\n        \r\n\r\n            <div class=\"row timeline-details\">  \r\n                    <div class=\"time-area col-12 col-lg-3\">\r\n                       <div class=\"year\">\r\n                            <p class=\"wt-hl\">\r\n                               1993  <!-- use $display_year instead of $year -->\r\n                            <\/p>\r\n                        <\/div>\r\n                    <\/div> \r\n                    <div class=\"content-area col-12 col-lg-9\">\r\n                        <p class=\"description wt-t\">Estabelecida como Mentor Media Pte Ltd.<\/p>\r\n                    <\/div>\r\n            <\/div>\r\n        \r\n\r\n            <div class=\"row timeline-details\">  \r\n                    <div class=\"time-area col-12 col-lg-3\">\r\n                       <div class=\"year\">\r\n                            <p class=\"wt-hl\">\r\n                               1984  <!-- use $display_year instead of $year -->\r\n                            <\/p>\r\n                        <\/div>\r\n                    <\/div> \r\n                    <div class=\"content-area col-12 col-lg-9\">\r\n                        <p class=\"description wt-t\">Come\u00e7a como Mentor Graphics Singapore Operations, subsidi\u00e1ria da Mentor Graphics Corporation, Matriz em Oregon, EUA.<\/p>\r\n                    <\/div>\r\n            <\/div>\r\n          \r\n            <link rel=\"stylesheet\" id=\"TimelineBlock-css\" href=\"https:\/\/www.mentormedia.com\/wp-content\/themes\/mentormedia\/css\/blocks\/wt-TimelineBlock.css\" type=\"text\/css\" media=\"all\">\r\n            <\/div> \r\n        <\/section>\n\n\n<div style=\"height:40px\" aria-hidden=\"true\" class=\"wp-block-spacer eplus-wrapper\"><\/div>\n","protected":false},"excerpt":{"rendered":"","protected":false},"author":1,"featured_media":0,"parent":0,"menu_order":0,"comment_status":"closed","ping_status":"closed","template":"","meta":{"footnotes":""},"class_list":["post-3955","page","type-page","status-publish","hentry"],"yoast_head":"<!-- This site is optimized with the Yoast SEO plugin v27.5 - https:\/\/yoast.com\/product\/yoast-seo-wordpress\/ -->\n<title>Sobre - Mentor Media<\/title>\n<meta name=\"description\" content=\"A Mentor Media \u00e9 hoje uma das principais fornecedoras de solu\u00e7\u00f5es de Gest\u00e3o de Cadeia de Suprimentos.\" \/>\n<meta name=\"robots\" content=\"index, follow, max-snippet:-1, max-image-preview:large, max-video-preview:-1\" \/>\n<link rel=\"canonical\" href=\"https:\/\/www.mentormedia.com\/pt-br\/sobre\/\" \/>\n<meta property=\"og:locale\" content=\"pt_BR\" \/>\n<meta property=\"og:type\" content=\"article\" \/>\n<meta property=\"og:title\" content=\"Sobre - Mentor Media\" \/>\n<meta property=\"og:description\" content=\"A Mentor Media \u00e9 hoje uma das principais fornecedoras de solu\u00e7\u00f5es de Gest\u00e3o de Cadeia de Suprimentos.\" \/>\n<meta property=\"og:url\" content=\"https:\/\/www.mentormedia.com\/pt-br\/sobre\/\" \/>\n<meta property=\"og:site_name\" content=\"Mentor Media\" \/>\n<meta property=\"article:modified_time\" content=\"2026-02-06T13:23:21+00:00\" \/>\n<meta name=\"twitter:card\" content=\"summary_large_image\" \/>\n<meta name=\"twitter:label1\" content=\"Est. tempo de leitura\" \/>\n\t<meta name=\"twitter:data1\" content=\"2 minutos\" \/>\n<script type=\"application\/ld+json\" class=\"yoast-schema-graph\">{\"@context\":\"https:\\\/\\\/schema.org\",\"@graph\":[{\"@type\":\"WebPage\",\"@id\":\"https:\\\/\\\/www.mentormedia.com\\\/pt-br\\\/sobre\\\/\",\"url\":\"https:\\\/\\\/www.mentormedia.com\\\/pt-br\\\/sobre\\\/\",\"name\":\"Sobre - Mentor Media\",\"isPartOf\":{\"@id\":\"https:\\\/\\\/www.mentormedia.com\\\/#website\"},\"datePublished\":\"2022-10-31T05:25:52+00:00\",\"dateModified\":\"2026-02-06T13:23:21+00:00\",\"description\":\"A Mentor Media \u00e9 hoje uma das principais fornecedoras de solu\u00e7\u00f5es de Gest\u00e3o de Cadeia de Suprimentos.\",\"breadcrumb\":{\"@id\":\"https:\\\/\\\/www.mentormedia.com\\\/pt-br\\\/sobre\\\/#breadcrumb\"},\"inLanguage\":\"pt-BR\",\"potentialAction\":[{\"@type\":\"ReadAction\",\"target\":[\"https:\\\/\\\/www.mentormedia.com\\\/pt-br\\\/sobre\\\/\"]}]},{\"@type\":\"BreadcrumbList\",\"@id\":\"https:\\\/\\\/www.mentormedia.com\\\/pt-br\\\/sobre\\\/#breadcrumb\",\"itemListElement\":[{\"@type\":\"ListItem\",\"position\":1,\"name\":\"Home\",\"item\":\"https:\\\/\\\/www.mentormedia.com\\\/pt-br\\\/\"},{\"@type\":\"ListItem\",\"position\":2,\"name\":\"Sobre\"}]},{\"@type\":\"WebSite\",\"@id\":\"https:\\\/\\\/www.mentormedia.com\\\/#website\",\"url\":\"https:\\\/\\\/www.mentormedia.com\\\/\",\"name\":\"Mentor Media\",\"description\":\"Global Supply Chain Solutions\",\"publisher\":{\"@id\":\"https:\\\/\\\/www.mentormedia.com\\\/#organization\"},\"potentialAction\":[{\"@type\":\"SearchAction\",\"target\":{\"@type\":\"EntryPoint\",\"urlTemplate\":\"https:\\\/\\\/www.mentormedia.com\\\/?s={search_term_string}\"},\"query-input\":{\"@type\":\"PropertyValueSpecification\",\"valueRequired\":true,\"valueName\":\"search_term_string\"}}],\"inLanguage\":\"pt-BR\"},{\"@type\":\"Organization\",\"@id\":\"https:\\\/\\\/www.mentormedia.com\\\/#organization\",\"name\":\"Mentor Media\",\"url\":\"https:\\\/\\\/www.mentormedia.com\\\/\",\"logo\":{\"@type\":\"ImageObject\",\"inLanguage\":\"pt-BR\",\"@id\":\"https:\\\/\\\/www.mentormedia.com\\\/#\\\/schema\\\/logo\\\/image\\\/\",\"url\":\"https:\\\/\\\/www.mentormedia.com\\\/wp-content\\\/uploads\\\/2026\\\/02\\\/logo-mentor-media.webp\",\"contentUrl\":\"https:\\\/\\\/www.mentormedia.com\\\/wp-content\\\/uploads\\\/2026\\\/02\\\/logo-mentor-media.webp\",\"width\":200,\"height\":82,\"caption\":\"Mentor Media\"},\"image\":{\"@id\":\"https:\\\/\\\/www.mentormedia.com\\\/#\\\/schema\\\/logo\\\/image\\\/\"}}]}<\/script>\n<!-- \/ Yoast SEO plugin. -->","yoast_head_json":{"title":"Sobre - Mentor Media","description":"A Mentor Media \u00e9 hoje uma das principais fornecedoras de solu\u00e7\u00f5es de Gest\u00e3o de Cadeia de Suprimentos.","robots":{"index":"index","follow":"follow","max-snippet":"max-snippet:-1","max-image-preview":"max-image-preview:large","max-video-preview":"max-video-preview:-1"},"canonical":"https:\/\/www.mentormedia.com\/pt-br\/sobre\/","og_locale":"pt_BR","og_type":"article","og_title":"Sobre - Mentor Media","og_description":"A Mentor Media \u00e9 hoje uma das principais fornecedoras de solu\u00e7\u00f5es de Gest\u00e3o de Cadeia de Suprimentos.","og_url":"https:\/\/www.mentormedia.com\/pt-br\/sobre\/","og_site_name":"Mentor Media","article_modified_time":"2026-02-06T13:23:21+00:00","twitter_card":"summary_large_image","twitter_misc":{"Est. tempo de leitura":"2 minutos"},"schema":{"@context":"https:\/\/schema.org","@graph":[{"@type":"WebPage","@id":"https:\/\/www.mentormedia.com\/pt-br\/sobre\/","url":"https:\/\/www.mentormedia.com\/pt-br\/sobre\/","name":"Sobre - Mentor Media","isPartOf":{"@id":"https:\/\/www.mentormedia.com\/#website"},"datePublished":"2022-10-31T05:25:52+00:00","dateModified":"2026-02-06T13:23:21+00:00","description":"A Mentor Media \u00e9 hoje uma das principais fornecedoras de solu\u00e7\u00f5es de Gest\u00e3o de Cadeia de Suprimentos.","breadcrumb":{"@id":"https:\/\/www.mentormedia.com\/pt-br\/sobre\/#breadcrumb"},"inLanguage":"pt-BR","potentialAction":[{"@type":"ReadAction","target":["https:\/\/www.mentormedia.com\/pt-br\/sobre\/"]}]},{"@type":"BreadcrumbList","@id":"https:\/\/www.mentormedia.com\/pt-br\/sobre\/#breadcrumb","itemListElement":[{"@type":"ListItem","position":1,"name":"Home","item":"https:\/\/www.mentormedia.com\/pt-br\/"},{"@type":"ListItem","position":2,"name":"Sobre"}]},{"@type":"WebSite","@id":"https:\/\/www.mentormedia.com\/#website","url":"https:\/\/www.mentormedia.com\/","name":"Mentor Media","description":"Global Supply Chain Solutions","publisher":{"@id":"https:\/\/www.mentormedia.com\/#organization"},"potentialAction":[{"@type":"SearchAction","target":{"@type":"EntryPoint","urlTemplate":"https:\/\/www.mentormedia.com\/?s={search_term_string}"},"query-input":{"@type":"PropertyValueSpecification","valueRequired":true,"valueName":"search_term_string"}}],"inLanguage":"pt-BR"},{"@type":"Organization","@id":"https:\/\/www.mentormedia.com\/#organization","name":"Mentor Media","url":"https:\/\/www.mentormedia.com\/","logo":{"@type":"ImageObject","inLanguage":"pt-BR","@id":"https:\/\/www.mentormedia.com\/#\/schema\/logo\/image\/","url":"https:\/\/www.mentormedia.com\/wp-content\/uploads\/2026\/02\/logo-mentor-media.webp","contentUrl":"https:\/\/www.mentormedia.com\/wp-content\/uploads\/2026\/02\/logo-mentor-media.webp","width":200,"height":82,"caption":"Mentor Media"},"image":{"@id":"https:\/\/www.mentormedia.com\/#\/schema\/logo\/image\/"}}]}},"_links":{"self":[{"href":"https:\/\/www.mentormedia.com\/pt-br\/wp-json\/wp\/v2\/pages\/3955","targetHints":{"allow":["GET"]}}],"collection":[{"href":"https:\/\/www.mentormedia.com\/pt-br\/wp-json\/wp\/v2\/pages"}],"about":[{"href":"https:\/\/www.mentormedia.com\/pt-br\/wp-json\/wp\/v2\/types\/page"}],"author":[{"embeddable":true,"href":"https:\/\/www.mentormedia.com\/pt-br\/wp-json\/wp\/v2\/users\/1"}],"replies":[{"embeddable":true,"href":"https:\/\/www.mentormedia.com\/pt-br\/wp-json\/wp\/v2\/comments?post=3955"}],"version-history":[{"count":36,"href":"https:\/\/www.mentormedia.com\/pt-br\/wp-json\/wp\/v2\/pages\/3955\/revisions"}],"predecessor-version":[{"id":11136,"href":"https:\/\/www.mentormedia.com\/pt-br\/wp-json\/wp\/v2\/pages\/3955\/revisions\/11136"}],"wp:attachment":[{"href":"https:\/\/www.mentormedia.com\/pt-br\/wp-json\/wp\/v2\/media?parent=3955"}],"curies":[{"name":"wp","href":"https:\/\/api.w.org\/{rel}","templated":true}]}}