{"id":3179,"date":"2022-10-29T17:02:14","date_gmt":"2022-10-29T15:02:14","guid":{"rendered":"https:\/\/www.mentormedia.com\/?page_id=3179"},"modified":"2023-05-17T15:24:20","modified_gmt":"2023-05-17T13:24:20","slug":"estudos-de-caso","status":"publish","type":"page","link":"https:\/\/www.mentormedia.com\/pt-br\/estudos-de-caso\/","title":{"rendered":"Estudos de Caso"},"content":{"rendered":"\t\t<div class=\"portfolio-main isotope-init portfolio-full_width_spacing full-width-section full-width-content\" data-frame=\"square\" data-fluid_image=\"true\" data-is_full_width=\"true\">\r\n\t\t<div class=\"portfolio-main-inner \">\r\n\t\t\t<div class=\"filter clearfix\">\r\n\t\t\t\t\t\t\t<h4>ESTUDOS DE CASO<\/h4>\r\n\t\t\t\t\t\t\t\t\t<ul class=\"btns\">\r\n\t\t\t\t\t\t<li><a data-filter=\"*\" class=\"active\" href=\"#\">TODOS<\/a><\/li>\r\n\t\t\t\t\t\t\t\t\t\t\t\t\t<li>\r\n\t\t\t\t\t\t\t\t<a data-filter=\".warehousing-and-distribution-pt-br\" href=\"javascript:void(0)\">Armazenamento e Distribui\u00e7\u00e3o<\/a>\r\n\t\t\t\t\t\t\t<\/li>\r\n\t\t\t\t\t\t\t\t\t\t\t\t\t\t<li>\r\n\t\t\t\t\t\t\t\t<a data-filter=\".healthcare-service-solutions-pt-br\" href=\"javascript:void(0)\">Assist\u00eancia m\u00e9dica<\/a>\r\n\t\t\t\t\t\t\t<\/li>\r\n\t\t\t\t\t\t\t\t\t\t\t\t\t\t<li>\r\n\t\t\t\t\t\t\t\t<a data-filter=\".critical-healthcare-pt-br\" href=\"javascript:void(0)\">Assist\u00eancia m\u00e9dica cr\u00edtica<\/a>\r\n\t\t\t\t\t\t\t<\/li>\r\n\t\t\t\t\t\t\t\t\t\t\t\t\t\t<li>\r\n\t\t\t\t\t\t\t\t<a data-filter=\".healthcare-distribution-centre-pt-br\" href=\"javascript:void(0)\">Centro de distribui\u00e7\u00e3o de assist\u00eancia m\u00e9dica<\/a>\r\n\t\t\t\t\t\t\t<\/li>\r\n\t\t\t\t\t\t\t\t\t\t\t\t\t\t<li>\r\n\t\t\t\t\t\t\t\t<a data-filter=\".returns-management-and-refurbishment-pt-br\" href=\"javascript:void(0)\">Gest\u00e3o de Devolu\u00e7\u00e3o e Renova\u00e7\u00e3o<\/a>\r\n\t\t\t\t\t\t\t<\/li>\r\n\t\t\t\t\t\t\t\t\t\t\t\t\t\t<li>\r\n\t\t\t\t\t\t\t\t<a data-filter=\".hospital-inventory-management-pt-br\" href=\"javascript:void(0)\">Gest\u00e3o de estoque hospitalar<\/a>\r\n\t\t\t\t\t\t\t<\/li>\r\n\t\t\t\t\t\t\t\t\t\t\t\t\t\t<li>\r\n\t\t\t\t\t\t\t\t<a data-filter=\".print-and-packaging-pt-br\" href=\"javascript:void(0)\">Impress\u00e3o e embalagem<\/a>\r\n\t\t\t\t\t\t\t<\/li>\r\n\t\t\t\t\t\t\t\t\t\t\t\t\t\t<li>\r\n\t\t\t\t\t\t\t\t<a data-filter=\".sterile-packaging-cleanroom-pt-br\" href=\"javascript:void(0)\">Limpeza de embalagens esterilizadas<\/a>\r\n\t\t\t\t\t\t\t<\/li>\r\n\t\t\t\t\t\t\t\t\t\t\t\t\t\t<li>\r\n\t\t\t\t\t\t\t\t<a data-filter=\".custom-kitting-pt-br\" href=\"javascript:void(0)\">Montagem personalizada de kits<\/a>\r\n\t\t\t\t\t\t\t<\/li>\r\n\t\t\t\t\t\t\t\t\t\t\t\t\t\t<li>\r\n\t\t\t\t\t\t\t\t<a data-filter=\".belt-road-initiative-bri-and-international-land-sea-trade-corridor-ilstc-pt-br\" href=\"javascript:void(0)\">Nova Rota da Seda e Corredor Internacional de Com\u00e9rcio Terra-Mar<\/a>\r\n\t\t\t\t\t\t\t<\/li>\r\n\t\t\t\t\t\t\t\t\t\t\t\t\t\t<li>\r\n\t\t\t\t\t\t\t\t<a data-filter=\".risk-management-and-business-continuity-plan-pt-br\" href=\"javascript:void(0)\">Plano de gest\u00e3o de riscos e continuidade de neg\u00f3cios<\/a>\r\n\t\t\t\t\t\t\t<\/li>\r\n\t\t\t\t\t\t\t\t\t\t\t\t\t\t<li>\r\n\t\t\t\t\t\t\t\t<a data-filter=\".value-added-services-pt-br\" href=\"javascript:void(0)\">Servi\u00e7os de valor agregado<\/a>\r\n\t\t\t\t\t\t\t<\/li>\r\n\t\t\t\t\t\t\t\t\t\t\t\t\t\t<li>\r\n\t\t\t\t\t\t\t\t<a data-filter=\".supply-chain-management-solutions-pt-br\" href=\"javascript:void(0)\">Solu\u00e7\u00f5es de gerenciamento da cadeia de suprimentos<\/a>\r\n\t\t\t\t\t\t\t<\/li>\r\n\t\t\t\t\t\t\t\t\t\t\t\t\t\t<li>\r\n\t\t\t\t\t\t\t\t<a data-filter=\".e-service-solutions-pt-br\" href=\"javascript:void(0)\">Solu\u00e7\u00f5es de servi\u00e7os eletr\u00f4nicos<\/a>\r\n\t\t\t\t\t\t\t<\/li>\r\n\t\t\t\t\t\t\t\t\t\t\t\t<\/ul>\r\n\t\t\t\t\t\t\t<\/div>\r\n\t\t\t\r\n\t\t\r\n\t\t<div class=\"portfolio-wrapper\">\r\n\t\t\t<div class=\"portfolio-isotope-container\">\r\n\t\t\t\t\t\t\t\t\t<div class=\"isotope-item  healthcare-service-solutions-pt-br sterile-packaging-cleanroom-pt-br\">\r\n\t\t\t\t\t\t<div class=\"portfolio-item\">\r\n\t\t\t\t\t\t\t<div class=\"portfolio-img\"><a href=\"https:\/\/www.mentormedia.com\/pt-br\/case_study\/limpeza-de-embalagens-esterilizadas\/\" style=\"background-image: url(https:\/\/www.mentormedia.com\/wp-content\/uploads\/2026\/02\/MM-CASE-HC-STERILE.webp);\" class=\"custom-shape no_under\"><\/a><\/div>\r\n\t\t\t\t\t\t\t<a class=\"portfolio-info no_under\" href=\"https:\/\/www.mentormedia.com\/pt-br\/case_study\/limpeza-de-embalagens-esterilizadas\/\">\r\n\t\t\t\t\t\t\t\t<div class=\"portfolio-title\"><h6>Limpeza de embalagens esterilizadas<\/h6><\/div>\r\n\t\t\t\t\t\t\t<\/a>\r\n\t\t\t\t\t\t<\/div>\r\n\t\t\t\t\t<\/div>\r\n\t\t\t\t\t\t\t\t\t\t<div class=\"isotope-item  warehousing-and-distribution-pt-br supply-chain-management-solutions-pt-br\">\r\n\t\t\t\t\t\t<div class=\"portfolio-item\">\r\n\t\t\t\t\t\t\t<div class=\"portfolio-img\"><a href=\"https:\/\/www.mentormedia.com\/pt-br\/case_study\/mentor-direct-ship-mds-simplificando-a-cadeia-de-suprimentos\/\" style=\"background-image: url(https:\/\/www.mentormedia.com\/wp-content\/uploads\/2026\/02\/MM-case-Direct-Ship.webp);\" class=\"custom-shape no_under\"><\/a><\/div>\r\n\t\t\t\t\t\t\t<a class=\"portfolio-info no_under\" href=\"https:\/\/www.mentormedia.com\/pt-br\/case_study\/mentor-direct-ship-mds-simplificando-a-cadeia-de-suprimentos\/\">\r\n\t\t\t\t\t\t\t\t<div class=\"portfolio-title\"><h6>Mentor Direct Ship (MDS)<\/h6><\/div>\r\n\t\t\t\t\t\t\t<\/a>\r\n\t\t\t\t\t\t<\/div>\r\n\t\t\t\t\t<\/div>\r\n\t\t\t\t\t\t\t\t\t\t<div class=\"isotope-item  healthcare-service-solutions-pt-br hospital-inventory-management-pt-br\">\r\n\t\t\t\t\t\t<div class=\"portfolio-item\">\r\n\t\t\t\t\t\t\t<div class=\"portfolio-img\"><a href=\"https:\/\/www.mentormedia.com\/pt-br\/case_study\/gestao-de-estoque-hospitalar\/\" style=\"background-image: url(https:\/\/www.mentormedia.com\/wp-content\/uploads\/2026\/02\/MM-CASE-HC-HOSPITAL.webp);\" class=\"custom-shape no_under\"><\/a><\/div>\r\n\t\t\t\t\t\t\t<a class=\"portfolio-info no_under\" href=\"https:\/\/www.mentormedia.com\/pt-br\/case_study\/gestao-de-estoque-hospitalar\/\">\r\n\t\t\t\t\t\t\t\t<div class=\"portfolio-title\"><h6>Gest\u00e3o de estoque hospitalar<\/h6><\/div>\r\n\t\t\t\t\t\t\t<\/a>\r\n\t\t\t\t\t\t<\/div>\r\n\t\t\t\t\t<\/div>\r\n\t\t\t\t\t\t\t\t\t\t<div class=\"isotope-item  healthcare-service-solutions-pt-br healthcare-distribution-centre-pt-br\">\r\n\t\t\t\t\t\t<div class=\"portfolio-item\">\r\n\t\t\t\t\t\t\t<div class=\"portfolio-img\"><a href=\"https:\/\/www.mentormedia.com\/pt-br\/case_study\/centro-de-distribuicao-de-assistencia-medica\/\" style=\"background-image: url(https:\/\/www.mentormedia.com\/wp-content\/uploads\/2026\/02\/MM-CASE-HC-DISTRIBUTIONC.webp);\" class=\"custom-shape no_under\"><\/a><\/div>\r\n\t\t\t\t\t\t\t<a class=\"portfolio-info no_under\" href=\"https:\/\/www.mentormedia.com\/pt-br\/case_study\/centro-de-distribuicao-de-assistencia-medica\/\">\r\n\t\t\t\t\t\t\t\t<div class=\"portfolio-title\"><h6>Centro de distribui\u00e7\u00e3o de assist\u00eancia m\u00e9dica<\/h6><\/div>\r\n\t\t\t\t\t\t\t<\/a>\r\n\t\t\t\t\t\t<\/div>\r\n\t\t\t\t\t<\/div>\r\n\t\t\t\t\t\t\t\t\t\t<div class=\"isotope-item  print-and-packaging-pt-br custom-kitting-pt-br\">\r\n\t\t\t\t\t\t<div class=\"portfolio-item\">\r\n\t\t\t\t\t\t\t<div class=\"portfolio-img\"><a href=\"https:\/\/www.mentormedia.com\/pt-br\/case_study\/montagem-personalizada-de-kits\/\" style=\"background-image: url(https:\/\/www.mentormedia.com\/wp-content\/uploads\/2022\/10\/MM-CASE-PP-CUST-KITT-1.jpeg);\" class=\"custom-shape no_under\"><\/a><\/div>\r\n\t\t\t\t\t\t\t<a class=\"portfolio-info no_under\" href=\"https:\/\/www.mentormedia.com\/pt-br\/case_study\/montagem-personalizada-de-kits\/\">\r\n\t\t\t\t\t\t\t\t<div class=\"portfolio-title\"><h6>Montagem personalizada de kits<\/h6><\/div>\r\n\t\t\t\t\t\t\t<\/a>\r\n\t\t\t\t\t\t<\/div>\r\n\t\t\t\t\t<\/div>\r\n\t\t\t\t\t\t\t\t\t\t<div class=\"isotope-item  healthcare-service-solutions-pt-br critical-healthcare-pt-br\">\r\n\t\t\t\t\t\t<div class=\"portfolio-item\">\r\n\t\t\t\t\t\t\t<div class=\"portfolio-img\"><a href=\"https:\/\/www.mentormedia.com\/pt-br\/case_study\/assistencia-medica-critica\/\" style=\"background-image: url(https:\/\/www.mentormedia.com\/wp-content\/uploads\/2026\/02\/MM-CASE-HC-CRITICAL.webp);\" class=\"custom-shape no_under\"><\/a><\/div>\r\n\t\t\t\t\t\t\t<a class=\"portfolio-info no_under\" href=\"https:\/\/www.mentormedia.com\/pt-br\/case_study\/assistencia-medica-critica\/\">\r\n\t\t\t\t\t\t\t\t<div class=\"portfolio-title\"><h6>Assist\u00eancia m\u00e9dica cr\u00edtica<\/h6><\/div>\r\n\t\t\t\t\t\t\t<\/a>\r\n\t\t\t\t\t\t<\/div>\r\n\t\t\t\t\t<\/div>\r\n\t\t\t\t\t\t\t\t\t\t<div class=\"isotope-item  belt-road-initiative-bri-and-international-land-sea-trade-corridor-ilstc-pt-br value-added-services-pt-br\">\r\n\t\t\t\t\t\t<div class=\"portfolio-item\">\r\n\t\t\t\t\t\t\t<div class=\"portfolio-img\"><a href=\"https:\/\/www.mentormedia.com\/pt-br\/case_study\/nova-rota-da-seda-bri-na-sigla-em-ingles-e-corredor-internacional-de-comercio-terra-mar-ilstc-na-sigla-em-ingles\/\" style=\"background-image: url(https:\/\/www.mentormedia.com\/wp-content\/uploads\/2026\/02\/MM-CASE-VAS-BELT.webp);\" class=\"custom-shape no_under\"><\/a><\/div>\r\n\t\t\t\t\t\t\t<a class=\"portfolio-info no_under\" href=\"https:\/\/www.mentormedia.com\/pt-br\/case_study\/nova-rota-da-seda-bri-na-sigla-em-ingles-e-corredor-internacional-de-comercio-terra-mar-ilstc-na-sigla-em-ingles\/\">\r\n\t\t\t\t\t\t\t\t<div class=\"portfolio-title\"><h6>Nova Rota da Seda (BRI, na sigla em ingl\u00eas) e Corredor Internacional de Com\u00e9rcio Terra-Mar (ILSTC, na sigla em ingl\u00eas)<\/h6><\/div>\r\n\t\t\t\t\t\t\t<\/a>\r\n\t\t\t\t\t\t<\/div>\r\n\t\t\t\t\t<\/div>\r\n\t\t\t\t\t\t\t\t\t\t<div class=\"isotope-item  returns-management-and-refurbishment-pt-br supply-chain-management-solutions-pt-br\">\r\n\t\t\t\t\t\t<div class=\"portfolio-item\">\r\n\t\t\t\t\t\t\t<div class=\"portfolio-img\"><a href=\"https:\/\/www.mentormedia.com\/pt-br\/case_study\/tecnologia-corporativa-b2b\/\" style=\"background-image: url(https:\/\/www.mentormedia.com\/wp-content\/uploads\/2026\/02\/MM-case-b2b.webp);\" class=\"custom-shape no_under\"><\/a><\/div>\r\n\t\t\t\t\t\t\t<a class=\"portfolio-info no_under\" href=\"https:\/\/www.mentormedia.com\/pt-br\/case_study\/tecnologia-corporativa-b2b\/\">\r\n\t\t\t\t\t\t\t\t<div class=\"portfolio-title\"><h6>Tecnologia Corporativa B2B<\/h6><\/div>\r\n\t\t\t\t\t\t\t<\/a>\r\n\t\t\t\t\t\t<\/div>\r\n\t\t\t\t\t<\/div>\r\n\t\t\t\t\t\t\t\t\t\t<div class=\"isotope-item  e-service-solutions-pt-br\">\r\n\t\t\t\t\t\t<div class=\"portfolio-item\">\r\n\t\t\t\t\t\t\t<div class=\"portfolio-img\"><a href=\"https:\/\/www.mentormedia.com\/pt-br\/case_study\/10-oems\/\" style=\"background-image: url(https:\/\/www.mentormedia.com\/wp-content\/uploads\/2026\/02\/MM-case-10oems.webp);\" class=\"custom-shape no_under\"><\/a><\/div>\r\n\t\t\t\t\t\t\t<a class=\"portfolio-info no_under\" href=\"https:\/\/www.mentormedia.com\/pt-br\/case_study\/10-oems\/\">\r\n\t\t\t\t\t\t\t\t<div class=\"portfolio-title\"><h6>10 OEMs<\/h6><\/div>\r\n\t\t\t\t\t\t\t<\/a>\r\n\t\t\t\t\t\t<\/div>\r\n\t\t\t\t\t<\/div>\r\n\t\t\t\t\t\t\t\t\t\t<div class=\"isotope-item  risk-management-and-business-continuity-plan-pt-br value-added-services-pt-br\">\r\n\t\t\t\t\t\t<div class=\"portfolio-item\">\r\n\t\t\t\t\t\t\t<div class=\"portfolio-img\"><a href=\"https:\/\/www.mentormedia.com\/pt-br\/case_study\/plano-de-continuidade-de-negocios-bcp\/\" style=\"background-image: url(https:\/\/www.mentormedia.com\/wp-content\/uploads\/2022\/10\/BCP-case-2-teaser.jpeg);\" class=\"custom-shape no_under\"><\/a><\/div>\r\n\t\t\t\t\t\t\t<a class=\"portfolio-info no_under\" href=\"https:\/\/www.mentormedia.com\/pt-br\/case_study\/plano-de-continuidade-de-negocios-bcp\/\">\r\n\t\t\t\t\t\t\t\t<div class=\"portfolio-title\"><h6>Plano de continuidade de negocios (BCP)<\/h6><\/div>\r\n\t\t\t\t\t\t\t<\/a>\r\n\t\t\t\t\t\t<\/div>\r\n\t\t\t\t\t<\/div>\r\n\t\t\t\t\t\t\t\t<\/div>\r\n\t\t<\/div>\r\n\t<\/div>\r\n\t<\/div>\r\n\t\t","protected":false},"excerpt":{"rendered":"","protected":false},"author":1,"featured_media":0,"parent":0,"menu_order":0,"comment_status":"closed","ping_status":"closed","template":"","meta":{"footnotes":""},"class_list":["post-3179","page","type-page","status-publish","hentry"],"yoast_head":"<!-- This site is optimized with the Yoast SEO plugin v27.5 - https:\/\/yoast.com\/product\/yoast-seo-wordpress\/ -->\n<title>Estudos de Caso - Mentor Media<\/title>\n<meta name=\"robots\" content=\"index, follow, max-snippet:-1, max-image-preview:large, max-video-preview:-1\" \/>\n<link rel=\"canonical\" href=\"https:\/\/www.mentormedia.com\/case-studies\/\" \/>\n<meta property=\"og:locale\" content=\"pt_BR\" \/>\n<meta property=\"og:type\" content=\"article\" \/>\n<meta property=\"og:title\" content=\"Estudos de Caso - Mentor Media\" \/>\n<meta property=\"og:url\" content=\"https:\/\/www.mentormedia.com\/case-studies\/\" \/>\n<meta property=\"og:site_name\" content=\"Mentor Media\" \/>\n<meta property=\"article:modified_time\" content=\"2023-05-17T13:24:20+00:00\" \/>\n<meta name=\"twitter:card\" content=\"summary_large_image\" \/>\n<script type=\"application\/ld+json\" class=\"yoast-schema-graph\">{\"@context\":\"https:\\\/\\\/schema.org\",\"@graph\":[{\"@type\":\"WebPage\",\"@id\":\"https:\\\/\\\/www.mentormedia.com\\\/case-studies\\\/\",\"url\":\"https:\\\/\\\/www.mentormedia.com\\\/case-studies\\\/\",\"name\":\"Estudos de Caso - Mentor Media\",\"isPartOf\":{\"@id\":\"https:\\\/\\\/www.mentormedia.com\\\/#website\"},\"datePublished\":\"2022-10-29T15:02:14+00:00\",\"dateModified\":\"2023-05-17T13:24:20+00:00\",\"breadcrumb\":{\"@id\":\"https:\\\/\\\/www.mentormedia.com\\\/case-studies\\\/#breadcrumb\"},\"inLanguage\":\"pt-BR\",\"potentialAction\":[{\"@type\":\"ReadAction\",\"target\":[\"https:\\\/\\\/www.mentormedia.com\\\/case-studies\\\/\"]}]},{\"@type\":\"BreadcrumbList\",\"@id\":\"https:\\\/\\\/www.mentormedia.com\\\/case-studies\\\/#breadcrumb\",\"itemListElement\":[{\"@type\":\"ListItem\",\"position\":1,\"name\":\"Home\",\"item\":\"https:\\\/\\\/www.mentormedia.com\\\/pt-br\\\/\"},{\"@type\":\"ListItem\",\"position\":2,\"name\":\"Estudos de Caso\"}]},{\"@type\":\"WebSite\",\"@id\":\"https:\\\/\\\/www.mentormedia.com\\\/#website\",\"url\":\"https:\\\/\\\/www.mentormedia.com\\\/\",\"name\":\"Mentor Media\",\"description\":\"Global Supply Chain Solutions\",\"publisher\":{\"@id\":\"https:\\\/\\\/www.mentormedia.com\\\/#organization\"},\"potentialAction\":[{\"@type\":\"SearchAction\",\"target\":{\"@type\":\"EntryPoint\",\"urlTemplate\":\"https:\\\/\\\/www.mentormedia.com\\\/?s={search_term_string}\"},\"query-input\":{\"@type\":\"PropertyValueSpecification\",\"valueRequired\":true,\"valueName\":\"search_term_string\"}}],\"inLanguage\":\"pt-BR\"},{\"@type\":\"Organization\",\"@id\":\"https:\\\/\\\/www.mentormedia.com\\\/#organization\",\"name\":\"Mentor Media\",\"url\":\"https:\\\/\\\/www.mentormedia.com\\\/\",\"logo\":{\"@type\":\"ImageObject\",\"inLanguage\":\"pt-BR\",\"@id\":\"https:\\\/\\\/www.mentormedia.com\\\/#\\\/schema\\\/logo\\\/image\\\/\",\"url\":\"https:\\\/\\\/www.mentormedia.com\\\/wp-content\\\/uploads\\\/2026\\\/02\\\/logo-mentor-media.webp\",\"contentUrl\":\"https:\\\/\\\/www.mentormedia.com\\\/wp-content\\\/uploads\\\/2026\\\/02\\\/logo-mentor-media.webp\",\"width\":200,\"height\":82,\"caption\":\"Mentor Media\"},\"image\":{\"@id\":\"https:\\\/\\\/www.mentormedia.com\\\/#\\\/schema\\\/logo\\\/image\\\/\"}}]}<\/script>\n<!-- \/ Yoast SEO plugin. -->","yoast_head_json":{"title":"Estudos de Caso - Mentor Media","robots":{"index":"index","follow":"follow","max-snippet":"max-snippet:-1","max-image-preview":"max-image-preview:large","max-video-preview":"max-video-preview:-1"},"canonical":"https:\/\/www.mentormedia.com\/case-studies\/","og_locale":"pt_BR","og_type":"article","og_title":"Estudos de Caso - Mentor Media","og_url":"https:\/\/www.mentormedia.com\/case-studies\/","og_site_name":"Mentor Media","article_modified_time":"2023-05-17T13:24:20+00:00","twitter_card":"summary_large_image","schema":{"@context":"https:\/\/schema.org","@graph":[{"@type":"WebPage","@id":"https:\/\/www.mentormedia.com\/case-studies\/","url":"https:\/\/www.mentormedia.com\/case-studies\/","name":"Estudos de Caso - Mentor Media","isPartOf":{"@id":"https:\/\/www.mentormedia.com\/#website"},"datePublished":"2022-10-29T15:02:14+00:00","dateModified":"2023-05-17T13:24:20+00:00","breadcrumb":{"@id":"https:\/\/www.mentormedia.com\/case-studies\/#breadcrumb"},"inLanguage":"pt-BR","potentialAction":[{"@type":"ReadAction","target":["https:\/\/www.mentormedia.com\/case-studies\/"]}]},{"@type":"BreadcrumbList","@id":"https:\/\/www.mentormedia.com\/case-studies\/#breadcrumb","itemListElement":[{"@type":"ListItem","position":1,"name":"Home","item":"https:\/\/www.mentormedia.com\/pt-br\/"},{"@type":"ListItem","position":2,"name":"Estudos de Caso"}]},{"@type":"WebSite","@id":"https:\/\/www.mentormedia.com\/#website","url":"https:\/\/www.mentormedia.com\/","name":"Mentor Media","description":"Global Supply Chain Solutions","publisher":{"@id":"https:\/\/www.mentormedia.com\/#organization"},"potentialAction":[{"@type":"SearchAction","target":{"@type":"EntryPoint","urlTemplate":"https:\/\/www.mentormedia.com\/?s={search_term_string}"},"query-input":{"@type":"PropertyValueSpecification","valueRequired":true,"valueName":"search_term_string"}}],"inLanguage":"pt-BR"},{"@type":"Organization","@id":"https:\/\/www.mentormedia.com\/#organization","name":"Mentor Media","url":"https:\/\/www.mentormedia.com\/","logo":{"@type":"ImageObject","inLanguage":"pt-BR","@id":"https:\/\/www.mentormedia.com\/#\/schema\/logo\/image\/","url":"https:\/\/www.mentormedia.com\/wp-content\/uploads\/2026\/02\/logo-mentor-media.webp","contentUrl":"https:\/\/www.mentormedia.com\/wp-content\/uploads\/2026\/02\/logo-mentor-media.webp","width":200,"height":82,"caption":"Mentor Media"},"image":{"@id":"https:\/\/www.mentormedia.com\/#\/schema\/logo\/image\/"}}]}},"_links":{"self":[{"href":"https:\/\/www.mentormedia.com\/pt-br\/wp-json\/wp\/v2\/pages\/3179","targetHints":{"allow":["GET"]}}],"collection":[{"href":"https:\/\/www.mentormedia.com\/pt-br\/wp-json\/wp\/v2\/pages"}],"about":[{"href":"https:\/\/www.mentormedia.com\/pt-br\/wp-json\/wp\/v2\/types\/page"}],"author":[{"embeddable":true,"href":"https:\/\/www.mentormedia.com\/pt-br\/wp-json\/wp\/v2\/users\/1"}],"replies":[{"embeddable":true,"href":"https:\/\/www.mentormedia.com\/pt-br\/wp-json\/wp\/v2\/comments?post=3179"}],"version-history":[{"count":4,"href":"https:\/\/www.mentormedia.com\/pt-br\/wp-json\/wp\/v2\/pages\/3179\/revisions"}],"predecessor-version":[{"id":7526,"href":"https:\/\/www.mentormedia.com\/pt-br\/wp-json\/wp\/v2\/pages\/3179\/revisions\/7526"}],"wp:attachment":[{"href":"https:\/\/www.mentormedia.com\/pt-br\/wp-json\/wp\/v2\/media?parent=3179"}],"curies":[{"name":"wp","href":"https:\/\/api.w.org\/{rel}","templated":true}]}}