{"id":5983,"date":"2023-01-10T15:06:33","date_gmt":"2023-01-10T07:06:33","guid":{"rendered":"https:\/\/www.mentormedia.com\/lokality-kontakty-2\/evropa\/"},"modified":"2025-12-11T19:11:30","modified_gmt":"2025-12-11T11:11:30","slug":"evropa","status":"publish","type":"page","link":"https:\/\/www.mentormedia.com\/cs\/lokality-kontakty\/evropa\/","title":{"rendered":"Evropa"},"content":{"rendered":"\r\n\t\t<section class=\"titlebild-section titlebild-block-id-69efb7b36393f titlebild-block-layout contact\">\r\n                <div class=\"full-bild\"> <img fetchpriority=\"high\" decoding=\"sync\" width=\"1920\" height=\"520\" src=\"https:\/\/www.mentormedia.com\/wp-content\/uploads\/2024\/02\/contact.jpeg\" class=\"img-fluid\" alt=\"Contact\" srcset=\"https:\/\/www.mentormedia.com\/wp-content\/uploads\/2024\/02\/contact.jpeg 1920w, https:\/\/www.mentormedia.com\/wp-content\/uploads\/2024\/02\/contact-300x81.jpeg 300w, https:\/\/www.mentormedia.com\/wp-content\/uploads\/2024\/02\/contact-1024x277.jpeg 1024w, https:\/\/www.mentormedia.com\/wp-content\/uploads\/2024\/02\/contact-768x208.jpeg 768w, https:\/\/www.mentormedia.com\/wp-content\/uploads\/2024\/02\/contact-1536x416.jpeg 1536w\" sizes=\"(max-width: 1920px) 100vw, 1920px\" \/><\/div>\r\n                <div class=\"bild-title container\">\r\n                <p class=\"headline wt-h1\"> KONTAKTY SPOLE\u010cNOSTI MENTOR MEDIA  <\/p>\r\n                <\/div>\r\n        <\/section>\r\n\t\n\n\n<div style=\"height:50px\" aria-hidden=\"true\" class=\"wp-block-spacer eplus-wrapper\"><\/div>\n\n\n\n<div class=\"wp-block-columns justify-content-center edplus_anim-EPfqYo eplus-wrapper is-layout-flex wp-container-core-columns-is-layout-9d6595d7 wp-block-columns-is-layout-flex\">\n<div class=\"wp-block-column eplus-wrapper is-layout-flow wp-block-column-is-layout-flow\" style=\"flex-basis:650px\">\n<div class=\"wp-block-columns eplus-wrapper is-layout-flex wp-container-core-columns-is-layout-9d6595d7 wp-block-columns-is-layout-flex\">\n<div class=\"wp-block-column eplus-wrapper is-layout-flow wp-block-column-is-layout-flow\" style=\"flex-basis:100%\">\n<div class=\"wp-block-buttons eplus-wrapper is-content-justification-center is-nowrap is-layout-flex wp-container-core-buttons-is-layout-1fb9aab6 wp-block-buttons-is-layout-flex\">\n<div class=\"wp-block-button has-custom-width wp-block-button__width-50 is-style-outline mm-button eplus-wrapper is-style-outline--1\"><a class=\"wp-block-button__link has-white-background-color has-text-color has-background has-custom-font-size wp-element-button\" href=\"https:\/\/www.mentormedia.com\/cs\/odeslat-kontakt\/\" style=\"color:#333333;font-size:14px;font-style:normal;font-weight:500\">ODESLAT KONTAKT<\/a><\/div>\n\n\n\n<div class=\"wp-block-button has-custom-width wp-block-button__width-50 mm-button is-style-fill eplus-wrapper\"><a class=\"wp-block-button__link has-white-color has-text-color has-background has-custom-font-size wp-element-button\" href=\"https:\/\/www.mentormedia.com\/cs\/lokality-kontakty\/\" style=\"background-color:#0093bd;font-size:14px;font-style:normal;font-weight:500\">VYHLEDEJTE N\u00c1S<\/a><\/div>\n<\/div>\n<\/div>\n<\/div>\n<\/div>\n<\/div>\n\n\n\n<div class=\"wp-block-columns contact-tab-wrapper has-background is-layout-flex wp-container-core-columns-is-layout-9d6595d7 wp-block-columns-is-layout-flex\" style=\"background-color:#f0f0f0\">\n<div class=\"wp-block-column eplus-wrapper is-layout-flow wp-block-column-is-layout-flow\" style=\"flex-basis:650px\">\n<div class=\"wp-block-columns eplus-wrapper is-layout-flex wp-container-core-columns-is-layout-9d6595d7 wp-block-columns-is-layout-flex\">\n<div class=\"wp-block-column contact-desktop-buttons is-layout-flow wp-block-column-is-layout-flow\" style=\"flex-basis:100%\">\n<div class=\"wp-block-buttons eplus-wrapper is-content-justification-center is-nowrap is-layout-flex wp-container-core-buttons-is-layout-1fb9aab6 wp-block-buttons-is-layout-flex\">\n<div class=\"wp-block-button has-custom-width wp-block-button__width-50 is-style-outline mm-button eplus-wrapper is-style-outline--2\"><a class=\"wp-block-button__link has-text-color has-background has-custom-font-size wp-element-button\" href=\"https:\/\/www.mentormedia.com\/cs\/lokality-kontakty\/\" style=\"color:#333333;background-color:#f0f0f0;font-size:14px;font-style:normal;font-weight:500\">\u00daST\u0158ED\u00cd<\/a><\/div>\n\n\n\n<div class=\"wp-block-button has-custom-width wp-block-button__width-50 is-style-outline mm-button eplus-wrapper is-style-outline--3\"><a class=\"wp-block-button__link has-text-color has-background has-custom-font-size wp-element-button\" href=\"https:\/\/www.mentormedia.com\/cs\/lokality-kontakty\/asie\/\" style=\"color:#333333;background-color:#f0f0f0;font-size:14px;font-style:normal;font-weight:500\">ASIE<\/a><\/div>\n\n\n\n<div class=\"wp-block-button has-custom-width wp-block-button__width-50 is-style-outline mm-button eplus-wrapper is-style-outline--4\"><a class=\"wp-block-button__link has-text-color has-background has-custom-font-size wp-element-button\" href=\"https:\/\/www.mentormedia.com\/cs\/lokality-kontakty\/severni-a-jizni-amerika\/\" style=\"color:#333333;background-color:#f0f0f0;font-size:14px;font-style:normal;font-weight:500\">AMERIKA<\/a><\/div>\n\n\n\n<div class=\"wp-block-button has-custom-width wp-block-button__width-50 mm-button is-style-fill eplus-wrapper\"><a class=\"wp-block-button__link has-white-color has-text-color has-background has-custom-font-size wp-element-button\" href=\"https:\/\/www.mentormedia.com\/cs\/lokality-kontakty\/evropa\/\" style=\"background-color:#0093bd;font-size:14px;font-style:normal;font-weight:500\">EVROPA<\/a><\/div>\n<\/div>\n<\/div>\n<\/div>\n\n\n\n<div class=\"wp-block-columns eplus-wrapper is-layout-flex wp-container-core-columns-is-layout-9d6595d7 wp-block-columns-is-layout-flex\">\n<div class=\"wp-block-column contact-mobile-buttons is-layout-flow wp-block-column-is-layout-flow\" style=\"flex-basis:100%\">\n<div class=\"wp-block-buttons eplus-wrapper is-content-justification-center is-nowrap is-layout-flex wp-container-core-buttons-is-layout-1fb9aab6 wp-block-buttons-is-layout-flex\">\n<div class=\"wp-block-button has-custom-width wp-block-button__width-100 is-style-outline mm-button eplus-wrapper is-style-outline--5\"><a class=\"wp-block-button__link has-text-color has-background has-custom-font-size wp-element-button\" href=\"https:\/\/www.mentormedia.com\/cs\/lokality-kontakty\/\" style=\"color:#333333;background-color:#f0f0f0;font-size:14px;font-style:normal;font-weight:500\">\u00daST\u0158ED\u00cd<\/a><\/div>\n<\/div>\n\n\n\n<hr class=\"wp-block-separator has-text-color has-alpha-channel-opacity has-background is-style-wide eplus-wrapper\" style=\"background-color:#f3f3f3;color:#f3f3f3\"\/>\n\n\n\n<div class=\"wp-block-buttons eplus-wrapper is-content-justification-center is-nowrap is-layout-flex wp-container-core-buttons-is-layout-1fb9aab6 wp-block-buttons-is-layout-flex\">\n<div class=\"wp-block-button has-custom-width wp-block-button__width-100 is-style-outline mm-button eplus-wrapper is-style-outline--6\"><a class=\"wp-block-button__link has-text-color has-background has-custom-font-size wp-element-button\" href=\"https:\/\/www.mentormedia.com\/cs\/lokality-kontakty\/asie\/\" style=\"color:#333333;background-color:#f0f0f0;font-size:14px;font-style:normal;font-weight:500\">ASIE<\/a><\/div>\n<\/div>\n\n\n\n<hr class=\"wp-block-separator has-text-color has-alpha-channel-opacity has-background is-style-wide eplus-wrapper\" style=\"background-color:#f3f3f3;color:#f3f3f3\"\/>\n\n\n\n<div class=\"wp-block-buttons eplus-wrapper is-content-justification-center is-nowrap is-layout-flex wp-container-core-buttons-is-layout-1fb9aab6 wp-block-buttons-is-layout-flex\">\n<div class=\"wp-block-button has-custom-width wp-block-button__width-100 is-style-outline mm-button eplus-wrapper is-style-outline--7\"><a class=\"wp-block-button__link has-text-color has-background has-custom-font-size wp-element-button\" href=\"https:\/\/www.mentormedia.com\/cs\/lokality-kontakty\/severni-a-jizni-amerika\/\" style=\"color:#333333;background-color:#f0f0f0;font-size:14px;font-style:normal;font-weight:500\">AMERIKA<\/a><\/div>\n<\/div>\n\n\n\n<hr class=\"wp-block-separator has-text-color has-alpha-channel-opacity has-background is-style-wide eplus-wrapper\" style=\"background-color:#f3f3f3;color:#f3f3f3\"\/>\n\n\n\n<div class=\"wp-block-buttons eplus-wrapper is-content-justification-center is-nowrap is-layout-flex wp-container-core-buttons-is-layout-1fb9aab6 wp-block-buttons-is-layout-flex\">\n<div class=\"wp-block-button has-custom-width wp-block-button__width-100 mm-button is-style-fill eplus-wrapper\"><a class=\"wp-block-button__link has-white-color has-text-color has-background has-custom-font-size wp-element-button\" href=\"https:\/\/www.mentormedia.com\/cs\/lokality-kontakty\/evropa\/\" style=\"background-color:#0093bd;font-size:14px;font-style:normal;font-weight:500\">EVROPA<\/a><\/div>\n<\/div>\n<\/div>\n<\/div>\n\n\n\n<p class=\"eplus-wrapper has-text-color\" style=\"color:#333333;font-style:normal;font-weight:600\">Mentor Media Czech s.r.o.<strong><br><\/strong>Vlastimila Pecha 1302\/2<br>Brno, 627 00<br>\u010cesk\u00e1 republika<br>E-mail: <a href=\"mailto:EMEASales@mentormedia.com\">EMEASales@mentormedia.com<\/a><br>Tel: +420 515 577 401<\/p>\n\n\n\n<div class=\"contactMap\"><iframe loading=\"lazy\" class=\"map\" style=\"margin-top:25px;\" src=\"https:\/\/www.google.com\/maps\/d\/u\/0\/embed?mid=zRHRZ_NNvdqo.ktr3YHSffYi4&amp;ll=49.194426,16.6355487&amp;z=11\" width=\"640\" height=\"480\" frameborder=\"0\"><\/iframe><\/div>\n<\/div>\n<\/div>\n","protected":false},"excerpt":{"rendered":"<p>Mentor Media Czech s.r.o.Vlastimila Pecha 1302\/2Brno, 627 00\u010cesk\u00e1 republikaE-mail: EMEASales@mentormedia.comTel: +420 515 577 401<\/p>\n","protected":false},"author":1,"featured_media":0,"parent":5959,"menu_order":0,"comment_status":"closed","ping_status":"closed","template":"","meta":{"footnotes":""},"class_list":["post-5983","page","type-page","status-publish","hentry"],"yoast_head":"<!-- This site is optimized with the Yoast SEO plugin v27.1.1 - https:\/\/yoast.com\/product\/yoast-seo-wordpress\/ -->\n<title>Evropa - Mentor Media<\/title>\n<meta name=\"robots\" content=\"index, follow, max-snippet:-1, max-image-preview:large, max-video-preview:-1\" \/>\n<link rel=\"canonical\" href=\"https:\/\/www.mentormedia.com\/cs\/lokality-kontakty\/evropa\/\" \/>\n<meta property=\"og:locale\" content=\"cs_CZ\" \/>\n<meta property=\"og:type\" content=\"article\" \/>\n<meta property=\"og:title\" content=\"Evropa - Mentor Media\" \/>\n<meta property=\"og:description\" content=\"Mentor Media Czech s.r.o.Vlastimila Pecha 1302\/2Brno, 627 00\u010cesk\u00e1 republikaE-mail: EMEASales@mentormedia.comTel: +420 515 577 401\" \/>\n<meta property=\"og:url\" content=\"https:\/\/www.mentormedia.com\/cs\/lokality-kontakty\/evropa\/\" \/>\n<meta property=\"og:site_name\" content=\"Mentor Media\" \/>\n<meta property=\"article:modified_time\" content=\"2025-12-11T11:11:30+00:00\" \/>\n<meta name=\"twitter:card\" content=\"summary_large_image\" \/>\n<meta name=\"twitter:label1\" content=\"Odhadovan\u00e1 doba \u010dten\u00ed\" \/>\n\t<meta name=\"twitter:data1\" content=\"1 minuta\" \/>\n<script type=\"application\/ld+json\" class=\"yoast-schema-graph\">{\"@context\":\"https:\/\/schema.org\",\"@graph\":[{\"@type\":\"WebPage\",\"@id\":\"https:\/\/www.mentormedia.com\/cs\/lokality-kontakty\/evropa\/\",\"url\":\"https:\/\/www.mentormedia.com\/cs\/lokality-kontakty\/evropa\/\",\"name\":\"Evropa - Mentor Media\",\"isPartOf\":{\"@id\":\"https:\/\/www.mentormedia.com\/#website\"},\"datePublished\":\"2023-01-10T07:06:33+00:00\",\"dateModified\":\"2025-12-11T11:11:30+00:00\",\"breadcrumb\":{\"@id\":\"https:\/\/www.mentormedia.com\/cs\/lokality-kontakty\/evropa\/#breadcrumb\"},\"inLanguage\":\"cs\",\"potentialAction\":[{\"@type\":\"ReadAction\",\"target\":[\"https:\/\/www.mentormedia.com\/cs\/lokality-kontakty\/evropa\/\"]}]},{\"@type\":\"BreadcrumbList\",\"@id\":\"https:\/\/www.mentormedia.com\/cs\/lokality-kontakty\/evropa\/#breadcrumb\",\"itemListElement\":[{\"@type\":\"ListItem\",\"position\":1,\"name\":\"Home\",\"item\":\"https:\/\/www.mentormedia.com\/cs\/\"},{\"@type\":\"ListItem\",\"position\":2,\"name\":\"Lokality\/kontakty\",\"item\":\"https:\/\/www.mentormedia.com\/cs\/lokality-kontakty\/\"},{\"@type\":\"ListItem\",\"position\":3,\"name\":\"Evropa\"}]},{\"@type\":\"WebSite\",\"@id\":\"https:\/\/www.mentormedia.com\/#website\",\"url\":\"https:\/\/www.mentormedia.com\/\",\"name\":\"Mentor Media\",\"description\":\"Global Supply Chain Solutions\",\"publisher\":{\"@id\":\"https:\/\/www.mentormedia.com\/#organization\"},\"potentialAction\":[{\"@type\":\"SearchAction\",\"target\":{\"@type\":\"EntryPoint\",\"urlTemplate\":\"https:\/\/www.mentormedia.com\/?s={search_term_string}\"},\"query-input\":{\"@type\":\"PropertyValueSpecification\",\"valueRequired\":true,\"valueName\":\"search_term_string\"}}],\"inLanguage\":\"cs\"},{\"@type\":\"Organization\",\"@id\":\"https:\/\/www.mentormedia.com\/#organization\",\"name\":\"Mentor Media\",\"url\":\"https:\/\/www.mentormedia.com\/\",\"logo\":{\"@type\":\"ImageObject\",\"inLanguage\":\"cs\",\"@id\":\"https:\/\/www.mentormedia.com\/#\/schema\/logo\/image\/\",\"url\":\"https:\/\/www.mentormedia.com\/wp-content\/uploads\/2026\/02\/logo-mentor-media.webp\",\"contentUrl\":\"https:\/\/www.mentormedia.com\/wp-content\/uploads\/2026\/02\/logo-mentor-media.webp\",\"width\":200,\"height\":82,\"caption\":\"Mentor Media\"},\"image\":{\"@id\":\"https:\/\/www.mentormedia.com\/#\/schema\/logo\/image\/\"}}]}<\/script>\n<!-- \/ Yoast SEO plugin. -->","yoast_head_json":{"title":"Evropa - Mentor Media","robots":{"index":"index","follow":"follow","max-snippet":"max-snippet:-1","max-image-preview":"max-image-preview:large","max-video-preview":"max-video-preview:-1"},"canonical":"https:\/\/www.mentormedia.com\/cs\/lokality-kontakty\/evropa\/","og_locale":"cs_CZ","og_type":"article","og_title":"Evropa - Mentor Media","og_description":"Mentor Media Czech s.r.o.Vlastimila Pecha 1302\/2Brno, 627 00\u010cesk\u00e1 republikaE-mail: EMEASales@mentormedia.comTel: +420 515 577 401","og_url":"https:\/\/www.mentormedia.com\/cs\/lokality-kontakty\/evropa\/","og_site_name":"Mentor Media","article_modified_time":"2025-12-11T11:11:30+00:00","twitter_card":"summary_large_image","twitter_misc":{"Odhadovan\u00e1 doba \u010dten\u00ed":"1 minuta"},"schema":{"@context":"https:\/\/schema.org","@graph":[{"@type":"WebPage","@id":"https:\/\/www.mentormedia.com\/cs\/lokality-kontakty\/evropa\/","url":"https:\/\/www.mentormedia.com\/cs\/lokality-kontakty\/evropa\/","name":"Evropa - Mentor Media","isPartOf":{"@id":"https:\/\/www.mentormedia.com\/#website"},"datePublished":"2023-01-10T07:06:33+00:00","dateModified":"2025-12-11T11:11:30+00:00","breadcrumb":{"@id":"https:\/\/www.mentormedia.com\/cs\/lokality-kontakty\/evropa\/#breadcrumb"},"inLanguage":"cs","potentialAction":[{"@type":"ReadAction","target":["https:\/\/www.mentormedia.com\/cs\/lokality-kontakty\/evropa\/"]}]},{"@type":"BreadcrumbList","@id":"https:\/\/www.mentormedia.com\/cs\/lokality-kontakty\/evropa\/#breadcrumb","itemListElement":[{"@type":"ListItem","position":1,"name":"Home","item":"https:\/\/www.mentormedia.com\/cs\/"},{"@type":"ListItem","position":2,"name":"Lokality\/kontakty","item":"https:\/\/www.mentormedia.com\/cs\/lokality-kontakty\/"},{"@type":"ListItem","position":3,"name":"Evropa"}]},{"@type":"WebSite","@id":"https:\/\/www.mentormedia.com\/#website","url":"https:\/\/www.mentormedia.com\/","name":"Mentor Media","description":"Global Supply Chain Solutions","publisher":{"@id":"https:\/\/www.mentormedia.com\/#organization"},"potentialAction":[{"@type":"SearchAction","target":{"@type":"EntryPoint","urlTemplate":"https:\/\/www.mentormedia.com\/?s={search_term_string}"},"query-input":{"@type":"PropertyValueSpecification","valueRequired":true,"valueName":"search_term_string"}}],"inLanguage":"cs"},{"@type":"Organization","@id":"https:\/\/www.mentormedia.com\/#organization","name":"Mentor Media","url":"https:\/\/www.mentormedia.com\/","logo":{"@type":"ImageObject","inLanguage":"cs","@id":"https:\/\/www.mentormedia.com\/#\/schema\/logo\/image\/","url":"https:\/\/www.mentormedia.com\/wp-content\/uploads\/2026\/02\/logo-mentor-media.webp","contentUrl":"https:\/\/www.mentormedia.com\/wp-content\/uploads\/2026\/02\/logo-mentor-media.webp","width":200,"height":82,"caption":"Mentor Media"},"image":{"@id":"https:\/\/www.mentormedia.com\/#\/schema\/logo\/image\/"}}]}},"_links":{"self":[{"href":"https:\/\/www.mentormedia.com\/cs\/wp-json\/wp\/v2\/pages\/5983","targetHints":{"allow":["GET"]}}],"collection":[{"href":"https:\/\/www.mentormedia.com\/cs\/wp-json\/wp\/v2\/pages"}],"about":[{"href":"https:\/\/www.mentormedia.com\/cs\/wp-json\/wp\/v2\/types\/page"}],"author":[{"embeddable":true,"href":"https:\/\/www.mentormedia.com\/cs\/wp-json\/wp\/v2\/users\/1"}],"replies":[{"embeddable":true,"href":"https:\/\/www.mentormedia.com\/cs\/wp-json\/wp\/v2\/comments?post=5983"}],"version-history":[{"count":16,"href":"https:\/\/www.mentormedia.com\/cs\/wp-json\/wp\/v2\/pages\/5983\/revisions"}],"predecessor-version":[{"id":10651,"href":"https:\/\/www.mentormedia.com\/cs\/wp-json\/wp\/v2\/pages\/5983\/revisions\/10651"}],"up":[{"embeddable":true,"href":"https:\/\/www.mentormedia.com\/cs\/wp-json\/wp\/v2\/pages\/5959"}],"wp:attachment":[{"href":"https:\/\/www.mentormedia.com\/cs\/wp-json\/wp\/v2\/media?parent=5983"}],"curies":[{"name":"wp","href":"https:\/\/api.w.org\/{rel}","templated":true}]}}