{"id":4476,"date":"2022-11-03T21:11:36","date_gmt":"2022-11-03T13:11:36","guid":{"rendered":"https:\/\/www.mentormedia.com\/reseni\/iniciativa-pasu-a-cesty-bri-a-mezinarodni-pozemni-a-namorni-koridor-pro-zahranicni-obchod-ilstc\/"},"modified":"2024-02-19T15:08:11","modified_gmt":"2024-02-19T14:08:11","slug":"iniciativa-pasu-a-cesty-bri-a-mezinarodni-pozemni-a-namorni-koridor-pro-zahranicni-obchod-ilstc","status":"publish","type":"page","link":"https:\/\/www.mentormedia.com\/cs\/iniciativa-pasu-a-cesty-bri-a-mezinarodni-pozemni-a-namorni-koridor-pro-zahranicni-obchod-ilstc\/","title":{"rendered":"Iniciativa p\u00e1su a cesty (BRI) a Mezin\u00e1rodn\u00ed pozemn\u00ed a n\u00e1mo\u0159n\u00ed koridor pro zahrani\u010dn\u00ed obchod (ILSTC)"},"content":{"rendered":"\r\n\t\t<section class=\"titlebild-section titlebild-block-id-6a03acb80ed57 titlebild-block-layout bottom\">\r\n                <div class=\"full-bild\"> <img fetchpriority=\"high\" decoding=\"sync\" width=\"1920\" height=\"520\" src=\"https:\/\/www.mentormedia.com\/wp-content\/uploads\/2024\/02\/MM-BRI-21.jpg\" class=\"img-fluid\" alt=\"MM BRI\" srcset=\"https:\/\/www.mentormedia.com\/wp-content\/uploads\/2024\/02\/MM-BRI-21.jpg 1920w, https:\/\/www.mentormedia.com\/wp-content\/uploads\/2024\/02\/MM-BRI-21-300x81.jpg 300w, https:\/\/www.mentormedia.com\/wp-content\/uploads\/2024\/02\/MM-BRI-21-1024x277.jpg 1024w, https:\/\/www.mentormedia.com\/wp-content\/uploads\/2024\/02\/MM-BRI-21-768x208.jpg 768w, https:\/\/www.mentormedia.com\/wp-content\/uploads\/2024\/02\/MM-BRI-21-1536x416.jpg 1536w\" sizes=\"(max-width: 1920px) 100vw, 1920px\" \/><\/div>\r\n                <div class=\"bild-title container\">\r\n                <p class=\"headline wt-h1\"> Iniciativa P\u00e1su A Cesty (Bri) A Mezin\u00e1rodn\u00ed Pozemn\u00ed A N\u00e1mo\u0159n\u00ed Koridor Pro Zahrani\u010dn\u00ed Obchod (Ilstc) <\/p>\r\n                <\/div>\r\n        <\/section>\r\n\t\n\n\r\n                        <section class=\"textBlock \" style=\"background-color: #f5f5f5;\" >\r\n                            \r\n                                <div class=\"container\">\r\n                                    \r\n                                    \r\n                                    \r\n                                    <div class=\"row text\">\r\n                                        <div class=\"col\">\r\n                                            <div class=\"textBlock-text col-md-9\">\r\n                                                \n<p class=\"wp-block-wt-text-block\">Strategick\u00e1 um\u00edst\u011bn\u00ed spole\u010dnosti Mentor Media podle \u010d\u00ednsk\u00e9 Iniciativy p\u00e1su a cesty (BRI) umo\u017e\u0148uj\u00ed optimalizovat pozemn\u00ed (silni\u010dn\u00ed a \u017eelezni\u010dn\u00ed) a n\u00e1mo\u0159n\u00ed spojen\u00ed. Na\u0161e \u0159e\u0161en\u00ed vyu\u017e\u00edvaj\u00ed Mezin\u00e1rodn\u00ed pozemn\u00ed a n\u00e1mo\u0159n\u00ed koridor pro zahrani\u010dn\u00ed obchod (ILSTC), kter\u00fd poskytuje \u00faspory n\u00e1klad\u016f a alternativn\u00ed distribu\u010dn\u00ed kan\u00e1l v dodavatelsk\u00e9m \u0159et\u011bzci.<\/p>\n\r\n                                            <\/div>\r\n                                        <\/div>                                        \r\n                                    <\/div>                                                                        \r\n                                <\/div>                                \r\n                        <\/section>\r\n                    \n\n\r\n                        <section class=\"textBlock \"  >\r\n                            \r\n                                <div class=\"container\">\r\n                                    \r\n                                    \r\n                                    \r\n                                    <div class=\"row text\">\r\n                                        <div class=\"col\">\r\n                                            <div class=\"textBlock-text col-md-9\">\r\n                                                \n<p class=\"wp-block-wt-text-block\">Mentor Media je p\u0159edn\u00ed spole\u010dnost zab\u00fdvaj\u00edc\u00ed se \u0159e\u0161en\u00edm dodavatelsk\u00e9ho \u0159et\u011bzce typu end-to-end. Neust\u00e1le posilujeme na\u0161e logistick\u00e9 schopnosti.<br><br>Na\u0161e zku\u0161enosti v oboru a expanze do silni\u010dn\u00ed, \u017eelezni\u010dn\u00ed, leteck\u00e9 a n\u00e1mo\u0159n\u00ed konektivity n\u00e1m umo\u017enily poskytnout na\u0161im z\u00e1kazn\u00edk\u016fm \u00faspory n\u00e1klad\u016f a spolehliv\u00fd dodavatelsk\u00fd \u0159et\u011bzec.<br><br>S rostouc\u00edmi n\u00e1klady a nejistotami v r\u00e1mci obchodn\u00edho prost\u0159ed\u00ed. Pro podnik\u00e1n\u00ed je nezbytn\u011b nutn\u00e9 zajistit stabiln\u00ed dodavatelsk\u00fd \u0159et\u011bzec pro udr\u017een\u00ed pod\u00edlu na trhu. Spole\u010dnosti hledaj\u00ed alternativn\u00ed distribu\u010dn\u00ed kan\u00e1ly.<br><br>Na\u0161e hybridn\u00ed logistick\u00e1 \u0159e\u0161en\u00ed jsou p\u0159izp\u016fsobiteln\u00e1. Poskytuj\u00ed \u0161et\u0159en\u00ed n\u00e1klad\u016f a zaji\u0161\u0165uj\u00ed \u017eivotaschopnost podnik\u00e1n\u00ed.<\/p>\n\r\n                                            <\/div>\r\n                                        <\/div>                                        \r\n                                    <\/div>                                                                        \r\n                                <\/div>                                \r\n                        <\/section>\r\n                    \n\n\t<div class='full-width-case-study'><div class='container'>\t<div class=\"portfolio-main isotope-init portfolio-full_width_spacing full-width-section full-width-content\" data-frame=\"square\" data-fluid_image=\"true\" data-is_full_width=\"true\">\r\n\t\t<div class=\"portfolio-main-inner portfolio-col-3\">\r\n\t\t\t<div class=\"filter clearfix\">\r\n\t\t\t\t\t\t\t<h4>P\u0158\u00cdPADOV\u00c9 STUDIE<\/h4>\r\n\t\t\t\t\t\t<\/div>\r\n\t\t\t\r\n\t\t\r\n\t\t<div class=\"portfolio-wrapper\">\r\n\t\t\t<div class=\"portfolio-isotope-container\">\r\n\t\t\t\t\t\t\t\t\t<div class=\"isotope-item  belt-road-initiative-bri-and-international-land-sea-trade-corridor-ilstc-cs value-added-services-cs\">\r\n\t\t\t\t\t\t<div class=\"portfolio-item\">\r\n\t\t\t\t\t\t\t<div class=\"portfolio-img\"><a href=\"https:\/\/www.mentormedia.com\/cs\/case_study\/iniciativa-pasu-a-cesty-bri-a-mezinarodni-pozemni-a-namorni-koridor-pro-zahranicni-obchod-ilstc\/\" style=\"background-image: url(https:\/\/www.mentormedia.com\/wp-content\/uploads\/2026\/02\/MM-CASE-VAS-BELT.webp);\" class=\"custom-shape no_under\"><\/a><\/div>\r\n\t\t\t\t\t\t\t<a class=\"portfolio-info no_under\" href=\"https:\/\/www.mentormedia.com\/cs\/case_study\/iniciativa-pasu-a-cesty-bri-a-mezinarodni-pozemni-a-namorni-koridor-pro-zahranicni-obchod-ilstc\/\">\r\n\t\t\t\t\t\t\t\t<div class=\"portfolio-title\"><h6>Iniciativa p\u00e1su a cesty (BRI) a Mezin\u00e1rodn\u00ed pozemn\u00ed a n\u00e1mo\u0159n\u00ed koridor pro zahrani\u010dn\u00ed obchod (ILSTC)<\/h6><\/div>\r\n\t\t\t\t\t\t\t<\/a>\r\n\t\t\t\t\t\t<\/div>\r\n\t\t\t\t\t<\/div>\r\n\t\t\t\t\t\t\t\t<\/div>\r\n\t\t<\/div>\r\n\t<\/div>\r\n\t<\/div>\r\n\t<\/div><\/div>\t","protected":false},"excerpt":{"rendered":"","protected":false},"author":1,"featured_media":0,"parent":0,"menu_order":0,"comment_status":"closed","ping_status":"closed","template":"","meta":{"footnotes":""},"class_list":["post-4476","page","type-page","status-publish","hentry"],"yoast_head":"<!-- This site is optimized with the Yoast SEO plugin v27.5 - https:\/\/yoast.com\/product\/yoast-seo-wordpress\/ -->\n<title>Iniciativa p\u00e1su a cesty (BRI) a Mezin\u00e1rodn\u00ed pozemn\u00ed a n\u00e1mo\u0159n\u00ed koridor pro zahrani\u010dn\u00ed obchod (ILSTC) - Mentor Media<\/title>\n<meta name=\"description\" content=\"Strategick\u00e1 um\u00edst\u011bn\u00ed spole\u010dnosti Mentor Media podle \u010d\u00ednsk\u00e9 Iniciativy p\u00e1su a cesty (BRI) umo\u017e\u0148uj\u00ed optimalizovat pozemn\u00ed (silni\u010dn\u00ed a \u017eelezni\u010dn\u00ed) a n\u00e1mo\u0159n\u00ed spojen\u00ed.\" \/>\n<meta name=\"robots\" content=\"index, follow, max-snippet:-1, max-image-preview:large, max-video-preview:-1\" \/>\n<link rel=\"canonical\" href=\"https:\/\/www.mentormedia.com\/belt-road-initiative-bri-and-international-land-sea-trade-corridor-ilstc\/\" \/>\n<meta property=\"og:locale\" content=\"cs_CZ\" \/>\n<meta property=\"og:type\" content=\"article\" \/>\n<meta property=\"og:title\" content=\"Iniciativa p\u00e1su a cesty (BRI) a Mezin\u00e1rodn\u00ed pozemn\u00ed a n\u00e1mo\u0159n\u00ed koridor pro zahrani\u010dn\u00ed obchod (ILSTC) - Mentor Media\" \/>\n<meta property=\"og:description\" content=\"Strategick\u00e1 um\u00edst\u011bn\u00ed spole\u010dnosti Mentor Media podle \u010d\u00ednsk\u00e9 Iniciativy p\u00e1su a cesty (BRI) umo\u017e\u0148uj\u00ed optimalizovat pozemn\u00ed (silni\u010dn\u00ed a \u017eelezni\u010dn\u00ed) a n\u00e1mo\u0159n\u00ed spojen\u00ed.\" \/>\n<meta property=\"og:url\" content=\"https:\/\/www.mentormedia.com\/belt-road-initiative-bri-and-international-land-sea-trade-corridor-ilstc\/\" \/>\n<meta property=\"og:site_name\" content=\"Mentor Media\" \/>\n<meta property=\"article:modified_time\" content=\"2024-02-19T14:08:11+00:00\" \/>\n<meta name=\"twitter:card\" content=\"summary_large_image\" \/>\n<meta name=\"twitter:label1\" content=\"Odhadovan\u00e1 doba \u010dten\u00ed\" \/>\n\t<meta name=\"twitter:data1\" content=\"1 minuta\" \/>\n<script type=\"application\/ld+json\" class=\"yoast-schema-graph\">{\"@context\":\"https:\\\/\\\/schema.org\",\"@graph\":[{\"@type\":\"WebPage\",\"@id\":\"https:\\\/\\\/www.mentormedia.com\\\/belt-road-initiative-bri-and-international-land-sea-trade-corridor-ilstc\\\/\",\"url\":\"https:\\\/\\\/www.mentormedia.com\\\/belt-road-initiative-bri-and-international-land-sea-trade-corridor-ilstc\\\/\",\"name\":\"Iniciativa p\u00e1su a cesty (BRI) a Mezin\u00e1rodn\u00ed pozemn\u00ed a n\u00e1mo\u0159n\u00ed koridor pro zahrani\u010dn\u00ed obchod (ILSTC) - Mentor Media\",\"isPartOf\":{\"@id\":\"https:\\\/\\\/www.mentormedia.com\\\/#website\"},\"datePublished\":\"2022-11-03T13:11:36+00:00\",\"dateModified\":\"2024-02-19T14:08:11+00:00\",\"description\":\"Strategick\u00e1 um\u00edst\u011bn\u00ed spole\u010dnosti Mentor Media podle \u010d\u00ednsk\u00e9 Iniciativy p\u00e1su a cesty (BRI) umo\u017e\u0148uj\u00ed optimalizovat pozemn\u00ed (silni\u010dn\u00ed a \u017eelezni\u010dn\u00ed) a n\u00e1mo\u0159n\u00ed spojen\u00ed.\",\"breadcrumb\":{\"@id\":\"https:\\\/\\\/www.mentormedia.com\\\/belt-road-initiative-bri-and-international-land-sea-trade-corridor-ilstc\\\/#breadcrumb\"},\"inLanguage\":\"cs\",\"potentialAction\":[{\"@type\":\"ReadAction\",\"target\":[\"https:\\\/\\\/www.mentormedia.com\\\/belt-road-initiative-bri-and-international-land-sea-trade-corridor-ilstc\\\/\"]}]},{\"@type\":\"BreadcrumbList\",\"@id\":\"https:\\\/\\\/www.mentormedia.com\\\/belt-road-initiative-bri-and-international-land-sea-trade-corridor-ilstc\\\/#breadcrumb\",\"itemListElement\":[{\"@type\":\"ListItem\",\"position\":1,\"name\":\"Home\",\"item\":\"https:\\\/\\\/www.mentormedia.com\\\/cs\\\/\"},{\"@type\":\"ListItem\",\"position\":2,\"name\":\"Iniciativa p\u00e1su a cesty (BRI) a Mezin\u00e1rodn\u00ed pozemn\u00ed a n\u00e1mo\u0159n\u00ed koridor pro zahrani\u010dn\u00ed obchod (ILSTC)\"}]},{\"@type\":\"WebSite\",\"@id\":\"https:\\\/\\\/www.mentormedia.com\\\/#website\",\"url\":\"https:\\\/\\\/www.mentormedia.com\\\/\",\"name\":\"Mentor Media\",\"description\":\"Global Supply Chain Solutions\",\"publisher\":{\"@id\":\"https:\\\/\\\/www.mentormedia.com\\\/#organization\"},\"potentialAction\":[{\"@type\":\"SearchAction\",\"target\":{\"@type\":\"EntryPoint\",\"urlTemplate\":\"https:\\\/\\\/www.mentormedia.com\\\/?s={search_term_string}\"},\"query-input\":{\"@type\":\"PropertyValueSpecification\",\"valueRequired\":true,\"valueName\":\"search_term_string\"}}],\"inLanguage\":\"cs\"},{\"@type\":\"Organization\",\"@id\":\"https:\\\/\\\/www.mentormedia.com\\\/#organization\",\"name\":\"Mentor Media\",\"url\":\"https:\\\/\\\/www.mentormedia.com\\\/\",\"logo\":{\"@type\":\"ImageObject\",\"inLanguage\":\"cs\",\"@id\":\"https:\\\/\\\/www.mentormedia.com\\\/#\\\/schema\\\/logo\\\/image\\\/\",\"url\":\"https:\\\/\\\/www.mentormedia.com\\\/wp-content\\\/uploads\\\/2026\\\/02\\\/logo-mentor-media.webp\",\"contentUrl\":\"https:\\\/\\\/www.mentormedia.com\\\/wp-content\\\/uploads\\\/2026\\\/02\\\/logo-mentor-media.webp\",\"width\":200,\"height\":82,\"caption\":\"Mentor Media\"},\"image\":{\"@id\":\"https:\\\/\\\/www.mentormedia.com\\\/#\\\/schema\\\/logo\\\/image\\\/\"}}]}<\/script>\n<!-- \/ Yoast SEO plugin. -->","yoast_head_json":{"title":"Iniciativa p\u00e1su a cesty (BRI) a Mezin\u00e1rodn\u00ed pozemn\u00ed a n\u00e1mo\u0159n\u00ed koridor pro zahrani\u010dn\u00ed obchod (ILSTC) - Mentor Media","description":"Strategick\u00e1 um\u00edst\u011bn\u00ed spole\u010dnosti Mentor Media podle \u010d\u00ednsk\u00e9 Iniciativy p\u00e1su a cesty (BRI) umo\u017e\u0148uj\u00ed optimalizovat pozemn\u00ed (silni\u010dn\u00ed a \u017eelezni\u010dn\u00ed) a n\u00e1mo\u0159n\u00ed spojen\u00ed.","robots":{"index":"index","follow":"follow","max-snippet":"max-snippet:-1","max-image-preview":"max-image-preview:large","max-video-preview":"max-video-preview:-1"},"canonical":"https:\/\/www.mentormedia.com\/belt-road-initiative-bri-and-international-land-sea-trade-corridor-ilstc\/","og_locale":"cs_CZ","og_type":"article","og_title":"Iniciativa p\u00e1su a cesty (BRI) a Mezin\u00e1rodn\u00ed pozemn\u00ed a n\u00e1mo\u0159n\u00ed koridor pro zahrani\u010dn\u00ed obchod (ILSTC) - Mentor Media","og_description":"Strategick\u00e1 um\u00edst\u011bn\u00ed spole\u010dnosti Mentor Media podle \u010d\u00ednsk\u00e9 Iniciativy p\u00e1su a cesty (BRI) umo\u017e\u0148uj\u00ed optimalizovat pozemn\u00ed (silni\u010dn\u00ed a \u017eelezni\u010dn\u00ed) a n\u00e1mo\u0159n\u00ed spojen\u00ed.","og_url":"https:\/\/www.mentormedia.com\/belt-road-initiative-bri-and-international-land-sea-trade-corridor-ilstc\/","og_site_name":"Mentor Media","article_modified_time":"2024-02-19T14:08:11+00:00","twitter_card":"summary_large_image","twitter_misc":{"Odhadovan\u00e1 doba \u010dten\u00ed":"1 minuta"},"schema":{"@context":"https:\/\/schema.org","@graph":[{"@type":"WebPage","@id":"https:\/\/www.mentormedia.com\/belt-road-initiative-bri-and-international-land-sea-trade-corridor-ilstc\/","url":"https:\/\/www.mentormedia.com\/belt-road-initiative-bri-and-international-land-sea-trade-corridor-ilstc\/","name":"Iniciativa p\u00e1su a cesty (BRI) a Mezin\u00e1rodn\u00ed pozemn\u00ed a n\u00e1mo\u0159n\u00ed koridor pro zahrani\u010dn\u00ed obchod (ILSTC) - Mentor Media","isPartOf":{"@id":"https:\/\/www.mentormedia.com\/#website"},"datePublished":"2022-11-03T13:11:36+00:00","dateModified":"2024-02-19T14:08:11+00:00","description":"Strategick\u00e1 um\u00edst\u011bn\u00ed spole\u010dnosti Mentor Media podle \u010d\u00ednsk\u00e9 Iniciativy p\u00e1su a cesty (BRI) umo\u017e\u0148uj\u00ed optimalizovat pozemn\u00ed (silni\u010dn\u00ed a \u017eelezni\u010dn\u00ed) a n\u00e1mo\u0159n\u00ed spojen\u00ed.","breadcrumb":{"@id":"https:\/\/www.mentormedia.com\/belt-road-initiative-bri-and-international-land-sea-trade-corridor-ilstc\/#breadcrumb"},"inLanguage":"cs","potentialAction":[{"@type":"ReadAction","target":["https:\/\/www.mentormedia.com\/belt-road-initiative-bri-and-international-land-sea-trade-corridor-ilstc\/"]}]},{"@type":"BreadcrumbList","@id":"https:\/\/www.mentormedia.com\/belt-road-initiative-bri-and-international-land-sea-trade-corridor-ilstc\/#breadcrumb","itemListElement":[{"@type":"ListItem","position":1,"name":"Home","item":"https:\/\/www.mentormedia.com\/cs\/"},{"@type":"ListItem","position":2,"name":"Iniciativa p\u00e1su a cesty (BRI) a Mezin\u00e1rodn\u00ed pozemn\u00ed a n\u00e1mo\u0159n\u00ed koridor pro zahrani\u010dn\u00ed obchod (ILSTC)"}]},{"@type":"WebSite","@id":"https:\/\/www.mentormedia.com\/#website","url":"https:\/\/www.mentormedia.com\/","name":"Mentor Media","description":"Global Supply Chain Solutions","publisher":{"@id":"https:\/\/www.mentormedia.com\/#organization"},"potentialAction":[{"@type":"SearchAction","target":{"@type":"EntryPoint","urlTemplate":"https:\/\/www.mentormedia.com\/?s={search_term_string}"},"query-input":{"@type":"PropertyValueSpecification","valueRequired":true,"valueName":"search_term_string"}}],"inLanguage":"cs"},{"@type":"Organization","@id":"https:\/\/www.mentormedia.com\/#organization","name":"Mentor Media","url":"https:\/\/www.mentormedia.com\/","logo":{"@type":"ImageObject","inLanguage":"cs","@id":"https:\/\/www.mentormedia.com\/#\/schema\/logo\/image\/","url":"https:\/\/www.mentormedia.com\/wp-content\/uploads\/2026\/02\/logo-mentor-media.webp","contentUrl":"https:\/\/www.mentormedia.com\/wp-content\/uploads\/2026\/02\/logo-mentor-media.webp","width":200,"height":82,"caption":"Mentor Media"},"image":{"@id":"https:\/\/www.mentormedia.com\/#\/schema\/logo\/image\/"}}]}},"_links":{"self":[{"href":"https:\/\/www.mentormedia.com\/cs\/wp-json\/wp\/v2\/pages\/4476","targetHints":{"allow":["GET"]}}],"collection":[{"href":"https:\/\/www.mentormedia.com\/cs\/wp-json\/wp\/v2\/pages"}],"about":[{"href":"https:\/\/www.mentormedia.com\/cs\/wp-json\/wp\/v2\/types\/page"}],"author":[{"embeddable":true,"href":"https:\/\/www.mentormedia.com\/cs\/wp-json\/wp\/v2\/users\/1"}],"replies":[{"embeddable":true,"href":"https:\/\/www.mentormedia.com\/cs\/wp-json\/wp\/v2\/comments?post=4476"}],"version-history":[{"count":8,"href":"https:\/\/www.mentormedia.com\/cs\/wp-json\/wp\/v2\/pages\/4476\/revisions"}],"predecessor-version":[{"id":7926,"href":"https:\/\/www.mentormedia.com\/cs\/wp-json\/wp\/v2\/pages\/4476\/revisions\/7926"}],"wp:attachment":[{"href":"https:\/\/www.mentormedia.com\/cs\/wp-json\/wp\/v2\/media?parent=4476"}],"curies":[{"name":"wp","href":"https:\/\/api.w.org\/{rel}","templated":true}]}}