{"id":4465,"date":"2022-11-03T21:04:30","date_gmt":"2022-11-03T13:04:30","guid":{"rendered":"https:\/\/www.mentormedia.com\/reseni\/proti-padelani\/"},"modified":"2024-02-19T15:05:35","modified_gmt":"2024-02-19T14:05:35","slug":"proti-padelani","status":"publish","type":"page","link":"https:\/\/www.mentormedia.com\/cs\/proti-padelani\/","title":{"rendered":"Proti pad\u011bl\u00e1n\u00ed"},"content":{"rendered":"\r\n\t\t<section class=\"titlebild-section titlebild-block-id-6a0755e9cdaea titlebild-block-layout bottom\">\r\n                <div class=\"full-bild\"> <img fetchpriority=\"high\" decoding=\"sync\" width=\"1920\" height=\"520\" src=\"https:\/\/www.mentormedia.com\/wp-content\/uploads\/2023\/07\/MM-VAS-1920-520.jpg\" class=\"img-fluid\" alt=\"MM VAS\" srcset=\"https:\/\/www.mentormedia.com\/wp-content\/uploads\/2023\/07\/MM-VAS-1920-520.jpg 1920w, https:\/\/www.mentormedia.com\/wp-content\/uploads\/2023\/07\/MM-VAS-1920-520-300x81.jpg 300w, https:\/\/www.mentormedia.com\/wp-content\/uploads\/2023\/07\/MM-VAS-1920-520-1024x277.jpg 1024w, https:\/\/www.mentormedia.com\/wp-content\/uploads\/2023\/07\/MM-VAS-1920-520-768x208.jpg 768w, https:\/\/www.mentormedia.com\/wp-content\/uploads\/2023\/07\/MM-VAS-1920-520-1536x416.jpg 1536w\" sizes=\"(max-width: 1920px) 100vw, 1920px\" \/><\/div>\r\n                <div class=\"bild-title container\">\r\n                <p class=\"headline wt-h1\"> Proti Pad\u011bl\u00e1n\u00ed <\/p>\r\n                <\/div>\r\n        <\/section>\r\n\t\n\n\r\n                        <section class=\"textBlock \" style=\"background-color: #f5f5f5;\" >\r\n                            \r\n                                <div class=\"container\">\r\n                                    \r\n                                    \r\n                                    \r\n                                    <div class=\"row text\">\r\n                                        <div class=\"col\">\r\n                                            <div class=\"textBlock-text col-md-9\">\r\n                                                \n<p class=\"wp-block-wt-text-block\">D\u016fkaz autenticity v\u00fdrobku poskytuje dal\u0161\u00ed jistotu a soulad zna\u010dky p\u0159i n\u00e1kupu a pou\u017e\u00edv\u00e1n\u00ed spot\u0159ebitelem. Z\u00e1kazn\u00edci jsou proto naklon\u011bni zp\u011btn\u00fdm n\u00e1kup\u016fm a pozitivn\u00edmu \u00fastn\u00edmu vyj\u00e1d\u0159en\u00ed.<br><br>\u0158e\u0161en\u00ed proti pad\u011bl\u00e1n\u00ed spole\u010dnosti Mentor Media poskytuje cestu k certifikaci autenticity va\u0161eho v\u00fdrobku a zapojen\u00ed va\u0161eho obecenstva.<\/p>\n\r\n                                            <\/div>\r\n                                        <\/div>                                        \r\n                                    <\/div>                                                                        \r\n                                <\/div>                                \r\n                        <\/section>\r\n                    \n\n\r\n                        <section class=\"textBlock \"  >\r\n                            \r\n                                <div class=\"container\">\r\n                                    \r\n                                    \r\n                                    \r\n                                    <div class=\"row text\">\r\n                                        <div class=\"col\">\r\n                                            <div class=\"textBlock-text col-md-9\">\r\n                                                \n<p class=\"wp-block-wt-text-block\">\u0158e\u0161en\u00ed VeriiReal spole\u010dnosti Mentor Media je jedine\u010dn\u00e1 platforma pro serializaci vyvinut\u00e1 za \u00fa\u010delem ochrany proti pad\u011bl\u00e1n\u00ed a ochrany du\u0161evn\u00edho vlastnictv\u00ed klienta.<br><br>\u0158e\u0161en\u00ed zahrnuje \u0161t\u00edtek odoln\u00fd proti neopr\u00e1vn\u011bn\u00e9 manipulaci, do jeho\u017e tisku jsou zasazeny jedine\u010dn\u00e9 k\u00f3dy roz\u0161\u00ed\u0159en\u00e9 reality (AR). Tato vylep\u0161en\u00e1 funkce ozna\u010den\u00ed zabra\u0148uje duplikaci a poskytuje prvn\u00ed \u00farove\u0148 autenticity zabezpe\u010den\u00ed.<br><br>\u0160ifrovan\u00fd k\u00f3d AR umo\u017e\u0148uje \u0161t\u00edtku uv\u00e1d\u011bt informace o du\u0161evn\u00edm vlastnictv\u00ed v\u00fdrobku (IP), kde si u\u017eivatel\u00e9 mohou d\u00e1le ov\u011b\u0159it podrobnosti a autenticitu v\u00fdrobku, aktivovat z\u00e1ruku, a dal\u0161\u00ed poprodejn\u00ed marketing.<br><br>\u0158e\u0161en\u00ed je vysoce p\u0159izp\u016fsobiteln\u00e9 ve smyslu n\u00e1vrh\u016f \u0161t\u00edtk\u016f a rozhran\u00ed, aby slou\u017eily r\u016fzn\u00fdm v\u00fdrobk\u016fm a pr\u016fmyslov\u00fdm odv\u011btv\u00edm.<\/p>\n\r\n                                            <\/div>\r\n                                        <\/div>                                        \r\n                                    <\/div>                                                                        \r\n                                <\/div>                                \r\n                        <\/section>\r\n                    ","protected":false},"excerpt":{"rendered":"","protected":false},"author":1,"featured_media":0,"parent":0,"menu_order":0,"comment_status":"closed","ping_status":"closed","template":"","meta":{"footnotes":""},"class_list":["post-4465","page","type-page","status-publish","hentry"],"yoast_head":"<!-- This site is optimized with the Yoast SEO plugin v27.5 - https:\/\/yoast.com\/product\/yoast-seo-wordpress\/ -->\n<title>Proti pad\u011bl\u00e1n\u00ed - Mentor Media<\/title>\n<meta name=\"description\" content=\"\u0158e\u0161en\u00ed proti pad\u011bl\u00e1n\u00ed spole\u010dnosti Mentor Media poskytuje cestu k certifikaci autenticity va\u0161eho v\u00fdrobku a zapojen\u00ed va\u0161eho obecenstva.\" \/>\n<meta name=\"robots\" content=\"index, follow, max-snippet:-1, max-image-preview:large, max-video-preview:-1\" \/>\n<link rel=\"canonical\" href=\"https:\/\/www.mentormedia.com\/anti-counterfeit\/\" \/>\n<meta property=\"og:locale\" content=\"cs_CZ\" \/>\n<meta property=\"og:type\" content=\"article\" \/>\n<meta property=\"og:title\" content=\"Proti pad\u011bl\u00e1n\u00ed - Mentor Media\" \/>\n<meta property=\"og:description\" content=\"\u0158e\u0161en\u00ed proti pad\u011bl\u00e1n\u00ed spole\u010dnosti Mentor Media poskytuje cestu k certifikaci autenticity va\u0161eho v\u00fdrobku a zapojen\u00ed va\u0161eho obecenstva.\" \/>\n<meta property=\"og:url\" content=\"https:\/\/www.mentormedia.com\/anti-counterfeit\/\" \/>\n<meta property=\"og:site_name\" content=\"Mentor Media\" \/>\n<meta property=\"article:modified_time\" content=\"2024-02-19T14:05:35+00:00\" \/>\n<meta name=\"twitter:card\" content=\"summary_large_image\" \/>\n<meta name=\"twitter:label1\" content=\"Odhadovan\u00e1 doba \u010dten\u00ed\" \/>\n\t<meta name=\"twitter:data1\" content=\"1 minuta\" \/>\n<script type=\"application\/ld+json\" class=\"yoast-schema-graph\">{\"@context\":\"https:\\\/\\\/schema.org\",\"@graph\":[{\"@type\":\"WebPage\",\"@id\":\"https:\\\/\\\/www.mentormedia.com\\\/anti-counterfeit\\\/\",\"url\":\"https:\\\/\\\/www.mentormedia.com\\\/anti-counterfeit\\\/\",\"name\":\"Proti pad\u011bl\u00e1n\u00ed - Mentor Media\",\"isPartOf\":{\"@id\":\"https:\\\/\\\/www.mentormedia.com\\\/#website\"},\"datePublished\":\"2022-11-03T13:04:30+00:00\",\"dateModified\":\"2024-02-19T14:05:35+00:00\",\"description\":\"\u0158e\u0161en\u00ed proti pad\u011bl\u00e1n\u00ed spole\u010dnosti Mentor Media poskytuje cestu k certifikaci autenticity va\u0161eho v\u00fdrobku a zapojen\u00ed va\u0161eho obecenstva.\",\"breadcrumb\":{\"@id\":\"https:\\\/\\\/www.mentormedia.com\\\/anti-counterfeit\\\/#breadcrumb\"},\"inLanguage\":\"cs\",\"potentialAction\":[{\"@type\":\"ReadAction\",\"target\":[\"https:\\\/\\\/www.mentormedia.com\\\/anti-counterfeit\\\/\"]}]},{\"@type\":\"BreadcrumbList\",\"@id\":\"https:\\\/\\\/www.mentormedia.com\\\/anti-counterfeit\\\/#breadcrumb\",\"itemListElement\":[{\"@type\":\"ListItem\",\"position\":1,\"name\":\"Home\",\"item\":\"https:\\\/\\\/www.mentormedia.com\\\/cs\\\/\"},{\"@type\":\"ListItem\",\"position\":2,\"name\":\"Proti pad\u011bl\u00e1n\u00ed\"}]},{\"@type\":\"WebSite\",\"@id\":\"https:\\\/\\\/www.mentormedia.com\\\/#website\",\"url\":\"https:\\\/\\\/www.mentormedia.com\\\/\",\"name\":\"Mentor Media\",\"description\":\"Global Supply Chain Solutions\",\"publisher\":{\"@id\":\"https:\\\/\\\/www.mentormedia.com\\\/#organization\"},\"potentialAction\":[{\"@type\":\"SearchAction\",\"target\":{\"@type\":\"EntryPoint\",\"urlTemplate\":\"https:\\\/\\\/www.mentormedia.com\\\/?s={search_term_string}\"},\"query-input\":{\"@type\":\"PropertyValueSpecification\",\"valueRequired\":true,\"valueName\":\"search_term_string\"}}],\"inLanguage\":\"cs\"},{\"@type\":\"Organization\",\"@id\":\"https:\\\/\\\/www.mentormedia.com\\\/#organization\",\"name\":\"Mentor Media\",\"url\":\"https:\\\/\\\/www.mentormedia.com\\\/\",\"logo\":{\"@type\":\"ImageObject\",\"inLanguage\":\"cs\",\"@id\":\"https:\\\/\\\/www.mentormedia.com\\\/#\\\/schema\\\/logo\\\/image\\\/\",\"url\":\"https:\\\/\\\/www.mentormedia.com\\\/wp-content\\\/uploads\\\/2026\\\/02\\\/logo-mentor-media.webp\",\"contentUrl\":\"https:\\\/\\\/www.mentormedia.com\\\/wp-content\\\/uploads\\\/2026\\\/02\\\/logo-mentor-media.webp\",\"width\":200,\"height\":82,\"caption\":\"Mentor Media\"},\"image\":{\"@id\":\"https:\\\/\\\/www.mentormedia.com\\\/#\\\/schema\\\/logo\\\/image\\\/\"}}]}<\/script>\n<!-- \/ Yoast SEO plugin. -->","yoast_head_json":{"title":"Proti pad\u011bl\u00e1n\u00ed - Mentor Media","description":"\u0158e\u0161en\u00ed proti pad\u011bl\u00e1n\u00ed spole\u010dnosti Mentor Media poskytuje cestu k certifikaci autenticity va\u0161eho v\u00fdrobku a zapojen\u00ed va\u0161eho obecenstva.","robots":{"index":"index","follow":"follow","max-snippet":"max-snippet:-1","max-image-preview":"max-image-preview:large","max-video-preview":"max-video-preview:-1"},"canonical":"https:\/\/www.mentormedia.com\/anti-counterfeit\/","og_locale":"cs_CZ","og_type":"article","og_title":"Proti pad\u011bl\u00e1n\u00ed - Mentor Media","og_description":"\u0158e\u0161en\u00ed proti pad\u011bl\u00e1n\u00ed spole\u010dnosti Mentor Media poskytuje cestu k certifikaci autenticity va\u0161eho v\u00fdrobku a zapojen\u00ed va\u0161eho obecenstva.","og_url":"https:\/\/www.mentormedia.com\/anti-counterfeit\/","og_site_name":"Mentor Media","article_modified_time":"2024-02-19T14:05:35+00:00","twitter_card":"summary_large_image","twitter_misc":{"Odhadovan\u00e1 doba \u010dten\u00ed":"1 minuta"},"schema":{"@context":"https:\/\/schema.org","@graph":[{"@type":"WebPage","@id":"https:\/\/www.mentormedia.com\/anti-counterfeit\/","url":"https:\/\/www.mentormedia.com\/anti-counterfeit\/","name":"Proti pad\u011bl\u00e1n\u00ed - Mentor Media","isPartOf":{"@id":"https:\/\/www.mentormedia.com\/#website"},"datePublished":"2022-11-03T13:04:30+00:00","dateModified":"2024-02-19T14:05:35+00:00","description":"\u0158e\u0161en\u00ed proti pad\u011bl\u00e1n\u00ed spole\u010dnosti Mentor Media poskytuje cestu k certifikaci autenticity va\u0161eho v\u00fdrobku a zapojen\u00ed va\u0161eho obecenstva.","breadcrumb":{"@id":"https:\/\/www.mentormedia.com\/anti-counterfeit\/#breadcrumb"},"inLanguage":"cs","potentialAction":[{"@type":"ReadAction","target":["https:\/\/www.mentormedia.com\/anti-counterfeit\/"]}]},{"@type":"BreadcrumbList","@id":"https:\/\/www.mentormedia.com\/anti-counterfeit\/#breadcrumb","itemListElement":[{"@type":"ListItem","position":1,"name":"Home","item":"https:\/\/www.mentormedia.com\/cs\/"},{"@type":"ListItem","position":2,"name":"Proti pad\u011bl\u00e1n\u00ed"}]},{"@type":"WebSite","@id":"https:\/\/www.mentormedia.com\/#website","url":"https:\/\/www.mentormedia.com\/","name":"Mentor Media","description":"Global Supply Chain Solutions","publisher":{"@id":"https:\/\/www.mentormedia.com\/#organization"},"potentialAction":[{"@type":"SearchAction","target":{"@type":"EntryPoint","urlTemplate":"https:\/\/www.mentormedia.com\/?s={search_term_string}"},"query-input":{"@type":"PropertyValueSpecification","valueRequired":true,"valueName":"search_term_string"}}],"inLanguage":"cs"},{"@type":"Organization","@id":"https:\/\/www.mentormedia.com\/#organization","name":"Mentor Media","url":"https:\/\/www.mentormedia.com\/","logo":{"@type":"ImageObject","inLanguage":"cs","@id":"https:\/\/www.mentormedia.com\/#\/schema\/logo\/image\/","url":"https:\/\/www.mentormedia.com\/wp-content\/uploads\/2026\/02\/logo-mentor-media.webp","contentUrl":"https:\/\/www.mentormedia.com\/wp-content\/uploads\/2026\/02\/logo-mentor-media.webp","width":200,"height":82,"caption":"Mentor Media"},"image":{"@id":"https:\/\/www.mentormedia.com\/#\/schema\/logo\/image\/"}}]}},"_links":{"self":[{"href":"https:\/\/www.mentormedia.com\/cs\/wp-json\/wp\/v2\/pages\/4465","targetHints":{"allow":["GET"]}}],"collection":[{"href":"https:\/\/www.mentormedia.com\/cs\/wp-json\/wp\/v2\/pages"}],"about":[{"href":"https:\/\/www.mentormedia.com\/cs\/wp-json\/wp\/v2\/types\/page"}],"author":[{"embeddable":true,"href":"https:\/\/www.mentormedia.com\/cs\/wp-json\/wp\/v2\/users\/1"}],"replies":[{"embeddable":true,"href":"https:\/\/www.mentormedia.com\/cs\/wp-json\/wp\/v2\/comments?post=4465"}],"version-history":[{"count":22,"href":"https:\/\/www.mentormedia.com\/cs\/wp-json\/wp\/v2\/pages\/4465\/revisions"}],"predecessor-version":[{"id":7735,"href":"https:\/\/www.mentormedia.com\/cs\/wp-json\/wp\/v2\/pages\/4465\/revisions\/7735"}],"wp:attachment":[{"href":"https:\/\/www.mentormedia.com\/cs\/wp-json\/wp\/v2\/media?parent=4465"}],"curies":[{"name":"wp","href":"https:\/\/api.w.org\/{rel}","templated":true}]}}