{"id":4413,"date":"2022-11-03T20:55:22","date_gmt":"2022-11-03T19:55:22","guid":{"rendered":"https:\/\/www.mentormedia.com\/reseni\/rizeni-rizik-a-plan-obchodnich-podniku\/"},"modified":"2024-02-19T15:02:52","modified_gmt":"2024-02-19T14:02:52","slug":"rizeni-rizik-a-plan-obchodnich-podniku","status":"publish","type":"page","link":"https:\/\/www.mentormedia.com\/cs\/rizeni-rizik-a-plan-obchodnich-podniku\/","title":{"rendered":"\u0158\u00edzen\u00ed rizik a pl\u00e1n obchodn\u00edch podnik\u016f"},"content":{"rendered":"\r\n\t\t<section class=\"titlebild-section titlebild-block-id-6a03a2c1de7c4 titlebild-block-layout center\">\r\n                <div class=\"full-bild\"> <img fetchpriority=\"high\" decoding=\"sync\" width=\"1920\" height=\"520\" src=\"https:\/\/www.mentormedia.com\/wp-content\/uploads\/2024\/02\/risk-management-and-business-continuity-plan.jpeg\" class=\"img-fluid\" alt=\"Risk Management And Business Continuity Plan\" srcset=\"https:\/\/www.mentormedia.com\/wp-content\/uploads\/2024\/02\/risk-management-and-business-continuity-plan.jpeg 1920w, https:\/\/www.mentormedia.com\/wp-content\/uploads\/2024\/02\/risk-management-and-business-continuity-plan-300x81.jpeg 300w, https:\/\/www.mentormedia.com\/wp-content\/uploads\/2024\/02\/risk-management-and-business-continuity-plan-1024x277.jpeg 1024w, https:\/\/www.mentormedia.com\/wp-content\/uploads\/2024\/02\/risk-management-and-business-continuity-plan-768x208.jpeg 768w, https:\/\/www.mentormedia.com\/wp-content\/uploads\/2024\/02\/risk-management-and-business-continuity-plan-1536x416.jpeg 1536w\" sizes=\"(max-width: 1920px) 100vw, 1920px\" \/><\/div>\r\n                <div class=\"bild-title container\">\r\n                <p class=\"headline wt-h1\"> \u0158\u00edzen\u00ed Rizik A Pl\u00e1n Obchodn\u00edch Podnik\u016f <\/p>\r\n                <\/div>\r\n        <\/section>\r\n\t\n\n\r\n                        <section class=\"textBlock \" style=\"background-color: #f5f5f5;\" >\r\n                            \r\n                                <div class=\"container\">\r\n                                    \r\n                                    \r\n                                    \r\n                                    <div class=\"row text\">\r\n                                        <div class=\"col\">\r\n                                            <div class=\"textBlock-text col-md-9\">\r\n                                                \n<p class=\"wp-block-wt-text-block\">N\u00e1\u0161 pl\u00e1n kontinuity podnik\u00e1n\u00ed zahrnuje mno\u017estv\u00ed r\u016fzn\u00fdch funkc\u00ed, proces\u016f a slu\u017eeb po cel\u00e9m sv\u011bt\u011b. P\u0159edstavuje na\u0161i odpov\u011b\u010f na kritick\u00e9 situace, kter\u00fdmi jsme pro\u0161li, je reakc\u00ed na n\u011b na z\u00e1klad\u011b zku\u0161enost\u00ed, simulace a opakovan\u00fdch specializovan\u00fdch proces\u016f.<\/p>\n\r\n                                            <\/div>\r\n                                        <\/div>                                        \r\n                                    <\/div>                                                                        \r\n                                <\/div>                                \r\n                        <\/section>\r\n                    \n\n\r\n                        <section class=\"textBlock \"  >\r\n                            \r\n                                <div class=\"container\">\r\n                                    \r\n                                    \r\n                                    \r\n                                    <div class=\"row text\">\r\n                                        <div class=\"col\">\r\n                                            <div class=\"textBlock-text col-md-9\">\r\n                                                \n<p class=\"wp-block-wt-text-block\">N\u00e1\u0161 pl\u00e1n kontinuity podnik\u00e1n\u00ed je strukturov\u00e1n do \u010dty\u0159 f\u00e1z\u00ed, kter\u00e9 reaguj\u00ed na sc\u00e9n\u00e1\u0159e p\u0159em\u00edst\u011bn\u00ed v\u00fdroby. Preventivn\u00ed opat\u0159en\u00ed pr\u016fb\u011b\u017en\u011b p\u0159izp\u016fsobujeme situaci a rychle p\u0159ech\u00e1z\u00edme mezi f\u00e1zemi, abychom zajistili bezpe\u010dnost a efektivitu.<\/p>\n\r\n                                            <\/div>\r\n                                        <\/div>                                        \r\n                                    <\/div>                                                                        \r\n                                <\/div>                                \r\n                        <\/section>\r\n                    \n\n\n<div class=\"wp-block-columns container eplus-wrapper is-layout-flex wp-container-core-columns-is-layout-9d6595d7 wp-block-columns-is-layout-flex\">\n<div class=\"wp-block-column eplus-wrapper is-layout-flow wp-block-column-is-layout-flow\">\n<figure class=\"wp-block-image size-full eplus-wrapper image\"><img width=\"940\" height=\"530\" loading=\"lazy\" decoding=\"async\" src=\"https:\/\/www.mentormedia.com\/wp-content\/uploads\/2023\/04\/BCP-case-2-2-cz-2.png\" alt=\"BCP Case Cz\" class=\"wp-image-7029\" srcset=\"https:\/\/www.mentormedia.com\/wp-content\/uploads\/2023\/04\/BCP-case-2-2-cz-2.png 940w, https:\/\/www.mentormedia.com\/wp-content\/uploads\/2023\/04\/BCP-case-2-2-cz-2-300x169.png 300w, https:\/\/www.mentormedia.com\/wp-content\/uploads\/2023\/04\/BCP-case-2-2-cz-2-768x433.png 768w\" sizes=\"auto, (max-width: 940px) 100vw, 940px\" \/><\/figure>\n<\/div>\n<\/div>\n\n\n\r\n                        <section class=\"textBlock \"  >\r\n                            \r\n                                <div class=\"container\">\r\n                                    \r\n                                    \r\n                                    \r\n                                    <div class=\"row text\">\r\n                                        <div class=\"col\">\r\n                                            <div class=\"textBlock-text col-md-9\">\r\n                                                \n<p class=\"wp-block-wt-text-block\">M\u00e1me pr\u016f\u0159ezovou strukturu reakc\u00ed na mimo\u0159\u00e1dn\u00e9 situace, kter\u00e1 \u0159\u00edd\u00ed a integruje opat\u0159en\u00ed, jako\u017e i odpov\u011bdnost nap\u0159\u00ed\u010d obchodn\u00edmi jednotkami.<\/p>\n\r\n                                            <\/div>\r\n                                        <\/div>                                        \r\n                                    <\/div>                                                                        \r\n                                <\/div>                                \r\n                        <\/section>\r\n                    \n\n\n<div class=\"wp-block-columns container eplus-wrapper is-layout-flex wp-container-core-columns-is-layout-9d6595d7 wp-block-columns-is-layout-flex\">\n<div class=\"wp-block-column eplus-wrapper is-layout-flow wp-block-column-is-layout-flow\">\n<figure class=\"wp-block-image size-full eplus-wrapper image\"><img width=\"940\" height=\"917\" loading=\"lazy\" decoding=\"async\" src=\"https:\/\/www.mentormedia.com\/wp-content\/uploads\/2023\/04\/BCP-case-1-cz-2-1.png\" alt=\"BCP Case Cz\" class=\"wp-image-7033\" srcset=\"https:\/\/www.mentormedia.com\/wp-content\/uploads\/2023\/04\/BCP-case-1-cz-2-1.png 940w, https:\/\/www.mentormedia.com\/wp-content\/uploads\/2023\/04\/BCP-case-1-cz-2-1-300x293.png 300w, https:\/\/www.mentormedia.com\/wp-content\/uploads\/2023\/04\/BCP-case-1-cz-2-1-768x749.png 768w\" sizes=\"auto, (max-width: 940px) 100vw, 940px\" \/><\/figure>\n<\/div>\n<\/div>\n\n\n\t<div class='full-width-case-study'><div class='container'>\t<div class=\"portfolio-main isotope-init portfolio-full_width_spacing full-width-section full-width-content\" data-frame=\"square\" data-fluid_image=\"true\" data-is_full_width=\"true\">\r\n\t\t<div class=\"portfolio-main-inner portfolio-col-3\">\r\n\t\t\t<div class=\"filter clearfix\">\r\n\t\t\t\t\t\t\t<h4>P\u0158\u00cdPADOV\u00c9 STUDIE<\/h4>\r\n\t\t\t\t\t\t<\/div>\r\n\t\t\t\r\n\t\t\r\n\t\t<div class=\"portfolio-wrapper\">\r\n\t\t\t<div class=\"portfolio-isotope-container\">\r\n\t\t\t\t\t\t\t\t\t<div class=\"isotope-item  risk-management-and-business-continuity-plan-cs value-added-services-cs\">\r\n\t\t\t\t\t\t<div class=\"portfolio-item\">\r\n\t\t\t\t\t\t\t<div class=\"portfolio-img\"><a href=\"https:\/\/www.mentormedia.com\/cs\/case_study\/plan-kontinuity-podnikani-bcp\/\" style=\"background-image: url(https:\/\/www.mentormedia.com\/wp-content\/uploads\/2022\/10\/BCP-case-2-teaser.jpeg);\" class=\"custom-shape no_under\"><\/a><\/div>\r\n\t\t\t\t\t\t\t<a class=\"portfolio-info no_under\" href=\"https:\/\/www.mentormedia.com\/cs\/case_study\/plan-kontinuity-podnikani-bcp\/\">\r\n\t\t\t\t\t\t\t\t<div class=\"portfolio-title\"><h6>Pl\u00e1n kontinuity podnik\u00e1n\u00ed (BCP)<\/h6><\/div>\r\n\t\t\t\t\t\t\t<\/a>\r\n\t\t\t\t\t\t<\/div>\r\n\t\t\t\t\t<\/div>\r\n\t\t\t\t\t\t\t\t<\/div>\r\n\t\t<\/div>\r\n\t<\/div>\r\n\t<\/div>\r\n\t<\/div><\/div>\t","protected":false},"excerpt":{"rendered":"","protected":false},"author":1,"featured_media":0,"parent":0,"menu_order":0,"comment_status":"closed","ping_status":"closed","template":"","meta":{"footnotes":""},"class_list":["post-4413","page","type-page","status-publish","hentry"],"yoast_head":"<!-- This site is optimized with the Yoast SEO plugin v27.5 - https:\/\/yoast.com\/product\/yoast-seo-wordpress\/ -->\n<title>\u0158\u00edzen\u00ed rizik a pl\u00e1n obchodn\u00edch podnik\u016f - Mentor Media<\/title>\n<meta name=\"description\" content=\"N\u00e1\u0161 pl\u00e1n kontinuity podnik\u00e1n\u00ed zahrnuje mno\u017estv\u00ed r\u016fzn\u00fdch funkc\u00ed, proces\u016f a slu\u017eeb po cel\u00e9m sv\u011bt\u011b.\" \/>\n<meta name=\"robots\" content=\"index, follow, max-snippet:-1, max-image-preview:large, max-video-preview:-1\" \/>\n<link rel=\"canonical\" href=\"https:\/\/www.mentormedia.com\/risk-management-and-business-continuity-plan\/\" \/>\n<meta property=\"og:locale\" content=\"cs_CZ\" \/>\n<meta property=\"og:type\" content=\"article\" \/>\n<meta property=\"og:title\" content=\"\u0158\u00edzen\u00ed rizik a pl\u00e1n obchodn\u00edch podnik\u016f - Mentor Media\" \/>\n<meta property=\"og:description\" content=\"N\u00e1\u0161 pl\u00e1n kontinuity podnik\u00e1n\u00ed zahrnuje mno\u017estv\u00ed r\u016fzn\u00fdch funkc\u00ed, proces\u016f a slu\u017eeb po cel\u00e9m sv\u011bt\u011b.\" \/>\n<meta property=\"og:url\" content=\"https:\/\/www.mentormedia.com\/risk-management-and-business-continuity-plan\/\" \/>\n<meta property=\"og:site_name\" content=\"Mentor Media\" \/>\n<meta property=\"article:modified_time\" content=\"2024-02-19T14:02:52+00:00\" \/>\n<meta property=\"og:image\" content=\"https:\/\/www.mentormedia.com\/wp-content\/uploads\/2023\/04\/BCP-case-2-2-cz-2.png\" \/>\n<meta name=\"twitter:card\" content=\"summary_large_image\" \/>\n<meta name=\"twitter:label1\" content=\"Odhadovan\u00e1 doba \u010dten\u00ed\" \/>\n\t<meta name=\"twitter:data1\" content=\"1 minuta\" \/>\n<script type=\"application\/ld+json\" class=\"yoast-schema-graph\">{\"@context\":\"https:\\\/\\\/schema.org\",\"@graph\":[{\"@type\":\"WebPage\",\"@id\":\"https:\\\/\\\/www.mentormedia.com\\\/risk-management-and-business-continuity-plan\\\/\",\"url\":\"https:\\\/\\\/www.mentormedia.com\\\/risk-management-and-business-continuity-plan\\\/\",\"name\":\"\u0158\u00edzen\u00ed rizik a pl\u00e1n obchodn\u00edch podnik\u016f - Mentor Media\",\"isPartOf\":{\"@id\":\"https:\\\/\\\/www.mentormedia.com\\\/#website\"},\"primaryImageOfPage\":{\"@id\":\"https:\\\/\\\/www.mentormedia.com\\\/risk-management-and-business-continuity-plan\\\/#primaryimage\"},\"image\":{\"@id\":\"https:\\\/\\\/www.mentormedia.com\\\/risk-management-and-business-continuity-plan\\\/#primaryimage\"},\"thumbnailUrl\":\"https:\\\/\\\/www.mentormedia.com\\\/wp-content\\\/uploads\\\/2023\\\/04\\\/BCP-case-2-2-cz-2.png\",\"datePublished\":\"2022-11-03T19:55:22+00:00\",\"dateModified\":\"2024-02-19T14:02:52+00:00\",\"description\":\"N\u00e1\u0161 pl\u00e1n kontinuity podnik\u00e1n\u00ed zahrnuje mno\u017estv\u00ed r\u016fzn\u00fdch funkc\u00ed, proces\u016f a slu\u017eeb po cel\u00e9m sv\u011bt\u011b.\",\"breadcrumb\":{\"@id\":\"https:\\\/\\\/www.mentormedia.com\\\/risk-management-and-business-continuity-plan\\\/#breadcrumb\"},\"inLanguage\":\"cs\",\"potentialAction\":[{\"@type\":\"ReadAction\",\"target\":[\"https:\\\/\\\/www.mentormedia.com\\\/risk-management-and-business-continuity-plan\\\/\"]}]},{\"@type\":\"ImageObject\",\"inLanguage\":\"cs\",\"@id\":\"https:\\\/\\\/www.mentormedia.com\\\/risk-management-and-business-continuity-plan\\\/#primaryimage\",\"url\":\"https:\\\/\\\/www.mentormedia.com\\\/wp-content\\\/uploads\\\/2023\\\/04\\\/BCP-case-2-2-cz-2.png\",\"contentUrl\":\"https:\\\/\\\/www.mentormedia.com\\\/wp-content\\\/uploads\\\/2023\\\/04\\\/BCP-case-2-2-cz-2.png\"},{\"@type\":\"BreadcrumbList\",\"@id\":\"https:\\\/\\\/www.mentormedia.com\\\/risk-management-and-business-continuity-plan\\\/#breadcrumb\",\"itemListElement\":[{\"@type\":\"ListItem\",\"position\":1,\"name\":\"Home\",\"item\":\"https:\\\/\\\/www.mentormedia.com\\\/cs\\\/\"},{\"@type\":\"ListItem\",\"position\":2,\"name\":\"\u0158\u00edzen\u00ed rizik a pl\u00e1n obchodn\u00edch podnik\u016f\"}]},{\"@type\":\"WebSite\",\"@id\":\"https:\\\/\\\/www.mentormedia.com\\\/#website\",\"url\":\"https:\\\/\\\/www.mentormedia.com\\\/\",\"name\":\"Mentor Media\",\"description\":\"Global Supply Chain Solutions\",\"publisher\":{\"@id\":\"https:\\\/\\\/www.mentormedia.com\\\/#organization\"},\"potentialAction\":[{\"@type\":\"SearchAction\",\"target\":{\"@type\":\"EntryPoint\",\"urlTemplate\":\"https:\\\/\\\/www.mentormedia.com\\\/?s={search_term_string}\"},\"query-input\":{\"@type\":\"PropertyValueSpecification\",\"valueRequired\":true,\"valueName\":\"search_term_string\"}}],\"inLanguage\":\"cs\"},{\"@type\":\"Organization\",\"@id\":\"https:\\\/\\\/www.mentormedia.com\\\/#organization\",\"name\":\"Mentor Media\",\"url\":\"https:\\\/\\\/www.mentormedia.com\\\/\",\"logo\":{\"@type\":\"ImageObject\",\"inLanguage\":\"cs\",\"@id\":\"https:\\\/\\\/www.mentormedia.com\\\/#\\\/schema\\\/logo\\\/image\\\/\",\"url\":\"https:\\\/\\\/www.mentormedia.com\\\/wp-content\\\/uploads\\\/2026\\\/02\\\/logo-mentor-media.webp\",\"contentUrl\":\"https:\\\/\\\/www.mentormedia.com\\\/wp-content\\\/uploads\\\/2026\\\/02\\\/logo-mentor-media.webp\",\"width\":200,\"height\":82,\"caption\":\"Mentor Media\"},\"image\":{\"@id\":\"https:\\\/\\\/www.mentormedia.com\\\/#\\\/schema\\\/logo\\\/image\\\/\"}}]}<\/script>\n<!-- \/ Yoast SEO plugin. -->","yoast_head_json":{"title":"\u0158\u00edzen\u00ed rizik a pl\u00e1n obchodn\u00edch podnik\u016f - Mentor Media","description":"N\u00e1\u0161 pl\u00e1n kontinuity podnik\u00e1n\u00ed zahrnuje mno\u017estv\u00ed r\u016fzn\u00fdch funkc\u00ed, proces\u016f a slu\u017eeb po cel\u00e9m sv\u011bt\u011b.","robots":{"index":"index","follow":"follow","max-snippet":"max-snippet:-1","max-image-preview":"max-image-preview:large","max-video-preview":"max-video-preview:-1"},"canonical":"https:\/\/www.mentormedia.com\/risk-management-and-business-continuity-plan\/","og_locale":"cs_CZ","og_type":"article","og_title":"\u0158\u00edzen\u00ed rizik a pl\u00e1n obchodn\u00edch podnik\u016f - Mentor Media","og_description":"N\u00e1\u0161 pl\u00e1n kontinuity podnik\u00e1n\u00ed zahrnuje mno\u017estv\u00ed r\u016fzn\u00fdch funkc\u00ed, proces\u016f a slu\u017eeb po cel\u00e9m sv\u011bt\u011b.","og_url":"https:\/\/www.mentormedia.com\/risk-management-and-business-continuity-plan\/","og_site_name":"Mentor Media","article_modified_time":"2024-02-19T14:02:52+00:00","og_image":[{"url":"https:\/\/www.mentormedia.com\/wp-content\/uploads\/2023\/04\/BCP-case-2-2-cz-2.png","type":"","width":"","height":""}],"twitter_card":"summary_large_image","twitter_misc":{"Odhadovan\u00e1 doba \u010dten\u00ed":"1 minuta"},"schema":{"@context":"https:\/\/schema.org","@graph":[{"@type":"WebPage","@id":"https:\/\/www.mentormedia.com\/risk-management-and-business-continuity-plan\/","url":"https:\/\/www.mentormedia.com\/risk-management-and-business-continuity-plan\/","name":"\u0158\u00edzen\u00ed rizik a pl\u00e1n obchodn\u00edch podnik\u016f - Mentor Media","isPartOf":{"@id":"https:\/\/www.mentormedia.com\/#website"},"primaryImageOfPage":{"@id":"https:\/\/www.mentormedia.com\/risk-management-and-business-continuity-plan\/#primaryimage"},"image":{"@id":"https:\/\/www.mentormedia.com\/risk-management-and-business-continuity-plan\/#primaryimage"},"thumbnailUrl":"https:\/\/www.mentormedia.com\/wp-content\/uploads\/2023\/04\/BCP-case-2-2-cz-2.png","datePublished":"2022-11-03T19:55:22+00:00","dateModified":"2024-02-19T14:02:52+00:00","description":"N\u00e1\u0161 pl\u00e1n kontinuity podnik\u00e1n\u00ed zahrnuje mno\u017estv\u00ed r\u016fzn\u00fdch funkc\u00ed, proces\u016f a slu\u017eeb po cel\u00e9m sv\u011bt\u011b.","breadcrumb":{"@id":"https:\/\/www.mentormedia.com\/risk-management-and-business-continuity-plan\/#breadcrumb"},"inLanguage":"cs","potentialAction":[{"@type":"ReadAction","target":["https:\/\/www.mentormedia.com\/risk-management-and-business-continuity-plan\/"]}]},{"@type":"ImageObject","inLanguage":"cs","@id":"https:\/\/www.mentormedia.com\/risk-management-and-business-continuity-plan\/#primaryimage","url":"https:\/\/www.mentormedia.com\/wp-content\/uploads\/2023\/04\/BCP-case-2-2-cz-2.png","contentUrl":"https:\/\/www.mentormedia.com\/wp-content\/uploads\/2023\/04\/BCP-case-2-2-cz-2.png"},{"@type":"BreadcrumbList","@id":"https:\/\/www.mentormedia.com\/risk-management-and-business-continuity-plan\/#breadcrumb","itemListElement":[{"@type":"ListItem","position":1,"name":"Home","item":"https:\/\/www.mentormedia.com\/cs\/"},{"@type":"ListItem","position":2,"name":"\u0158\u00edzen\u00ed rizik a pl\u00e1n obchodn\u00edch podnik\u016f"}]},{"@type":"WebSite","@id":"https:\/\/www.mentormedia.com\/#website","url":"https:\/\/www.mentormedia.com\/","name":"Mentor Media","description":"Global Supply Chain Solutions","publisher":{"@id":"https:\/\/www.mentormedia.com\/#organization"},"potentialAction":[{"@type":"SearchAction","target":{"@type":"EntryPoint","urlTemplate":"https:\/\/www.mentormedia.com\/?s={search_term_string}"},"query-input":{"@type":"PropertyValueSpecification","valueRequired":true,"valueName":"search_term_string"}}],"inLanguage":"cs"},{"@type":"Organization","@id":"https:\/\/www.mentormedia.com\/#organization","name":"Mentor Media","url":"https:\/\/www.mentormedia.com\/","logo":{"@type":"ImageObject","inLanguage":"cs","@id":"https:\/\/www.mentormedia.com\/#\/schema\/logo\/image\/","url":"https:\/\/www.mentormedia.com\/wp-content\/uploads\/2026\/02\/logo-mentor-media.webp","contentUrl":"https:\/\/www.mentormedia.com\/wp-content\/uploads\/2026\/02\/logo-mentor-media.webp","width":200,"height":82,"caption":"Mentor Media"},"image":{"@id":"https:\/\/www.mentormedia.com\/#\/schema\/logo\/image\/"}}]}},"_links":{"self":[{"href":"https:\/\/www.mentormedia.com\/cs\/wp-json\/wp\/v2\/pages\/4413","targetHints":{"allow":["GET"]}}],"collection":[{"href":"https:\/\/www.mentormedia.com\/cs\/wp-json\/wp\/v2\/pages"}],"about":[{"href":"https:\/\/www.mentormedia.com\/cs\/wp-json\/wp\/v2\/types\/page"}],"author":[{"embeddable":true,"href":"https:\/\/www.mentormedia.com\/cs\/wp-json\/wp\/v2\/users\/1"}],"replies":[{"embeddable":true,"href":"https:\/\/www.mentormedia.com\/cs\/wp-json\/wp\/v2\/comments?post=4413"}],"version-history":[{"count":12,"href":"https:\/\/www.mentormedia.com\/cs\/wp-json\/wp\/v2\/pages\/4413\/revisions"}],"predecessor-version":[{"id":7918,"href":"https:\/\/www.mentormedia.com\/cs\/wp-json\/wp\/v2\/pages\/4413\/revisions\/7918"}],"wp:attachment":[{"href":"https:\/\/www.mentormedia.com\/cs\/wp-json\/wp\/v2\/media?parent=4413"}],"curies":[{"name":"wp","href":"https:\/\/api.w.org\/{rel}","templated":true}]}}