{"id":4380,"date":"2022-11-03T20:34:06","date_gmt":"2022-11-03T12:34:06","guid":{"rendered":"https:\/\/www.mentormedia.com\/reseni\/zasadni-zdravotni-pece\/"},"modified":"2024-02-19T13:56:08","modified_gmt":"2024-02-19T12:56:08","slug":"zasadni-zdravotni-pece","status":"publish","type":"page","link":"https:\/\/www.mentormedia.com\/cs\/zasadni-zdravotni-pece\/","title":{"rendered":"Z\u00e1sadn\u00ed zdravotn\u00ed p\u00e9\u010de"},"content":{"rendered":"\r\n\t\t<section class=\"titlebild-section titlebild-block-id-6a03ac3129fff titlebild-block-layout center\">\r\n                <div class=\"full-bild\"> <img fetchpriority=\"high\" decoding=\"sync\" width=\"1920\" height=\"520\" src=\"https:\/\/www.mentormedia.com\/wp-content\/uploads\/2024\/02\/critical-healthcare-1.jpeg\" class=\"img-fluid\" alt=\"Critical Healthcare\" srcset=\"https:\/\/www.mentormedia.com\/wp-content\/uploads\/2024\/02\/critical-healthcare-1.jpeg 1920w, https:\/\/www.mentormedia.com\/wp-content\/uploads\/2024\/02\/critical-healthcare-1-300x81.jpeg 300w, https:\/\/www.mentormedia.com\/wp-content\/uploads\/2024\/02\/critical-healthcare-1-1024x277.jpeg 1024w, https:\/\/www.mentormedia.com\/wp-content\/uploads\/2024\/02\/critical-healthcare-1-768x208.jpeg 768w, https:\/\/www.mentormedia.com\/wp-content\/uploads\/2024\/02\/critical-healthcare-1-1536x416.jpeg 1536w\" sizes=\"(max-width: 1920px) 100vw, 1920px\" \/><\/div>\r\n                <div class=\"bild-title container\">\r\n                <p class=\"headline wt-h1\"> Z\u00e1sadn\u00ed zdravotn\u00ed p\u00e9\u010de <\/p>\r\n                <\/div>\r\n        <\/section>\r\n\t\n\n\r\n                        <section class=\"textBlock \" style=\"background-color: #f5f5f5;\" >\r\n                            \r\n                                <div class=\"container\">\r\n                                    \r\n                                    \r\n                                    \r\n                                    <div class=\"row text\">\r\n                                        <div class=\"col\">\r\n                                            <div class=\"textBlock-text col-md-9\">\r\n                                                \n<p class=\"wp-block-wt-text-block\">Odd\u011blen\u00ed k tomu ur\u010den\u00e9 v r\u00e1mci spole\u010dnosti Mentor Media se zku\u0161enostmi v logistice je z\u00e1kladem kritick\u00e9ho \u0159e\u0161en\u00ed zdravotn\u00ed p\u00e9\u010de. Poskytov\u00e1n\u00ed v\u010dasn\u00e9 distribuce z\u00e1sob na sklad\u011b zaji\u0161\u0165uje, \u017ee chirurgick\u00e9 sou\u010d\u00e1sti a za\u0159\u00edzen\u00ed opera\u010dn\u00edho s\u00e1lu budou v\u017edy p\u0159ipraveny a dob\u0159e udr\u017eov\u00e1ny.<\/p>\n\r\n                                            <\/div>\r\n                                        <\/div>                                        \r\n                                    <\/div>                                                                        \r\n                                <\/div>                                \r\n                        <\/section>\r\n                    \n\n\r\n                        <section class=\"textBlock \"  >\r\n                            \r\n                                <div class=\"container\">\r\n                                    \r\n                                    \r\n                                    \r\n                                    <div class=\"row text\">\r\n                                        <div class=\"col\">\r\n                                            <div class=\"textBlock-text col-md-9\">\r\n                                                \n<p class=\"wp-block-wt-text-block\">Spole\u010dnost Mentor Media poskytuje slu\u017ebu \u0159\u00edzen\u00ed kompletu kritick\u00fdch z\u00e1silek, podporuje nasazen\u00ed za\u0159\u00edzen\u00ed a v\u00fdrobk\u016f klienta do r\u016fzn\u00fdch l\u00e9ka\u0159sk\u00fdch \u00fastav\u016f v kritick\u00fdch hodin\u00e1ch a \u0159\u00edd\u00ed vr\u00e1cen\u00ed, aby byla zaji\u0161t\u011bna \u010distota, vyu\u017eit\u00ed aktualizac\u00ed v r\u00e1mci syst\u00e9mu klienta a dopln\u011bn\u00ed, aby byl p\u0159ipraven na dal\u0161\u00ed nasazen\u00ed.<br><br>Odpov\u011bdnost za v\u00fdrobky je \u0159\u00edzena \u0159e\u0161en\u00edmi RFID vyvinut\u00fdmi spole\u010dnost\u00ed Mentor Media.<\/p>\n\r\n                                            <\/div>\r\n                                        <\/div>                                        \r\n                                    <\/div>                                                                        \r\n                                <\/div>                                \r\n                        <\/section>\r\n                    \n\n\t<div class='full-width-case-study'><div class='container'>\t<div class=\"portfolio-main isotope-init portfolio-full_width_spacing full-width-section full-width-content\" data-frame=\"square\" data-fluid_image=\"true\" data-is_full_width=\"true\">\r\n\t\t<div class=\"portfolio-main-inner portfolio-col-3\">\r\n\t\t\t<div class=\"filter clearfix\">\r\n\t\t\t\t\t\t\t<h4>P\u0158\u00cdPADOV\u00c9 STUDIE<\/h4>\r\n\t\t\t\t\t\t<\/div>\r\n\t\t\t\r\n\t\t\r\n\t\t<div class=\"portfolio-wrapper\">\r\n\t\t\t<div class=\"portfolio-isotope-container\">\r\n\t\t\t\t\t\t\t\t\t<div class=\"isotope-item  critical-healthcare-cs healthcare-service-solutions-cs\">\r\n\t\t\t\t\t\t<div class=\"portfolio-item\">\r\n\t\t\t\t\t\t\t<div class=\"portfolio-img\"><a href=\"https:\/\/www.mentormedia.com\/cs\/case_study\/zasadni-zdravotni-pece\/\" style=\"background-image: url(https:\/\/www.mentormedia.com\/wp-content\/uploads\/2026\/02\/MM-CASE-HC-CRITICAL.webp);\" class=\"custom-shape no_under\"><\/a><\/div>\r\n\t\t\t\t\t\t\t<a class=\"portfolio-info no_under\" href=\"https:\/\/www.mentormedia.com\/cs\/case_study\/zasadni-zdravotni-pece\/\">\r\n\t\t\t\t\t\t\t\t<div class=\"portfolio-title\"><h6>Z\u00e1sadn\u00ed zdravotn\u00ed p\u00e9\u010de<\/h6><\/div>\r\n\t\t\t\t\t\t\t<\/a>\r\n\t\t\t\t\t\t<\/div>\r\n\t\t\t\t\t<\/div>\r\n\t\t\t\t\t\t\t\t<\/div>\r\n\t\t<\/div>\r\n\t<\/div>\r\n\t<\/div>\r\n\t<\/div><\/div>\t","protected":false},"excerpt":{"rendered":"","protected":false},"author":1,"featured_media":0,"parent":0,"menu_order":0,"comment_status":"closed","ping_status":"closed","template":"","meta":{"footnotes":""},"class_list":["post-4380","page","type-page","status-publish","hentry"],"yoast_head":"<!-- This site is optimized with the Yoast SEO plugin v27.5 - https:\/\/yoast.com\/product\/yoast-seo-wordpress\/ -->\n<title>Z\u00e1sadn\u00ed zdravotn\u00ed p\u00e9\u010de - Mentor Media<\/title>\n<meta name=\"description\" content=\"Odd\u011blen\u00ed k tomu ur\u010den\u00e9 v r\u00e1mci spole\u010dnosti Mentor Media se zku\u0161enostmi v logistice je z\u00e1kladem kritick\u00e9ho \u0159e\u0161en\u00ed zdravotn\u00ed p\u00e9\u010de.\" \/>\n<meta name=\"robots\" content=\"index, follow, max-snippet:-1, max-image-preview:large, max-video-preview:-1\" \/>\n<link rel=\"canonical\" href=\"https:\/\/www.mentormedia.com\/critical-healthcare\/\" \/>\n<meta property=\"og:locale\" content=\"cs_CZ\" \/>\n<meta property=\"og:type\" content=\"article\" \/>\n<meta property=\"og:title\" content=\"Z\u00e1sadn\u00ed zdravotn\u00ed p\u00e9\u010de - Mentor Media\" \/>\n<meta property=\"og:description\" content=\"Odd\u011blen\u00ed k tomu ur\u010den\u00e9 v r\u00e1mci spole\u010dnosti Mentor Media se zku\u0161enostmi v logistice je z\u00e1kladem kritick\u00e9ho \u0159e\u0161en\u00ed zdravotn\u00ed p\u00e9\u010de.\" \/>\n<meta property=\"og:url\" content=\"https:\/\/www.mentormedia.com\/critical-healthcare\/\" \/>\n<meta property=\"og:site_name\" content=\"Mentor Media\" \/>\n<meta property=\"article:modified_time\" content=\"2024-02-19T12:56:08+00:00\" \/>\n<meta name=\"twitter:card\" content=\"summary_large_image\" \/>\n<meta name=\"twitter:label1\" content=\"Odhadovan\u00e1 doba \u010dten\u00ed\" \/>\n\t<meta name=\"twitter:data1\" content=\"1 minuta\" \/>\n<script type=\"application\/ld+json\" class=\"yoast-schema-graph\">{\"@context\":\"https:\\\/\\\/schema.org\",\"@graph\":[{\"@type\":\"WebPage\",\"@id\":\"https:\\\/\\\/www.mentormedia.com\\\/critical-healthcare\\\/\",\"url\":\"https:\\\/\\\/www.mentormedia.com\\\/critical-healthcare\\\/\",\"name\":\"Z\u00e1sadn\u00ed zdravotn\u00ed p\u00e9\u010de - Mentor Media\",\"isPartOf\":{\"@id\":\"https:\\\/\\\/www.mentormedia.com\\\/#website\"},\"datePublished\":\"2022-11-03T12:34:06+00:00\",\"dateModified\":\"2024-02-19T12:56:08+00:00\",\"description\":\"Odd\u011blen\u00ed k tomu ur\u010den\u00e9 v r\u00e1mci spole\u010dnosti Mentor Media se zku\u0161enostmi v logistice je z\u00e1kladem kritick\u00e9ho \u0159e\u0161en\u00ed zdravotn\u00ed p\u00e9\u010de.\",\"breadcrumb\":{\"@id\":\"https:\\\/\\\/www.mentormedia.com\\\/critical-healthcare\\\/#breadcrumb\"},\"inLanguage\":\"cs\",\"potentialAction\":[{\"@type\":\"ReadAction\",\"target\":[\"https:\\\/\\\/www.mentormedia.com\\\/critical-healthcare\\\/\"]}]},{\"@type\":\"BreadcrumbList\",\"@id\":\"https:\\\/\\\/www.mentormedia.com\\\/critical-healthcare\\\/#breadcrumb\",\"itemListElement\":[{\"@type\":\"ListItem\",\"position\":1,\"name\":\"Home\",\"item\":\"https:\\\/\\\/www.mentormedia.com\\\/cs\\\/\"},{\"@type\":\"ListItem\",\"position\":2,\"name\":\"Z\u00e1sadn\u00ed zdravotn\u00ed p\u00e9\u010de\"}]},{\"@type\":\"WebSite\",\"@id\":\"https:\\\/\\\/www.mentormedia.com\\\/#website\",\"url\":\"https:\\\/\\\/www.mentormedia.com\\\/\",\"name\":\"Mentor Media\",\"description\":\"Global Supply Chain Solutions\",\"publisher\":{\"@id\":\"https:\\\/\\\/www.mentormedia.com\\\/#organization\"},\"potentialAction\":[{\"@type\":\"SearchAction\",\"target\":{\"@type\":\"EntryPoint\",\"urlTemplate\":\"https:\\\/\\\/www.mentormedia.com\\\/?s={search_term_string}\"},\"query-input\":{\"@type\":\"PropertyValueSpecification\",\"valueRequired\":true,\"valueName\":\"search_term_string\"}}],\"inLanguage\":\"cs\"},{\"@type\":\"Organization\",\"@id\":\"https:\\\/\\\/www.mentormedia.com\\\/#organization\",\"name\":\"Mentor Media\",\"url\":\"https:\\\/\\\/www.mentormedia.com\\\/\",\"logo\":{\"@type\":\"ImageObject\",\"inLanguage\":\"cs\",\"@id\":\"https:\\\/\\\/www.mentormedia.com\\\/#\\\/schema\\\/logo\\\/image\\\/\",\"url\":\"https:\\\/\\\/www.mentormedia.com\\\/wp-content\\\/uploads\\\/2026\\\/02\\\/logo-mentor-media.webp\",\"contentUrl\":\"https:\\\/\\\/www.mentormedia.com\\\/wp-content\\\/uploads\\\/2026\\\/02\\\/logo-mentor-media.webp\",\"width\":200,\"height\":82,\"caption\":\"Mentor Media\"},\"image\":{\"@id\":\"https:\\\/\\\/www.mentormedia.com\\\/#\\\/schema\\\/logo\\\/image\\\/\"}}]}<\/script>\n<!-- \/ Yoast SEO plugin. -->","yoast_head_json":{"title":"Z\u00e1sadn\u00ed zdravotn\u00ed p\u00e9\u010de - Mentor Media","description":"Odd\u011blen\u00ed k tomu ur\u010den\u00e9 v r\u00e1mci spole\u010dnosti Mentor Media se zku\u0161enostmi v logistice je z\u00e1kladem kritick\u00e9ho \u0159e\u0161en\u00ed zdravotn\u00ed p\u00e9\u010de.","robots":{"index":"index","follow":"follow","max-snippet":"max-snippet:-1","max-image-preview":"max-image-preview:large","max-video-preview":"max-video-preview:-1"},"canonical":"https:\/\/www.mentormedia.com\/critical-healthcare\/","og_locale":"cs_CZ","og_type":"article","og_title":"Z\u00e1sadn\u00ed zdravotn\u00ed p\u00e9\u010de - Mentor Media","og_description":"Odd\u011blen\u00ed k tomu ur\u010den\u00e9 v r\u00e1mci spole\u010dnosti Mentor Media se zku\u0161enostmi v logistice je z\u00e1kladem kritick\u00e9ho \u0159e\u0161en\u00ed zdravotn\u00ed p\u00e9\u010de.","og_url":"https:\/\/www.mentormedia.com\/critical-healthcare\/","og_site_name":"Mentor Media","article_modified_time":"2024-02-19T12:56:08+00:00","twitter_card":"summary_large_image","twitter_misc":{"Odhadovan\u00e1 doba \u010dten\u00ed":"1 minuta"},"schema":{"@context":"https:\/\/schema.org","@graph":[{"@type":"WebPage","@id":"https:\/\/www.mentormedia.com\/critical-healthcare\/","url":"https:\/\/www.mentormedia.com\/critical-healthcare\/","name":"Z\u00e1sadn\u00ed zdravotn\u00ed p\u00e9\u010de - Mentor Media","isPartOf":{"@id":"https:\/\/www.mentormedia.com\/#website"},"datePublished":"2022-11-03T12:34:06+00:00","dateModified":"2024-02-19T12:56:08+00:00","description":"Odd\u011blen\u00ed k tomu ur\u010den\u00e9 v r\u00e1mci spole\u010dnosti Mentor Media se zku\u0161enostmi v logistice je z\u00e1kladem kritick\u00e9ho \u0159e\u0161en\u00ed zdravotn\u00ed p\u00e9\u010de.","breadcrumb":{"@id":"https:\/\/www.mentormedia.com\/critical-healthcare\/#breadcrumb"},"inLanguage":"cs","potentialAction":[{"@type":"ReadAction","target":["https:\/\/www.mentormedia.com\/critical-healthcare\/"]}]},{"@type":"BreadcrumbList","@id":"https:\/\/www.mentormedia.com\/critical-healthcare\/#breadcrumb","itemListElement":[{"@type":"ListItem","position":1,"name":"Home","item":"https:\/\/www.mentormedia.com\/cs\/"},{"@type":"ListItem","position":2,"name":"Z\u00e1sadn\u00ed zdravotn\u00ed p\u00e9\u010de"}]},{"@type":"WebSite","@id":"https:\/\/www.mentormedia.com\/#website","url":"https:\/\/www.mentormedia.com\/","name":"Mentor Media","description":"Global Supply Chain Solutions","publisher":{"@id":"https:\/\/www.mentormedia.com\/#organization"},"potentialAction":[{"@type":"SearchAction","target":{"@type":"EntryPoint","urlTemplate":"https:\/\/www.mentormedia.com\/?s={search_term_string}"},"query-input":{"@type":"PropertyValueSpecification","valueRequired":true,"valueName":"search_term_string"}}],"inLanguage":"cs"},{"@type":"Organization","@id":"https:\/\/www.mentormedia.com\/#organization","name":"Mentor Media","url":"https:\/\/www.mentormedia.com\/","logo":{"@type":"ImageObject","inLanguage":"cs","@id":"https:\/\/www.mentormedia.com\/#\/schema\/logo\/image\/","url":"https:\/\/www.mentormedia.com\/wp-content\/uploads\/2026\/02\/logo-mentor-media.webp","contentUrl":"https:\/\/www.mentormedia.com\/wp-content\/uploads\/2026\/02\/logo-mentor-media.webp","width":200,"height":82,"caption":"Mentor Media"},"image":{"@id":"https:\/\/www.mentormedia.com\/#\/schema\/logo\/image\/"}}]}},"_links":{"self":[{"href":"https:\/\/www.mentormedia.com\/cs\/wp-json\/wp\/v2\/pages\/4380","targetHints":{"allow":["GET"]}}],"collection":[{"href":"https:\/\/www.mentormedia.com\/cs\/wp-json\/wp\/v2\/pages"}],"about":[{"href":"https:\/\/www.mentormedia.com\/cs\/wp-json\/wp\/v2\/types\/page"}],"author":[{"embeddable":true,"href":"https:\/\/www.mentormedia.com\/cs\/wp-json\/wp\/v2\/users\/1"}],"replies":[{"embeddable":true,"href":"https:\/\/www.mentormedia.com\/cs\/wp-json\/wp\/v2\/comments?post=4380"}],"version-history":[{"count":7,"href":"https:\/\/www.mentormedia.com\/cs\/wp-json\/wp\/v2\/pages\/4380\/revisions"}],"predecessor-version":[{"id":7874,"href":"https:\/\/www.mentormedia.com\/cs\/wp-json\/wp\/v2\/pages\/4380\/revisions\/7874"}],"wp:attachment":[{"href":"https:\/\/www.mentormedia.com\/cs\/wp-json\/wp\/v2\/media?parent=4380"}],"curies":[{"name":"wp","href":"https:\/\/api.w.org\/{rel}","templated":true}]}}