{"id":4183,"date":"2022-11-03T20:29:18","date_gmt":"2022-11-03T12:29:18","guid":{"rendered":"https:\/\/www.mentormedia.com\/reseni\/rizeni-nemocnicnich-zasob-na-sklade\/"},"modified":"2024-02-19T13:53:14","modified_gmt":"2024-02-19T12:53:14","slug":"rizeni-nemocnicnich-zasob-na-sklade","status":"publish","type":"page","link":"https:\/\/www.mentormedia.com\/cs\/rizeni-nemocnicnich-zasob-na-sklade\/","title":{"rendered":"\u0158\u00edzen\u00ed nemocni\u010dn\u00edch z\u00e1sob na sklad\u011b"},"content":{"rendered":"\r\n\t\t<section class=\"titlebild-section titlebild-block-id-69f22c667b02a titlebild-block-layout center\">\r\n                <div class=\"full-bild\"> <img fetchpriority=\"high\" decoding=\"sync\" width=\"1920\" height=\"520\" src=\"https:\/\/www.mentormedia.com\/wp-content\/uploads\/2024\/02\/MM-HOSP-21.jpg\" class=\"img-fluid\" alt=\"MM HOSP\" srcset=\"https:\/\/www.mentormedia.com\/wp-content\/uploads\/2024\/02\/MM-HOSP-21.jpg 1920w, https:\/\/www.mentormedia.com\/wp-content\/uploads\/2024\/02\/MM-HOSP-21-300x81.jpg 300w, https:\/\/www.mentormedia.com\/wp-content\/uploads\/2024\/02\/MM-HOSP-21-1024x277.jpg 1024w, https:\/\/www.mentormedia.com\/wp-content\/uploads\/2024\/02\/MM-HOSP-21-768x208.jpg 768w, https:\/\/www.mentormedia.com\/wp-content\/uploads\/2024\/02\/MM-HOSP-21-1536x416.jpg 1536w\" sizes=\"(max-width: 1920px) 100vw, 1920px\" \/><\/div>\r\n                <div class=\"bild-title container\">\r\n                <p class=\"headline wt-h1\"> \u0158\u00edzen\u00ed nemocni\u010dn\u00edch z\u00e1sob na sklad\u011b <\/p>\r\n                <\/div>\r\n        <\/section>\r\n\t\n\n\r\n                        <section class=\"textBlock \" style=\"background-color: #f5f5f5;\" >\r\n                            \r\n                                <div class=\"container\">\r\n                                    \r\n                                    \r\n                                    \r\n                                    <div class=\"row text\">\r\n                                        <div class=\"col\">\r\n                                            <div class=\"textBlock-text col-md-9\">\r\n                                                \n<p class=\"wp-block-wt-text-block\">\u0158\u00edzen\u00ed nemocni\u010dn\u00edch z\u00e1sob na sklad\u011b spole\u010dnosti Mentor Media poskytuje viditelnost pohybu z\u00e1sob na sklad\u011b a dobu pou\u017eitelnosti v re\u00e1ln\u00e9m \u010dase.<br><br>Jeho implementace sn\u00ed\u017e\u00ed ru\u010dn\u00ed a n\u00e1ro\u010dnou pr\u00e1ci s fyzick\u00fdmi kontrolami a po\u010dty \u00faprav. Vytvo\u0159en\u00ed jednotn\u00e9 platformy, pomoc\u00ed n\u00ed\u017e lze zohlednit pohyb a vyu\u017eit\u00ed z\u00e1sob na sklad\u011b. Poskytov\u00e1n\u00ed p\u0159esn\u00fdch progn\u00f3z a z\u00e1sobov\u00e1n\u00ed.<\/p>\n\r\n                                            <\/div>\r\n                                        <\/div>                                        \r\n                                    <\/div>                                                                        \r\n                                <\/div>                                \r\n                        <\/section>\r\n                    \n\n\r\n                        <section class=\"textBlock \"  >\r\n                            \r\n                                <div class=\"container\">\r\n                                    \r\n                                    \r\n                                    \r\n                                    <div class=\"row text\">\r\n                                        <div class=\"col\">\r\n                                            <div class=\"textBlock-text col-md-9\">\r\n                                                \n<p class=\"wp-block-wt-text-block\">Vlastn\u00ed v\u00fdvoj softwarov\u00e9 aplikace pro \u0159e\u0161en\u00ed vysokofrekven\u010dn\u00ed identifikace (RFID) spole\u010dnosti Mentor Media lze p\u0159izp\u016fsobit po\u017eadavk\u016fm. Na\u0161e slu\u017eba je licencovanou slu\u017ebou pro import \u00fadaj\u016f a je registrov\u00e1na IMDA.<br><br>Mezi p\u0159\u00edm\u00e9 v\u00fdhody \u0159e\u0161en\u00ed RFID pat\u0159\u00ed \u0159\u00edzen\u00ed z\u00e1sob na sklad\u011b v re\u00e1ln\u00e9m \u010dase, jako je sledovatelnost, expirace a pou\u017eit\u00ed, sn\u00ed\u017een\u00ed n\u00e1klad\u016f na pracovn\u00ed s\u00edlu, logistika z\u00e1sob na sklad\u011b v nemocnici.<br><br>Nab\u00edz\u00edme \u0159adu \u0159e\u0161en\u00ed RFID, od nemocni\u010dn\u00edch l\u00e9k\u00e1ren s pevnou instalac\u00ed hardwaru a\u017e po mobiln\u00ed za\u0159\u00edzen\u00ed pro pohyblivost.<br><br>Viditelnost z\u00e1sob na sklad\u011b lze d\u00e1le vylep\u0161it pomoc\u00ed integrace API nebo aplikace vyvinut\u00e9 spole\u010dnost\u00ed Mentor Media.<\/p>\n\r\n                                            <\/div>\r\n                                        <\/div>                                        \r\n                                    <\/div>                                                                        \r\n                                <\/div>                                \r\n                        <\/section>\r\n                    \n\n\t<div class='full-width-case-study'><div class='container'>\t<div class=\"portfolio-main isotope-init portfolio-full_width_spacing full-width-section full-width-content\" data-frame=\"square\" data-fluid_image=\"true\" data-is_full_width=\"true\">\r\n\t\t<div class=\"portfolio-main-inner portfolio-col-3\">\r\n\t\t\t<div class=\"filter clearfix\">\r\n\t\t\t\t\t\t\t<h4>P\u0158\u00cdPADOV\u00c9 STUDIE<\/h4>\r\n\t\t\t\t\t\t<\/div>\r\n\t\t\t\r\n\t\t\r\n\t\t<div class=\"portfolio-wrapper\">\r\n\t\t\t<div class=\"portfolio-isotope-container\">\r\n\t\t\t\t\t\t\t\t\t<div class=\"isotope-item  hospital-inventory-management-cs healthcare-service-solutions-cs\">\r\n\t\t\t\t\t\t<div class=\"portfolio-item\">\r\n\t\t\t\t\t\t\t<div class=\"portfolio-img\"><a href=\"https:\/\/www.mentormedia.com\/cs\/case_study\/rizeni-nemocnicnich-zasob-na-sklade\/\" style=\"background-image: url(https:\/\/www.mentormedia.com\/wp-content\/uploads\/2026\/02\/MM-CASE-HC-HOSPITAL.webp);\" class=\"custom-shape no_under\"><\/a><\/div>\r\n\t\t\t\t\t\t\t<a class=\"portfolio-info no_under\" href=\"https:\/\/www.mentormedia.com\/cs\/case_study\/rizeni-nemocnicnich-zasob-na-sklade\/\">\r\n\t\t\t\t\t\t\t\t<div class=\"portfolio-title\"><h6>\u0158\u00edzen\u00ed nemocni\u010dn\u00edch z\u00e1sob na sklad\u011b<\/h6><\/div>\r\n\t\t\t\t\t\t\t<\/a>\r\n\t\t\t\t\t\t<\/div>\r\n\t\t\t\t\t<\/div>\r\n\t\t\t\t\t\t\t\t<\/div>\r\n\t\t<\/div>\r\n\t<\/div>\r\n\t<\/div>\r\n\t<\/div><\/div>\t","protected":false},"excerpt":{"rendered":"","protected":false},"author":1,"featured_media":0,"parent":0,"menu_order":0,"comment_status":"closed","ping_status":"closed","template":"","meta":{"footnotes":""},"class_list":["post-4183","page","type-page","status-publish","hentry"],"yoast_head":"<!-- This site is optimized with the Yoast SEO plugin v27.5 - https:\/\/yoast.com\/product\/yoast-seo-wordpress\/ -->\n<title>\u0158\u00edzen\u00ed nemocni\u010dn\u00edch z\u00e1sob na sklad\u011b - Mentor Media<\/title>\n<meta name=\"description\" content=\"\u0158\u00edzen\u00ed nemocni\u010dn\u00edch z\u00e1sob na sklad\u011b spole\u010dnosti Mentor Media poskytuje viditelnost pohybu z\u00e1sob na sklad\u011b a dobu pou\u017eitelnosti v re\u00e1ln\u00e9m \u010dase.\" \/>\n<meta name=\"robots\" content=\"index, follow, max-snippet:-1, max-image-preview:large, max-video-preview:-1\" \/>\n<link rel=\"canonical\" href=\"https:\/\/www.mentormedia.com\/hospital-inventory-management\/\" \/>\n<meta property=\"og:locale\" content=\"cs_CZ\" \/>\n<meta property=\"og:type\" content=\"article\" \/>\n<meta property=\"og:title\" content=\"\u0158\u00edzen\u00ed nemocni\u010dn\u00edch z\u00e1sob na sklad\u011b - Mentor Media\" \/>\n<meta property=\"og:description\" content=\"\u0158\u00edzen\u00ed nemocni\u010dn\u00edch z\u00e1sob na sklad\u011b spole\u010dnosti Mentor Media poskytuje viditelnost pohybu z\u00e1sob na sklad\u011b a dobu pou\u017eitelnosti v re\u00e1ln\u00e9m \u010dase.\" \/>\n<meta property=\"og:url\" content=\"https:\/\/www.mentormedia.com\/hospital-inventory-management\/\" \/>\n<meta property=\"og:site_name\" content=\"Mentor Media\" \/>\n<meta property=\"article:modified_time\" content=\"2024-02-19T12:53:14+00:00\" \/>\n<meta name=\"twitter:card\" content=\"summary_large_image\" \/>\n<meta name=\"twitter:label1\" content=\"Odhadovan\u00e1 doba \u010dten\u00ed\" \/>\n\t<meta name=\"twitter:data1\" content=\"1 minuta\" \/>\n<script type=\"application\/ld+json\" class=\"yoast-schema-graph\">{\"@context\":\"https:\\\/\\\/schema.org\",\"@graph\":[{\"@type\":\"WebPage\",\"@id\":\"https:\\\/\\\/www.mentormedia.com\\\/hospital-inventory-management\\\/\",\"url\":\"https:\\\/\\\/www.mentormedia.com\\\/hospital-inventory-management\\\/\",\"name\":\"\u0158\u00edzen\u00ed nemocni\u010dn\u00edch z\u00e1sob na sklad\u011b - Mentor Media\",\"isPartOf\":{\"@id\":\"https:\\\/\\\/www.mentormedia.com\\\/#website\"},\"datePublished\":\"2022-11-03T12:29:18+00:00\",\"dateModified\":\"2024-02-19T12:53:14+00:00\",\"description\":\"\u0158\u00edzen\u00ed nemocni\u010dn\u00edch z\u00e1sob na sklad\u011b spole\u010dnosti Mentor Media poskytuje viditelnost pohybu z\u00e1sob na sklad\u011b a dobu pou\u017eitelnosti v re\u00e1ln\u00e9m \u010dase.\",\"breadcrumb\":{\"@id\":\"https:\\\/\\\/www.mentormedia.com\\\/hospital-inventory-management\\\/#breadcrumb\"},\"inLanguage\":\"cs\",\"potentialAction\":[{\"@type\":\"ReadAction\",\"target\":[\"https:\\\/\\\/www.mentormedia.com\\\/hospital-inventory-management\\\/\"]}]},{\"@type\":\"BreadcrumbList\",\"@id\":\"https:\\\/\\\/www.mentormedia.com\\\/hospital-inventory-management\\\/#breadcrumb\",\"itemListElement\":[{\"@type\":\"ListItem\",\"position\":1,\"name\":\"Home\",\"item\":\"https:\\\/\\\/www.mentormedia.com\\\/cs\\\/\"},{\"@type\":\"ListItem\",\"position\":2,\"name\":\"\u0158\u00edzen\u00ed nemocni\u010dn\u00edch z\u00e1sob na sklad\u011b\"}]},{\"@type\":\"WebSite\",\"@id\":\"https:\\\/\\\/www.mentormedia.com\\\/#website\",\"url\":\"https:\\\/\\\/www.mentormedia.com\\\/\",\"name\":\"Mentor Media\",\"description\":\"Global Supply Chain Solutions\",\"publisher\":{\"@id\":\"https:\\\/\\\/www.mentormedia.com\\\/#organization\"},\"potentialAction\":[{\"@type\":\"SearchAction\",\"target\":{\"@type\":\"EntryPoint\",\"urlTemplate\":\"https:\\\/\\\/www.mentormedia.com\\\/?s={search_term_string}\"},\"query-input\":{\"@type\":\"PropertyValueSpecification\",\"valueRequired\":true,\"valueName\":\"search_term_string\"}}],\"inLanguage\":\"cs\"},{\"@type\":\"Organization\",\"@id\":\"https:\\\/\\\/www.mentormedia.com\\\/#organization\",\"name\":\"Mentor Media\",\"url\":\"https:\\\/\\\/www.mentormedia.com\\\/\",\"logo\":{\"@type\":\"ImageObject\",\"inLanguage\":\"cs\",\"@id\":\"https:\\\/\\\/www.mentormedia.com\\\/#\\\/schema\\\/logo\\\/image\\\/\",\"url\":\"https:\\\/\\\/www.mentormedia.com\\\/wp-content\\\/uploads\\\/2026\\\/02\\\/logo-mentor-media.webp\",\"contentUrl\":\"https:\\\/\\\/www.mentormedia.com\\\/wp-content\\\/uploads\\\/2026\\\/02\\\/logo-mentor-media.webp\",\"width\":200,\"height\":82,\"caption\":\"Mentor Media\"},\"image\":{\"@id\":\"https:\\\/\\\/www.mentormedia.com\\\/#\\\/schema\\\/logo\\\/image\\\/\"}}]}<\/script>\n<!-- \/ Yoast SEO plugin. -->","yoast_head_json":{"title":"\u0158\u00edzen\u00ed nemocni\u010dn\u00edch z\u00e1sob na sklad\u011b - Mentor Media","description":"\u0158\u00edzen\u00ed nemocni\u010dn\u00edch z\u00e1sob na sklad\u011b spole\u010dnosti Mentor Media poskytuje viditelnost pohybu z\u00e1sob na sklad\u011b a dobu pou\u017eitelnosti v re\u00e1ln\u00e9m \u010dase.","robots":{"index":"index","follow":"follow","max-snippet":"max-snippet:-1","max-image-preview":"max-image-preview:large","max-video-preview":"max-video-preview:-1"},"canonical":"https:\/\/www.mentormedia.com\/hospital-inventory-management\/","og_locale":"cs_CZ","og_type":"article","og_title":"\u0158\u00edzen\u00ed nemocni\u010dn\u00edch z\u00e1sob na sklad\u011b - Mentor Media","og_description":"\u0158\u00edzen\u00ed nemocni\u010dn\u00edch z\u00e1sob na sklad\u011b spole\u010dnosti Mentor Media poskytuje viditelnost pohybu z\u00e1sob na sklad\u011b a dobu pou\u017eitelnosti v re\u00e1ln\u00e9m \u010dase.","og_url":"https:\/\/www.mentormedia.com\/hospital-inventory-management\/","og_site_name":"Mentor Media","article_modified_time":"2024-02-19T12:53:14+00:00","twitter_card":"summary_large_image","twitter_misc":{"Odhadovan\u00e1 doba \u010dten\u00ed":"1 minuta"},"schema":{"@context":"https:\/\/schema.org","@graph":[{"@type":"WebPage","@id":"https:\/\/www.mentormedia.com\/hospital-inventory-management\/","url":"https:\/\/www.mentormedia.com\/hospital-inventory-management\/","name":"\u0158\u00edzen\u00ed nemocni\u010dn\u00edch z\u00e1sob na sklad\u011b - Mentor Media","isPartOf":{"@id":"https:\/\/www.mentormedia.com\/#website"},"datePublished":"2022-11-03T12:29:18+00:00","dateModified":"2024-02-19T12:53:14+00:00","description":"\u0158\u00edzen\u00ed nemocni\u010dn\u00edch z\u00e1sob na sklad\u011b spole\u010dnosti Mentor Media poskytuje viditelnost pohybu z\u00e1sob na sklad\u011b a dobu pou\u017eitelnosti v re\u00e1ln\u00e9m \u010dase.","breadcrumb":{"@id":"https:\/\/www.mentormedia.com\/hospital-inventory-management\/#breadcrumb"},"inLanguage":"cs","potentialAction":[{"@type":"ReadAction","target":["https:\/\/www.mentormedia.com\/hospital-inventory-management\/"]}]},{"@type":"BreadcrumbList","@id":"https:\/\/www.mentormedia.com\/hospital-inventory-management\/#breadcrumb","itemListElement":[{"@type":"ListItem","position":1,"name":"Home","item":"https:\/\/www.mentormedia.com\/cs\/"},{"@type":"ListItem","position":2,"name":"\u0158\u00edzen\u00ed nemocni\u010dn\u00edch z\u00e1sob na sklad\u011b"}]},{"@type":"WebSite","@id":"https:\/\/www.mentormedia.com\/#website","url":"https:\/\/www.mentormedia.com\/","name":"Mentor Media","description":"Global Supply Chain Solutions","publisher":{"@id":"https:\/\/www.mentormedia.com\/#organization"},"potentialAction":[{"@type":"SearchAction","target":{"@type":"EntryPoint","urlTemplate":"https:\/\/www.mentormedia.com\/?s={search_term_string}"},"query-input":{"@type":"PropertyValueSpecification","valueRequired":true,"valueName":"search_term_string"}}],"inLanguage":"cs"},{"@type":"Organization","@id":"https:\/\/www.mentormedia.com\/#organization","name":"Mentor Media","url":"https:\/\/www.mentormedia.com\/","logo":{"@type":"ImageObject","inLanguage":"cs","@id":"https:\/\/www.mentormedia.com\/#\/schema\/logo\/image\/","url":"https:\/\/www.mentormedia.com\/wp-content\/uploads\/2026\/02\/logo-mentor-media.webp","contentUrl":"https:\/\/www.mentormedia.com\/wp-content\/uploads\/2026\/02\/logo-mentor-media.webp","width":200,"height":82,"caption":"Mentor Media"},"image":{"@id":"https:\/\/www.mentormedia.com\/#\/schema\/logo\/image\/"}}]}},"_links":{"self":[{"href":"https:\/\/www.mentormedia.com\/cs\/wp-json\/wp\/v2\/pages\/4183","targetHints":{"allow":["GET"]}}],"collection":[{"href":"https:\/\/www.mentormedia.com\/cs\/wp-json\/wp\/v2\/pages"}],"about":[{"href":"https:\/\/www.mentormedia.com\/cs\/wp-json\/wp\/v2\/types\/page"}],"author":[{"embeddable":true,"href":"https:\/\/www.mentormedia.com\/cs\/wp-json\/wp\/v2\/users\/1"}],"replies":[{"embeddable":true,"href":"https:\/\/www.mentormedia.com\/cs\/wp-json\/wp\/v2\/comments?post=4183"}],"version-history":[{"count":8,"href":"https:\/\/www.mentormedia.com\/cs\/wp-json\/wp\/v2\/pages\/4183\/revisions"}],"predecessor-version":[{"id":7950,"href":"https:\/\/www.mentormedia.com\/cs\/wp-json\/wp\/v2\/pages\/4183\/revisions\/7950"}],"wp:attachment":[{"href":"https:\/\/www.mentormedia.com\/cs\/wp-json\/wp\/v2\/media?parent=4183"}],"curies":[{"name":"wp","href":"https:\/\/api.w.org\/{rel}","templated":true}]}}