{"id":4174,"date":"2022-11-03T20:23:32","date_gmt":"2022-11-03T12:23:32","guid":{"rendered":"https:\/\/www.mentormedia.com\/reseni\/centrum-distribuce-zdravotni-pece\/"},"modified":"2024-02-19T13:50:03","modified_gmt":"2024-02-19T12:50:03","slug":"centrum-distribuce-zdravotni-pece","status":"publish","type":"page","link":"https:\/\/www.mentormedia.com\/cs\/centrum-distribuce-zdravotni-pece\/","title":{"rendered":"Centrum distribuce zdravotn\u00ed p\u00e9\u010de"},"content":{"rendered":"\r\n\t\t<section class=\"titlebild-section titlebild-block-id-69f3c805f417f titlebild-block-layout bottom\">\r\n                <div class=\"full-bild\"> <img fetchpriority=\"high\" decoding=\"sync\" width=\"2100\" height=\"1071\" src=\"https:\/\/www.mentormedia.com\/wp-content\/uploads\/2022\/11\/healthcare-distribution-centre.jpeg\" class=\"img-fluid\" alt=\"Healthcare Distribution Centre\" srcset=\"https:\/\/www.mentormedia.com\/wp-content\/uploads\/2022\/11\/healthcare-distribution-centre.jpeg 2100w, https:\/\/www.mentormedia.com\/wp-content\/uploads\/2022\/11\/healthcare-distribution-centre-300x153.jpeg 300w, https:\/\/www.mentormedia.com\/wp-content\/uploads\/2022\/11\/healthcare-distribution-centre-1024x522.jpeg 1024w, https:\/\/www.mentormedia.com\/wp-content\/uploads\/2022\/11\/healthcare-distribution-centre-768x392.jpeg 768w, https:\/\/www.mentormedia.com\/wp-content\/uploads\/2022\/11\/healthcare-distribution-centre-1536x783.jpeg 1536w, https:\/\/www.mentormedia.com\/wp-content\/uploads\/2022\/11\/healthcare-distribution-centre-2048x1044.jpeg 2048w\" sizes=\"(max-width: 2100px) 100vw, 2100px\" \/><\/div>\r\n                <div class=\"bild-title container\">\r\n                <p class=\"headline wt-h1\"> Centrum distribuce zdravotn\u00ed p\u00e9\u010de <\/p>\r\n                <\/div>\r\n        <\/section>\r\n\t\n\n\r\n                        <section class=\"textBlock \" style=\"background-color: #f5f5f5;\" >\r\n                            \r\n                                <div class=\"container\">\r\n                                    \r\n                                    \r\n                                    \r\n                                    <div class=\"row text\">\r\n                                        <div class=\"col\">\r\n                                            <div class=\"textBlock-text col-md-9\">\r\n                                                \n<p class=\"wp-block-wt-text-block\">Spole\u010dnost Mentor Media spl\u0148uje po\u017eadavky nap\u0159\u00ed\u010d r\u016fzn\u00fdmi stadii dodavatelsk\u00e9ho \u0159et\u011bzce. \u0158\u00edzen\u00ed po\u017eadavk\u016f a o\u010dek\u00e1v\u00e1n\u00ed pomoc\u00ed proch\u00e1zen\u00ed probl\u00e9m\u016f a p\u0159\u00edle\u017eitost\u00ed v ter\u00e9nu zdravotn\u00ed p\u00e9\u010de.<br><br>Jsme domovem za\u0159\u00edzen\u00ed 3PL s certifikac\u00ed ISO a GDPMDS, kter\u00fd v sou\u010dasnosti uspokojuje neust\u00e1le se m\u011bn\u00edc\u00ed po\u017eadavky klient\u016f.<\/p>\n\r\n                                            <\/div>\r\n                                        <\/div>                                        \r\n                                    <\/div>                                                                        \r\n                                <\/div>                                \r\n                        <\/section>\r\n                    \n\n\r\n                        <section class=\"textBlock \"  >\r\n                            \r\n                                <div class=\"container\">\r\n                                    \r\n                                    \r\n                                    \r\n                                    <div class=\"row text\">\r\n                                        <div class=\"col\">\r\n                                            <div class=\"textBlock-text col-md-9\">\r\n                                                \n<p class=\"wp-block-wt-text-block\">Jsme domovem za\u0159\u00edzen\u00ed 3PL s certifikac\u00ed ISO a GDPMDS, kter\u00fd v sou\u010dasnosti uspokojuje neust\u00e1le se m\u011bn\u00edc\u00ed po\u017eadavky klient\u016f.<br><br>V souladu se z\u00e1kladn\u00edmi hodnotami spole\u010dnosti Mentor Media spo\u010d\u00edvaj\u00edc\u00edmi v poskytov\u00e1n\u00ed inovativn\u00edch \u0159e\u0161en\u00ed a proces\u016f jsou tyto hodnoty p\u0159evedeny tak\u00e9 do na\u0161ich \u0159e\u0161en\u00ed v odv\u011btv\u00ed zdravotn\u00ed p\u00e9\u010de. Vyu\u017e\u00edv\u00e1n\u00ed sklad\u016f s \u0159\u00edzenou teplotou spole\u010dnosti Mentor Media a zapojen\u00ed kvalifikovan\u00fdch oper\u00e1tor\u016f zaji\u0161\u0165uje vysokou \u00farove\u0148 slu\u017eeb. Fungujeme \u00fa\u010dinn\u011b a propojujeme r\u016fzn\u00e9 \u00faseky logistiky, abychom zajistili bezprobl\u00e9mov\u00e9 doru\u010den\u00ed pacient\u016fm.<\/p>\n\r\n                                            <\/div>\r\n                                        <\/div>                                        \r\n                                    <\/div>                                                                        \r\n                                <\/div>                                \r\n                        <\/section>\r\n                    \n\n\t<div class='full-width-case-study'><div class='container'>\t<div class=\"portfolio-main isotope-init portfolio-full_width_spacing full-width-section full-width-content\" data-frame=\"square\" data-fluid_image=\"true\" data-is_full_width=\"true\">\r\n\t\t<div class=\"portfolio-main-inner portfolio-col-3\">\r\n\t\t\t<div class=\"filter clearfix\">\r\n\t\t\t\t\t\t\t<h4>P\u0158\u00cdPADOV\u00c9 STUDIE<\/h4>\r\n\t\t\t\t\t\t<\/div>\r\n\t\t\t\r\n\t\t\r\n\t\t<div class=\"portfolio-wrapper\">\r\n\t\t\t<div class=\"portfolio-isotope-container\">\r\n\t\t\t\t\t\t\t\t\t<div class=\"isotope-item  healthcare-distribution-centre-cs healthcare-service-solutions-cs\">\r\n\t\t\t\t\t\t<div class=\"portfolio-item\">\r\n\t\t\t\t\t\t\t<div class=\"portfolio-img\"><a href=\"https:\/\/www.mentormedia.com\/cs\/case_study\/centrum-distribuce-zdravotni-pece\/\" style=\"background-image: url(https:\/\/www.mentormedia.com\/wp-content\/uploads\/2026\/02\/MM-CASE-HC-DISTRIBUTIONC.webp);\" class=\"custom-shape no_under\"><\/a><\/div>\r\n\t\t\t\t\t\t\t<a class=\"portfolio-info no_under\" href=\"https:\/\/www.mentormedia.com\/cs\/case_study\/centrum-distribuce-zdravotni-pece\/\">\r\n\t\t\t\t\t\t\t\t<div class=\"portfolio-title\"><h6>Centrum distribuce zdravotn\u00ed p\u00e9\u010de<\/h6><\/div>\r\n\t\t\t\t\t\t\t<\/a>\r\n\t\t\t\t\t\t<\/div>\r\n\t\t\t\t\t<\/div>\r\n\t\t\t\t\t\t\t\t<\/div>\r\n\t\t<\/div>\r\n\t<\/div>\r\n\t<\/div>\r\n\t<\/div><\/div>\t","protected":false},"excerpt":{"rendered":"","protected":false},"author":1,"featured_media":0,"parent":0,"menu_order":0,"comment_status":"closed","ping_status":"closed","template":"","meta":{"footnotes":""},"class_list":["post-4174","page","type-page","status-publish","hentry"],"yoast_head":"<!-- This site is optimized with the Yoast SEO plugin v27.5 - https:\/\/yoast.com\/product\/yoast-seo-wordpress\/ -->\n<title>Centrum distribuce zdravotn\u00ed p\u00e9\u010de - Mentor Media<\/title>\n<meta name=\"description\" content=\"Jsme domovem za\u0159\u00edzen\u00ed 3PL s certifikac\u00ed ISO a GDPMDS, kter\u00fd v sou\u010dasnosti uspokojuje neust\u00e1le se m\u011bn\u00edc\u00ed po\u017eadavky klient\u016f.\" \/>\n<meta name=\"robots\" content=\"index, follow, max-snippet:-1, max-image-preview:large, max-video-preview:-1\" \/>\n<link rel=\"canonical\" href=\"https:\/\/www.mentormedia.com\/healthcare-distribution-centre\/\" \/>\n<meta property=\"og:locale\" content=\"cs_CZ\" \/>\n<meta property=\"og:type\" content=\"article\" \/>\n<meta property=\"og:title\" content=\"Centrum distribuce zdravotn\u00ed p\u00e9\u010de - Mentor Media\" \/>\n<meta property=\"og:description\" content=\"Jsme domovem za\u0159\u00edzen\u00ed 3PL s certifikac\u00ed ISO a GDPMDS, kter\u00fd v sou\u010dasnosti uspokojuje neust\u00e1le se m\u011bn\u00edc\u00ed po\u017eadavky klient\u016f.\" \/>\n<meta property=\"og:url\" content=\"https:\/\/www.mentormedia.com\/healthcare-distribution-centre\/\" \/>\n<meta property=\"og:site_name\" content=\"Mentor Media\" \/>\n<meta property=\"article:modified_time\" content=\"2024-02-19T12:50:03+00:00\" \/>\n<meta name=\"twitter:card\" content=\"summary_large_image\" \/>\n<meta name=\"twitter:label1\" content=\"Odhadovan\u00e1 doba \u010dten\u00ed\" \/>\n\t<meta name=\"twitter:data1\" content=\"1 minuta\" \/>\n<script type=\"application\/ld+json\" class=\"yoast-schema-graph\">{\"@context\":\"https:\\\/\\\/schema.org\",\"@graph\":[{\"@type\":\"WebPage\",\"@id\":\"https:\\\/\\\/www.mentormedia.com\\\/healthcare-distribution-centre\\\/\",\"url\":\"https:\\\/\\\/www.mentormedia.com\\\/healthcare-distribution-centre\\\/\",\"name\":\"Centrum distribuce zdravotn\u00ed p\u00e9\u010de - Mentor Media\",\"isPartOf\":{\"@id\":\"https:\\\/\\\/www.mentormedia.com\\\/#website\"},\"datePublished\":\"2022-11-03T12:23:32+00:00\",\"dateModified\":\"2024-02-19T12:50:03+00:00\",\"description\":\"Jsme domovem za\u0159\u00edzen\u00ed 3PL s certifikac\u00ed ISO a GDPMDS, kter\u00fd v sou\u010dasnosti uspokojuje neust\u00e1le se m\u011bn\u00edc\u00ed po\u017eadavky klient\u016f.\",\"breadcrumb\":{\"@id\":\"https:\\\/\\\/www.mentormedia.com\\\/healthcare-distribution-centre\\\/#breadcrumb\"},\"inLanguage\":\"cs\",\"potentialAction\":[{\"@type\":\"ReadAction\",\"target\":[\"https:\\\/\\\/www.mentormedia.com\\\/healthcare-distribution-centre\\\/\"]}]},{\"@type\":\"BreadcrumbList\",\"@id\":\"https:\\\/\\\/www.mentormedia.com\\\/healthcare-distribution-centre\\\/#breadcrumb\",\"itemListElement\":[{\"@type\":\"ListItem\",\"position\":1,\"name\":\"Home\",\"item\":\"https:\\\/\\\/www.mentormedia.com\\\/cs\\\/\"},{\"@type\":\"ListItem\",\"position\":2,\"name\":\"Centrum distribuce zdravotn\u00ed p\u00e9\u010de\"}]},{\"@type\":\"WebSite\",\"@id\":\"https:\\\/\\\/www.mentormedia.com\\\/#website\",\"url\":\"https:\\\/\\\/www.mentormedia.com\\\/\",\"name\":\"Mentor Media\",\"description\":\"Global Supply Chain Solutions\",\"publisher\":{\"@id\":\"https:\\\/\\\/www.mentormedia.com\\\/#organization\"},\"potentialAction\":[{\"@type\":\"SearchAction\",\"target\":{\"@type\":\"EntryPoint\",\"urlTemplate\":\"https:\\\/\\\/www.mentormedia.com\\\/?s={search_term_string}\"},\"query-input\":{\"@type\":\"PropertyValueSpecification\",\"valueRequired\":true,\"valueName\":\"search_term_string\"}}],\"inLanguage\":\"cs\"},{\"@type\":\"Organization\",\"@id\":\"https:\\\/\\\/www.mentormedia.com\\\/#organization\",\"name\":\"Mentor Media\",\"url\":\"https:\\\/\\\/www.mentormedia.com\\\/\",\"logo\":{\"@type\":\"ImageObject\",\"inLanguage\":\"cs\",\"@id\":\"https:\\\/\\\/www.mentormedia.com\\\/#\\\/schema\\\/logo\\\/image\\\/\",\"url\":\"https:\\\/\\\/www.mentormedia.com\\\/wp-content\\\/uploads\\\/2026\\\/02\\\/logo-mentor-media.webp\",\"contentUrl\":\"https:\\\/\\\/www.mentormedia.com\\\/wp-content\\\/uploads\\\/2026\\\/02\\\/logo-mentor-media.webp\",\"width\":200,\"height\":82,\"caption\":\"Mentor Media\"},\"image\":{\"@id\":\"https:\\\/\\\/www.mentormedia.com\\\/#\\\/schema\\\/logo\\\/image\\\/\"}}]}<\/script>\n<!-- \/ Yoast SEO plugin. -->","yoast_head_json":{"title":"Centrum distribuce zdravotn\u00ed p\u00e9\u010de - Mentor Media","description":"Jsme domovem za\u0159\u00edzen\u00ed 3PL s certifikac\u00ed ISO a GDPMDS, kter\u00fd v sou\u010dasnosti uspokojuje neust\u00e1le se m\u011bn\u00edc\u00ed po\u017eadavky klient\u016f.","robots":{"index":"index","follow":"follow","max-snippet":"max-snippet:-1","max-image-preview":"max-image-preview:large","max-video-preview":"max-video-preview:-1"},"canonical":"https:\/\/www.mentormedia.com\/healthcare-distribution-centre\/","og_locale":"cs_CZ","og_type":"article","og_title":"Centrum distribuce zdravotn\u00ed p\u00e9\u010de - Mentor Media","og_description":"Jsme domovem za\u0159\u00edzen\u00ed 3PL s certifikac\u00ed ISO a GDPMDS, kter\u00fd v sou\u010dasnosti uspokojuje neust\u00e1le se m\u011bn\u00edc\u00ed po\u017eadavky klient\u016f.","og_url":"https:\/\/www.mentormedia.com\/healthcare-distribution-centre\/","og_site_name":"Mentor Media","article_modified_time":"2024-02-19T12:50:03+00:00","twitter_card":"summary_large_image","twitter_misc":{"Odhadovan\u00e1 doba \u010dten\u00ed":"1 minuta"},"schema":{"@context":"https:\/\/schema.org","@graph":[{"@type":"WebPage","@id":"https:\/\/www.mentormedia.com\/healthcare-distribution-centre\/","url":"https:\/\/www.mentormedia.com\/healthcare-distribution-centre\/","name":"Centrum distribuce zdravotn\u00ed p\u00e9\u010de - Mentor Media","isPartOf":{"@id":"https:\/\/www.mentormedia.com\/#website"},"datePublished":"2022-11-03T12:23:32+00:00","dateModified":"2024-02-19T12:50:03+00:00","description":"Jsme domovem za\u0159\u00edzen\u00ed 3PL s certifikac\u00ed ISO a GDPMDS, kter\u00fd v sou\u010dasnosti uspokojuje neust\u00e1le se m\u011bn\u00edc\u00ed po\u017eadavky klient\u016f.","breadcrumb":{"@id":"https:\/\/www.mentormedia.com\/healthcare-distribution-centre\/#breadcrumb"},"inLanguage":"cs","potentialAction":[{"@type":"ReadAction","target":["https:\/\/www.mentormedia.com\/healthcare-distribution-centre\/"]}]},{"@type":"BreadcrumbList","@id":"https:\/\/www.mentormedia.com\/healthcare-distribution-centre\/#breadcrumb","itemListElement":[{"@type":"ListItem","position":1,"name":"Home","item":"https:\/\/www.mentormedia.com\/cs\/"},{"@type":"ListItem","position":2,"name":"Centrum distribuce zdravotn\u00ed p\u00e9\u010de"}]},{"@type":"WebSite","@id":"https:\/\/www.mentormedia.com\/#website","url":"https:\/\/www.mentormedia.com\/","name":"Mentor Media","description":"Global Supply Chain Solutions","publisher":{"@id":"https:\/\/www.mentormedia.com\/#organization"},"potentialAction":[{"@type":"SearchAction","target":{"@type":"EntryPoint","urlTemplate":"https:\/\/www.mentormedia.com\/?s={search_term_string}"},"query-input":{"@type":"PropertyValueSpecification","valueRequired":true,"valueName":"search_term_string"}}],"inLanguage":"cs"},{"@type":"Organization","@id":"https:\/\/www.mentormedia.com\/#organization","name":"Mentor Media","url":"https:\/\/www.mentormedia.com\/","logo":{"@type":"ImageObject","inLanguage":"cs","@id":"https:\/\/www.mentormedia.com\/#\/schema\/logo\/image\/","url":"https:\/\/www.mentormedia.com\/wp-content\/uploads\/2026\/02\/logo-mentor-media.webp","contentUrl":"https:\/\/www.mentormedia.com\/wp-content\/uploads\/2026\/02\/logo-mentor-media.webp","width":200,"height":82,"caption":"Mentor Media"},"image":{"@id":"https:\/\/www.mentormedia.com\/#\/schema\/logo\/image\/"}}]}},"_links":{"self":[{"href":"https:\/\/www.mentormedia.com\/cs\/wp-json\/wp\/v2\/pages\/4174","targetHints":{"allow":["GET"]}}],"collection":[{"href":"https:\/\/www.mentormedia.com\/cs\/wp-json\/wp\/v2\/pages"}],"about":[{"href":"https:\/\/www.mentormedia.com\/cs\/wp-json\/wp\/v2\/types\/page"}],"author":[{"embeddable":true,"href":"https:\/\/www.mentormedia.com\/cs\/wp-json\/wp\/v2\/users\/1"}],"replies":[{"embeddable":true,"href":"https:\/\/www.mentormedia.com\/cs\/wp-json\/wp\/v2\/comments?post=4174"}],"version-history":[{"count":10,"href":"https:\/\/www.mentormedia.com\/cs\/wp-json\/wp\/v2\/pages\/4174\/revisions"}],"predecessor-version":[{"id":7402,"href":"https:\/\/www.mentormedia.com\/cs\/wp-json\/wp\/v2\/pages\/4174\/revisions\/7402"}],"wp:attachment":[{"href":"https:\/\/www.mentormedia.com\/cs\/wp-json\/wp\/v2\/media?parent=4174"}],"curies":[{"name":"wp","href":"https:\/\/api.w.org\/{rel}","templated":true}]}}