{"id":4141,"date":"2022-11-03T18:43:31","date_gmt":"2022-11-03T10:43:31","guid":{"rendered":"https:\/\/www.mentormedia.com\/reseni\/rizeni-vratek-a-prepracovani\/"},"modified":"2024-02-19T14:37:20","modified_gmt":"2024-02-19T13:37:20","slug":"rizeni-vratek-a-prepracovani","status":"publish","type":"page","link":"https:\/\/www.mentormedia.com\/cs\/rizeni-vratek-a-prepracovani\/","title":{"rendered":"\u0158\u00edzen\u00ed vratek a p\u0159epracov\u00e1n\u00ed"},"content":{"rendered":"\r\n\t\t<section class=\"titlebild-section titlebild-block-id-6a07589c76aee titlebild-block-layout center\">\r\n                <div class=\"full-bild\"> <img fetchpriority=\"high\" decoding=\"sync\" width=\"1920\" height=\"520\" src=\"https:\/\/www.mentormedia.com\/wp-content\/uploads\/2024\/02\/MM-return-2.jpg\" class=\"img-fluid\" alt=\"MM Return\" srcset=\"https:\/\/www.mentormedia.com\/wp-content\/uploads\/2024\/02\/MM-return-2.jpg 1920w, https:\/\/www.mentormedia.com\/wp-content\/uploads\/2024\/02\/MM-return-2-300x81.jpg 300w, https:\/\/www.mentormedia.com\/wp-content\/uploads\/2024\/02\/MM-return-2-1024x277.jpg 1024w, https:\/\/www.mentormedia.com\/wp-content\/uploads\/2024\/02\/MM-return-2-768x208.jpg 768w, https:\/\/www.mentormedia.com\/wp-content\/uploads\/2024\/02\/MM-return-2-1536x416.jpg 1536w\" sizes=\"(max-width: 1920px) 100vw, 1920px\" \/><\/div>\r\n                <div class=\"bild-title container\">\r\n                <p class=\"headline wt-h1\"> \u0158\u00edzen\u00ed Vratek a P\u0159epracov\u00e1n\u00ed <\/p>\r\n                <\/div>\r\n        <\/section>\r\n\t\n\n\r\n                        <section class=\"textBlock \" style=\"background-color: #f5f5f5;\" >\r\n                            \r\n                                <div class=\"container\">\r\n                                    \r\n                                    \r\n                                    \r\n                                    <div class=\"row text\">\r\n                                        <div class=\"col\">\r\n                                            <div class=\"textBlock-text col-md-9\">\r\n                                                \n<p class=\"wp-block-wt-text-block\">\u0158e\u0161en\u00ed Mentor pro \u0159\u00edzen\u00ed vratek zefektiv\u0148uje tento proces pro v\u00fdrobce a distributory pro zv\u00fd\u0161en\u00ed jeho \u00fa\u010dinnosti a zv\u00fd\u0161en\u00ed hodnoty vracen\u00e9ho zbo\u017e\u00ed. \u0158e\u0161en\u00ed Mentor pokr\u00fdv\u00e1 v\u0161echny f\u00e1ze procesu vracen\u00ed od p\u0159\u00edjmu p\u0159es kontrolu, testov\u00e1n\u00ed a potenci\u00e1ln\u00ed p\u0159epracov\u00e1n\u00ed po kone\u010dnou dispozici podle po\u017eadavk\u016f jednotliv\u00fdch program\u016f.<\/p>\n\r\n                                            <\/div>\r\n                                        <\/div>                                        \r\n                                    <\/div>                                                                        \r\n                                <\/div>                                \r\n                        <\/section>\r\n                    \n\n\r\n                        <section class=\"textBlock \"  >\r\n                            \r\n                                <div class=\"container\">\r\n                                    \r\n                                    \r\n                                    \r\n                                    <div class=\"row text\">\r\n                                        <div class=\"col\">\r\n                                            <div class=\"textBlock-text col-md-9\">\r\n                                                <p>Glob\u00e1ln\u00ed infrastruktura dodavatelsk\u00e9ho \u0159et\u011bzce, syst\u00e9mov\u00e9 technologie a provozn\u00ed postupy Mentor p\u0159edstavuj\u00ed jedin\u00fd zdroj pro v\u0161echny f\u00e1ze procesu, kter\u00fd eliminuje n\u00e1klady na vracen\u00e9 zbo\u017e\u00ed a vytv\u00e1\u0159\u00ed hodnotu p\u0159epracovan\u00e9ho produktu.<\/p>\n\n<p>Program \u0159\u00edzen\u00ed vratek Mentor zahrnuje:<\/p>\n<ul>\n<li>Koordinaci logistiky vracen\u00ed pro okam\u017eitou obnovu.<\/li>\n<li>Slu\u017eby kontroly a testov\u00e1n\u00ed pro zaji\u0161t\u011bn\u00ed v\u00fdb\u011bru spr\u00e1vn\u00e9ho procesu n\u00e1sledn\u00e9 dispozice.<\/li>\n<li>Kompletn\u00ed p\u0159epracov\u00e1n\u00ed pro obnovu aktiv, kter\u00e1 lze vr\u00e1tit do z\u00e1sob za \u00fa\u010delem prodeje nebo druhotn\u00e9ho pou\u017eit\u00ed.<\/li>\n<li>\u0158e\u0161en\u00ed E-Business zahrnuj\u00edc\u00ed individualizovan\u00e9 internetov\u00e9 str\u00e1nky pro \u0159\u00edzen\u00ed vratek online, kter\u00e9 nab\u00edzej\u00ed z\u00e1kazn\u00edk\u016fm mo\u017enost zpracov\u00e1vat vratky, v\u010detn\u011b kompletn\u00ed logistiky zp\u011btn\u00e9ho toku zbo\u017e\u00ed a validace objedn\u00e1vek.<\/li>\n<li>Dokonal\u00e9 dodr\u017eov\u00e1n\u00ed p\u0159edpis\u016f ohledn\u011b z\u00e1konn\u00fdch po\u017eadavk\u016f kone\u010dn\u00e9 dispozice, v\u010detn\u011b op\u011btovn\u00e9ho prodeje nebo likvidace.<\/li>\n<\/ul>\r\n                                            <\/div>\r\n                                        <\/div>                                        \r\n                                    <\/div>                                                                        \r\n                                <\/div>                                \r\n                        <\/section>\r\n                    \n\n\t<div class='full-width-case-study'><div class='container'>\t<div class=\"portfolio-main isotope-init portfolio-full_width_spacing full-width-section full-width-content\" data-frame=\"square\" data-fluid_image=\"true\" data-is_full_width=\"true\">\r\n\t\t<div class=\"portfolio-main-inner portfolio-col-3\">\r\n\t\t\t<div class=\"filter clearfix\">\r\n\t\t\t\t\t\t\t<h4>P\u0158\u00cdPADOV\u00c9 STUDIE<\/h4>\r\n\t\t\t\t\t\t<\/div>\r\n\t\t\t\r\n\t\t\r\n\t\t<div class=\"portfolio-wrapper\">\r\n\t\t\t<div class=\"portfolio-isotope-container\">\r\n\t\t\t\t\t\t\t\t\t<div class=\"isotope-item  supply-chain-management-solutions-cs returns-management-and-refurbishment-cs\">\r\n\t\t\t\t\t\t<div class=\"portfolio-item\">\r\n\t\t\t\t\t\t\t<div class=\"portfolio-img\"><a href=\"https:\/\/www.mentormedia.com\/cs\/case_study\/velkoobchodni-b2b-podnikova-technologie\/\" style=\"background-image: url(https:\/\/www.mentormedia.com\/wp-content\/uploads\/2026\/02\/MM-case-b2b.webp);\" class=\"custom-shape no_under\"><\/a><\/div>\r\n\t\t\t\t\t\t\t<a class=\"portfolio-info no_under\" href=\"https:\/\/www.mentormedia.com\/cs\/case_study\/velkoobchodni-b2b-podnikova-technologie\/\">\r\n\t\t\t\t\t\t\t\t<div class=\"portfolio-title\"><h6>Velkoobchodn\u00ed (B2B) podnikov\u00e1 technologie<\/h6><\/div>\r\n\t\t\t\t\t\t\t<\/a>\r\n\t\t\t\t\t\t<\/div>\r\n\t\t\t\t\t<\/div>\r\n\t\t\t\t\t\t\t\t<\/div>\r\n\t\t<\/div>\r\n\t<\/div>\r\n\t<\/div>\r\n\t<\/div><\/div>\t","protected":false},"excerpt":{"rendered":"","protected":false},"author":1,"featured_media":0,"parent":0,"menu_order":0,"comment_status":"closed","ping_status":"closed","template":"","meta":{"footnotes":""},"class_list":["post-4141","page","type-page","status-publish","hentry"],"yoast_head":"<!-- This site is optimized with the Yoast SEO plugin v27.5 - https:\/\/yoast.com\/product\/yoast-seo-wordpress\/ -->\n<title>\u0158\u00edzen\u00ed vratek a p\u0159epracov\u00e1n\u00ed - Mentor Media<\/title>\n<meta name=\"description\" content=\"\u0158e\u0161en\u00ed Mentor pro \u0159\u00edzen\u00ed vratek zefektiv\u0148uje tento proces pro v\u00fdrobce a distributory pro zv\u00fd\u0161en\u00ed jeho \u00fa\u010dinnosti a zv\u00fd\u0161en\u00ed hodnoty vracen\u00e9ho zbo\u017e\u00ed.\" \/>\n<meta name=\"robots\" content=\"index, follow, max-snippet:-1, max-image-preview:large, max-video-preview:-1\" \/>\n<link rel=\"canonical\" href=\"https:\/\/www.mentormedia.com\/returns-management-and-refurbishment\/\" \/>\n<meta property=\"og:locale\" content=\"cs_CZ\" \/>\n<meta property=\"og:type\" content=\"article\" \/>\n<meta property=\"og:title\" content=\"\u0158\u00edzen\u00ed vratek a p\u0159epracov\u00e1n\u00ed - Mentor Media\" \/>\n<meta property=\"og:description\" content=\"\u0158e\u0161en\u00ed Mentor pro \u0159\u00edzen\u00ed vratek zefektiv\u0148uje tento proces pro v\u00fdrobce a distributory pro zv\u00fd\u0161en\u00ed jeho \u00fa\u010dinnosti a zv\u00fd\u0161en\u00ed hodnoty vracen\u00e9ho zbo\u017e\u00ed.\" \/>\n<meta property=\"og:url\" content=\"https:\/\/www.mentormedia.com\/returns-management-and-refurbishment\/\" \/>\n<meta property=\"og:site_name\" content=\"Mentor Media\" \/>\n<meta property=\"article:modified_time\" content=\"2024-02-19T13:37:20+00:00\" \/>\n<meta name=\"twitter:card\" content=\"summary_large_image\" \/>\n<meta name=\"twitter:label1\" content=\"Odhadovan\u00e1 doba \u010dten\u00ed\" \/>\n\t<meta name=\"twitter:data1\" content=\"1 minuta\" \/>\n<script type=\"application\/ld+json\" class=\"yoast-schema-graph\">{\"@context\":\"https:\\\/\\\/schema.org\",\"@graph\":[{\"@type\":\"WebPage\",\"@id\":\"https:\\\/\\\/www.mentormedia.com\\\/returns-management-and-refurbishment\\\/\",\"url\":\"https:\\\/\\\/www.mentormedia.com\\\/returns-management-and-refurbishment\\\/\",\"name\":\"\u0158\u00edzen\u00ed vratek a p\u0159epracov\u00e1n\u00ed - Mentor Media\",\"isPartOf\":{\"@id\":\"https:\\\/\\\/www.mentormedia.com\\\/#website\"},\"datePublished\":\"2022-11-03T10:43:31+00:00\",\"dateModified\":\"2024-02-19T13:37:20+00:00\",\"description\":\"\u0158e\u0161en\u00ed Mentor pro \u0159\u00edzen\u00ed vratek zefektiv\u0148uje tento proces pro v\u00fdrobce a distributory pro zv\u00fd\u0161en\u00ed jeho \u00fa\u010dinnosti a zv\u00fd\u0161en\u00ed hodnoty vracen\u00e9ho zbo\u017e\u00ed.\",\"breadcrumb\":{\"@id\":\"https:\\\/\\\/www.mentormedia.com\\\/returns-management-and-refurbishment\\\/#breadcrumb\"},\"inLanguage\":\"cs\",\"potentialAction\":[{\"@type\":\"ReadAction\",\"target\":[\"https:\\\/\\\/www.mentormedia.com\\\/returns-management-and-refurbishment\\\/\"]}]},{\"@type\":\"BreadcrumbList\",\"@id\":\"https:\\\/\\\/www.mentormedia.com\\\/returns-management-and-refurbishment\\\/#breadcrumb\",\"itemListElement\":[{\"@type\":\"ListItem\",\"position\":1,\"name\":\"Home\",\"item\":\"https:\\\/\\\/www.mentormedia.com\\\/cs\\\/\"},{\"@type\":\"ListItem\",\"position\":2,\"name\":\"\u0158\u00edzen\u00ed vratek a p\u0159epracov\u00e1n\u00ed\"}]},{\"@type\":\"WebSite\",\"@id\":\"https:\\\/\\\/www.mentormedia.com\\\/#website\",\"url\":\"https:\\\/\\\/www.mentormedia.com\\\/\",\"name\":\"Mentor Media\",\"description\":\"Global Supply Chain Solutions\",\"publisher\":{\"@id\":\"https:\\\/\\\/www.mentormedia.com\\\/#organization\"},\"potentialAction\":[{\"@type\":\"SearchAction\",\"target\":{\"@type\":\"EntryPoint\",\"urlTemplate\":\"https:\\\/\\\/www.mentormedia.com\\\/?s={search_term_string}\"},\"query-input\":{\"@type\":\"PropertyValueSpecification\",\"valueRequired\":true,\"valueName\":\"search_term_string\"}}],\"inLanguage\":\"cs\"},{\"@type\":\"Organization\",\"@id\":\"https:\\\/\\\/www.mentormedia.com\\\/#organization\",\"name\":\"Mentor Media\",\"url\":\"https:\\\/\\\/www.mentormedia.com\\\/\",\"logo\":{\"@type\":\"ImageObject\",\"inLanguage\":\"cs\",\"@id\":\"https:\\\/\\\/www.mentormedia.com\\\/#\\\/schema\\\/logo\\\/image\\\/\",\"url\":\"https:\\\/\\\/www.mentormedia.com\\\/wp-content\\\/uploads\\\/2026\\\/02\\\/logo-mentor-media.webp\",\"contentUrl\":\"https:\\\/\\\/www.mentormedia.com\\\/wp-content\\\/uploads\\\/2026\\\/02\\\/logo-mentor-media.webp\",\"width\":200,\"height\":82,\"caption\":\"Mentor Media\"},\"image\":{\"@id\":\"https:\\\/\\\/www.mentormedia.com\\\/#\\\/schema\\\/logo\\\/image\\\/\"}}]}<\/script>\n<!-- \/ Yoast SEO plugin. -->","yoast_head_json":{"title":"\u0158\u00edzen\u00ed vratek a p\u0159epracov\u00e1n\u00ed - Mentor Media","description":"\u0158e\u0161en\u00ed Mentor pro \u0159\u00edzen\u00ed vratek zefektiv\u0148uje tento proces pro v\u00fdrobce a distributory pro zv\u00fd\u0161en\u00ed jeho \u00fa\u010dinnosti a zv\u00fd\u0161en\u00ed hodnoty vracen\u00e9ho zbo\u017e\u00ed.","robots":{"index":"index","follow":"follow","max-snippet":"max-snippet:-1","max-image-preview":"max-image-preview:large","max-video-preview":"max-video-preview:-1"},"canonical":"https:\/\/www.mentormedia.com\/returns-management-and-refurbishment\/","og_locale":"cs_CZ","og_type":"article","og_title":"\u0158\u00edzen\u00ed vratek a p\u0159epracov\u00e1n\u00ed - Mentor Media","og_description":"\u0158e\u0161en\u00ed Mentor pro \u0159\u00edzen\u00ed vratek zefektiv\u0148uje tento proces pro v\u00fdrobce a distributory pro zv\u00fd\u0161en\u00ed jeho \u00fa\u010dinnosti a zv\u00fd\u0161en\u00ed hodnoty vracen\u00e9ho zbo\u017e\u00ed.","og_url":"https:\/\/www.mentormedia.com\/returns-management-and-refurbishment\/","og_site_name":"Mentor Media","article_modified_time":"2024-02-19T13:37:20+00:00","twitter_card":"summary_large_image","twitter_misc":{"Odhadovan\u00e1 doba \u010dten\u00ed":"1 minuta"},"schema":{"@context":"https:\/\/schema.org","@graph":[{"@type":"WebPage","@id":"https:\/\/www.mentormedia.com\/returns-management-and-refurbishment\/","url":"https:\/\/www.mentormedia.com\/returns-management-and-refurbishment\/","name":"\u0158\u00edzen\u00ed vratek a p\u0159epracov\u00e1n\u00ed - Mentor Media","isPartOf":{"@id":"https:\/\/www.mentormedia.com\/#website"},"datePublished":"2022-11-03T10:43:31+00:00","dateModified":"2024-02-19T13:37:20+00:00","description":"\u0158e\u0161en\u00ed Mentor pro \u0159\u00edzen\u00ed vratek zefektiv\u0148uje tento proces pro v\u00fdrobce a distributory pro zv\u00fd\u0161en\u00ed jeho \u00fa\u010dinnosti a zv\u00fd\u0161en\u00ed hodnoty vracen\u00e9ho zbo\u017e\u00ed.","breadcrumb":{"@id":"https:\/\/www.mentormedia.com\/returns-management-and-refurbishment\/#breadcrumb"},"inLanguage":"cs","potentialAction":[{"@type":"ReadAction","target":["https:\/\/www.mentormedia.com\/returns-management-and-refurbishment\/"]}]},{"@type":"BreadcrumbList","@id":"https:\/\/www.mentormedia.com\/returns-management-and-refurbishment\/#breadcrumb","itemListElement":[{"@type":"ListItem","position":1,"name":"Home","item":"https:\/\/www.mentormedia.com\/cs\/"},{"@type":"ListItem","position":2,"name":"\u0158\u00edzen\u00ed vratek a p\u0159epracov\u00e1n\u00ed"}]},{"@type":"WebSite","@id":"https:\/\/www.mentormedia.com\/#website","url":"https:\/\/www.mentormedia.com\/","name":"Mentor Media","description":"Global Supply Chain Solutions","publisher":{"@id":"https:\/\/www.mentormedia.com\/#organization"},"potentialAction":[{"@type":"SearchAction","target":{"@type":"EntryPoint","urlTemplate":"https:\/\/www.mentormedia.com\/?s={search_term_string}"},"query-input":{"@type":"PropertyValueSpecification","valueRequired":true,"valueName":"search_term_string"}}],"inLanguage":"cs"},{"@type":"Organization","@id":"https:\/\/www.mentormedia.com\/#organization","name":"Mentor Media","url":"https:\/\/www.mentormedia.com\/","logo":{"@type":"ImageObject","inLanguage":"cs","@id":"https:\/\/www.mentormedia.com\/#\/schema\/logo\/image\/","url":"https:\/\/www.mentormedia.com\/wp-content\/uploads\/2026\/02\/logo-mentor-media.webp","contentUrl":"https:\/\/www.mentormedia.com\/wp-content\/uploads\/2026\/02\/logo-mentor-media.webp","width":200,"height":82,"caption":"Mentor Media"},"image":{"@id":"https:\/\/www.mentormedia.com\/#\/schema\/logo\/image\/"}}]}},"_links":{"self":[{"href":"https:\/\/www.mentormedia.com\/cs\/wp-json\/wp\/v2\/pages\/4141","targetHints":{"allow":["GET"]}}],"collection":[{"href":"https:\/\/www.mentormedia.com\/cs\/wp-json\/wp\/v2\/pages"}],"about":[{"href":"https:\/\/www.mentormedia.com\/cs\/wp-json\/wp\/v2\/types\/page"}],"author":[{"embeddable":true,"href":"https:\/\/www.mentormedia.com\/cs\/wp-json\/wp\/v2\/users\/1"}],"replies":[{"embeddable":true,"href":"https:\/\/www.mentormedia.com\/cs\/wp-json\/wp\/v2\/comments?post=4141"}],"version-history":[{"count":11,"href":"https:\/\/www.mentormedia.com\/cs\/wp-json\/wp\/v2\/pages\/4141\/revisions"}],"predecessor-version":[{"id":7942,"href":"https:\/\/www.mentormedia.com\/cs\/wp-json\/wp\/v2\/pages\/4141\/revisions\/7942"}],"wp:attachment":[{"href":"https:\/\/www.mentormedia.com\/cs\/wp-json\/wp\/v2\/media?parent=4141"}],"curies":[{"name":"wp","href":"https:\/\/api.w.org\/{rel}","templated":true}]}}