{"id":4130,"date":"2022-11-03T18:32:22","date_gmt":"2022-11-03T10:32:22","guid":{"rendered":"https:\/\/www.mentormedia.com\/reseni\/skladovani-a-distribuce\/"},"modified":"2024-02-19T14:32:01","modified_gmt":"2024-02-19T13:32:01","slug":"skladovani-a-distribuce","status":"publish","type":"page","link":"https:\/\/www.mentormedia.com\/cs\/skladovani-a-distribuce\/","title":{"rendered":"Skladov\u00e1n\u00ed a distribuce"},"content":{"rendered":"\r\n\t\t<section class=\"titlebild-section titlebild-block-id-6a0508968d197 titlebild-block-layout center\">\r\n                <div class=\"full-bild\"> <img fetchpriority=\"high\" decoding=\"sync\" width=\"1920\" height=\"520\" src=\"https:\/\/www.mentormedia.com\/wp-content\/uploads\/2024\/02\/warehousing-and-distribution.jpeg\" class=\"img-fluid\" alt=\"Warehousing And Distribution\" srcset=\"https:\/\/www.mentormedia.com\/wp-content\/uploads\/2024\/02\/warehousing-and-distribution.jpeg 1920w, https:\/\/www.mentormedia.com\/wp-content\/uploads\/2024\/02\/warehousing-and-distribution-300x81.jpeg 300w, https:\/\/www.mentormedia.com\/wp-content\/uploads\/2024\/02\/warehousing-and-distribution-1024x277.jpeg 1024w, https:\/\/www.mentormedia.com\/wp-content\/uploads\/2024\/02\/warehousing-and-distribution-768x208.jpeg 768w, https:\/\/www.mentormedia.com\/wp-content\/uploads\/2024\/02\/warehousing-and-distribution-1536x416.jpeg 1536w\" sizes=\"(max-width: 1920px) 100vw, 1920px\" \/><\/div>\r\n                <div class=\"bild-title container\">\r\n                <p class=\"headline wt-h1\"> Skladov\u00e1n\u00ed A Distribuce <\/p>\r\n                <\/div>\r\n        <\/section>\r\n\t\n\n\r\n                        <section class=\"textBlock \" style=\"background-color: #f5f5f5;\" >\r\n                            \r\n                                <div class=\"container\">\r\n                                    \r\n                                    \r\n                                    \r\n                                    <div class=\"row text\">\r\n                                        <div class=\"col\">\r\n                                            <div class=\"textBlock-text col-md-9\">\r\n                                                \n<p class=\"wp-block-wt-text-block\">\u0158\u00edzen\u00ed skladov\u00e1n\u00ed a distribuce jsou z\u00e1kladem dodavatelsk\u00e9ho \u0159et\u011bzce a spole\u010dnost Mentor Media poskytuje z\u00e1kazn\u00edk\u016fm optim\u00e1ln\u00ed \u0159e\u0161en\u00ed d\u00edky \u0159\u00edzen\u00ed obou slo\u017eek a expedice hotov\u00fdch v\u00fdrobk\u016f podle individu\u00e1ln\u00edch pot\u0159eb jednotliv\u00fdch z\u00e1kazn\u00edk\u016f.<\/p>\n\r\n                                            <\/div>\r\n                                        <\/div>                                        \r\n                                    <\/div>                                                                        \r\n                                <\/div>                                \r\n                        <\/section>\r\n                    \n\n\r\n                        <section class=\"textBlock \"  >\r\n                            \r\n                                <div class=\"container\">\r\n                                    \r\n                                    \r\n                                    \r\n                                    <div class=\"row text\">\r\n                                        <div class=\"col\">\r\n                                            <div class=\"textBlock-text col-md-9\">\r\n                                                \n<p class=\"wp-block-wt-text-block\">Mentor nab\u00edz\u00ed pro z\u00e1kazn\u00edky a dodavatele komponent \u0159e\u0161en\u00ed koordinace programu \u201epla\u0165, a\u017e bude\u0161 skute\u010dn\u011b pot\u0159ebovat\u201c, kter\u00fd umo\u017e\u0148uje udr\u017eovat optim\u00e1ln\u00ed z\u00e1soby v na\u0161em syst\u00e9mu sklad\u016f pro ka\u017edou situaci bez vynakl\u00e1d\u00e1n\u00ed zbyte\u010dn\u00fdch n\u00e1klad\u016f. Mentor poskytuje slu\u017eby region\u00e1ln\u00edho skladov\u00e1n\u00ed v\u00fdrobk\u016f a konsolidaci pro pln\u011bn\u00ed po\u017eadavk\u016f na modely tvorby z\u00e1sob pro uspokojov\u00e1n\u00ed objedn\u00e1vek v r\u016fzn\u00fdch pr\u016fmyslov\u00fdch sektorech.<br><br>Jako specialista na zvl\u00e1\u0161tn\u00ed na\u0159\u00edzen\u00ed v jednotliv\u00fdch zem\u00edch zaji\u0161\u0165uje Mentor dodr\u017eov\u00e1n\u00ed p\u0159edpis\u016f a spolupracuje se v\u0161emi poskytovateli logistick\u00fdch slu\u017eeb pro v\u010dasn\u00e9 dod\u00e1vky komponent a produkt\u016f za \u00fa\u010delem sn\u00ed\u017een\u00ed n\u00e1klad\u016f a dosa\u017een\u00ed co nejkrat\u0161\u00edch lh\u016ft pro uveden\u00ed na trh.<\/p>\n\r\n                                            <\/div>\r\n                                        <\/div>                                        \r\n                                    <\/div>                                                                        \r\n                                <\/div>                                \r\n                        <\/section>\r\n                    \n\n\t<div class='full-width-case-study'><div class='container'>\t<div class=\"portfolio-main isotope-init portfolio-full_width_spacing full-width-section full-width-content\" data-frame=\"square\" data-fluid_image=\"true\" data-is_full_width=\"true\">\r\n\t\t<div class=\"portfolio-main-inner portfolio-col-3\">\r\n\t\t\t<div class=\"filter clearfix\">\r\n\t\t\t\t\t\t\t<h4>P\u0158\u00cdPADOV\u00c9 STUDIE<\/h4>\r\n\t\t\t\t\t\t<\/div>\r\n\t\t\t\r\n\t\t\r\n\t\t<div class=\"portfolio-wrapper\">\r\n\t\t\t<div class=\"portfolio-isotope-container\">\r\n\t\t\t\t\t\t\t\t\t<div class=\"isotope-item  supply-chain-management-solutions-cs warehousing-and-distribution-cs\">\r\n\t\t\t\t\t\t<div class=\"portfolio-item\">\r\n\t\t\t\t\t\t\t<div class=\"portfolio-img\"><a href=\"https:\/\/www.mentormedia.com\/cs\/case_study\/prima-expedice-mentor-mds-zjednoduseni-dodavatelskeho-retezce\/\" style=\"background-image: url(https:\/\/www.mentormedia.com\/wp-content\/uploads\/2026\/02\/MM-case-Direct-Ship.webp);\" class=\"custom-shape no_under\"><\/a><\/div>\r\n\t\t\t\t\t\t\t<a class=\"portfolio-info no_under\" href=\"https:\/\/www.mentormedia.com\/cs\/case_study\/prima-expedice-mentor-mds-zjednoduseni-dodavatelskeho-retezce\/\">\r\n\t\t\t\t\t\t\t\t<div class=\"portfolio-title\"><h6>P\u0159\u00edm\u00e1 expedice Mentor (MDS)<\/h6><\/div>\r\n\t\t\t\t\t\t\t<\/a>\r\n\t\t\t\t\t\t<\/div>\r\n\t\t\t\t\t<\/div>\r\n\t\t\t\t\t\t\t\t<\/div>\r\n\t\t<\/div>\r\n\t<\/div>\r\n\t<\/div>\r\n\t<\/div><\/div>\t","protected":false},"excerpt":{"rendered":"","protected":false},"author":1,"featured_media":0,"parent":0,"menu_order":0,"comment_status":"closed","ping_status":"closed","template":"","meta":{"footnotes":""},"class_list":["post-4130","page","type-page","status-publish","hentry"],"yoast_head":"<!-- This site is optimized with the Yoast SEO plugin v27.5 - https:\/\/yoast.com\/product\/yoast-seo-wordpress\/ -->\n<title>Skladov\u00e1n\u00ed a distribuce - Mentor Media<\/title>\n<meta name=\"description\" content=\"\u0158\u00edzen\u00ed skladov\u00e1n\u00ed a distribuce jsou z\u00e1kladem dodavatelsk\u00e9ho \u0159et\u011bzce a spole\u010dnost Mentor Media poskytuje z\u00e1kazn\u00edk\u016fm jejich optim\u00e1ln\u00ed \u0159e\u0161en\u00ed.\" \/>\n<meta name=\"robots\" content=\"index, follow, max-snippet:-1, max-image-preview:large, max-video-preview:-1\" \/>\n<link rel=\"canonical\" href=\"https:\/\/www.mentormedia.com\/warehousing-and-distribution\/\" \/>\n<meta property=\"og:locale\" content=\"cs_CZ\" \/>\n<meta property=\"og:type\" content=\"article\" \/>\n<meta property=\"og:title\" content=\"Skladov\u00e1n\u00ed a distribuce - Mentor Media\" \/>\n<meta property=\"og:description\" content=\"\u0158\u00edzen\u00ed skladov\u00e1n\u00ed a distribuce jsou z\u00e1kladem dodavatelsk\u00e9ho \u0159et\u011bzce a spole\u010dnost Mentor Media poskytuje z\u00e1kazn\u00edk\u016fm jejich optim\u00e1ln\u00ed \u0159e\u0161en\u00ed.\" \/>\n<meta property=\"og:url\" content=\"https:\/\/www.mentormedia.com\/warehousing-and-distribution\/\" \/>\n<meta property=\"og:site_name\" content=\"Mentor Media\" \/>\n<meta property=\"article:modified_time\" content=\"2024-02-19T13:32:01+00:00\" \/>\n<meta name=\"twitter:card\" content=\"summary_large_image\" \/>\n<meta name=\"twitter:label1\" content=\"Odhadovan\u00e1 doba \u010dten\u00ed\" \/>\n\t<meta name=\"twitter:data1\" content=\"1 minuta\" \/>\n<script type=\"application\/ld+json\" class=\"yoast-schema-graph\">{\"@context\":\"https:\\\/\\\/schema.org\",\"@graph\":[{\"@type\":\"WebPage\",\"@id\":\"https:\\\/\\\/www.mentormedia.com\\\/warehousing-and-distribution\\\/\",\"url\":\"https:\\\/\\\/www.mentormedia.com\\\/warehousing-and-distribution\\\/\",\"name\":\"Skladov\u00e1n\u00ed a distribuce - Mentor Media\",\"isPartOf\":{\"@id\":\"https:\\\/\\\/www.mentormedia.com\\\/#website\"},\"datePublished\":\"2022-11-03T10:32:22+00:00\",\"dateModified\":\"2024-02-19T13:32:01+00:00\",\"description\":\"\u0158\u00edzen\u00ed skladov\u00e1n\u00ed a distribuce jsou z\u00e1kladem dodavatelsk\u00e9ho \u0159et\u011bzce a spole\u010dnost Mentor Media poskytuje z\u00e1kazn\u00edk\u016fm jejich optim\u00e1ln\u00ed \u0159e\u0161en\u00ed.\",\"breadcrumb\":{\"@id\":\"https:\\\/\\\/www.mentormedia.com\\\/warehousing-and-distribution\\\/#breadcrumb\"},\"inLanguage\":\"cs\",\"potentialAction\":[{\"@type\":\"ReadAction\",\"target\":[\"https:\\\/\\\/www.mentormedia.com\\\/warehousing-and-distribution\\\/\"]}]},{\"@type\":\"BreadcrumbList\",\"@id\":\"https:\\\/\\\/www.mentormedia.com\\\/warehousing-and-distribution\\\/#breadcrumb\",\"itemListElement\":[{\"@type\":\"ListItem\",\"position\":1,\"name\":\"Home\",\"item\":\"https:\\\/\\\/www.mentormedia.com\\\/cs\\\/\"},{\"@type\":\"ListItem\",\"position\":2,\"name\":\"Skladov\u00e1n\u00ed a distribuce\"}]},{\"@type\":\"WebSite\",\"@id\":\"https:\\\/\\\/www.mentormedia.com\\\/#website\",\"url\":\"https:\\\/\\\/www.mentormedia.com\\\/\",\"name\":\"Mentor Media\",\"description\":\"Global Supply Chain Solutions\",\"publisher\":{\"@id\":\"https:\\\/\\\/www.mentormedia.com\\\/#organization\"},\"potentialAction\":[{\"@type\":\"SearchAction\",\"target\":{\"@type\":\"EntryPoint\",\"urlTemplate\":\"https:\\\/\\\/www.mentormedia.com\\\/?s={search_term_string}\"},\"query-input\":{\"@type\":\"PropertyValueSpecification\",\"valueRequired\":true,\"valueName\":\"search_term_string\"}}],\"inLanguage\":\"cs\"},{\"@type\":\"Organization\",\"@id\":\"https:\\\/\\\/www.mentormedia.com\\\/#organization\",\"name\":\"Mentor Media\",\"url\":\"https:\\\/\\\/www.mentormedia.com\\\/\",\"logo\":{\"@type\":\"ImageObject\",\"inLanguage\":\"cs\",\"@id\":\"https:\\\/\\\/www.mentormedia.com\\\/#\\\/schema\\\/logo\\\/image\\\/\",\"url\":\"https:\\\/\\\/www.mentormedia.com\\\/wp-content\\\/uploads\\\/2026\\\/02\\\/logo-mentor-media.webp\",\"contentUrl\":\"https:\\\/\\\/www.mentormedia.com\\\/wp-content\\\/uploads\\\/2026\\\/02\\\/logo-mentor-media.webp\",\"width\":200,\"height\":82,\"caption\":\"Mentor Media\"},\"image\":{\"@id\":\"https:\\\/\\\/www.mentormedia.com\\\/#\\\/schema\\\/logo\\\/image\\\/\"}}]}<\/script>\n<!-- \/ Yoast SEO plugin. -->","yoast_head_json":{"title":"Skladov\u00e1n\u00ed a distribuce - Mentor Media","description":"\u0158\u00edzen\u00ed skladov\u00e1n\u00ed a distribuce jsou z\u00e1kladem dodavatelsk\u00e9ho \u0159et\u011bzce a spole\u010dnost Mentor Media poskytuje z\u00e1kazn\u00edk\u016fm jejich optim\u00e1ln\u00ed \u0159e\u0161en\u00ed.","robots":{"index":"index","follow":"follow","max-snippet":"max-snippet:-1","max-image-preview":"max-image-preview:large","max-video-preview":"max-video-preview:-1"},"canonical":"https:\/\/www.mentormedia.com\/warehousing-and-distribution\/","og_locale":"cs_CZ","og_type":"article","og_title":"Skladov\u00e1n\u00ed a distribuce - Mentor Media","og_description":"\u0158\u00edzen\u00ed skladov\u00e1n\u00ed a distribuce jsou z\u00e1kladem dodavatelsk\u00e9ho \u0159et\u011bzce a spole\u010dnost Mentor Media poskytuje z\u00e1kazn\u00edk\u016fm jejich optim\u00e1ln\u00ed \u0159e\u0161en\u00ed.","og_url":"https:\/\/www.mentormedia.com\/warehousing-and-distribution\/","og_site_name":"Mentor Media","article_modified_time":"2024-02-19T13:32:01+00:00","twitter_card":"summary_large_image","twitter_misc":{"Odhadovan\u00e1 doba \u010dten\u00ed":"1 minuta"},"schema":{"@context":"https:\/\/schema.org","@graph":[{"@type":"WebPage","@id":"https:\/\/www.mentormedia.com\/warehousing-and-distribution\/","url":"https:\/\/www.mentormedia.com\/warehousing-and-distribution\/","name":"Skladov\u00e1n\u00ed a distribuce - Mentor Media","isPartOf":{"@id":"https:\/\/www.mentormedia.com\/#website"},"datePublished":"2022-11-03T10:32:22+00:00","dateModified":"2024-02-19T13:32:01+00:00","description":"\u0158\u00edzen\u00ed skladov\u00e1n\u00ed a distribuce jsou z\u00e1kladem dodavatelsk\u00e9ho \u0159et\u011bzce a spole\u010dnost Mentor Media poskytuje z\u00e1kazn\u00edk\u016fm jejich optim\u00e1ln\u00ed \u0159e\u0161en\u00ed.","breadcrumb":{"@id":"https:\/\/www.mentormedia.com\/warehousing-and-distribution\/#breadcrumb"},"inLanguage":"cs","potentialAction":[{"@type":"ReadAction","target":["https:\/\/www.mentormedia.com\/warehousing-and-distribution\/"]}]},{"@type":"BreadcrumbList","@id":"https:\/\/www.mentormedia.com\/warehousing-and-distribution\/#breadcrumb","itemListElement":[{"@type":"ListItem","position":1,"name":"Home","item":"https:\/\/www.mentormedia.com\/cs\/"},{"@type":"ListItem","position":2,"name":"Skladov\u00e1n\u00ed a distribuce"}]},{"@type":"WebSite","@id":"https:\/\/www.mentormedia.com\/#website","url":"https:\/\/www.mentormedia.com\/","name":"Mentor Media","description":"Global Supply Chain Solutions","publisher":{"@id":"https:\/\/www.mentormedia.com\/#organization"},"potentialAction":[{"@type":"SearchAction","target":{"@type":"EntryPoint","urlTemplate":"https:\/\/www.mentormedia.com\/?s={search_term_string}"},"query-input":{"@type":"PropertyValueSpecification","valueRequired":true,"valueName":"search_term_string"}}],"inLanguage":"cs"},{"@type":"Organization","@id":"https:\/\/www.mentormedia.com\/#organization","name":"Mentor Media","url":"https:\/\/www.mentormedia.com\/","logo":{"@type":"ImageObject","inLanguage":"cs","@id":"https:\/\/www.mentormedia.com\/#\/schema\/logo\/image\/","url":"https:\/\/www.mentormedia.com\/wp-content\/uploads\/2026\/02\/logo-mentor-media.webp","contentUrl":"https:\/\/www.mentormedia.com\/wp-content\/uploads\/2026\/02\/logo-mentor-media.webp","width":200,"height":82,"caption":"Mentor Media"},"image":{"@id":"https:\/\/www.mentormedia.com\/#\/schema\/logo\/image\/"}}]}},"_links":{"self":[{"href":"https:\/\/www.mentormedia.com\/cs\/wp-json\/wp\/v2\/pages\/4130","targetHints":{"allow":["GET"]}}],"collection":[{"href":"https:\/\/www.mentormedia.com\/cs\/wp-json\/wp\/v2\/pages"}],"about":[{"href":"https:\/\/www.mentormedia.com\/cs\/wp-json\/wp\/v2\/types\/page"}],"author":[{"embeddable":true,"href":"https:\/\/www.mentormedia.com\/cs\/wp-json\/wp\/v2\/users\/1"}],"replies":[{"embeddable":true,"href":"https:\/\/www.mentormedia.com\/cs\/wp-json\/wp\/v2\/comments?post=4130"}],"version-history":[{"count":8,"href":"https:\/\/www.mentormedia.com\/cs\/wp-json\/wp\/v2\/pages\/4130\/revisions"}],"predecessor-version":[{"id":7853,"href":"https:\/\/www.mentormedia.com\/cs\/wp-json\/wp\/v2\/pages\/4130\/revisions\/7853"}],"wp:attachment":[{"href":"https:\/\/www.mentormedia.com\/cs\/wp-json\/wp\/v2\/media?parent=4130"}],"curies":[{"name":"wp","href":"https:\/\/api.w.org\/{rel}","templated":true}]}}