{"id":4120,"date":"2022-11-03T18:27:00","date_gmt":"2022-11-03T10:27:00","guid":{"rendered":"https:\/\/www.mentormedia.com\/reseni\/individualni-konfigurace-a-vyroba\/"},"modified":"2024-02-19T14:29:18","modified_gmt":"2024-02-19T13:29:18","slug":"individualni-konfigurace-a-vyroba","status":"publish","type":"page","link":"https:\/\/www.mentormedia.com\/cs\/individualni-konfigurace-a-vyroba\/","title":{"rendered":"Individu\u00e1ln\u00ed konfigurace a v\u00fdroba"},"content":{"rendered":"\r\n\t\t<section class=\"titlebild-section titlebild-block-id-69f44510e8366 titlebild-block-layout center\">\r\n                <div class=\"full-bild\"> <img fetchpriority=\"high\" decoding=\"sync\" width=\"1920\" height=\"520\" src=\"https:\/\/www.mentormedia.com\/wp-content\/uploads\/2024\/02\/custom-configuration-and-manufacturing.jpeg\" class=\"img-fluid\" alt=\"Custom Configuration And Manufacturing\" srcset=\"https:\/\/www.mentormedia.com\/wp-content\/uploads\/2024\/02\/custom-configuration-and-manufacturing.jpeg 1920w, https:\/\/www.mentormedia.com\/wp-content\/uploads\/2024\/02\/custom-configuration-and-manufacturing-300x81.jpeg 300w, https:\/\/www.mentormedia.com\/wp-content\/uploads\/2024\/02\/custom-configuration-and-manufacturing-1024x277.jpeg 1024w, https:\/\/www.mentormedia.com\/wp-content\/uploads\/2024\/02\/custom-configuration-and-manufacturing-768x208.jpeg 768w, https:\/\/www.mentormedia.com\/wp-content\/uploads\/2024\/02\/custom-configuration-and-manufacturing-1536x416.jpeg 1536w\" sizes=\"(max-width: 1920px) 100vw, 1920px\" \/><\/div>\r\n                <div class=\"bild-title container\">\r\n                <p class=\"headline wt-h1\"> Individu\u00e1ln\u00ed Konfigurace A V\u00fdroba <\/p>\r\n                <\/div>\r\n        <\/section>\r\n\t\n\n\r\n                        <section class=\"textBlock \" style=\"background-color: #f5f5f5;\" >\r\n                            \r\n                                <div class=\"container\">\r\n                                    \r\n                                    \r\n                                    \r\n                                    <div class=\"row text\">\r\n                                        <div class=\"col\">\r\n                                            <div class=\"textBlock-text col-md-9\">\r\n                                                \n<p class=\"wp-block-wt-text-block\">Nov\u00e1 paradigmata dodavatelsk\u00e9ho \u0159et\u011bzce, kter\u00e1 se roz\u0161i\u0159uj\u00ed celosv\u011btov\u011b, vy\u017eaduj\u00ed vyu\u017eit\u00ed region\u00e1ln\u00edch mo\u017enost\u00ed zahrnuj\u00edc\u00edch r\u016fzn\u00e9 slu\u017eby kone\u010dn\u00fdch \u00faprav v\u00fdrobk\u016f. Zku\u0161enosti spole\u010dnosti Mentor s outsourcingem obchodn\u00edch proces\u016f jsou cenn\u00fdm p\u0159\u00ednosem pro tvorbu \u0159e\u0161en\u00ed individu\u00e1ln\u011b p\u0159izp\u016fsoben\u00fdch pro pln\u011bn\u00ed konkr\u00e9tn\u00edch po\u017eadavk\u016f ka\u017ed\u00e9ho klienta.<\/p>\n\r\n                                            <\/div>\r\n                                        <\/div>                                        \r\n                                    <\/div>                                                                        \r\n                                <\/div>                                \r\n                        <\/section>\r\n                    \n\n\r\n                        <section class=\"textBlock \"  >\r\n                            \r\n                                <div class=\"container\">\r\n                                    \r\n                                    \r\n                                    \r\n                                    <div class=\"row text\">\r\n                                        <div class=\"col\">\r\n                                            <div class=\"textBlock-text col-md-9\">\r\n                                                \n<p class=\"wp-block-wt-text-block\">Jsme vybaveni pro r\u016fzn\u00e9 v\u00fdrobn\u00ed procesy od jednoduch\u00e9ho balen\u00ed polotovar\u016f po komplexn\u00ed testov\u00e1n\u00ed a mont\u00e1\u017ee s vyu\u017eit\u00edm slo\u017eit\u00fdch technologi\u00ed Produktov\u00fd mix m\u016f\u017ee b\u00fdt bu\u010f n\u00edzko-objemov\u00e1 v\u00fdroba r\u016fzn\u00fdch produkt\u016f, nebo naopak vysoko-objemov\u00e1 v\u00fdroba mal\u00e9ho po\u010dtu r\u016fzn\u00fdch variant podle konkr\u00e9tn\u00edch c\u00edl\u016f a po\u017eadavk\u016f z\u00e1kazn\u00edka. Proto\u017ee jsme vybaveni technickou odbornost\u00ed na vysok\u00e9 \u00farovni a rozs\u00e1hl\u00fdmi zku\u0161enostmi s pohotov\u00fdmi v\u00fdrobn\u00edmi procesy, jsme schopni budovat trval\u00e1 vz\u00e1jemn\u011b v\u00fdhodn\u00e1 partnerstv\u00ed s d\u016frazem na systematick\u00e9 pln\u011bn\u00ed po\u017eadavk\u016f na d\u00e9lku v\u00fdvoje a v\u00fdroby p\u0159ed uveden\u00edm na trh a zah\u00e1jen\u00edm masov\u00e9 v\u00fdroby.<\/p>\n\r\n                                            <\/div>\r\n                                        <\/div>                                        \r\n                                    <\/div>                                                                        \r\n                                <\/div>                                \r\n                        <\/section>\r\n                    ","protected":false},"excerpt":{"rendered":"","protected":false},"author":1,"featured_media":0,"parent":0,"menu_order":0,"comment_status":"closed","ping_status":"closed","template":"","meta":{"footnotes":""},"class_list":["post-4120","page","type-page","status-publish","hentry"],"yoast_head":"<!-- This site is optimized with the Yoast SEO plugin v27.5 - https:\/\/yoast.com\/product\/yoast-seo-wordpress\/ -->\n<title>Individu\u00e1ln\u00ed konfigurace a v\u00fdroba - Mentor Media<\/title>\n<meta name=\"description\" content=\"Nov\u00e1 paradigmata dodavatelsk\u00e9ho \u0159et\u011bzce, kter\u00e1 se roz\u0161i\u0159uj\u00ed celosv\u011btov\u011b, vy\u017eaduj\u00ed vyu\u017eit\u00ed region\u00e1ln\u00edch mo\u017enost\u00ed zahrnuj\u00edc\u00edch r\u016fzn\u00e9 slu\u017eby kone\u010dn\u00fdch \u00faprav v\u00fdrobk\u016f.\" \/>\n<meta name=\"robots\" content=\"index, follow, max-snippet:-1, max-image-preview:large, max-video-preview:-1\" \/>\n<link rel=\"canonical\" href=\"https:\/\/www.mentormedia.com\/custom-configuration-and-manufacturing\/\" \/>\n<meta property=\"og:locale\" content=\"cs_CZ\" \/>\n<meta property=\"og:type\" content=\"article\" \/>\n<meta property=\"og:title\" content=\"Individu\u00e1ln\u00ed konfigurace a v\u00fdroba - Mentor Media\" \/>\n<meta property=\"og:description\" content=\"Nov\u00e1 paradigmata dodavatelsk\u00e9ho \u0159et\u011bzce, kter\u00e1 se roz\u0161i\u0159uj\u00ed celosv\u011btov\u011b, vy\u017eaduj\u00ed vyu\u017eit\u00ed region\u00e1ln\u00edch mo\u017enost\u00ed zahrnuj\u00edc\u00edch r\u016fzn\u00e9 slu\u017eby kone\u010dn\u00fdch \u00faprav v\u00fdrobk\u016f.\" \/>\n<meta property=\"og:url\" content=\"https:\/\/www.mentormedia.com\/custom-configuration-and-manufacturing\/\" \/>\n<meta property=\"og:site_name\" content=\"Mentor Media\" \/>\n<meta property=\"article:modified_time\" content=\"2024-02-19T13:29:18+00:00\" \/>\n<meta name=\"twitter:card\" content=\"summary_large_image\" \/>\n<meta name=\"twitter:label1\" content=\"Odhadovan\u00e1 doba \u010dten\u00ed\" \/>\n\t<meta name=\"twitter:data1\" content=\"1 minuta\" \/>\n<script type=\"application\/ld+json\" class=\"yoast-schema-graph\">{\"@context\":\"https:\\\/\\\/schema.org\",\"@graph\":[{\"@type\":\"WebPage\",\"@id\":\"https:\\\/\\\/www.mentormedia.com\\\/custom-configuration-and-manufacturing\\\/\",\"url\":\"https:\\\/\\\/www.mentormedia.com\\\/custom-configuration-and-manufacturing\\\/\",\"name\":\"Individu\u00e1ln\u00ed konfigurace a v\u00fdroba - Mentor Media\",\"isPartOf\":{\"@id\":\"https:\\\/\\\/www.mentormedia.com\\\/#website\"},\"datePublished\":\"2022-11-03T10:27:00+00:00\",\"dateModified\":\"2024-02-19T13:29:18+00:00\",\"description\":\"Nov\u00e1 paradigmata dodavatelsk\u00e9ho \u0159et\u011bzce, kter\u00e1 se roz\u0161i\u0159uj\u00ed celosv\u011btov\u011b, vy\u017eaduj\u00ed vyu\u017eit\u00ed region\u00e1ln\u00edch mo\u017enost\u00ed zahrnuj\u00edc\u00edch r\u016fzn\u00e9 slu\u017eby kone\u010dn\u00fdch \u00faprav v\u00fdrobk\u016f.\",\"breadcrumb\":{\"@id\":\"https:\\\/\\\/www.mentormedia.com\\\/custom-configuration-and-manufacturing\\\/#breadcrumb\"},\"inLanguage\":\"cs\",\"potentialAction\":[{\"@type\":\"ReadAction\",\"target\":[\"https:\\\/\\\/www.mentormedia.com\\\/custom-configuration-and-manufacturing\\\/\"]}]},{\"@type\":\"BreadcrumbList\",\"@id\":\"https:\\\/\\\/www.mentormedia.com\\\/custom-configuration-and-manufacturing\\\/#breadcrumb\",\"itemListElement\":[{\"@type\":\"ListItem\",\"position\":1,\"name\":\"Home\",\"item\":\"https:\\\/\\\/www.mentormedia.com\\\/cs\\\/\"},{\"@type\":\"ListItem\",\"position\":2,\"name\":\"Individu\u00e1ln\u00ed konfigurace a v\u00fdroba\"}]},{\"@type\":\"WebSite\",\"@id\":\"https:\\\/\\\/www.mentormedia.com\\\/#website\",\"url\":\"https:\\\/\\\/www.mentormedia.com\\\/\",\"name\":\"Mentor Media\",\"description\":\"Global Supply Chain Solutions\",\"publisher\":{\"@id\":\"https:\\\/\\\/www.mentormedia.com\\\/#organization\"},\"potentialAction\":[{\"@type\":\"SearchAction\",\"target\":{\"@type\":\"EntryPoint\",\"urlTemplate\":\"https:\\\/\\\/www.mentormedia.com\\\/?s={search_term_string}\"},\"query-input\":{\"@type\":\"PropertyValueSpecification\",\"valueRequired\":true,\"valueName\":\"search_term_string\"}}],\"inLanguage\":\"cs\"},{\"@type\":\"Organization\",\"@id\":\"https:\\\/\\\/www.mentormedia.com\\\/#organization\",\"name\":\"Mentor Media\",\"url\":\"https:\\\/\\\/www.mentormedia.com\\\/\",\"logo\":{\"@type\":\"ImageObject\",\"inLanguage\":\"cs\",\"@id\":\"https:\\\/\\\/www.mentormedia.com\\\/#\\\/schema\\\/logo\\\/image\\\/\",\"url\":\"https:\\\/\\\/www.mentormedia.com\\\/wp-content\\\/uploads\\\/2026\\\/02\\\/logo-mentor-media.webp\",\"contentUrl\":\"https:\\\/\\\/www.mentormedia.com\\\/wp-content\\\/uploads\\\/2026\\\/02\\\/logo-mentor-media.webp\",\"width\":200,\"height\":82,\"caption\":\"Mentor Media\"},\"image\":{\"@id\":\"https:\\\/\\\/www.mentormedia.com\\\/#\\\/schema\\\/logo\\\/image\\\/\"}}]}<\/script>\n<!-- \/ Yoast SEO plugin. -->","yoast_head_json":{"title":"Individu\u00e1ln\u00ed konfigurace a v\u00fdroba - Mentor Media","description":"Nov\u00e1 paradigmata dodavatelsk\u00e9ho \u0159et\u011bzce, kter\u00e1 se roz\u0161i\u0159uj\u00ed celosv\u011btov\u011b, vy\u017eaduj\u00ed vyu\u017eit\u00ed region\u00e1ln\u00edch mo\u017enost\u00ed zahrnuj\u00edc\u00edch r\u016fzn\u00e9 slu\u017eby kone\u010dn\u00fdch \u00faprav v\u00fdrobk\u016f.","robots":{"index":"index","follow":"follow","max-snippet":"max-snippet:-1","max-image-preview":"max-image-preview:large","max-video-preview":"max-video-preview:-1"},"canonical":"https:\/\/www.mentormedia.com\/custom-configuration-and-manufacturing\/","og_locale":"cs_CZ","og_type":"article","og_title":"Individu\u00e1ln\u00ed konfigurace a v\u00fdroba - Mentor Media","og_description":"Nov\u00e1 paradigmata dodavatelsk\u00e9ho \u0159et\u011bzce, kter\u00e1 se roz\u0161i\u0159uj\u00ed celosv\u011btov\u011b, vy\u017eaduj\u00ed vyu\u017eit\u00ed region\u00e1ln\u00edch mo\u017enost\u00ed zahrnuj\u00edc\u00edch r\u016fzn\u00e9 slu\u017eby kone\u010dn\u00fdch \u00faprav v\u00fdrobk\u016f.","og_url":"https:\/\/www.mentormedia.com\/custom-configuration-and-manufacturing\/","og_site_name":"Mentor Media","article_modified_time":"2024-02-19T13:29:18+00:00","twitter_card":"summary_large_image","twitter_misc":{"Odhadovan\u00e1 doba \u010dten\u00ed":"1 minuta"},"schema":{"@context":"https:\/\/schema.org","@graph":[{"@type":"WebPage","@id":"https:\/\/www.mentormedia.com\/custom-configuration-and-manufacturing\/","url":"https:\/\/www.mentormedia.com\/custom-configuration-and-manufacturing\/","name":"Individu\u00e1ln\u00ed konfigurace a v\u00fdroba - Mentor Media","isPartOf":{"@id":"https:\/\/www.mentormedia.com\/#website"},"datePublished":"2022-11-03T10:27:00+00:00","dateModified":"2024-02-19T13:29:18+00:00","description":"Nov\u00e1 paradigmata dodavatelsk\u00e9ho \u0159et\u011bzce, kter\u00e1 se roz\u0161i\u0159uj\u00ed celosv\u011btov\u011b, vy\u017eaduj\u00ed vyu\u017eit\u00ed region\u00e1ln\u00edch mo\u017enost\u00ed zahrnuj\u00edc\u00edch r\u016fzn\u00e9 slu\u017eby kone\u010dn\u00fdch \u00faprav v\u00fdrobk\u016f.","breadcrumb":{"@id":"https:\/\/www.mentormedia.com\/custom-configuration-and-manufacturing\/#breadcrumb"},"inLanguage":"cs","potentialAction":[{"@type":"ReadAction","target":["https:\/\/www.mentormedia.com\/custom-configuration-and-manufacturing\/"]}]},{"@type":"BreadcrumbList","@id":"https:\/\/www.mentormedia.com\/custom-configuration-and-manufacturing\/#breadcrumb","itemListElement":[{"@type":"ListItem","position":1,"name":"Home","item":"https:\/\/www.mentormedia.com\/cs\/"},{"@type":"ListItem","position":2,"name":"Individu\u00e1ln\u00ed konfigurace a v\u00fdroba"}]},{"@type":"WebSite","@id":"https:\/\/www.mentormedia.com\/#website","url":"https:\/\/www.mentormedia.com\/","name":"Mentor Media","description":"Global Supply Chain Solutions","publisher":{"@id":"https:\/\/www.mentormedia.com\/#organization"},"potentialAction":[{"@type":"SearchAction","target":{"@type":"EntryPoint","urlTemplate":"https:\/\/www.mentormedia.com\/?s={search_term_string}"},"query-input":{"@type":"PropertyValueSpecification","valueRequired":true,"valueName":"search_term_string"}}],"inLanguage":"cs"},{"@type":"Organization","@id":"https:\/\/www.mentormedia.com\/#organization","name":"Mentor Media","url":"https:\/\/www.mentormedia.com\/","logo":{"@type":"ImageObject","inLanguage":"cs","@id":"https:\/\/www.mentormedia.com\/#\/schema\/logo\/image\/","url":"https:\/\/www.mentormedia.com\/wp-content\/uploads\/2026\/02\/logo-mentor-media.webp","contentUrl":"https:\/\/www.mentormedia.com\/wp-content\/uploads\/2026\/02\/logo-mentor-media.webp","width":200,"height":82,"caption":"Mentor Media"},"image":{"@id":"https:\/\/www.mentormedia.com\/#\/schema\/logo\/image\/"}}]}},"_links":{"self":[{"href":"https:\/\/www.mentormedia.com\/cs\/wp-json\/wp\/v2\/pages\/4120","targetHints":{"allow":["GET"]}}],"collection":[{"href":"https:\/\/www.mentormedia.com\/cs\/wp-json\/wp\/v2\/pages"}],"about":[{"href":"https:\/\/www.mentormedia.com\/cs\/wp-json\/wp\/v2\/types\/page"}],"author":[{"embeddable":true,"href":"https:\/\/www.mentormedia.com\/cs\/wp-json\/wp\/v2\/users\/1"}],"replies":[{"embeddable":true,"href":"https:\/\/www.mentormedia.com\/cs\/wp-json\/wp\/v2\/comments?post=4120"}],"version-history":[{"count":22,"href":"https:\/\/www.mentormedia.com\/cs\/wp-json\/wp\/v2\/pages\/4120\/revisions"}],"predecessor-version":[{"id":7836,"href":"https:\/\/www.mentormedia.com\/cs\/wp-json\/wp\/v2\/pages\/4120\/revisions\/7836"}],"wp:attachment":[{"href":"https:\/\/www.mentormedia.com\/cs\/wp-json\/wp\/v2\/media?parent=4120"}],"curies":[{"name":"wp","href":"https:\/\/api.w.org\/{rel}","templated":true}]}}