{"id":4110,"date":"2022-11-03T18:09:24","date_gmt":"2022-11-03T10:09:24","guid":{"rendered":"https:\/\/www.mentormedia.com\/reseni\/sluzby-s-pridanou-hodnotou\/"},"modified":"2024-02-19T14:52:30","modified_gmt":"2024-02-19T13:52:30","slug":"sluzby-s-pridanou-hodnotou","status":"publish","type":"page","link":"https:\/\/www.mentormedia.com\/cs\/sluzby-s-pridanou-hodnotou\/","title":{"rendered":"Slu\u017eby s p\u0159idanou hodnotou"},"content":{"rendered":"\r\n\t\t<section class=\"titlebild-section titlebild-block-id-6a03acea3d5c4 titlebild-block-layout bottom\">\r\n                <div class=\"full-bild\"> <img fetchpriority=\"high\" decoding=\"sync\" width=\"1920\" height=\"520\" src=\"https:\/\/www.mentormedia.com\/wp-content\/uploads\/2023\/07\/MM-VAS-1920-520.jpg\" class=\"img-fluid\" alt=\"MM VAS\" srcset=\"https:\/\/www.mentormedia.com\/wp-content\/uploads\/2023\/07\/MM-VAS-1920-520.jpg 1920w, https:\/\/www.mentormedia.com\/wp-content\/uploads\/2023\/07\/MM-VAS-1920-520-300x81.jpg 300w, https:\/\/www.mentormedia.com\/wp-content\/uploads\/2023\/07\/MM-VAS-1920-520-1024x277.jpg 1024w, https:\/\/www.mentormedia.com\/wp-content\/uploads\/2023\/07\/MM-VAS-1920-520-768x208.jpg 768w, https:\/\/www.mentormedia.com\/wp-content\/uploads\/2023\/07\/MM-VAS-1920-520-1536x416.jpg 1536w\" sizes=\"(max-width: 1920px) 100vw, 1920px\" \/><\/div>\r\n                <div class=\"bild-title container\">\r\n                <p class=\"headline wt-h1\"> Slu\u017eby S P\u0159idanou Hodnotou <\/p>\r\n                <\/div>\r\n        <\/section>\r\n\t\n\n\r\n                        <section class=\"textBlock \" style=\"background-color: #f5f5f5;\" >\r\n                            \r\n                                <div class=\"container\">\r\n                                    \r\n                                    \r\n                                    \r\n                                    <div class=\"row text\">\r\n                                        <div class=\"col\">\r\n                                            <div class=\"textBlock-text col-md-9\">\r\n                                                \n<p class=\"wp-block-wt-text-block\">Z\u00e1kladn\u00ed princip \u00fasp\u011b\u0161n\u00e9ho \u0159e\u0161en\u00ed dodavatelsk\u00e9ho \u0159et\u011bzce se m\u011b\u0159\u00ed podle jeho konzistence a z\u00e1vislosti. S neust\u00e1l\u00fdmi zm\u011bnami obchodn\u00ed dynamiky a ekonomick\u00e9ho klimatu se od ur\u010dit\u00e9 doby stala z\u00e1sadn\u00ed pro udr\u017een\u00ed a r\u016fst va\u0161eho podnik\u00e1n\u00ed pot\u0159eba inovovat a odli\u0161it se.<br><br>Ve spole\u010dnosti Mentor Media poskytujeme kvantitativn\u00ed a spolehlivou slu\u017ebu prost\u0159ednictv\u00edm inovativn\u00edch \u0159e\u0161en\u00ed. Odli\u0161ujeme se d\u00edky funkc\u00edm a schopnostem s p\u0159idanou hodnotou v cel\u00e9m dodavatelsk\u00e9m \u0159et\u011bzci.<\/p>\n\r\n                                            <\/div>\r\n                                        <\/div>                                        \r\n                                    <\/div>                                                                        \r\n                                <\/div>                                \r\n                        <\/section>\r\n                    \n\n\r\n                        <section class=\"textBlock \"  >\r\n                            \r\n                                <div class=\"container\">\r\n                                    \r\n                                    \r\n                                    \r\n                                    <div class=\"row text\">\r\n                                        <div class=\"col\">\r\n                                            <div class=\"textBlock-text col-md-9\">\r\n                                                \n<p class=\"wp-block-wt-text-block\">Nap\u0159\u00ed\u010d v\u0161emi na\u0161imi celosv\u011btov\u00fdmi pracovi\u0161ti zauj\u00edm\u00e1 spole\u010dnost Mentor Media pozici jedin\u00e9ho poskytovatele kancel\u00e1\u0159sk\u00fdch \u0159e\u0161en\u00ed. Ch\u00e1peme, jak je d\u016fle\u017eit\u00e9, aby byly slu\u017eby dokonal\u00e9, a i to, jak za\u010dlen\u011bn\u00ed slu\u017eeb s vytv\u00e1\u0159en\u00edm hodnot vz\u00e1jemn\u011b prosp\u00edv\u00e1 na\u0161\u00ed zna\u010dce i z\u00e1kazn\u00edk\u016fm.<br><br>V na\u0161ich slu\u017eb\u00e1ch strategick\u00e9ho obchodn\u00edho pl\u00e1nov\u00e1n\u00ed poskytuje nab\u00eddka s p\u0159idanou hodnotou, nap\u0159. \u0159e\u0161en\u00ed na kl\u00ed\u010d a zachov\u00e1n\u00ed provozu, provozn\u00ed p\u0159ipravenost a pl\u00e1nov\u00e1n\u00ed pro mimo\u0159\u00e1dn\u00e9 p\u0159\u00edpady.<br><br>Dal\u0161\u00ed provozn\u00ed slu\u017eby s p\u0159idanou hodnotou v oblasti \u0159\u00edzen\u00ed digit\u00e1ln\u00edch m\u00e9di\u00ed, \u0159e\u0161en\u00ed proti pad\u011bl\u00e1n\u00ed a pozemn\u00ed, n\u00e1mo\u0159n\u00ed a \u017eelezni\u010dn\u00ed logistika (BRI ILSTC) je to, v \u010dem se li\u0161\u00edme.<\/p>\n\r\n                                            <\/div>\r\n                                        <\/div>                                        \r\n                                    <\/div>                                                                        \r\n                                <\/div>                                \r\n                        <\/section>\r\n                    \n\n\r\n        <section class=\"picturebutton \">\r\n            <div class=\"row picturebutton-content-wrapper\">\r\n                \r\n\t        <div class=\"picturebutton-block col-12 col-lg-6\">\r\n                <a class=\"picturebutton\" href=\"\/cs\/rizeni-rizik-a-plan-obchodnich-podniku\/\" >\r\n                     <img loading=\"lazy\" decoding=\"async\" width=\"2100\" height=\"1071\" src=\"https:\/\/www.mentormedia.com\/wp-content\/uploads\/2022\/11\/risk-management-and-business-continuity-plan.jpeg\" class=\"attachment-full size-full\" alt=\"Risk Management And Business Continuity Plan\" srcset=\"https:\/\/www.mentormedia.com\/wp-content\/uploads\/2022\/11\/risk-management-and-business-continuity-plan.jpeg 2100w, https:\/\/www.mentormedia.com\/wp-content\/uploads\/2022\/11\/risk-management-and-business-continuity-plan-300x153.jpeg 300w, https:\/\/www.mentormedia.com\/wp-content\/uploads\/2022\/11\/risk-management-and-business-continuity-plan-1024x522.jpeg 1024w, https:\/\/www.mentormedia.com\/wp-content\/uploads\/2022\/11\/risk-management-and-business-continuity-plan-768x392.jpeg 768w, https:\/\/www.mentormedia.com\/wp-content\/uploads\/2022\/11\/risk-management-and-business-continuity-plan-1536x783.jpeg 1536w, https:\/\/www.mentormedia.com\/wp-content\/uploads\/2022\/11\/risk-management-and-business-continuity-plan-2048x1044.jpeg 2048w\" sizes=\"auto, (max-width: 2100px) 100vw, 2100px\" \/>\r\n                     <h3 class=\"picturebutton-text\"> \u0158\u00cdZEN\u00cd RIZIK A PL\u00c1N OBCHODN\u00cdCH PODNIK\u016e<\/h3>\r\n                 <\/a> \r\n            <\/div>\r\n\t        <div class=\"picturebutton-block col-12 col-lg-6\">\r\n                <a class=\"picturebutton\" href=\"\/cs\/proti-padelani\/\" >\r\n                     <img loading=\"lazy\" decoding=\"async\" width=\"2100\" height=\"1071\" src=\"https:\/\/www.mentormedia.com\/wp-content\/uploads\/2022\/12\/MM-VAS-large.jpg\" class=\"attachment-full size-full\" alt=\"MM VAS Large\" srcset=\"https:\/\/www.mentormedia.com\/wp-content\/uploads\/2022\/12\/MM-VAS-large.jpg 2100w, https:\/\/www.mentormedia.com\/wp-content\/uploads\/2022\/12\/MM-VAS-large-300x153.jpg 300w, https:\/\/www.mentormedia.com\/wp-content\/uploads\/2022\/12\/MM-VAS-large-1024x522.jpg 1024w, https:\/\/www.mentormedia.com\/wp-content\/uploads\/2022\/12\/MM-VAS-large-768x392.jpg 768w, https:\/\/www.mentormedia.com\/wp-content\/uploads\/2022\/12\/MM-VAS-large-1536x783.jpg 1536w, https:\/\/www.mentormedia.com\/wp-content\/uploads\/2022\/12\/MM-VAS-large-2048x1044.jpg 2048w\" sizes=\"auto, (max-width: 2100px) 100vw, 2100px\" \/>\r\n                     <h3 class=\"picturebutton-text\"> PROTI PAD\u011aL\u00c1N\u00cd <\/h3>\r\n                 <\/a> \r\n            <\/div>\r\n\t        <div class=\"picturebutton-block col-12 col-lg-6\">\r\n                <a class=\"picturebutton\" href=\"\/cs\/iniciativa-pasu-a-cesty-bri-a-mezinarodni-pozemni-a-namorni-koridor-pro-zahranicni-obchod-ilstc\/\" >\r\n                     <img loading=\"lazy\" decoding=\"async\" width=\"2100\" height=\"1071\" src=\"https:\/\/www.mentormedia.com\/wp-content\/uploads\/2022\/12\/MM-BRI-21.jpg\" class=\"attachment-full size-full\" alt=\"MM BRI\" srcset=\"https:\/\/www.mentormedia.com\/wp-content\/uploads\/2022\/12\/MM-BRI-21.jpg 2100w, https:\/\/www.mentormedia.com\/wp-content\/uploads\/2022\/12\/MM-BRI-21-300x153.jpg 300w, https:\/\/www.mentormedia.com\/wp-content\/uploads\/2022\/12\/MM-BRI-21-1024x522.jpg 1024w, https:\/\/www.mentormedia.com\/wp-content\/uploads\/2022\/12\/MM-BRI-21-768x392.jpg 768w, https:\/\/www.mentormedia.com\/wp-content\/uploads\/2022\/12\/MM-BRI-21-1536x783.jpg 1536w, https:\/\/www.mentormedia.com\/wp-content\/uploads\/2022\/12\/MM-BRI-21-2048x1044.jpg 2048w\" sizes=\"auto, (max-width: 2100px) 100vw, 2100px\" \/>\r\n                     <h3 class=\"picturebutton-text\"> INICIATIVA P\u00c1SU A CESTY (BRI) A MEZIN\u00c1RODN\u00cd POZEMN\u00cd A N\u00c1MO\u0158N\u00cd KORIDOR PRO ZAHRANI\u010cN\u00cd OBCHOD (ILSTC)<\/h3>\r\n                 <\/a> \r\n            <\/div>  <\/div>               \r\n        <\/section>\n\n\t<div class='full-width-case-study'><div class='container'>\t<div class=\"portfolio-main isotope-init portfolio-full_width_spacing full-width-section full-width-content\" data-frame=\"square\" data-fluid_image=\"true\" data-is_full_width=\"true\">\r\n\t\t<div class=\"portfolio-main-inner portfolio-col-3\">\r\n\t\t\t<div class=\"filter clearfix\">\r\n\t\t\t\t\t\t\t<h4>P\u0158\u00cdPADOV\u00c9 STUDIE<\/h4>\r\n\t\t\t\t\t\t<\/div>\r\n\t\t\t\r\n\t\t\r\n\t\t<div class=\"portfolio-wrapper\">\r\n\t\t\t<div class=\"portfolio-isotope-container\">\r\n\t\t\t\t\t\t\t\t\t<div class=\"isotope-item  belt-road-initiative-bri-and-international-land-sea-trade-corridor-ilstc-cs value-added-services-cs\">\r\n\t\t\t\t\t\t<div class=\"portfolio-item\">\r\n\t\t\t\t\t\t\t<div class=\"portfolio-img\"><a href=\"https:\/\/www.mentormedia.com\/cs\/case_study\/iniciativa-pasu-a-cesty-bri-a-mezinarodni-pozemni-a-namorni-koridor-pro-zahranicni-obchod-ilstc\/\" style=\"background-image: url(https:\/\/www.mentormedia.com\/wp-content\/uploads\/2026\/02\/MM-CASE-VAS-BELT.webp);\" class=\"custom-shape no_under\"><\/a><\/div>\r\n\t\t\t\t\t\t\t<a class=\"portfolio-info no_under\" href=\"https:\/\/www.mentormedia.com\/cs\/case_study\/iniciativa-pasu-a-cesty-bri-a-mezinarodni-pozemni-a-namorni-koridor-pro-zahranicni-obchod-ilstc\/\">\r\n\t\t\t\t\t\t\t\t<div class=\"portfolio-title\"><h6>Iniciativa p\u00e1su a cesty (BRI) a Mezin\u00e1rodn\u00ed pozemn\u00ed a n\u00e1mo\u0159n\u00ed koridor pro zahrani\u010dn\u00ed obchod (ILSTC)<\/h6><\/div>\r\n\t\t\t\t\t\t\t<\/a>\r\n\t\t\t\t\t\t<\/div>\r\n\t\t\t\t\t<\/div>\r\n\t\t\t\t\t\t\t\t\t\t<div class=\"isotope-item  risk-management-and-business-continuity-plan-cs value-added-services-cs\">\r\n\t\t\t\t\t\t<div class=\"portfolio-item\">\r\n\t\t\t\t\t\t\t<div class=\"portfolio-img\"><a href=\"https:\/\/www.mentormedia.com\/cs\/case_study\/plan-kontinuity-podnikani-bcp\/\" style=\"background-image: url(https:\/\/www.mentormedia.com\/wp-content\/uploads\/2022\/10\/BCP-case-2-teaser.jpeg);\" class=\"custom-shape no_under\"><\/a><\/div>\r\n\t\t\t\t\t\t\t<a class=\"portfolio-info no_under\" href=\"https:\/\/www.mentormedia.com\/cs\/case_study\/plan-kontinuity-podnikani-bcp\/\">\r\n\t\t\t\t\t\t\t\t<div class=\"portfolio-title\"><h6>Pl\u00e1n kontinuity podnik\u00e1n\u00ed (BCP)<\/h6><\/div>\r\n\t\t\t\t\t\t\t<\/a>\r\n\t\t\t\t\t\t<\/div>\r\n\t\t\t\t\t<\/div>\r\n\t\t\t\t\t\t\t\t<\/div>\r\n\t\t<\/div>\r\n\t<\/div>\r\n\t<\/div>\r\n\t<\/div><\/div>\t","protected":false},"excerpt":{"rendered":"","protected":false},"author":1,"featured_media":0,"parent":0,"menu_order":0,"comment_status":"closed","ping_status":"closed","template":"","meta":{"footnotes":""},"class_list":["post-4110","page","type-page","status-publish","hentry"],"yoast_head":"<!-- This site is optimized with the Yoast SEO plugin v27.5 - https:\/\/yoast.com\/product\/yoast-seo-wordpress\/ -->\n<title>Slu\u017eby s p\u0159idanou hodnotou - Mentor Media<\/title>\n<meta name=\"description\" content=\"Ve spole\u010dnosti Mentor Media poskytujeme kvantitativn\u00ed a spolehlivou slu\u017ebu prost\u0159ednictv\u00edm inovativn\u00edch \u0159e\u0161en\u00ed. Odli\u0161ujeme se d\u00edky funkc\u00edm a schopnostem s p\u0159idanou hodnotou v cel\u00e9m dodavatelsk\u00e9m \u0159et\u011bzci.\" \/>\n<meta name=\"robots\" content=\"index, follow, max-snippet:-1, max-image-preview:large, max-video-preview:-1\" \/>\n<link rel=\"canonical\" href=\"https:\/\/www.mentormedia.com\/value-added-services\/\" \/>\n<meta property=\"og:locale\" content=\"cs_CZ\" \/>\n<meta property=\"og:type\" content=\"article\" \/>\n<meta property=\"og:title\" content=\"Slu\u017eby s p\u0159idanou hodnotou - Mentor Media\" \/>\n<meta property=\"og:description\" content=\"Ve spole\u010dnosti Mentor Media poskytujeme kvantitativn\u00ed a spolehlivou slu\u017ebu prost\u0159ednictv\u00edm inovativn\u00edch \u0159e\u0161en\u00ed. Odli\u0161ujeme se d\u00edky funkc\u00edm a schopnostem s p\u0159idanou hodnotou v cel\u00e9m dodavatelsk\u00e9m \u0159et\u011bzci.\" \/>\n<meta property=\"og:url\" content=\"https:\/\/www.mentormedia.com\/value-added-services\/\" \/>\n<meta property=\"og:site_name\" content=\"Mentor Media\" \/>\n<meta property=\"article:modified_time\" content=\"2024-02-19T13:52:30+00:00\" \/>\n<meta name=\"twitter:card\" content=\"summary_large_image\" \/>\n<meta name=\"twitter:label1\" content=\"Odhadovan\u00e1 doba \u010dten\u00ed\" \/>\n\t<meta name=\"twitter:data1\" content=\"1 minuta\" \/>\n<script type=\"application\/ld+json\" class=\"yoast-schema-graph\">{\"@context\":\"https:\\\/\\\/schema.org\",\"@graph\":[{\"@type\":\"WebPage\",\"@id\":\"https:\\\/\\\/www.mentormedia.com\\\/value-added-services\\\/\",\"url\":\"https:\\\/\\\/www.mentormedia.com\\\/value-added-services\\\/\",\"name\":\"Slu\u017eby s p\u0159idanou hodnotou - Mentor Media\",\"isPartOf\":{\"@id\":\"https:\\\/\\\/www.mentormedia.com\\\/#website\"},\"datePublished\":\"2022-11-03T10:09:24+00:00\",\"dateModified\":\"2024-02-19T13:52:30+00:00\",\"description\":\"Ve spole\u010dnosti Mentor Media poskytujeme kvantitativn\u00ed a spolehlivou slu\u017ebu prost\u0159ednictv\u00edm inovativn\u00edch \u0159e\u0161en\u00ed. Odli\u0161ujeme se d\u00edky funkc\u00edm a schopnostem s p\u0159idanou hodnotou v cel\u00e9m dodavatelsk\u00e9m \u0159et\u011bzci.\",\"breadcrumb\":{\"@id\":\"https:\\\/\\\/www.mentormedia.com\\\/value-added-services\\\/#breadcrumb\"},\"inLanguage\":\"cs\",\"potentialAction\":[{\"@type\":\"ReadAction\",\"target\":[\"https:\\\/\\\/www.mentormedia.com\\\/value-added-services\\\/\"]}]},{\"@type\":\"BreadcrumbList\",\"@id\":\"https:\\\/\\\/www.mentormedia.com\\\/value-added-services\\\/#breadcrumb\",\"itemListElement\":[{\"@type\":\"ListItem\",\"position\":1,\"name\":\"Home\",\"item\":\"https:\\\/\\\/www.mentormedia.com\\\/cs\\\/\"},{\"@type\":\"ListItem\",\"position\":2,\"name\":\"Slu\u017eby s p\u0159idanou hodnotou\"}]},{\"@type\":\"WebSite\",\"@id\":\"https:\\\/\\\/www.mentormedia.com\\\/#website\",\"url\":\"https:\\\/\\\/www.mentormedia.com\\\/\",\"name\":\"Mentor Media\",\"description\":\"Global Supply Chain Solutions\",\"publisher\":{\"@id\":\"https:\\\/\\\/www.mentormedia.com\\\/#organization\"},\"potentialAction\":[{\"@type\":\"SearchAction\",\"target\":{\"@type\":\"EntryPoint\",\"urlTemplate\":\"https:\\\/\\\/www.mentormedia.com\\\/?s={search_term_string}\"},\"query-input\":{\"@type\":\"PropertyValueSpecification\",\"valueRequired\":true,\"valueName\":\"search_term_string\"}}],\"inLanguage\":\"cs\"},{\"@type\":\"Organization\",\"@id\":\"https:\\\/\\\/www.mentormedia.com\\\/#organization\",\"name\":\"Mentor Media\",\"url\":\"https:\\\/\\\/www.mentormedia.com\\\/\",\"logo\":{\"@type\":\"ImageObject\",\"inLanguage\":\"cs\",\"@id\":\"https:\\\/\\\/www.mentormedia.com\\\/#\\\/schema\\\/logo\\\/image\\\/\",\"url\":\"https:\\\/\\\/www.mentormedia.com\\\/wp-content\\\/uploads\\\/2026\\\/02\\\/logo-mentor-media.webp\",\"contentUrl\":\"https:\\\/\\\/www.mentormedia.com\\\/wp-content\\\/uploads\\\/2026\\\/02\\\/logo-mentor-media.webp\",\"width\":200,\"height\":82,\"caption\":\"Mentor Media\"},\"image\":{\"@id\":\"https:\\\/\\\/www.mentormedia.com\\\/#\\\/schema\\\/logo\\\/image\\\/\"}}]}<\/script>\n<!-- \/ Yoast SEO plugin. -->","yoast_head_json":{"title":"Slu\u017eby s p\u0159idanou hodnotou - Mentor Media","description":"Ve spole\u010dnosti Mentor Media poskytujeme kvantitativn\u00ed a spolehlivou slu\u017ebu prost\u0159ednictv\u00edm inovativn\u00edch \u0159e\u0161en\u00ed. Odli\u0161ujeme se d\u00edky funkc\u00edm a schopnostem s p\u0159idanou hodnotou v cel\u00e9m dodavatelsk\u00e9m \u0159et\u011bzci.","robots":{"index":"index","follow":"follow","max-snippet":"max-snippet:-1","max-image-preview":"max-image-preview:large","max-video-preview":"max-video-preview:-1"},"canonical":"https:\/\/www.mentormedia.com\/value-added-services\/","og_locale":"cs_CZ","og_type":"article","og_title":"Slu\u017eby s p\u0159idanou hodnotou - Mentor Media","og_description":"Ve spole\u010dnosti Mentor Media poskytujeme kvantitativn\u00ed a spolehlivou slu\u017ebu prost\u0159ednictv\u00edm inovativn\u00edch \u0159e\u0161en\u00ed. Odli\u0161ujeme se d\u00edky funkc\u00edm a schopnostem s p\u0159idanou hodnotou v cel\u00e9m dodavatelsk\u00e9m \u0159et\u011bzci.","og_url":"https:\/\/www.mentormedia.com\/value-added-services\/","og_site_name":"Mentor Media","article_modified_time":"2024-02-19T13:52:30+00:00","twitter_card":"summary_large_image","twitter_misc":{"Odhadovan\u00e1 doba \u010dten\u00ed":"1 minuta"},"schema":{"@context":"https:\/\/schema.org","@graph":[{"@type":"WebPage","@id":"https:\/\/www.mentormedia.com\/value-added-services\/","url":"https:\/\/www.mentormedia.com\/value-added-services\/","name":"Slu\u017eby s p\u0159idanou hodnotou - Mentor Media","isPartOf":{"@id":"https:\/\/www.mentormedia.com\/#website"},"datePublished":"2022-11-03T10:09:24+00:00","dateModified":"2024-02-19T13:52:30+00:00","description":"Ve spole\u010dnosti Mentor Media poskytujeme kvantitativn\u00ed a spolehlivou slu\u017ebu prost\u0159ednictv\u00edm inovativn\u00edch \u0159e\u0161en\u00ed. Odli\u0161ujeme se d\u00edky funkc\u00edm a schopnostem s p\u0159idanou hodnotou v cel\u00e9m dodavatelsk\u00e9m \u0159et\u011bzci.","breadcrumb":{"@id":"https:\/\/www.mentormedia.com\/value-added-services\/#breadcrumb"},"inLanguage":"cs","potentialAction":[{"@type":"ReadAction","target":["https:\/\/www.mentormedia.com\/value-added-services\/"]}]},{"@type":"BreadcrumbList","@id":"https:\/\/www.mentormedia.com\/value-added-services\/#breadcrumb","itemListElement":[{"@type":"ListItem","position":1,"name":"Home","item":"https:\/\/www.mentormedia.com\/cs\/"},{"@type":"ListItem","position":2,"name":"Slu\u017eby s p\u0159idanou hodnotou"}]},{"@type":"WebSite","@id":"https:\/\/www.mentormedia.com\/#website","url":"https:\/\/www.mentormedia.com\/","name":"Mentor Media","description":"Global Supply Chain Solutions","publisher":{"@id":"https:\/\/www.mentormedia.com\/#organization"},"potentialAction":[{"@type":"SearchAction","target":{"@type":"EntryPoint","urlTemplate":"https:\/\/www.mentormedia.com\/?s={search_term_string}"},"query-input":{"@type":"PropertyValueSpecification","valueRequired":true,"valueName":"search_term_string"}}],"inLanguage":"cs"},{"@type":"Organization","@id":"https:\/\/www.mentormedia.com\/#organization","name":"Mentor Media","url":"https:\/\/www.mentormedia.com\/","logo":{"@type":"ImageObject","inLanguage":"cs","@id":"https:\/\/www.mentormedia.com\/#\/schema\/logo\/image\/","url":"https:\/\/www.mentormedia.com\/wp-content\/uploads\/2026\/02\/logo-mentor-media.webp","contentUrl":"https:\/\/www.mentormedia.com\/wp-content\/uploads\/2026\/02\/logo-mentor-media.webp","width":200,"height":82,"caption":"Mentor Media"},"image":{"@id":"https:\/\/www.mentormedia.com\/#\/schema\/logo\/image\/"}}]}},"_links":{"self":[{"href":"https:\/\/www.mentormedia.com\/cs\/wp-json\/wp\/v2\/pages\/4110","targetHints":{"allow":["GET"]}}],"collection":[{"href":"https:\/\/www.mentormedia.com\/cs\/wp-json\/wp\/v2\/pages"}],"about":[{"href":"https:\/\/www.mentormedia.com\/cs\/wp-json\/wp\/v2\/types\/page"}],"author":[{"embeddable":true,"href":"https:\/\/www.mentormedia.com\/cs\/wp-json\/wp\/v2\/users\/1"}],"replies":[{"embeddable":true,"href":"https:\/\/www.mentormedia.com\/cs\/wp-json\/wp\/v2\/comments?post=4110"}],"version-history":[{"count":9,"href":"https:\/\/www.mentormedia.com\/cs\/wp-json\/wp\/v2\/pages\/4110\/revisions"}],"predecessor-version":[{"id":7712,"href":"https:\/\/www.mentormedia.com\/cs\/wp-json\/wp\/v2\/pages\/4110\/revisions\/7712"}],"wp:attachment":[{"href":"https:\/\/www.mentormedia.com\/cs\/wp-json\/wp\/v2\/media?parent=4110"}],"curies":[{"name":"wp","href":"https:\/\/api.w.org\/{rel}","templated":true}]}}