{"id":4101,"date":"2022-11-03T18:02:03","date_gmt":"2022-11-03T10:02:03","guid":{"rendered":"https:\/\/www.mentormedia.com\/reseni\/tisk-a-baleni\/"},"modified":"2024-02-19T14:43:19","modified_gmt":"2024-02-19T13:43:19","slug":"tisk-a-baleni","status":"publish","type":"page","link":"https:\/\/www.mentormedia.com\/cs\/tisk-a-baleni\/","title":{"rendered":"Tisk a balen\u00ed"},"content":{"rendered":"\r\n\t\t<section class=\"titlebild-section titlebild-block-id-6a07c29ab6209 titlebild-block-layout center\">\r\n                <div class=\"full-bild\"> <img fetchpriority=\"high\" decoding=\"sync\" width=\"2022\" height=\"607\" src=\"https:\/\/www.mentormedia.com\/wp-content\/uploads\/2024\/02\/China-Gallery-3-16-1.jpg\" class=\"img-fluid\" alt=\"China Gallery\" srcset=\"https:\/\/www.mentormedia.com\/wp-content\/uploads\/2024\/02\/China-Gallery-3-16-1.jpg 2022w, https:\/\/www.mentormedia.com\/wp-content\/uploads\/2024\/02\/China-Gallery-3-16-1-300x90.jpg 300w, https:\/\/www.mentormedia.com\/wp-content\/uploads\/2024\/02\/China-Gallery-3-16-1-1024x307.jpg 1024w, https:\/\/www.mentormedia.com\/wp-content\/uploads\/2024\/02\/China-Gallery-3-16-1-768x231.jpg 768w, https:\/\/www.mentormedia.com\/wp-content\/uploads\/2024\/02\/China-Gallery-3-16-1-1536x461.jpg 1536w\" sizes=\"(max-width: 2022px) 100vw, 2022px\" \/><\/div>\r\n                <div class=\"bild-title container\">\r\n                <p class=\"headline wt-h1\"> Tisk A Balen\u00ed <\/p>\r\n                <\/div>\r\n        <\/section>\r\n\t\n\n\r\n                        <section class=\"textBlock \" style=\"background-color: #f5f5f5;\" >\r\n                            \r\n                                <div class=\"container\">\r\n                                    \r\n                                    \r\n                                    \r\n                                    <div class=\"row text\">\r\n                                        <div class=\"col\">\r\n                                            <div class=\"textBlock-text col-md-9\">\r\n                                                \n<p class=\"wp-block-wt-text-block\">Spr\u00e1va balen\u00ed v dodavatelsk\u00e9m \u0159et\u011bzci byla v\u017edy rozhoduj\u00edc\u00ed pro schopnost dos\u00e1hnout ze\u0161t\u00edhlen\u00e9ho procesu v\u00fdroby. Ten je je\u0161t\u011b d\u016fle\u017eit\u011bj\u0161\u00ed v nov\u00e9 celosv\u011btov\u00e9 ekonomice, kter\u00e1 vyu\u017e\u00edv\u00e1 inteligentn\u00ed celosv\u011btov\u00e9 zdroje pro odklad region\u00e1ln\u00edch v\u00fdrobk\u016f.<\/p>\n\r\n                                            <\/div>\r\n                                        <\/div>                                        \r\n                                    <\/div>                                                                        \r\n                                <\/div>                                \r\n                        <\/section>\r\n                    \n\n\r\n                        <section class=\"textBlock \"  >\r\n                            \r\n                                <div class=\"container\">\r\n                                    \r\n                                    \r\n                                    \r\n                                    <div class=\"row text\">\r\n                                        <div class=\"col\">\r\n                                            <div class=\"textBlock-text col-md-9\">\r\n                                                \n<p class=\"wp-block-wt-text-block\">Akvizice spole\u010dnosti Mentor Media v r\u00e1mci skupiny Elanders Group roz\u0161\u00ed\u0159ila na\u0161e schopnosti slu\u017eeb.<br><br>Kombinace kl\u00ed\u010dov\u00fdch kompetenc\u00ed a celosv\u011btov\u00fdch infrastruktur skupiny Elanders Group a spole\u010dnosti Mentor Media poskytla \u0159e\u0161en\u00ed jedin\u00e9ho zdroje pro celosv\u011btov\u00e1 \u0159e\u0161en\u00ed tisku a balen\u00ed. Komplexn\u00ed sada \u0159e\u0161en\u00ed zahrnuje tiskoviny, balen\u00ed a slu\u017eby dodavatelsk\u00e9ho \u0159et\u011bzce, jako je kompletace a balen\u00ed, z\u00e1v\u011bre\u010dn\u00e9 v\u00fdrobn\u00ed \u00fapravy, vlastn\u00ed konfigurace, odlo\u017een\u00ed v\u00fdrobk\u016f a v\u010dasn\u00e9 dod\u00e1vky.<br><br>Zku\u0161enosti skupiny Elanders v oblasti region\u00e1ln\u00edho tisku a schopnosti balen\u00ed dopl\u0148uj\u00ed platformu slu\u017eeb dodavatelsk\u00e9ho \u0159et\u011bzce spole\u010dnosti Mentor Media. To n\u00e1m umo\u017e\u0148uje stav\u011bt na jejich z\u00e1kladech pro objedn\u00e1v\u00e1n\u00ed z\u00e1sob na sklad\u011b a pln\u011bn\u00ed v\u00fdrobk\u016f podle vlastn\u00edch specifikac\u00ed.<br><br>Od \u0161pi\u010dkov\u00fdch pevn\u00fdch kartonov\u00fdch krabic, kter\u00e9 se pou\u017e\u00edvaj\u00ed pro luxusn\u00ed balen\u00ed, a\u017e po n\u00e1kladov\u011b efektivn\u00ed pot\u0159eby spot\u0159ebn\u00edho balen\u00e9ho zbo\u017e\u00ed vy\u017eadovan\u00e9 p\u0159\u00edmo v maloobchodn\u00ed distribuci. Model spole\u010dnost Mentor Media a skupiny Elanders Group je p\u0159izp\u016fsoben v\u0161em spole\u010dnostem v jak\u00e9mkoli odv\u011btv\u00ed.<\/p>\n\r\n                                            <\/div>\r\n                                        <\/div>                                        \r\n                                    <\/div>                                                                        \r\n                                <\/div>                                \r\n                        <\/section>\r\n                    \n\n\r\n        <section class=\"picturebutton \">\r\n            <div class=\"row picturebutton-content-wrapper\">\r\n                \r\n\t        <div class=\"picturebutton-block col-12 col-lg-6\">\r\n                <a class=\"picturebutton\" href=\"\/cs\/oznaceni\/\" >\r\n                     <img loading=\"lazy\" decoding=\"async\" width=\"2100\" height=\"1071\" src=\"https:\/\/www.mentormedia.com\/wp-content\/uploads\/2022\/12\/MM-LABEL-21.jpg\" class=\"attachment-full size-full\" alt=\"MM LABEL\" srcset=\"https:\/\/www.mentormedia.com\/wp-content\/uploads\/2022\/12\/MM-LABEL-21.jpg 2100w, https:\/\/www.mentormedia.com\/wp-content\/uploads\/2022\/12\/MM-LABEL-21-300x153.jpg 300w, https:\/\/www.mentormedia.com\/wp-content\/uploads\/2022\/12\/MM-LABEL-21-1024x522.jpg 1024w, https:\/\/www.mentormedia.com\/wp-content\/uploads\/2022\/12\/MM-LABEL-21-768x392.jpg 768w, https:\/\/www.mentormedia.com\/wp-content\/uploads\/2022\/12\/MM-LABEL-21-1536x783.jpg 1536w, https:\/\/www.mentormedia.com\/wp-content\/uploads\/2022\/12\/MM-LABEL-21-2048x1044.jpg 2048w\" sizes=\"auto, (max-width: 2100px) 100vw, 2100px\" \/>\r\n                     <h3 class=\"picturebutton-text\"> OZNA\u010cEN\u00cd<\/h3>\r\n                 <\/a> \r\n            <\/div>\r\n\t        <div class=\"picturebutton-block col-12 col-lg-6\">\r\n                <a class=\"picturebutton\" href=\"\/cs\/vlastni-kompletace\/\" >\r\n                     <img loading=\"lazy\" decoding=\"async\" width=\"2100\" height=\"1071\" src=\"https:\/\/www.mentormedia.com\/wp-content\/uploads\/2022\/12\/MM-CUSTOMKIT-21-4.jpg\" class=\"attachment-full size-full\" alt=\"MM CUSTOMKIT\" srcset=\"https:\/\/www.mentormedia.com\/wp-content\/uploads\/2022\/12\/MM-CUSTOMKIT-21-4.jpg 2100w, https:\/\/www.mentormedia.com\/wp-content\/uploads\/2022\/12\/MM-CUSTOMKIT-21-4-300x153.jpg 300w, https:\/\/www.mentormedia.com\/wp-content\/uploads\/2022\/12\/MM-CUSTOMKIT-21-4-1024x522.jpg 1024w, https:\/\/www.mentormedia.com\/wp-content\/uploads\/2022\/12\/MM-CUSTOMKIT-21-4-768x392.jpg 768w, https:\/\/www.mentormedia.com\/wp-content\/uploads\/2022\/12\/MM-CUSTOMKIT-21-4-1536x783.jpg 1536w, https:\/\/www.mentormedia.com\/wp-content\/uploads\/2022\/12\/MM-CUSTOMKIT-21-4-2048x1044.jpg 2048w\" sizes=\"auto, (max-width: 2100px) 100vw, 2100px\" \/>\r\n                     <h3 class=\"picturebutton-text\"> VLASTN\u00cd KOMPLETACE<\/h3>\r\n                 <\/a> \r\n            <\/div>  <\/div>               \r\n        <\/section>\n\n\t<div class='full-width-case-study'><div class='container'>\t<div class=\"portfolio-main isotope-init portfolio-full_width_spacing full-width-section full-width-content\" data-frame=\"square\" data-fluid_image=\"true\" data-is_full_width=\"true\">\r\n\t\t<div class=\"portfolio-main-inner portfolio-col-3\">\r\n\t\t\t<div class=\"filter clearfix\">\r\n\t\t\t\t\t\t\t<h4>P\u0158\u00cdPADOV\u00c9 STUDIE<\/h4>\r\n\t\t\t\t\t\t<\/div>\r\n\t\t\t\r\n\t\t\r\n\t\t<div class=\"portfolio-wrapper\">\r\n\t\t\t<div class=\"portfolio-isotope-container\">\r\n\t\t\t\t\t\t\t\t\t<div class=\"isotope-item  print-and-packaging-cs custom-kitting-cs\">\r\n\t\t\t\t\t\t<div class=\"portfolio-item\">\r\n\t\t\t\t\t\t\t<div class=\"portfolio-img\"><a href=\"https:\/\/www.mentormedia.com\/cs\/case_study\/vlastni-kompletace\/\" style=\"background-image: url(https:\/\/www.mentormedia.com\/wp-content\/uploads\/2026\/02\/MM-CASE-PP-CUST-KITT.webp);\" class=\"custom-shape no_under\"><\/a><\/div>\r\n\t\t\t\t\t\t\t<a class=\"portfolio-info no_under\" href=\"https:\/\/www.mentormedia.com\/cs\/case_study\/vlastni-kompletace\/\">\r\n\t\t\t\t\t\t\t\t<div class=\"portfolio-title\"><h6>Vlastn\u00ed kompletace<\/h6><\/div>\r\n\t\t\t\t\t\t\t<\/a>\r\n\t\t\t\t\t\t<\/div>\r\n\t\t\t\t\t<\/div>\r\n\t\t\t\t\t\t\t\t<\/div>\r\n\t\t<\/div>\r\n\t<\/div>\r\n\t<\/div>\r\n\t<\/div><\/div>\t","protected":false},"excerpt":{"rendered":"","protected":false},"author":1,"featured_media":0,"parent":0,"menu_order":0,"comment_status":"closed","ping_status":"closed","template":"","meta":{"footnotes":""},"class_list":["post-4101","page","type-page","status-publish","hentry"],"yoast_head":"<!-- This site is optimized with the Yoast SEO plugin v27.5 - https:\/\/yoast.com\/product\/yoast-seo-wordpress\/ -->\n<title>Tisk a balen\u00ed - Mentor Media<\/title>\n<meta name=\"description\" content=\"Zku\u0161enosti skupiny Elanders v oblasti region\u00e1ln\u00edho tisku a schopnosti balen\u00ed dopl\u0148uj\u00ed platformu slu\u017eeb dodavatelsk\u00e9ho \u0159et\u011bzce spole\u010dnosti Mentor Media.\" \/>\n<meta name=\"robots\" content=\"index, follow, max-snippet:-1, max-image-preview:large, max-video-preview:-1\" \/>\n<link rel=\"canonical\" href=\"https:\/\/www.mentormedia.com\/print-and-packaging\/\" \/>\n<meta property=\"og:locale\" content=\"cs_CZ\" \/>\n<meta property=\"og:type\" content=\"article\" \/>\n<meta property=\"og:title\" content=\"Tisk a balen\u00ed - Mentor Media\" \/>\n<meta property=\"og:description\" content=\"Zku\u0161enosti skupiny Elanders v oblasti region\u00e1ln\u00edho tisku a schopnosti balen\u00ed dopl\u0148uj\u00ed platformu slu\u017eeb dodavatelsk\u00e9ho \u0159et\u011bzce spole\u010dnosti Mentor Media.\" \/>\n<meta property=\"og:url\" content=\"https:\/\/www.mentormedia.com\/print-and-packaging\/\" \/>\n<meta property=\"og:site_name\" content=\"Mentor Media\" \/>\n<meta property=\"article:modified_time\" content=\"2024-02-19T13:43:19+00:00\" \/>\n<meta name=\"twitter:card\" content=\"summary_large_image\" \/>\n<meta name=\"twitter:label1\" content=\"Odhadovan\u00e1 doba \u010dten\u00ed\" \/>\n\t<meta name=\"twitter:data1\" content=\"1 minuta\" \/>\n<script type=\"application\/ld+json\" class=\"yoast-schema-graph\">{\"@context\":\"https:\\\/\\\/schema.org\",\"@graph\":[{\"@type\":\"WebPage\",\"@id\":\"https:\\\/\\\/www.mentormedia.com\\\/print-and-packaging\\\/\",\"url\":\"https:\\\/\\\/www.mentormedia.com\\\/print-and-packaging\\\/\",\"name\":\"Tisk a balen\u00ed - Mentor Media\",\"isPartOf\":{\"@id\":\"https:\\\/\\\/www.mentormedia.com\\\/#website\"},\"datePublished\":\"2022-11-03T10:02:03+00:00\",\"dateModified\":\"2024-02-19T13:43:19+00:00\",\"description\":\"Zku\u0161enosti skupiny Elanders v oblasti region\u00e1ln\u00edho tisku a schopnosti balen\u00ed dopl\u0148uj\u00ed platformu slu\u017eeb dodavatelsk\u00e9ho \u0159et\u011bzce spole\u010dnosti Mentor Media.\",\"breadcrumb\":{\"@id\":\"https:\\\/\\\/www.mentormedia.com\\\/print-and-packaging\\\/#breadcrumb\"},\"inLanguage\":\"cs\",\"potentialAction\":[{\"@type\":\"ReadAction\",\"target\":[\"https:\\\/\\\/www.mentormedia.com\\\/print-and-packaging\\\/\"]}]},{\"@type\":\"BreadcrumbList\",\"@id\":\"https:\\\/\\\/www.mentormedia.com\\\/print-and-packaging\\\/#breadcrumb\",\"itemListElement\":[{\"@type\":\"ListItem\",\"position\":1,\"name\":\"Home\",\"item\":\"https:\\\/\\\/www.mentormedia.com\\\/cs\\\/\"},{\"@type\":\"ListItem\",\"position\":2,\"name\":\"Tisk a balen\u00ed\"}]},{\"@type\":\"WebSite\",\"@id\":\"https:\\\/\\\/www.mentormedia.com\\\/#website\",\"url\":\"https:\\\/\\\/www.mentormedia.com\\\/\",\"name\":\"Mentor Media\",\"description\":\"Global Supply Chain Solutions\",\"publisher\":{\"@id\":\"https:\\\/\\\/www.mentormedia.com\\\/#organization\"},\"potentialAction\":[{\"@type\":\"SearchAction\",\"target\":{\"@type\":\"EntryPoint\",\"urlTemplate\":\"https:\\\/\\\/www.mentormedia.com\\\/?s={search_term_string}\"},\"query-input\":{\"@type\":\"PropertyValueSpecification\",\"valueRequired\":true,\"valueName\":\"search_term_string\"}}],\"inLanguage\":\"cs\"},{\"@type\":\"Organization\",\"@id\":\"https:\\\/\\\/www.mentormedia.com\\\/#organization\",\"name\":\"Mentor Media\",\"url\":\"https:\\\/\\\/www.mentormedia.com\\\/\",\"logo\":{\"@type\":\"ImageObject\",\"inLanguage\":\"cs\",\"@id\":\"https:\\\/\\\/www.mentormedia.com\\\/#\\\/schema\\\/logo\\\/image\\\/\",\"url\":\"https:\\\/\\\/www.mentormedia.com\\\/wp-content\\\/uploads\\\/2026\\\/02\\\/logo-mentor-media.webp\",\"contentUrl\":\"https:\\\/\\\/www.mentormedia.com\\\/wp-content\\\/uploads\\\/2026\\\/02\\\/logo-mentor-media.webp\",\"width\":200,\"height\":82,\"caption\":\"Mentor Media\"},\"image\":{\"@id\":\"https:\\\/\\\/www.mentormedia.com\\\/#\\\/schema\\\/logo\\\/image\\\/\"}}]}<\/script>\n<!-- \/ Yoast SEO plugin. -->","yoast_head_json":{"title":"Tisk a balen\u00ed - Mentor Media","description":"Zku\u0161enosti skupiny Elanders v oblasti region\u00e1ln\u00edho tisku a schopnosti balen\u00ed dopl\u0148uj\u00ed platformu slu\u017eeb dodavatelsk\u00e9ho \u0159et\u011bzce spole\u010dnosti Mentor Media.","robots":{"index":"index","follow":"follow","max-snippet":"max-snippet:-1","max-image-preview":"max-image-preview:large","max-video-preview":"max-video-preview:-1"},"canonical":"https:\/\/www.mentormedia.com\/print-and-packaging\/","og_locale":"cs_CZ","og_type":"article","og_title":"Tisk a balen\u00ed - Mentor Media","og_description":"Zku\u0161enosti skupiny Elanders v oblasti region\u00e1ln\u00edho tisku a schopnosti balen\u00ed dopl\u0148uj\u00ed platformu slu\u017eeb dodavatelsk\u00e9ho \u0159et\u011bzce spole\u010dnosti Mentor Media.","og_url":"https:\/\/www.mentormedia.com\/print-and-packaging\/","og_site_name":"Mentor Media","article_modified_time":"2024-02-19T13:43:19+00:00","twitter_card":"summary_large_image","twitter_misc":{"Odhadovan\u00e1 doba \u010dten\u00ed":"1 minuta"},"schema":{"@context":"https:\/\/schema.org","@graph":[{"@type":"WebPage","@id":"https:\/\/www.mentormedia.com\/print-and-packaging\/","url":"https:\/\/www.mentormedia.com\/print-and-packaging\/","name":"Tisk a balen\u00ed - Mentor Media","isPartOf":{"@id":"https:\/\/www.mentormedia.com\/#website"},"datePublished":"2022-11-03T10:02:03+00:00","dateModified":"2024-02-19T13:43:19+00:00","description":"Zku\u0161enosti skupiny Elanders v oblasti region\u00e1ln\u00edho tisku a schopnosti balen\u00ed dopl\u0148uj\u00ed platformu slu\u017eeb dodavatelsk\u00e9ho \u0159et\u011bzce spole\u010dnosti Mentor Media.","breadcrumb":{"@id":"https:\/\/www.mentormedia.com\/print-and-packaging\/#breadcrumb"},"inLanguage":"cs","potentialAction":[{"@type":"ReadAction","target":["https:\/\/www.mentormedia.com\/print-and-packaging\/"]}]},{"@type":"BreadcrumbList","@id":"https:\/\/www.mentormedia.com\/print-and-packaging\/#breadcrumb","itemListElement":[{"@type":"ListItem","position":1,"name":"Home","item":"https:\/\/www.mentormedia.com\/cs\/"},{"@type":"ListItem","position":2,"name":"Tisk a balen\u00ed"}]},{"@type":"WebSite","@id":"https:\/\/www.mentormedia.com\/#website","url":"https:\/\/www.mentormedia.com\/","name":"Mentor Media","description":"Global Supply Chain Solutions","publisher":{"@id":"https:\/\/www.mentormedia.com\/#organization"},"potentialAction":[{"@type":"SearchAction","target":{"@type":"EntryPoint","urlTemplate":"https:\/\/www.mentormedia.com\/?s={search_term_string}"},"query-input":{"@type":"PropertyValueSpecification","valueRequired":true,"valueName":"search_term_string"}}],"inLanguage":"cs"},{"@type":"Organization","@id":"https:\/\/www.mentormedia.com\/#organization","name":"Mentor Media","url":"https:\/\/www.mentormedia.com\/","logo":{"@type":"ImageObject","inLanguage":"cs","@id":"https:\/\/www.mentormedia.com\/#\/schema\/logo\/image\/","url":"https:\/\/www.mentormedia.com\/wp-content\/uploads\/2026\/02\/logo-mentor-media.webp","contentUrl":"https:\/\/www.mentormedia.com\/wp-content\/uploads\/2026\/02\/logo-mentor-media.webp","width":200,"height":82,"caption":"Mentor Media"},"image":{"@id":"https:\/\/www.mentormedia.com\/#\/schema\/logo\/image\/"}}]}},"_links":{"self":[{"href":"https:\/\/www.mentormedia.com\/cs\/wp-json\/wp\/v2\/pages\/4101","targetHints":{"allow":["GET"]}}],"collection":[{"href":"https:\/\/www.mentormedia.com\/cs\/wp-json\/wp\/v2\/pages"}],"about":[{"href":"https:\/\/www.mentormedia.com\/cs\/wp-json\/wp\/v2\/types\/page"}],"author":[{"embeddable":true,"href":"https:\/\/www.mentormedia.com\/cs\/wp-json\/wp\/v2\/users\/1"}],"replies":[{"embeddable":true,"href":"https:\/\/www.mentormedia.com\/cs\/wp-json\/wp\/v2\/comments?post=4101"}],"version-history":[{"count":10,"href":"https:\/\/www.mentormedia.com\/cs\/wp-json\/wp\/v2\/pages\/4101\/revisions"}],"predecessor-version":[{"id":7894,"href":"https:\/\/www.mentormedia.com\/cs\/wp-json\/wp\/v2\/pages\/4101\/revisions\/7894"}],"wp:attachment":[{"href":"https:\/\/www.mentormedia.com\/cs\/wp-json\/wp\/v2\/media?parent=4101"}],"curies":[{"name":"wp","href":"https:\/\/api.w.org\/{rel}","templated":true}]}}