{"id":4087,"date":"2022-11-03T16:58:02","date_gmt":"2022-11-03T08:58:02","guid":{"rendered":"https:\/\/www.mentormedia.com\/reseni\/reseni-v-ramci-elektronickych-sluzeb\/"},"modified":"2024-02-19T14:40:32","modified_gmt":"2024-02-19T13:40:32","slug":"reseni-v-ramci-elektronickych-sluzeb","status":"publish","type":"page","link":"https:\/\/www.mentormedia.com\/cs\/reseni-v-ramci-elektronickych-sluzeb\/","title":{"rendered":"\u0158e\u0161en\u00ed v r\u00e1mci elektronick\u00fdch slu\u017eeb"},"content":{"rendered":"\r\n\t\t<section class=\"titlebild-section titlebild-block-id-6a05088402c08 titlebild-block-layout center\">\r\n                <div class=\"full-bild\"> <img fetchpriority=\"high\" decoding=\"sync\" width=\"1920\" height=\"520\" src=\"https:\/\/www.mentormedia.com\/wp-content\/uploads\/2024\/02\/MM-ebus.jpg\" class=\"img-fluid\" alt=\"MM Ebus\" srcset=\"https:\/\/www.mentormedia.com\/wp-content\/uploads\/2024\/02\/MM-ebus.jpg 1920w, https:\/\/www.mentormedia.com\/wp-content\/uploads\/2024\/02\/MM-ebus-300x81.jpg 300w, https:\/\/www.mentormedia.com\/wp-content\/uploads\/2024\/02\/MM-ebus-1024x277.jpg 1024w, https:\/\/www.mentormedia.com\/wp-content\/uploads\/2024\/02\/MM-ebus-768x208.jpg 768w, https:\/\/www.mentormedia.com\/wp-content\/uploads\/2024\/02\/MM-ebus-1536x416.jpg 1536w\" sizes=\"(max-width: 1920px) 100vw, 1920px\" \/><\/div>\r\n                <div class=\"bild-title container\">\r\n                <p class=\"headline wt-h1\"> \u0158e\u0161en\u00ed V R\u00e1mci Elektronick\u00fdch Slu\u017eeb <\/p>\r\n                <\/div>\r\n        <\/section>\r\n\t\n\n\r\n                        <section class=\"textBlock \" style=\"background-color: #f5f5f5;\" >\r\n                            \r\n                                <div class=\"container\">\r\n                                    \r\n                                    \r\n                                    \r\n                                    <div class=\"row text\">\r\n                                        <div class=\"col\">\r\n                                            <div class=\"textBlock-text col-md-9\">\r\n                                                \n<p class=\"wp-block-wt-text-block\">Internet v\u011bc\u00ed (IOT) se stal d\u016fle\u017eit\u00fdm a je ned\u00edlnou sou\u010d\u00e1st\u00ed mnoha aspekt\u016f slu\u017eeb dodavatelsk\u00e9ho \u0159et\u011bzce. Shroma\u017e\u010fov\u00e1n\u00ed a p\u0159evod dat na informace poskytuje srozumitelnost v procesu rozhodov\u00e1n\u00ed. P\u0159ipojen\u00ed v\u0161ak z\u016fst\u00e1v\u00e1 ur\u010duj\u00edc\u00edm faktorem obchodn\u00edho \u00fasp\u011bchu.<br><br>Spole\u010dnost Mentor Media p\u0159izp\u016fsobila integraci elektronick\u00e9ho podnik\u00e1n\u00ed a podporu \u0159e\u0161en\u00ed standardn\u00ed technologie elektronick\u00e9ho obchodov\u00e1n\u00ed pro komplexn\u00ed vylep\u0161en\u00ed 5G. Poskytujeme z\u00e1klady vy\u017eadovan\u00e9 pro digit\u00e1ln\u00ed roz\u0161i\u0159ov\u00e1n\u00ed va\u0161eho podnik\u00e1n\u00ed.<\/p>\n\r\n                                            <\/div>\r\n                                        <\/div>                                        \r\n                                    <\/div>                                                                        \r\n                                <\/div>                                \r\n                        <\/section>\r\n                    \n\n\r\n                        <section class=\"textBlock \"  >\r\n                            \r\n                                <div class=\"container\">\r\n                                    \r\n                                    \r\n                                    \r\n                                    <div class=\"row text\">\r\n                                        <div class=\"col\">\r\n                                            <div class=\"textBlock-text col-md-9\">\r\n                                                \n<p class=\"wp-block-wt-text-block\">Spole\u010dnost Mentor Media poskytuje vlastn\u00ed \u0159e\u0161en\u00ed, kter\u00e9 klient\u016fm umo\u017e\u0148uje se celosv\u011btov\u011b zviditelnit v r\u00e1mci jejich roz\u0161\u00ed\u0159en\u00e9 s\u00edt\u011b obchodn\u00edch partner\u016f. Pom\u00e1h\u00e1me jim v\u010das reagovat na \u0159adu prom\u011bnn\u00fdch, od popt\u00e1vky z\u00e1kazn\u00edk\u016f a\u017e po nedostatek zdroj\u016f.<br><br>Na\u0161e IT a cloudov\u00e1 \u0159e\u0161en\u00ed umo\u017e\u0148uj\u00ed na\u0161im klient\u016fm synchronizovat pl\u00e1nov\u00e1n\u00ed a progn\u00f3zy, transparentn\u00ed pr\u016fb\u011bh pr\u00e1ce s kone\u010dn\u00fdmi v\u00fdhodami integrace dodavatelsk\u00e9ho \u0159et\u011bzce.<br><br>Poskytujeme transparentnost v \u0159\u00edzen\u00ed pohybu va\u0161ich z\u00e1sob na sklad\u011b a \u00fa\u010dinn\u011bj\u0161\u00ed proces \u2012 sni\u017eov\u00e1n\u00ed n\u00e1klad\u016f, zvy\u0161ov\u00e1n\u00ed flexibility, rychlej\u0161\u00ed uveden\u00ed na trh.<\/p>\n\r\n                                            <\/div>\r\n                                        <\/div>                                        \r\n                                    <\/div>                                                                        \r\n                                <\/div>                                \r\n                        <\/section>\r\n                    \n\n\t<div class='full-width-case-study'><div class='container'>\t<div class=\"portfolio-main isotope-init portfolio-full_width_spacing full-width-section full-width-content\" data-frame=\"square\" data-fluid_image=\"true\" data-is_full_width=\"true\">\r\n\t\t<div class=\"portfolio-main-inner portfolio-col-3\">\r\n\t\t\t<div class=\"filter clearfix\">\r\n\t\t\t\t\t\t\t<h4>P\u0158\u00cdPADOV\u00c9 STUDIE<\/h4>\r\n\t\t\t\t\t\t<\/div>\r\n\t\t\t\r\n\t\t\r\n\t\t<div class=\"portfolio-wrapper\">\r\n\t\t\t<div class=\"portfolio-isotope-container\">\r\n\t\t\t\t\t\t\t\t\t<div class=\"isotope-item  e-service-solutions-cs\">\r\n\t\t\t\t\t\t<div class=\"portfolio-item\">\r\n\t\t\t\t\t\t\t<div class=\"portfolio-img\"><a href=\"https:\/\/www.mentormedia.com\/cs\/case_study\/10-oem\/\" style=\"background-image: url(https:\/\/www.mentormedia.com\/wp-content\/uploads\/2026\/02\/MM-case-10oems.webp);\" class=\"custom-shape no_under\"><\/a><\/div>\r\n\t\t\t\t\t\t\t<a class=\"portfolio-info no_under\" href=\"https:\/\/www.mentormedia.com\/cs\/case_study\/10-oem\/\">\r\n\t\t\t\t\t\t\t\t<div class=\"portfolio-title\"><h6>10 OEM<\/h6><\/div>\r\n\t\t\t\t\t\t\t<\/a>\r\n\t\t\t\t\t\t<\/div>\r\n\t\t\t\t\t<\/div>\r\n\t\t\t\t\t\t\t\t<\/div>\r\n\t\t<\/div>\r\n\t<\/div>\r\n\t<\/div>\r\n\t<\/div><\/div>\t","protected":false},"excerpt":{"rendered":"","protected":false},"author":1,"featured_media":0,"parent":0,"menu_order":0,"comment_status":"closed","ping_status":"closed","template":"","meta":{"footnotes":""},"class_list":["post-4087","page","type-page","status-publish","hentry"],"yoast_head":"<!-- This site is optimized with the Yoast SEO plugin v27.5 - https:\/\/yoast.com\/product\/yoast-seo-wordpress\/ -->\n<title>\u0158e\u0161en\u00ed v r\u00e1mci elektronick\u00fdch slu\u017eeb - Mentor Media<\/title>\n<meta name=\"description\" content=\"Spole\u010dnost Mentor Media poskytuje vlastn\u00ed \u0159e\u0161en\u00ed, kter\u00e9 klient\u016fm umo\u017e\u0148uje se celosv\u011btov\u011b zviditelnit v r\u00e1mci jejich roz\u0161\u00ed\u0159en\u00e9 s\u00edt\u011b obchodn\u00edch partner\u016f.\" \/>\n<meta name=\"robots\" content=\"index, follow, max-snippet:-1, max-image-preview:large, max-video-preview:-1\" \/>\n<link rel=\"canonical\" href=\"https:\/\/www.mentormedia.com\/e-service-solutions\/\" \/>\n<meta property=\"og:locale\" content=\"cs_CZ\" \/>\n<meta property=\"og:type\" content=\"article\" \/>\n<meta property=\"og:title\" content=\"\u0158e\u0161en\u00ed v r\u00e1mci elektronick\u00fdch slu\u017eeb - Mentor Media\" \/>\n<meta property=\"og:description\" content=\"Spole\u010dnost Mentor Media poskytuje vlastn\u00ed \u0159e\u0161en\u00ed, kter\u00e9 klient\u016fm umo\u017e\u0148uje se celosv\u011btov\u011b zviditelnit v r\u00e1mci jejich roz\u0161\u00ed\u0159en\u00e9 s\u00edt\u011b obchodn\u00edch partner\u016f.\" \/>\n<meta property=\"og:url\" content=\"https:\/\/www.mentormedia.com\/e-service-solutions\/\" \/>\n<meta property=\"og:site_name\" content=\"Mentor Media\" \/>\n<meta property=\"article:modified_time\" content=\"2024-02-19T13:40:32+00:00\" \/>\n<meta name=\"twitter:card\" content=\"summary_large_image\" \/>\n<meta name=\"twitter:label1\" content=\"Odhadovan\u00e1 doba \u010dten\u00ed\" \/>\n\t<meta name=\"twitter:data1\" content=\"1 minuta\" \/>\n<script type=\"application\/ld+json\" class=\"yoast-schema-graph\">{\"@context\":\"https:\\\/\\\/schema.org\",\"@graph\":[{\"@type\":\"WebPage\",\"@id\":\"https:\\\/\\\/www.mentormedia.com\\\/e-service-solutions\\\/\",\"url\":\"https:\\\/\\\/www.mentormedia.com\\\/e-service-solutions\\\/\",\"name\":\"\u0158e\u0161en\u00ed v r\u00e1mci elektronick\u00fdch slu\u017eeb - Mentor Media\",\"isPartOf\":{\"@id\":\"https:\\\/\\\/www.mentormedia.com\\\/#website\"},\"datePublished\":\"2022-11-03T08:58:02+00:00\",\"dateModified\":\"2024-02-19T13:40:32+00:00\",\"description\":\"Spole\u010dnost Mentor Media poskytuje vlastn\u00ed \u0159e\u0161en\u00ed, kter\u00e9 klient\u016fm umo\u017e\u0148uje se celosv\u011btov\u011b zviditelnit v r\u00e1mci jejich roz\u0161\u00ed\u0159en\u00e9 s\u00edt\u011b obchodn\u00edch partner\u016f.\",\"breadcrumb\":{\"@id\":\"https:\\\/\\\/www.mentormedia.com\\\/e-service-solutions\\\/#breadcrumb\"},\"inLanguage\":\"cs\",\"potentialAction\":[{\"@type\":\"ReadAction\",\"target\":[\"https:\\\/\\\/www.mentormedia.com\\\/e-service-solutions\\\/\"]}]},{\"@type\":\"BreadcrumbList\",\"@id\":\"https:\\\/\\\/www.mentormedia.com\\\/e-service-solutions\\\/#breadcrumb\",\"itemListElement\":[{\"@type\":\"ListItem\",\"position\":1,\"name\":\"Home\",\"item\":\"https:\\\/\\\/www.mentormedia.com\\\/cs\\\/\"},{\"@type\":\"ListItem\",\"position\":2,\"name\":\"\u0158e\u0161en\u00ed v r\u00e1mci elektronick\u00fdch slu\u017eeb\"}]},{\"@type\":\"WebSite\",\"@id\":\"https:\\\/\\\/www.mentormedia.com\\\/#website\",\"url\":\"https:\\\/\\\/www.mentormedia.com\\\/\",\"name\":\"Mentor Media\",\"description\":\"Global Supply Chain Solutions\",\"publisher\":{\"@id\":\"https:\\\/\\\/www.mentormedia.com\\\/#organization\"},\"potentialAction\":[{\"@type\":\"SearchAction\",\"target\":{\"@type\":\"EntryPoint\",\"urlTemplate\":\"https:\\\/\\\/www.mentormedia.com\\\/?s={search_term_string}\"},\"query-input\":{\"@type\":\"PropertyValueSpecification\",\"valueRequired\":true,\"valueName\":\"search_term_string\"}}],\"inLanguage\":\"cs\"},{\"@type\":\"Organization\",\"@id\":\"https:\\\/\\\/www.mentormedia.com\\\/#organization\",\"name\":\"Mentor Media\",\"url\":\"https:\\\/\\\/www.mentormedia.com\\\/\",\"logo\":{\"@type\":\"ImageObject\",\"inLanguage\":\"cs\",\"@id\":\"https:\\\/\\\/www.mentormedia.com\\\/#\\\/schema\\\/logo\\\/image\\\/\",\"url\":\"https:\\\/\\\/www.mentormedia.com\\\/wp-content\\\/uploads\\\/2026\\\/02\\\/logo-mentor-media.webp\",\"contentUrl\":\"https:\\\/\\\/www.mentormedia.com\\\/wp-content\\\/uploads\\\/2026\\\/02\\\/logo-mentor-media.webp\",\"width\":200,\"height\":82,\"caption\":\"Mentor Media\"},\"image\":{\"@id\":\"https:\\\/\\\/www.mentormedia.com\\\/#\\\/schema\\\/logo\\\/image\\\/\"}}]}<\/script>\n<!-- \/ Yoast SEO plugin. -->","yoast_head_json":{"title":"\u0158e\u0161en\u00ed v r\u00e1mci elektronick\u00fdch slu\u017eeb - Mentor Media","description":"Spole\u010dnost Mentor Media poskytuje vlastn\u00ed \u0159e\u0161en\u00ed, kter\u00e9 klient\u016fm umo\u017e\u0148uje se celosv\u011btov\u011b zviditelnit v r\u00e1mci jejich roz\u0161\u00ed\u0159en\u00e9 s\u00edt\u011b obchodn\u00edch partner\u016f.","robots":{"index":"index","follow":"follow","max-snippet":"max-snippet:-1","max-image-preview":"max-image-preview:large","max-video-preview":"max-video-preview:-1"},"canonical":"https:\/\/www.mentormedia.com\/e-service-solutions\/","og_locale":"cs_CZ","og_type":"article","og_title":"\u0158e\u0161en\u00ed v r\u00e1mci elektronick\u00fdch slu\u017eeb - Mentor Media","og_description":"Spole\u010dnost Mentor Media poskytuje vlastn\u00ed \u0159e\u0161en\u00ed, kter\u00e9 klient\u016fm umo\u017e\u0148uje se celosv\u011btov\u011b zviditelnit v r\u00e1mci jejich roz\u0161\u00ed\u0159en\u00e9 s\u00edt\u011b obchodn\u00edch partner\u016f.","og_url":"https:\/\/www.mentormedia.com\/e-service-solutions\/","og_site_name":"Mentor Media","article_modified_time":"2024-02-19T13:40:32+00:00","twitter_card":"summary_large_image","twitter_misc":{"Odhadovan\u00e1 doba \u010dten\u00ed":"1 minuta"},"schema":{"@context":"https:\/\/schema.org","@graph":[{"@type":"WebPage","@id":"https:\/\/www.mentormedia.com\/e-service-solutions\/","url":"https:\/\/www.mentormedia.com\/e-service-solutions\/","name":"\u0158e\u0161en\u00ed v r\u00e1mci elektronick\u00fdch slu\u017eeb - Mentor Media","isPartOf":{"@id":"https:\/\/www.mentormedia.com\/#website"},"datePublished":"2022-11-03T08:58:02+00:00","dateModified":"2024-02-19T13:40:32+00:00","description":"Spole\u010dnost Mentor Media poskytuje vlastn\u00ed \u0159e\u0161en\u00ed, kter\u00e9 klient\u016fm umo\u017e\u0148uje se celosv\u011btov\u011b zviditelnit v r\u00e1mci jejich roz\u0161\u00ed\u0159en\u00e9 s\u00edt\u011b obchodn\u00edch partner\u016f.","breadcrumb":{"@id":"https:\/\/www.mentormedia.com\/e-service-solutions\/#breadcrumb"},"inLanguage":"cs","potentialAction":[{"@type":"ReadAction","target":["https:\/\/www.mentormedia.com\/e-service-solutions\/"]}]},{"@type":"BreadcrumbList","@id":"https:\/\/www.mentormedia.com\/e-service-solutions\/#breadcrumb","itemListElement":[{"@type":"ListItem","position":1,"name":"Home","item":"https:\/\/www.mentormedia.com\/cs\/"},{"@type":"ListItem","position":2,"name":"\u0158e\u0161en\u00ed v r\u00e1mci elektronick\u00fdch slu\u017eeb"}]},{"@type":"WebSite","@id":"https:\/\/www.mentormedia.com\/#website","url":"https:\/\/www.mentormedia.com\/","name":"Mentor Media","description":"Global Supply Chain Solutions","publisher":{"@id":"https:\/\/www.mentormedia.com\/#organization"},"potentialAction":[{"@type":"SearchAction","target":{"@type":"EntryPoint","urlTemplate":"https:\/\/www.mentormedia.com\/?s={search_term_string}"},"query-input":{"@type":"PropertyValueSpecification","valueRequired":true,"valueName":"search_term_string"}}],"inLanguage":"cs"},{"@type":"Organization","@id":"https:\/\/www.mentormedia.com\/#organization","name":"Mentor Media","url":"https:\/\/www.mentormedia.com\/","logo":{"@type":"ImageObject","inLanguage":"cs","@id":"https:\/\/www.mentormedia.com\/#\/schema\/logo\/image\/","url":"https:\/\/www.mentormedia.com\/wp-content\/uploads\/2026\/02\/logo-mentor-media.webp","contentUrl":"https:\/\/www.mentormedia.com\/wp-content\/uploads\/2026\/02\/logo-mentor-media.webp","width":200,"height":82,"caption":"Mentor Media"},"image":{"@id":"https:\/\/www.mentormedia.com\/#\/schema\/logo\/image\/"}}]}},"_links":{"self":[{"href":"https:\/\/www.mentormedia.com\/cs\/wp-json\/wp\/v2\/pages\/4087","targetHints":{"allow":["GET"]}}],"collection":[{"href":"https:\/\/www.mentormedia.com\/cs\/wp-json\/wp\/v2\/pages"}],"about":[{"href":"https:\/\/www.mentormedia.com\/cs\/wp-json\/wp\/v2\/types\/page"}],"author":[{"embeddable":true,"href":"https:\/\/www.mentormedia.com\/cs\/wp-json\/wp\/v2\/users\/1"}],"replies":[{"embeddable":true,"href":"https:\/\/www.mentormedia.com\/cs\/wp-json\/wp\/v2\/comments?post=4087"}],"version-history":[{"count":9,"href":"https:\/\/www.mentormedia.com\/cs\/wp-json\/wp\/v2\/pages\/4087\/revisions"}],"predecessor-version":[{"id":7882,"href":"https:\/\/www.mentormedia.com\/cs\/wp-json\/wp\/v2\/pages\/4087\/revisions\/7882"}],"wp:attachment":[{"href":"https:\/\/www.mentormedia.com\/cs\/wp-json\/wp\/v2\/media?parent=4087"}],"curies":[{"name":"wp","href":"https:\/\/api.w.org\/{rel}","templated":true}]}}