{"id":4059,"date":"2022-11-03T16:31:20","date_gmt":"2022-11-03T08:31:20","guid":{"rendered":"https:\/\/www.mentormedia.com\/reseni\/zdravotni-pece\/"},"modified":"2026-03-25T21:59:34","modified_gmt":"2026-03-25T13:59:34","slug":"zdravotni-pece","status":"publish","type":"page","link":"https:\/\/www.mentormedia.com\/cs\/zdravotni-pece\/","title":{"rendered":"Zdravotn\u00ed P\u00e9\u010de"},"content":{"rendered":"\r\n\t\t<section class=\"titlebild-section titlebild-block-id-69f29de6554f0 titlebild-block-layout center\">\r\n                <div class=\"full-bild\"> <img fetchpriority=\"high\" decoding=\"sync\" width=\"1920\" height=\"520\" src=\"https:\/\/www.mentormedia.com\/wp-content\/uploads\/2024\/02\/MM-HC-21-darker.jpg\" class=\"img-fluid\" alt=\"MM HC Darker\" srcset=\"https:\/\/www.mentormedia.com\/wp-content\/uploads\/2024\/02\/MM-HC-21-darker.jpg 1920w, https:\/\/www.mentormedia.com\/wp-content\/uploads\/2024\/02\/MM-HC-21-darker-300x81.jpg 300w, https:\/\/www.mentormedia.com\/wp-content\/uploads\/2024\/02\/MM-HC-21-darker-1024x277.jpg 1024w, https:\/\/www.mentormedia.com\/wp-content\/uploads\/2024\/02\/MM-HC-21-darker-768x208.jpg 768w, https:\/\/www.mentormedia.com\/wp-content\/uploads\/2024\/02\/MM-HC-21-darker-1536x416.jpg 1536w\" sizes=\"(max-width: 1920px) 100vw, 1920px\" \/><\/div>\r\n                <div class=\"bild-title container\">\r\n                <p class=\"headline wt-h1\"> Zdravotn\u00ed P\u00e9\u010de <\/p>\r\n                <\/div>\r\n        <\/section>\r\n\t\n\n\r\n                        <section class=\"textBlock \" style=\"background-color: #f5f5f5;\" >\r\n                            \r\n                                <div class=\"container\">\r\n                                    \r\n                                    \r\n                                    \r\n                                    <div class=\"row text\">\r\n                                        <div class=\"col\">\r\n                                            <div class=\"textBlock-text col-md-9\">\r\n                                                \n<p class=\"wp-block-wt-text-block\">Expanze spole\u010dnosti Mentor Media do sektoru dodavatelsk\u00e9ho \u0159et\u011bzce v r\u00e1mci zdravotn\u00ed p\u00e9\u010de je povzbuzov\u00e1na roky zku\u0161enost\u00ed s dodavatelsk\u00fdm \u0159et\u011bzcem a logistikou. Na\u0161\u00edm c\u00edlem je nad\u00e1le poskytovat konzultace znalost\u00ed v oboru s vysoce kvalitn\u00edmi \u0159e\u0161en\u00edmi slu\u017eeb. Mezi slu\u017eby pat\u0159\u00ed \u0159\u00edzen\u00ed nemocni\u010dn\u00edch z\u00e1sob na sklad\u011b prost\u0159ednictv\u00edm RFID, slu\u017eby steriln\u00edho balen\u00ed a \u010dist\u00fdch prostor, centrum distribuce zdravotn\u00ed p\u00e9\u010de, \u0159\u00edzen\u00ed kompletu p\u016fj\u010dek a vr\u00e1cen\u00ed, \u0159e\u0161en\u00ed proti pad\u011bl\u00e1n\u00ed, vlastn\u00ed kompletace, replikace medi\u00e1ln\u00edho softwaru, dod\u00e1vky na kl\u00ed\u010d, ozna\u010dov\u00e1n\u00ed a dal\u0161\u00ed slu\u017eby s p\u0159idanou hodnotou.<\/p>\n\r\n                                            <\/div>\r\n                                        <\/div>                                        \r\n                                    <\/div>                                                                        \r\n                                <\/div>                                \r\n                        <\/section>\r\n                    \n\n\r\n                        <section class=\"textBlock \"  >\r\n                            \r\n                                <div class=\"container\">\r\n                                    \r\n                                    \r\n                                    \r\n                                    <div class=\"row text\">\r\n                                        <div class=\"col\">\r\n                                            <div class=\"textBlock-text col-md-9\">\r\n                                                \n<p class=\"wp-block-wt-text-block\">Spole\u010dnost Mentor Media se zam\u011b\u0159uje na zlep\u0161en\u00ed bezpe\u010dnosti pacient\u016f dod\u00e1v\u00e1n\u00edm vysoce kvalitn\u00edch steriln\u00edch v\u00fdrobk\u016f s na\u0161imi slu\u017ebami zdravotn\u00ed p\u00e9\u010de v r\u00e1mci dodavatelsk\u00e9ho \u0159et\u011bzce. D\u00edky kombinaci znalost\u00ed v oboru a zku\u0161en\u00fdch odborn\u00edk\u016f spolu s nejmodern\u011bj\u0161\u00edmi za\u0159\u00edzen\u00edmi m\u016f\u017ee spole\u010dnost Mentor Media pomoci klient\u016fm s jejich r\u016fzn\u00fdmi po\u017eadavky.<br><br>Ve spole\u010dnosti Mentor Media poskytujeme n\u011bkolik \u0159e\u0161en\u00ed v oblasti zdravotn\u00ed p\u00e9\u010de. Od skladov\u00e1n\u00ed s \u0159\u00edzen\u00fdm prost\u0159ed\u00edm a steriln\u00edho balen\u00ed a\u017e po slu\u017eby v \u010dist\u00fdch prostor\u00e1ch. S dopln\u011bn\u00edm dal\u0161\u00edch slu\u017eeb s p\u0159idanou hodnotou, kter\u00e9 slou\u017e\u00ed r\u016fznorod\u00fdm pot\u0159eb\u00e1m celosv\u011btov\u00e9ho zdravotnick\u00e9ho pr\u016fmyslu.<br><br>Syst\u00e9m \u0159\u00edzen\u00ed jakosti spole\u010dnosti Mentor Media je certifikov\u00e1n T\u00dcV S\u00dcD a spl\u0148uje normy ASTM a EN. Na\u0161e dokumentace je zpracov\u00e1v\u00e1na v souladu s GDP a mezin\u00e1rodn\u00edmi normami, aby byla zaji\u0161t\u011bna jej\u00ed pou\u017eitelnost nap\u0159\u00ed\u010d na\u0161imi za\u0159\u00edzen\u00edmi v r\u00e1mci celosv\u011btov\u00e9ho dodavatelsk\u00e9ho \u0159et\u011bzce.<\/p>\n\r\n                                            <\/div>\r\n                                        <\/div>                                        \r\n                                    <\/div>                                                                        \r\n                                <\/div>                                \r\n                        <\/section>\r\n                    \n\n\n<figure class=\"wp-block-video container\"><video controls poster=\"https:\/\/www.mentormedia.com\/wp-content\/uploads\/2026\/03\/thumb_mm_video.jpg\" src=\"https:\/\/www.elanders.com\/upload\/VIDEO\/mentor_media_healthcare_supply_chain_v1.mp4\"><\/video><\/figure>\n\n\n\r\n        <section class=\"picturebutton \">\r\n            <div class=\"row picturebutton-content-wrapper\">\r\n                \r\n\t        <div class=\"picturebutton-block col-12 col-lg-6\">\r\n                <a class=\"picturebutton\" href=\"\/cs\/sterilni-baleni-a-ciste-prostory\/\" >\r\n                     <img loading=\"lazy\" decoding=\"async\" width=\"2100\" height=\"1071\" src=\"https:\/\/www.mentormedia.com\/wp-content\/uploads\/2022\/12\/MM-STERILE-CLEANROOM-large.jpg\" class=\"attachment-full size-full\" alt=\"MM STERILE CLEANROOM Large\" srcset=\"https:\/\/www.mentormedia.com\/wp-content\/uploads\/2022\/12\/MM-STERILE-CLEANROOM-large.jpg 2100w, https:\/\/www.mentormedia.com\/wp-content\/uploads\/2022\/12\/MM-STERILE-CLEANROOM-large-300x153.jpg 300w, https:\/\/www.mentormedia.com\/wp-content\/uploads\/2022\/12\/MM-STERILE-CLEANROOM-large-1024x522.jpg 1024w, https:\/\/www.mentormedia.com\/wp-content\/uploads\/2022\/12\/MM-STERILE-CLEANROOM-large-768x392.jpg 768w, https:\/\/www.mentormedia.com\/wp-content\/uploads\/2022\/12\/MM-STERILE-CLEANROOM-large-1536x783.jpg 1536w, https:\/\/www.mentormedia.com\/wp-content\/uploads\/2022\/12\/MM-STERILE-CLEANROOM-large-2048x1044.jpg 2048w\" sizes=\"auto, (max-width: 2100px) 100vw, 2100px\" \/>\r\n                     <h3 class=\"picturebutton-text\"> STERILN\u00cd BALEN\u00cd A \u010cIST\u00c9 PROSTORY<\/h3>\r\n                 <\/a> \r\n            <\/div>\r\n\t        <div class=\"picturebutton-block col-12 col-lg-6\">\r\n                <a class=\"picturebutton\" href=\"\/cs\/centrum-distribuce-zdravotni-pece\/\" >\r\n                     <img loading=\"lazy\" decoding=\"async\" width=\"2100\" height=\"1071\" src=\"https:\/\/www.mentormedia.com\/wp-content\/uploads\/2022\/12\/MM-DISTCENTR-21.jpg\" class=\"attachment-full size-full\" alt=\"MM DISTCENTR\" srcset=\"https:\/\/www.mentormedia.com\/wp-content\/uploads\/2022\/12\/MM-DISTCENTR-21.jpg 2100w, https:\/\/www.mentormedia.com\/wp-content\/uploads\/2022\/12\/MM-DISTCENTR-21-300x153.jpg 300w, https:\/\/www.mentormedia.com\/wp-content\/uploads\/2022\/12\/MM-DISTCENTR-21-1024x522.jpg 1024w, https:\/\/www.mentormedia.com\/wp-content\/uploads\/2022\/12\/MM-DISTCENTR-21-768x392.jpg 768w, https:\/\/www.mentormedia.com\/wp-content\/uploads\/2022\/12\/MM-DISTCENTR-21-1536x783.jpg 1536w, https:\/\/www.mentormedia.com\/wp-content\/uploads\/2022\/12\/MM-DISTCENTR-21-2048x1044.jpg 2048w\" sizes=\"auto, (max-width: 2100px) 100vw, 2100px\" \/>\r\n                     <h3 class=\"picturebutton-text\"> CENTRUM DISTRIBUCE ZDRAVOTN\u00cd P\u00c9\u010cE<\/h3>\r\n                 <\/a> \r\n            <\/div>\r\n\t        <div class=\"picturebutton-block col-12 col-lg-6\">\r\n                <a class=\"picturebutton\" href=\"\/cs\/rizeni-nemocnicnich-zasob-na-sklade\/\" >\r\n                     <img loading=\"lazy\" decoding=\"async\" width=\"2100\" height=\"1071\" src=\"https:\/\/www.mentormedia.com\/wp-content\/uploads\/2022\/12\/MM-HOSP-21.jpg\" class=\"attachment-full size-full\" alt=\"MM HOSP\" srcset=\"https:\/\/www.mentormedia.com\/wp-content\/uploads\/2022\/12\/MM-HOSP-21.jpg 2100w, https:\/\/www.mentormedia.com\/wp-content\/uploads\/2022\/12\/MM-HOSP-21-300x153.jpg 300w, https:\/\/www.mentormedia.com\/wp-content\/uploads\/2022\/12\/MM-HOSP-21-1024x522.jpg 1024w, https:\/\/www.mentormedia.com\/wp-content\/uploads\/2022\/12\/MM-HOSP-21-768x392.jpg 768w, https:\/\/www.mentormedia.com\/wp-content\/uploads\/2022\/12\/MM-HOSP-21-1536x783.jpg 1536w, https:\/\/www.mentormedia.com\/wp-content\/uploads\/2022\/12\/MM-HOSP-21-2048x1044.jpg 2048w\" sizes=\"auto, (max-width: 2100px) 100vw, 2100px\" \/>\r\n                     <h3 class=\"picturebutton-text\"> \u0158\u00cdZEN\u00cd NEMOCNI\u010cN\u00cdCH Z\u00c1SOB NA SKLAD\u011a<\/h3>\r\n                 <\/a> \r\n            <\/div>\r\n\t        <div class=\"picturebutton-block col-12 col-lg-6\">\r\n                <a class=\"picturebutton\" href=\"\/cs\/zasadni-zdravotni-pece\/\" >\r\n                     <img loading=\"lazy\" decoding=\"async\" width=\"2100\" height=\"1071\" src=\"https:\/\/www.mentormedia.com\/wp-content\/uploads\/2022\/11\/critical-healthcare.jpeg\" class=\"attachment-full size-full\" alt=\"Critical Healthcare\" srcset=\"https:\/\/www.mentormedia.com\/wp-content\/uploads\/2022\/11\/critical-healthcare.jpeg 2100w, https:\/\/www.mentormedia.com\/wp-content\/uploads\/2022\/11\/critical-healthcare-300x153.jpeg 300w, https:\/\/www.mentormedia.com\/wp-content\/uploads\/2022\/11\/critical-healthcare-1024x522.jpeg 1024w, https:\/\/www.mentormedia.com\/wp-content\/uploads\/2022\/11\/critical-healthcare-768x392.jpeg 768w, https:\/\/www.mentormedia.com\/wp-content\/uploads\/2022\/11\/critical-healthcare-1536x783.jpeg 1536w, https:\/\/www.mentormedia.com\/wp-content\/uploads\/2022\/11\/critical-healthcare-2048x1044.jpeg 2048w\" sizes=\"auto, (max-width: 2100px) 100vw, 2100px\" \/>\r\n                     <h3 class=\"picturebutton-text\"> Z\u00c1SADN\u00cd ZDRAVOTN\u00cd P\u00c9\u010cE<\/h3>\r\n                 <\/a> \r\n            <\/div>  <\/div>               \r\n        <\/section>\n\n\t<div class='full-width-case-study'><div class='container'>\t<div class=\"portfolio-main isotope-init portfolio-full_width_spacing full-width-section full-width-content\" data-frame=\"square\" data-fluid_image=\"true\" data-is_full_width=\"true\">\r\n\t\t<div class=\"portfolio-main-inner portfolio-col-3\">\r\n\t\t\t<div class=\"filter clearfix\">\r\n\t\t\t\t\t\t\t<h4>P\u0158\u00cdPADOV\u00c9 STUDIE<\/h4>\r\n\t\t\t\t\t\t<\/div>\r\n\t\t\t\r\n\t\t\r\n\t\t<div class=\"portfolio-wrapper\">\r\n\t\t\t<div class=\"portfolio-isotope-container\">\r\n\t\t\t\t\t\t\t\t\t<div class=\"isotope-item  sterile-packaging-cleanroom-cs healthcare-service-solutions-cs\">\r\n\t\t\t\t\t\t<div class=\"portfolio-item\">\r\n\t\t\t\t\t\t\t<div class=\"portfolio-img\"><a href=\"https:\/\/www.mentormedia.com\/cs\/case_study\/ciste-prostory-pro-sterilni-baleni\/\" style=\"background-image: url(https:\/\/www.mentormedia.com\/wp-content\/uploads\/2026\/02\/MM-CASE-HC-STERILE.webp);\" class=\"custom-shape no_under\"><\/a><\/div>\r\n\t\t\t\t\t\t\t<a class=\"portfolio-info no_under\" href=\"https:\/\/www.mentormedia.com\/cs\/case_study\/ciste-prostory-pro-sterilni-baleni\/\">\r\n\t\t\t\t\t\t\t\t<div class=\"portfolio-title\"><h6>\u010cist\u00e9 prostory pro steriln\u00ed balen\u00ed<\/h6><\/div>\r\n\t\t\t\t\t\t\t<\/a>\r\n\t\t\t\t\t\t<\/div>\r\n\t\t\t\t\t<\/div>\r\n\t\t\t\t\t\t\t\t\t\t<div class=\"isotope-item  hospital-inventory-management-cs healthcare-service-solutions-cs\">\r\n\t\t\t\t\t\t<div class=\"portfolio-item\">\r\n\t\t\t\t\t\t\t<div class=\"portfolio-img\"><a href=\"https:\/\/www.mentormedia.com\/cs\/case_study\/rizeni-nemocnicnich-zasob-na-sklade\/\" style=\"background-image: url(https:\/\/www.mentormedia.com\/wp-content\/uploads\/2026\/02\/MM-CASE-HC-HOSPITAL.webp);\" class=\"custom-shape no_under\"><\/a><\/div>\r\n\t\t\t\t\t\t\t<a class=\"portfolio-info no_under\" href=\"https:\/\/www.mentormedia.com\/cs\/case_study\/rizeni-nemocnicnich-zasob-na-sklade\/\">\r\n\t\t\t\t\t\t\t\t<div class=\"portfolio-title\"><h6>\u0158\u00edzen\u00ed nemocni\u010dn\u00edch z\u00e1sob na sklad\u011b<\/h6><\/div>\r\n\t\t\t\t\t\t\t<\/a>\r\n\t\t\t\t\t\t<\/div>\r\n\t\t\t\t\t<\/div>\r\n\t\t\t\t\t\t\t\t\t\t<div class=\"isotope-item  healthcare-distribution-centre-cs healthcare-service-solutions-cs\">\r\n\t\t\t\t\t\t<div class=\"portfolio-item\">\r\n\t\t\t\t\t\t\t<div class=\"portfolio-img\"><a href=\"https:\/\/www.mentormedia.com\/cs\/case_study\/centrum-distribuce-zdravotni-pece\/\" style=\"background-image: url(https:\/\/www.mentormedia.com\/wp-content\/uploads\/2026\/02\/MM-CASE-HC-DISTRIBUTIONC.webp);\" class=\"custom-shape no_under\"><\/a><\/div>\r\n\t\t\t\t\t\t\t<a class=\"portfolio-info no_under\" href=\"https:\/\/www.mentormedia.com\/cs\/case_study\/centrum-distribuce-zdravotni-pece\/\">\r\n\t\t\t\t\t\t\t\t<div class=\"portfolio-title\"><h6>Centrum distribuce zdravotn\u00ed p\u00e9\u010de<\/h6><\/div>\r\n\t\t\t\t\t\t\t<\/a>\r\n\t\t\t\t\t\t<\/div>\r\n\t\t\t\t\t<\/div>\r\n\t\t\t\t\t\t\t\t\t\t<div class=\"isotope-item  critical-healthcare-cs healthcare-service-solutions-cs\">\r\n\t\t\t\t\t\t<div class=\"portfolio-item\">\r\n\t\t\t\t\t\t\t<div class=\"portfolio-img\"><a href=\"https:\/\/www.mentormedia.com\/cs\/case_study\/zasadni-zdravotni-pece\/\" style=\"background-image: url(https:\/\/www.mentormedia.com\/wp-content\/uploads\/2026\/02\/MM-CASE-HC-CRITICAL.webp);\" class=\"custom-shape no_under\"><\/a><\/div>\r\n\t\t\t\t\t\t\t<a class=\"portfolio-info no_under\" href=\"https:\/\/www.mentormedia.com\/cs\/case_study\/zasadni-zdravotni-pece\/\">\r\n\t\t\t\t\t\t\t\t<div class=\"portfolio-title\"><h6>Z\u00e1sadn\u00ed zdravotn\u00ed p\u00e9\u010de<\/h6><\/div>\r\n\t\t\t\t\t\t\t<\/a>\r\n\t\t\t\t\t\t<\/div>\r\n\t\t\t\t\t<\/div>\r\n\t\t\t\t\t\t\t\t<\/div>\r\n\t\t<\/div>\r\n\t<\/div>\r\n\t<\/div>\r\n\t<\/div><\/div>\t","protected":false},"excerpt":{"rendered":"","protected":false},"author":1,"featured_media":0,"parent":0,"menu_order":0,"comment_status":"closed","ping_status":"closed","template":"","meta":{"footnotes":""},"class_list":["post-4059","page","type-page","status-publish","hentry"],"yoast_head":"<!-- This site is optimized with the Yoast SEO plugin v27.5 - https:\/\/yoast.com\/product\/yoast-seo-wordpress\/ -->\n<title>Zdravotn\u00ed p\u00e9\u010de - Mentor Media<\/title>\n<meta name=\"description\" content=\"Ve spole\u010dnosti Mentor Media poskytujeme n\u011bkolik \u0159e\u0161en\u00ed v oblasti zdravotn\u00ed p\u00e9\u010de. Od skladov\u00e1n\u00ed s \u0159\u00edzen\u00fdm prost\u0159ed\u00edm a steriln\u00edho balen\u00ed a\u017e po slu\u017eby v \u010dist\u00fdch prostor\u00e1ch.\" \/>\n<meta name=\"robots\" content=\"index, follow, max-snippet:-1, max-image-preview:large, max-video-preview:-1\" \/>\n<link rel=\"canonical\" href=\"https:\/\/www.mentormedia.com\/cs\/zdravotni-pece\/\" \/>\n<meta property=\"og:locale\" content=\"cs_CZ\" \/>\n<meta property=\"og:type\" content=\"article\" \/>\n<meta property=\"og:title\" content=\"Zdravotn\u00ed p\u00e9\u010de - Mentor Media\" \/>\n<meta property=\"og:description\" content=\"Ve spole\u010dnosti Mentor Media poskytujeme n\u011bkolik \u0159e\u0161en\u00ed v oblasti zdravotn\u00ed p\u00e9\u010de. Od skladov\u00e1n\u00ed s \u0159\u00edzen\u00fdm prost\u0159ed\u00edm a steriln\u00edho balen\u00ed a\u017e po slu\u017eby v \u010dist\u00fdch prostor\u00e1ch.\" \/>\n<meta property=\"og:url\" content=\"https:\/\/www.mentormedia.com\/cs\/zdravotni-pece\/\" \/>\n<meta property=\"og:site_name\" content=\"Mentor Media\" \/>\n<meta property=\"article:modified_time\" content=\"2026-03-25T13:59:34+00:00\" \/>\n<meta name=\"twitter:card\" content=\"summary_large_image\" \/>\n<meta name=\"twitter:label1\" content=\"Odhadovan\u00e1 doba \u010dten\u00ed\" \/>\n\t<meta name=\"twitter:data1\" content=\"1 minuta\" \/>\n<script type=\"application\/ld+json\" class=\"yoast-schema-graph\">{\"@context\":\"https:\\\/\\\/schema.org\",\"@graph\":[{\"@type\":\"WebPage\",\"@id\":\"https:\\\/\\\/www.mentormedia.com\\\/cs\\\/zdravotni-pece\\\/\",\"url\":\"https:\\\/\\\/www.mentormedia.com\\\/cs\\\/zdravotni-pece\\\/\",\"name\":\"Zdravotn\u00ed p\u00e9\u010de - Mentor Media\",\"isPartOf\":{\"@id\":\"https:\\\/\\\/www.mentormedia.com\\\/#website\"},\"datePublished\":\"2022-11-03T08:31:20+00:00\",\"dateModified\":\"2026-03-25T13:59:34+00:00\",\"description\":\"Ve spole\u010dnosti Mentor Media poskytujeme n\u011bkolik \u0159e\u0161en\u00ed v oblasti zdravotn\u00ed p\u00e9\u010de. Od skladov\u00e1n\u00ed s \u0159\u00edzen\u00fdm prost\u0159ed\u00edm a steriln\u00edho balen\u00ed a\u017e po slu\u017eby v \u010dist\u00fdch prostor\u00e1ch.\",\"breadcrumb\":{\"@id\":\"https:\\\/\\\/www.mentormedia.com\\\/cs\\\/zdravotni-pece\\\/#breadcrumb\"},\"inLanguage\":\"cs\",\"potentialAction\":[{\"@type\":\"ReadAction\",\"target\":[\"https:\\\/\\\/www.mentormedia.com\\\/cs\\\/zdravotni-pece\\\/\"]}]},{\"@type\":\"BreadcrumbList\",\"@id\":\"https:\\\/\\\/www.mentormedia.com\\\/cs\\\/zdravotni-pece\\\/#breadcrumb\",\"itemListElement\":[{\"@type\":\"ListItem\",\"position\":1,\"name\":\"Home\",\"item\":\"https:\\\/\\\/www.mentormedia.com\\\/cs\\\/\"},{\"@type\":\"ListItem\",\"position\":2,\"name\":\"Zdravotn\u00ed P\u00e9\u010de\"}]},{\"@type\":\"WebSite\",\"@id\":\"https:\\\/\\\/www.mentormedia.com\\\/#website\",\"url\":\"https:\\\/\\\/www.mentormedia.com\\\/\",\"name\":\"Mentor Media\",\"description\":\"Global Supply Chain Solutions\",\"publisher\":{\"@id\":\"https:\\\/\\\/www.mentormedia.com\\\/#organization\"},\"potentialAction\":[{\"@type\":\"SearchAction\",\"target\":{\"@type\":\"EntryPoint\",\"urlTemplate\":\"https:\\\/\\\/www.mentormedia.com\\\/?s={search_term_string}\"},\"query-input\":{\"@type\":\"PropertyValueSpecification\",\"valueRequired\":true,\"valueName\":\"search_term_string\"}}],\"inLanguage\":\"cs\"},{\"@type\":\"Organization\",\"@id\":\"https:\\\/\\\/www.mentormedia.com\\\/#organization\",\"name\":\"Mentor Media\",\"url\":\"https:\\\/\\\/www.mentormedia.com\\\/\",\"logo\":{\"@type\":\"ImageObject\",\"inLanguage\":\"cs\",\"@id\":\"https:\\\/\\\/www.mentormedia.com\\\/#\\\/schema\\\/logo\\\/image\\\/\",\"url\":\"https:\\\/\\\/www.mentormedia.com\\\/wp-content\\\/uploads\\\/2026\\\/02\\\/logo-mentor-media.webp\",\"contentUrl\":\"https:\\\/\\\/www.mentormedia.com\\\/wp-content\\\/uploads\\\/2026\\\/02\\\/logo-mentor-media.webp\",\"width\":200,\"height\":82,\"caption\":\"Mentor Media\"},\"image\":{\"@id\":\"https:\\\/\\\/www.mentormedia.com\\\/#\\\/schema\\\/logo\\\/image\\\/\"}}]}<\/script>\n<!-- \/ Yoast SEO plugin. -->","yoast_head_json":{"title":"Zdravotn\u00ed p\u00e9\u010de - Mentor Media","description":"Ve spole\u010dnosti Mentor Media poskytujeme n\u011bkolik \u0159e\u0161en\u00ed v oblasti zdravotn\u00ed p\u00e9\u010de. Od skladov\u00e1n\u00ed s \u0159\u00edzen\u00fdm prost\u0159ed\u00edm a steriln\u00edho balen\u00ed a\u017e po slu\u017eby v \u010dist\u00fdch prostor\u00e1ch.","robots":{"index":"index","follow":"follow","max-snippet":"max-snippet:-1","max-image-preview":"max-image-preview:large","max-video-preview":"max-video-preview:-1"},"canonical":"https:\/\/www.mentormedia.com\/cs\/zdravotni-pece\/","og_locale":"cs_CZ","og_type":"article","og_title":"Zdravotn\u00ed p\u00e9\u010de - Mentor Media","og_description":"Ve spole\u010dnosti Mentor Media poskytujeme n\u011bkolik \u0159e\u0161en\u00ed v oblasti zdravotn\u00ed p\u00e9\u010de. Od skladov\u00e1n\u00ed s \u0159\u00edzen\u00fdm prost\u0159ed\u00edm a steriln\u00edho balen\u00ed a\u017e po slu\u017eby v \u010dist\u00fdch prostor\u00e1ch.","og_url":"https:\/\/www.mentormedia.com\/cs\/zdravotni-pece\/","og_site_name":"Mentor Media","article_modified_time":"2026-03-25T13:59:34+00:00","twitter_card":"summary_large_image","twitter_misc":{"Odhadovan\u00e1 doba \u010dten\u00ed":"1 minuta"},"schema":{"@context":"https:\/\/schema.org","@graph":[{"@type":"WebPage","@id":"https:\/\/www.mentormedia.com\/cs\/zdravotni-pece\/","url":"https:\/\/www.mentormedia.com\/cs\/zdravotni-pece\/","name":"Zdravotn\u00ed p\u00e9\u010de - Mentor Media","isPartOf":{"@id":"https:\/\/www.mentormedia.com\/#website"},"datePublished":"2022-11-03T08:31:20+00:00","dateModified":"2026-03-25T13:59:34+00:00","description":"Ve spole\u010dnosti Mentor Media poskytujeme n\u011bkolik \u0159e\u0161en\u00ed v oblasti zdravotn\u00ed p\u00e9\u010de. Od skladov\u00e1n\u00ed s \u0159\u00edzen\u00fdm prost\u0159ed\u00edm a steriln\u00edho balen\u00ed a\u017e po slu\u017eby v \u010dist\u00fdch prostor\u00e1ch.","breadcrumb":{"@id":"https:\/\/www.mentormedia.com\/cs\/zdravotni-pece\/#breadcrumb"},"inLanguage":"cs","potentialAction":[{"@type":"ReadAction","target":["https:\/\/www.mentormedia.com\/cs\/zdravotni-pece\/"]}]},{"@type":"BreadcrumbList","@id":"https:\/\/www.mentormedia.com\/cs\/zdravotni-pece\/#breadcrumb","itemListElement":[{"@type":"ListItem","position":1,"name":"Home","item":"https:\/\/www.mentormedia.com\/cs\/"},{"@type":"ListItem","position":2,"name":"Zdravotn\u00ed P\u00e9\u010de"}]},{"@type":"WebSite","@id":"https:\/\/www.mentormedia.com\/#website","url":"https:\/\/www.mentormedia.com\/","name":"Mentor Media","description":"Global Supply Chain Solutions","publisher":{"@id":"https:\/\/www.mentormedia.com\/#organization"},"potentialAction":[{"@type":"SearchAction","target":{"@type":"EntryPoint","urlTemplate":"https:\/\/www.mentormedia.com\/?s={search_term_string}"},"query-input":{"@type":"PropertyValueSpecification","valueRequired":true,"valueName":"search_term_string"}}],"inLanguage":"cs"},{"@type":"Organization","@id":"https:\/\/www.mentormedia.com\/#organization","name":"Mentor Media","url":"https:\/\/www.mentormedia.com\/","logo":{"@type":"ImageObject","inLanguage":"cs","@id":"https:\/\/www.mentormedia.com\/#\/schema\/logo\/image\/","url":"https:\/\/www.mentormedia.com\/wp-content\/uploads\/2026\/02\/logo-mentor-media.webp","contentUrl":"https:\/\/www.mentormedia.com\/wp-content\/uploads\/2026\/02\/logo-mentor-media.webp","width":200,"height":82,"caption":"Mentor Media"},"image":{"@id":"https:\/\/www.mentormedia.com\/#\/schema\/logo\/image\/"}}]}},"_links":{"self":[{"href":"https:\/\/www.mentormedia.com\/cs\/wp-json\/wp\/v2\/pages\/4059","targetHints":{"allow":["GET"]}}],"collection":[{"href":"https:\/\/www.mentormedia.com\/cs\/wp-json\/wp\/v2\/pages"}],"about":[{"href":"https:\/\/www.mentormedia.com\/cs\/wp-json\/wp\/v2\/types\/page"}],"author":[{"embeddable":true,"href":"https:\/\/www.mentormedia.com\/cs\/wp-json\/wp\/v2\/users\/1"}],"replies":[{"embeddable":true,"href":"https:\/\/www.mentormedia.com\/cs\/wp-json\/wp\/v2\/comments?post=4059"}],"version-history":[{"count":11,"href":"https:\/\/www.mentormedia.com\/cs\/wp-json\/wp\/v2\/pages\/4059\/revisions"}],"predecessor-version":[{"id":11592,"href":"https:\/\/www.mentormedia.com\/cs\/wp-json\/wp\/v2\/pages\/4059\/revisions\/11592"}],"wp:attachment":[{"href":"https:\/\/www.mentormedia.com\/cs\/wp-json\/wp\/v2\/media?parent=4059"}],"curies":[{"name":"wp","href":"https:\/\/api.w.org\/{rel}","templated":true}]}}