{"id":4045,"date":"2022-11-02T20:47:57","date_gmt":"2022-11-02T12:47:57","guid":{"rendered":"https:\/\/www.mentormedia.com\/reseni\/reseni-pro-rizeni-dodavatelskeho-retezce\/"},"modified":"2024-02-19T14:26:00","modified_gmt":"2024-02-19T13:26:00","slug":"reseni-pro-rizeni-dodavatelskeho-retezce","status":"publish","type":"page","link":"https:\/\/www.mentormedia.com\/cs\/reseni-pro-rizeni-dodavatelskeho-retezce\/","title":{"rendered":"\u0158e\u0161en\u00ed Pro \u0158\u00edzen\u00ed Dodavatelsk\u00e9ho \u0158et\u011bzce"},"content":{"rendered":"\r\n\t\t<section class=\"titlebild-section titlebild-block-id-69e0a78cba6de titlebild-block-layout center\">\r\n                <div class=\"full-bild\"> <img fetchpriority=\"high\" decoding=\"sync\" width=\"1920\" height=\"520\" src=\"https:\/\/www.mentormedia.com\/wp-content\/uploads\/2024\/02\/MM-gom.jpg\" class=\"img-fluid\" alt=\"MM Gom\" srcset=\"https:\/\/www.mentormedia.com\/wp-content\/uploads\/2024\/02\/MM-gom.jpg 1920w, https:\/\/www.mentormedia.com\/wp-content\/uploads\/2024\/02\/MM-gom-300x81.jpg 300w, https:\/\/www.mentormedia.com\/wp-content\/uploads\/2024\/02\/MM-gom-1024x277.jpg 1024w, https:\/\/www.mentormedia.com\/wp-content\/uploads\/2024\/02\/MM-gom-768x208.jpg 768w, https:\/\/www.mentormedia.com\/wp-content\/uploads\/2024\/02\/MM-gom-1536x416.jpg 1536w\" sizes=\"(max-width: 1920px) 100vw, 1920px\" \/><\/div>\r\n                <div class=\"bild-title container\">\r\n                <p class=\"headline wt-h1\"> \u0158e\u0161en\u00ed Pro \u0158\u00edzen\u00ed Dodavatelsk\u00e9ho \u0158et\u011bzce <\/p>\r\n                <\/div>\r\n        <\/section>\r\n\t\n\n\r\n                        <section class=\"textBlock \" style=\"background-color: #f5f5f5;\" >\r\n                            \r\n                                <div class=\"container\">\r\n                                    \r\n                                    \r\n                                    \r\n                                    <div class=\"row text\">\r\n                                        <div class=\"col\">\r\n                                            <div class=\"textBlock-text col-md-9\">\r\n                                                \n<p class=\"wp-block-wt-text-block\">Celosv\u011btov\u00e1 s\u00ed\u0165 sklad\u016f spole\u010dnosti Mentor Media nab\u00edz\u00ed na\u0161im klient\u016fm alternativy k dod\u00e1n\u00ed r\u016fzn\u00fdch v\u00fdrobk\u016f typu B2B a B2C t\u00edm nejcitliv\u011bj\u0161\u00edm a n\u00e1kladov\u011b nej\u00fa\u010dinn\u011bj\u0161\u00edm zp\u016fsobem. Na\u0161e slu\u017eby celosv\u011btov\u00e9ho pln\u011bn\u00ed jsou strategicky um\u00edst\u011bn\u00e9 tak, abychom vyu\u017eili v\u00fdhody v r\u00e1mci p\u0159\u00edle\u017eitost\u00ed odlo\u017een\u00ed v\u00fdrobk\u016f v regionu se schopnost\u00ed zam\u011b\u0159it se na v\u00fdrobn\u00ed oblasti pro distribuci.<\/p>\n\r\n                                            <\/div>\r\n                                        <\/div>                                        \r\n                                    <\/div>                                                                        \r\n                                <\/div>                                \r\n                        <\/section>\r\n                    \n\n\r\n                        <section class=\"textBlock \"  >\r\n                            \r\n                                <div class=\"container\">\r\n                                    \r\n                                    \r\n                                    \r\n                                    <div class=\"row text\">\r\n                                        <div class=\"col\">\r\n                                            <div class=\"textBlock-text col-md-9\">\r\n                                                \n<p class=\"wp-block-wt-text-block\">N\u00e1\u0161 vlastn\u00ed software Mentor Order Management System je integrovanou platformou. Lze jej pou\u017e\u00edt ke zpracov\u00e1n\u00ed v\u0161ech objedn\u00e1vek, zobrazen\u00ed \u00farovn\u00ed z\u00e1sob na sklad\u011b, odchoz\u00edch objedn\u00e1vkov\u00fdch z\u00e1silek, vr\u00e1cen\u00fdch v\u00fdrobk\u016f, k vytvo\u0159en\u00ed dynamick\u00fdch zpr\u00e1v a k dal\u0161\u00edm \u010dinnostem \u2012 v\u0161e v re\u00e1ln\u00e9m \u010dase.<br><br>Na z\u00e1klad\u011b anal\u00fdz po\u017eadavk\u016f na dod\u00e1n\u00ed, jako jsou \u00farovn\u011b z\u00e1sob na sklad\u011b, um\u00edst\u011bn\u00ed a c\u00edle, m\u016f\u017eeme doporu\u010dit a poskytnout n\u00e1kladov\u011b \u00fa\u010dinn\u00e9 \u0159e\u0161en\u00ed dod\u00e1n\u00ed k dosa\u017een\u00ed po\u017eadovan\u00e9 \u00farovn\u011b slu\u017eeb.<br><br>V neust\u00e1le se m\u011bn\u00edc\u00edm sektoru elektronick\u00e9ho obchodov\u00e1n\u00ed je pot\u0159eba p\u0159\u00edm\u00fdch pln\u011bn\u00ed a sn\u00ed\u017een\u00ed p\u0159epravy z v\u00edce m\u00edst zm\u00edrn\u011bna prost\u0159ednictv\u00edm na\u0161ich p\u0159izp\u016fsoben\u00fdch \u0159e\u0161en\u00ed.<br>\u0158e\u0161en\u00ed dodavatelsk\u00e9ho \u0159et\u011bzce spole\u010dnosti Mentor Media poskytuje ve va\u0161em obchodn\u00edm dodavatelsk\u00e9m \u0159et\u011bzci \u0159adu slu\u017eeb s p\u0159idanou hodnotou, kter\u00e9 nejl\u00e9pe slou\u017e\u00ed va\u0161im po\u017eadavk\u016fm.<\/p>\n\r\n                                            <\/div>\r\n                                        <\/div>                                        \r\n                                    <\/div>                                                                        \r\n                                <\/div>                                \r\n                        <\/section>\r\n                    \n\n\r\n        <section class=\"picturebutton \">\r\n            <div class=\"row picturebutton-content-wrapper\">\r\n                \r\n\t        <div class=\"picturebutton-block col-12 col-lg-6\">\r\n                <a class=\"picturebutton\" href=\"\/cs\/individualni-konfigurace-a-vyroba\/\" >\r\n                     <img loading=\"lazy\" decoding=\"async\" width=\"2100\" height=\"1071\" src=\"https:\/\/www.mentormedia.com\/wp-content\/uploads\/2022\/11\/custom-configuration-and-manufacturing.jpeg\" class=\"attachment-full size-full\" alt=\"Custom Configuration And Manufacturing\" srcset=\"https:\/\/www.mentormedia.com\/wp-content\/uploads\/2022\/11\/custom-configuration-and-manufacturing.jpeg 2100w, https:\/\/www.mentormedia.com\/wp-content\/uploads\/2022\/11\/custom-configuration-and-manufacturing-300x153.jpeg 300w, https:\/\/www.mentormedia.com\/wp-content\/uploads\/2022\/11\/custom-configuration-and-manufacturing-1024x522.jpeg 1024w, https:\/\/www.mentormedia.com\/wp-content\/uploads\/2022\/11\/custom-configuration-and-manufacturing-768x392.jpeg 768w, https:\/\/www.mentormedia.com\/wp-content\/uploads\/2022\/11\/custom-configuration-and-manufacturing-1536x783.jpeg 1536w, https:\/\/www.mentormedia.com\/wp-content\/uploads\/2022\/11\/custom-configuration-and-manufacturing-2048x1044.jpeg 2048w\" sizes=\"auto, (max-width: 2100px) 100vw, 2100px\" \/>\r\n                     <h3 class=\"picturebutton-text\"> INDIVIDU\u00c1LN\u00cd KONFIGURACE A V\u00ddROBA<\/h3>\r\n                 <\/a> \r\n            <\/div>\r\n\t        <div class=\"picturebutton-block col-12 col-lg-6\">\r\n                <a class=\"picturebutton\" href=\"\/cs\/skladovani-a-distribuce\/\" >\r\n                     <img loading=\"lazy\" decoding=\"async\" width=\"2100\" height=\"1071\" src=\"https:\/\/www.mentormedia.com\/wp-content\/uploads\/2022\/11\/warehousing-and-distribution.jpeg\" class=\"attachment-full size-full\" alt=\"Warehousing And Distribution\" srcset=\"https:\/\/www.mentormedia.com\/wp-content\/uploads\/2022\/11\/warehousing-and-distribution.jpeg 2100w, https:\/\/www.mentormedia.com\/wp-content\/uploads\/2022\/11\/warehousing-and-distribution-300x153.jpeg 300w, https:\/\/www.mentormedia.com\/wp-content\/uploads\/2022\/11\/warehousing-and-distribution-1024x522.jpeg 1024w, https:\/\/www.mentormedia.com\/wp-content\/uploads\/2022\/11\/warehousing-and-distribution-768x392.jpeg 768w, https:\/\/www.mentormedia.com\/wp-content\/uploads\/2022\/11\/warehousing-and-distribution-1536x783.jpeg 1536w, https:\/\/www.mentormedia.com\/wp-content\/uploads\/2022\/11\/warehousing-and-distribution-2048x1044.jpeg 2048w\" sizes=\"auto, (max-width: 2100px) 100vw, 2100px\" \/>\r\n                     <h3 class=\"picturebutton-text\"> SKLADOV\u00c1N\u00cd A DISTRIBUCE<\/h3>\r\n                 <\/a> \r\n            <\/div>\r\n\t        <div class=\"picturebutton-block col-12 col-lg-6\">\r\n                <a class=\"picturebutton\" href=\"\/cs\/rizeni-vratek-a-prepracovani\/\" >\r\n                     <img loading=\"lazy\" decoding=\"async\" width=\"2100\" height=\"1071\" src=\"https:\/\/www.mentormedia.com\/wp-content\/uploads\/2022\/11\/returns-management-and-refurbishment.jpeg\" class=\"attachment-full size-full\" alt=\"Returns Management And Refurbishment\" srcset=\"https:\/\/www.mentormedia.com\/wp-content\/uploads\/2022\/11\/returns-management-and-refurbishment.jpeg 2100w, https:\/\/www.mentormedia.com\/wp-content\/uploads\/2022\/11\/returns-management-and-refurbishment-300x153.jpeg 300w, https:\/\/www.mentormedia.com\/wp-content\/uploads\/2022\/11\/returns-management-and-refurbishment-1024x522.jpeg 1024w, https:\/\/www.mentormedia.com\/wp-content\/uploads\/2022\/11\/returns-management-and-refurbishment-768x392.jpeg 768w, https:\/\/www.mentormedia.com\/wp-content\/uploads\/2022\/11\/returns-management-and-refurbishment-1536x783.jpeg 1536w, https:\/\/www.mentormedia.com\/wp-content\/uploads\/2022\/11\/returns-management-and-refurbishment-2048x1044.jpeg 2048w\" sizes=\"auto, (max-width: 2100px) 100vw, 2100px\" \/>\r\n                     <h3 class=\"picturebutton-text\"> \u0158\u00cdZEN\u00cd VRATEK A P\u0158EPRACOV\u00c1N\u00cd<\/h3>\r\n                 <\/a> \r\n            <\/div>  <\/div>               \r\n        <\/section>\n\n\t<div class='full-width-case-study'><div class='container'>\t<div class=\"portfolio-main isotope-init portfolio-full_width_spacing full-width-section full-width-content\" data-frame=\"square\" data-fluid_image=\"true\" data-is_full_width=\"true\">\r\n\t\t<div class=\"portfolio-main-inner portfolio-col-3\">\r\n\t\t\t<div class=\"filter clearfix\">\r\n\t\t\t\t\t\t\t<h4>P\u0158\u00cdPADOV\u00c9 STUDIE<\/h4>\r\n\t\t\t\t\t\t<\/div>\r\n\t\t\t\r\n\t\t\r\n\t\t<div class=\"portfolio-wrapper\">\r\n\t\t\t<div class=\"portfolio-isotope-container\">\r\n\t\t\t\t\t\t\t\t\t<div class=\"isotope-item  supply-chain-management-solutions-cs warehousing-and-distribution-cs\">\r\n\t\t\t\t\t\t<div class=\"portfolio-item\">\r\n\t\t\t\t\t\t\t<div class=\"portfolio-img\"><a href=\"https:\/\/www.mentormedia.com\/cs\/case_study\/prima-expedice-mentor-mds-zjednoduseni-dodavatelskeho-retezce\/\" style=\"background-image: url(https:\/\/www.mentormedia.com\/wp-content\/uploads\/2026\/02\/MM-case-Direct-Ship.webp);\" class=\"custom-shape no_under\"><\/a><\/div>\r\n\t\t\t\t\t\t\t<a class=\"portfolio-info no_under\" href=\"https:\/\/www.mentormedia.com\/cs\/case_study\/prima-expedice-mentor-mds-zjednoduseni-dodavatelskeho-retezce\/\">\r\n\t\t\t\t\t\t\t\t<div class=\"portfolio-title\"><h6>P\u0159\u00edm\u00e1 expedice Mentor (MDS)<\/h6><\/div>\r\n\t\t\t\t\t\t\t<\/a>\r\n\t\t\t\t\t\t<\/div>\r\n\t\t\t\t\t<\/div>\r\n\t\t\t\t\t\t\t\t\t\t<div class=\"isotope-item  supply-chain-management-solutions-cs returns-management-and-refurbishment-cs\">\r\n\t\t\t\t\t\t<div class=\"portfolio-item\">\r\n\t\t\t\t\t\t\t<div class=\"portfolio-img\"><a href=\"https:\/\/www.mentormedia.com\/cs\/case_study\/velkoobchodni-b2b-podnikova-technologie\/\" style=\"background-image: url(https:\/\/www.mentormedia.com\/wp-content\/uploads\/2026\/02\/MM-case-b2b.webp);\" class=\"custom-shape no_under\"><\/a><\/div>\r\n\t\t\t\t\t\t\t<a class=\"portfolio-info no_under\" href=\"https:\/\/www.mentormedia.com\/cs\/case_study\/velkoobchodni-b2b-podnikova-technologie\/\">\r\n\t\t\t\t\t\t\t\t<div class=\"portfolio-title\"><h6>Velkoobchodn\u00ed (B2B) podnikov\u00e1 technologie<\/h6><\/div>\r\n\t\t\t\t\t\t\t<\/a>\r\n\t\t\t\t\t\t<\/div>\r\n\t\t\t\t\t<\/div>\r\n\t\t\t\t\t\t\t\t<\/div>\r\n\t\t<\/div>\r\n\t<\/div>\r\n\t<\/div>\r\n\t<\/div><\/div>\t","protected":false},"excerpt":{"rendered":"","protected":false},"author":1,"featured_media":0,"parent":0,"menu_order":0,"comment_status":"closed","ping_status":"closed","template":"","meta":{"footnotes":""},"class_list":["post-4045","page","type-page","status-publish","hentry"],"yoast_head":"<!-- This site is optimized with the Yoast SEO plugin v27.1.1 - https:\/\/yoast.com\/product\/yoast-seo-wordpress\/ -->\n<title>\u0158e\u0161en\u00ed Pro \u0158\u00edzen\u00ed Dodavatelsk\u00e9ho \u0158et\u011bzce - Mentor Media<\/title>\n<meta name=\"description\" content=\"\u0158e\u0161en\u00ed dodavatelsk\u00e9ho \u0159et\u011bzce spole\u010dnosti Mentor Media poskytuje ve va\u0161em obchodn\u00edm dodavatelsk\u00e9m \u0159et\u011bzci \u0159adu slu\u017eeb s p\u0159idanou hodnotou, kter\u00e9 nejl\u00e9pe slou\u017e\u00ed va\u0161im po\u017eadavk\u016fm.\" \/>\n<meta name=\"robots\" content=\"index, follow, max-snippet:-1, max-image-preview:large, max-video-preview:-1\" \/>\n<link rel=\"canonical\" href=\"https:\/\/www.mentormedia.com\/supply-chain-management-solutions\/\" \/>\n<meta property=\"og:locale\" content=\"cs_CZ\" \/>\n<meta property=\"og:type\" content=\"article\" \/>\n<meta property=\"og:title\" content=\"\u0158e\u0161en\u00ed Pro \u0158\u00edzen\u00ed Dodavatelsk\u00e9ho \u0158et\u011bzce - Mentor Media\" \/>\n<meta property=\"og:description\" content=\"\u0158e\u0161en\u00ed dodavatelsk\u00e9ho \u0159et\u011bzce spole\u010dnosti Mentor Media poskytuje ve va\u0161em obchodn\u00edm dodavatelsk\u00e9m \u0159et\u011bzci \u0159adu slu\u017eeb s p\u0159idanou hodnotou, kter\u00e9 nejl\u00e9pe slou\u017e\u00ed va\u0161im po\u017eadavk\u016fm.\" \/>\n<meta property=\"og:url\" content=\"https:\/\/www.mentormedia.com\/supply-chain-management-solutions\/\" \/>\n<meta property=\"og:site_name\" content=\"Mentor Media\" \/>\n<meta property=\"article:modified_time\" content=\"2024-02-19T13:26:00+00:00\" \/>\n<meta name=\"twitter:card\" content=\"summary_large_image\" \/>\n<meta name=\"twitter:label1\" content=\"Odhadovan\u00e1 doba \u010dten\u00ed\" \/>\n\t<meta name=\"twitter:data1\" content=\"1 minuta\" \/>\n<script type=\"application\/ld+json\" class=\"yoast-schema-graph\">{\"@context\":\"https:\/\/schema.org\",\"@graph\":[{\"@type\":\"WebPage\",\"@id\":\"https:\/\/www.mentormedia.com\/supply-chain-management-solutions\/\",\"url\":\"https:\/\/www.mentormedia.com\/supply-chain-management-solutions\/\",\"name\":\"\u0158e\u0161en\u00ed Pro \u0158\u00edzen\u00ed Dodavatelsk\u00e9ho \u0158et\u011bzce - Mentor Media\",\"isPartOf\":{\"@id\":\"https:\/\/www.mentormedia.com\/#website\"},\"datePublished\":\"2022-11-02T12:47:57+00:00\",\"dateModified\":\"2024-02-19T13:26:00+00:00\",\"description\":\"\u0158e\u0161en\u00ed dodavatelsk\u00e9ho \u0159et\u011bzce spole\u010dnosti Mentor Media poskytuje ve va\u0161em obchodn\u00edm dodavatelsk\u00e9m \u0159et\u011bzci \u0159adu slu\u017eeb s p\u0159idanou hodnotou, kter\u00e9 nejl\u00e9pe slou\u017e\u00ed va\u0161im po\u017eadavk\u016fm.\",\"breadcrumb\":{\"@id\":\"https:\/\/www.mentormedia.com\/supply-chain-management-solutions\/#breadcrumb\"},\"inLanguage\":\"cs\",\"potentialAction\":[{\"@type\":\"ReadAction\",\"target\":[\"https:\/\/www.mentormedia.com\/supply-chain-management-solutions\/\"]}]},{\"@type\":\"BreadcrumbList\",\"@id\":\"https:\/\/www.mentormedia.com\/supply-chain-management-solutions\/#breadcrumb\",\"itemListElement\":[{\"@type\":\"ListItem\",\"position\":1,\"name\":\"Home\",\"item\":\"https:\/\/www.mentormedia.com\/cs\/\"},{\"@type\":\"ListItem\",\"position\":2,\"name\":\"\u0158e\u0161en\u00ed Pro \u0158\u00edzen\u00ed Dodavatelsk\u00e9ho \u0158et\u011bzce\"}]},{\"@type\":\"WebSite\",\"@id\":\"https:\/\/www.mentormedia.com\/#website\",\"url\":\"https:\/\/www.mentormedia.com\/\",\"name\":\"Mentor Media\",\"description\":\"Global Supply Chain Solutions\",\"publisher\":{\"@id\":\"https:\/\/www.mentormedia.com\/#organization\"},\"potentialAction\":[{\"@type\":\"SearchAction\",\"target\":{\"@type\":\"EntryPoint\",\"urlTemplate\":\"https:\/\/www.mentormedia.com\/?s={search_term_string}\"},\"query-input\":{\"@type\":\"PropertyValueSpecification\",\"valueRequired\":true,\"valueName\":\"search_term_string\"}}],\"inLanguage\":\"cs\"},{\"@type\":\"Organization\",\"@id\":\"https:\/\/www.mentormedia.com\/#organization\",\"name\":\"Mentor Media\",\"url\":\"https:\/\/www.mentormedia.com\/\",\"logo\":{\"@type\":\"ImageObject\",\"inLanguage\":\"cs\",\"@id\":\"https:\/\/www.mentormedia.com\/#\/schema\/logo\/image\/\",\"url\":\"https:\/\/www.mentormedia.com\/wp-content\/uploads\/2026\/02\/logo-mentor-media.webp\",\"contentUrl\":\"https:\/\/www.mentormedia.com\/wp-content\/uploads\/2026\/02\/logo-mentor-media.webp\",\"width\":200,\"height\":82,\"caption\":\"Mentor Media\"},\"image\":{\"@id\":\"https:\/\/www.mentormedia.com\/#\/schema\/logo\/image\/\"}}]}<\/script>\n<!-- \/ Yoast SEO plugin. -->","yoast_head_json":{"title":"\u0158e\u0161en\u00ed Pro \u0158\u00edzen\u00ed Dodavatelsk\u00e9ho \u0158et\u011bzce - Mentor Media","description":"\u0158e\u0161en\u00ed dodavatelsk\u00e9ho \u0159et\u011bzce spole\u010dnosti Mentor Media poskytuje ve va\u0161em obchodn\u00edm dodavatelsk\u00e9m \u0159et\u011bzci \u0159adu slu\u017eeb s p\u0159idanou hodnotou, kter\u00e9 nejl\u00e9pe slou\u017e\u00ed va\u0161im po\u017eadavk\u016fm.","robots":{"index":"index","follow":"follow","max-snippet":"max-snippet:-1","max-image-preview":"max-image-preview:large","max-video-preview":"max-video-preview:-1"},"canonical":"https:\/\/www.mentormedia.com\/supply-chain-management-solutions\/","og_locale":"cs_CZ","og_type":"article","og_title":"\u0158e\u0161en\u00ed Pro \u0158\u00edzen\u00ed Dodavatelsk\u00e9ho \u0158et\u011bzce - Mentor Media","og_description":"\u0158e\u0161en\u00ed dodavatelsk\u00e9ho \u0159et\u011bzce spole\u010dnosti Mentor Media poskytuje ve va\u0161em obchodn\u00edm dodavatelsk\u00e9m \u0159et\u011bzci \u0159adu slu\u017eeb s p\u0159idanou hodnotou, kter\u00e9 nejl\u00e9pe slou\u017e\u00ed va\u0161im po\u017eadavk\u016fm.","og_url":"https:\/\/www.mentormedia.com\/supply-chain-management-solutions\/","og_site_name":"Mentor Media","article_modified_time":"2024-02-19T13:26:00+00:00","twitter_card":"summary_large_image","twitter_misc":{"Odhadovan\u00e1 doba \u010dten\u00ed":"1 minuta"},"schema":{"@context":"https:\/\/schema.org","@graph":[{"@type":"WebPage","@id":"https:\/\/www.mentormedia.com\/supply-chain-management-solutions\/","url":"https:\/\/www.mentormedia.com\/supply-chain-management-solutions\/","name":"\u0158e\u0161en\u00ed Pro \u0158\u00edzen\u00ed Dodavatelsk\u00e9ho \u0158et\u011bzce - Mentor Media","isPartOf":{"@id":"https:\/\/www.mentormedia.com\/#website"},"datePublished":"2022-11-02T12:47:57+00:00","dateModified":"2024-02-19T13:26:00+00:00","description":"\u0158e\u0161en\u00ed dodavatelsk\u00e9ho \u0159et\u011bzce spole\u010dnosti Mentor Media poskytuje ve va\u0161em obchodn\u00edm dodavatelsk\u00e9m \u0159et\u011bzci \u0159adu slu\u017eeb s p\u0159idanou hodnotou, kter\u00e9 nejl\u00e9pe slou\u017e\u00ed va\u0161im po\u017eadavk\u016fm.","breadcrumb":{"@id":"https:\/\/www.mentormedia.com\/supply-chain-management-solutions\/#breadcrumb"},"inLanguage":"cs","potentialAction":[{"@type":"ReadAction","target":["https:\/\/www.mentormedia.com\/supply-chain-management-solutions\/"]}]},{"@type":"BreadcrumbList","@id":"https:\/\/www.mentormedia.com\/supply-chain-management-solutions\/#breadcrumb","itemListElement":[{"@type":"ListItem","position":1,"name":"Home","item":"https:\/\/www.mentormedia.com\/cs\/"},{"@type":"ListItem","position":2,"name":"\u0158e\u0161en\u00ed Pro \u0158\u00edzen\u00ed Dodavatelsk\u00e9ho \u0158et\u011bzce"}]},{"@type":"WebSite","@id":"https:\/\/www.mentormedia.com\/#website","url":"https:\/\/www.mentormedia.com\/","name":"Mentor Media","description":"Global Supply Chain Solutions","publisher":{"@id":"https:\/\/www.mentormedia.com\/#organization"},"potentialAction":[{"@type":"SearchAction","target":{"@type":"EntryPoint","urlTemplate":"https:\/\/www.mentormedia.com\/?s={search_term_string}"},"query-input":{"@type":"PropertyValueSpecification","valueRequired":true,"valueName":"search_term_string"}}],"inLanguage":"cs"},{"@type":"Organization","@id":"https:\/\/www.mentormedia.com\/#organization","name":"Mentor Media","url":"https:\/\/www.mentormedia.com\/","logo":{"@type":"ImageObject","inLanguage":"cs","@id":"https:\/\/www.mentormedia.com\/#\/schema\/logo\/image\/","url":"https:\/\/www.mentormedia.com\/wp-content\/uploads\/2026\/02\/logo-mentor-media.webp","contentUrl":"https:\/\/www.mentormedia.com\/wp-content\/uploads\/2026\/02\/logo-mentor-media.webp","width":200,"height":82,"caption":"Mentor Media"},"image":{"@id":"https:\/\/www.mentormedia.com\/#\/schema\/logo\/image\/"}}]}},"_links":{"self":[{"href":"https:\/\/www.mentormedia.com\/cs\/wp-json\/wp\/v2\/pages\/4045","targetHints":{"allow":["GET"]}}],"collection":[{"href":"https:\/\/www.mentormedia.com\/cs\/wp-json\/wp\/v2\/pages"}],"about":[{"href":"https:\/\/www.mentormedia.com\/cs\/wp-json\/wp\/v2\/types\/page"}],"author":[{"embeddable":true,"href":"https:\/\/www.mentormedia.com\/cs\/wp-json\/wp\/v2\/users\/1"}],"replies":[{"embeddable":true,"href":"https:\/\/www.mentormedia.com\/cs\/wp-json\/wp\/v2\/comments?post=4045"}],"version-history":[{"count":9,"href":"https:\/\/www.mentormedia.com\/cs\/wp-json\/wp\/v2\/pages\/4045\/revisions"}],"predecessor-version":[{"id":7814,"href":"https:\/\/www.mentormedia.com\/cs\/wp-json\/wp\/v2\/pages\/4045\/revisions\/7814"}],"wp:attachment":[{"href":"https:\/\/www.mentormedia.com\/cs\/wp-json\/wp\/v2\/media?parent=4045"}],"curies":[{"name":"wp","href":"https:\/\/api.w.org\/{rel}","templated":true}]}}