{"id":3116,"date":"2022-10-29T17:02:14","date_gmt":"2022-10-29T15:02:14","guid":{"rendered":"https:\/\/www.mentormedia.com\/?page_id=3116"},"modified":"2023-05-17T15:24:15","modified_gmt":"2023-05-17T13:24:15","slug":"pripadove-studie","status":"publish","type":"page","link":"https:\/\/www.mentormedia.com\/cs\/pripadove-studie\/","title":{"rendered":"P\u0159\u00edpadov\u00e9 studie"},"content":{"rendered":"\t\t<div class=\"portfolio-main isotope-init portfolio-full_width_spacing full-width-section full-width-content\" data-frame=\"square\" data-fluid_image=\"true\" data-is_full_width=\"true\">\r\n\t\t<div class=\"portfolio-main-inner \">\r\n\t\t\t<div class=\"filter clearfix\">\r\n\t\t\t\t\t\t\t<h4>P\u0158\u00cdPADOV\u00c9 STUDIE<\/h4>\r\n\t\t\t\t\t\t\t\t\t<ul class=\"btns\">\r\n\t\t\t\t\t\t<li><a data-filter=\"*\" class=\"active\" href=\"#\">V\u0160E<\/a><\/li>\r\n\t\t\t\t\t\t\t\t\t\t\t\t\t<li>\r\n\t\t\t\t\t\t\t\t<a data-filter=\".healthcare-distribution-centre-cs\" href=\"javascript:void(0)\">CENTRUM DISTRIBUCE ZDRAVOTN\u00cd P\u00c9\u010cE<\/a>\r\n\t\t\t\t\t\t\t<\/li>\r\n\t\t\t\t\t\t\t\t\t\t\t\t\t\t<li>\r\n\t\t\t\t\t\t\t\t<a data-filter=\".sterile-packaging-cleanroom-cs\" href=\"javascript:void(0)\">\u010cIST\u00c9 PROSTORY PRO STERILN\u00cd BALEN\u00cd<\/a>\r\n\t\t\t\t\t\t\t<\/li>\r\n\t\t\t\t\t\t\t\t\t\t\t\t\t\t<li>\r\n\t\t\t\t\t\t\t\t<a data-filter=\".belt-road-initiative-bri-and-international-land-sea-trade-corridor-ilstc-cs\" href=\"javascript:void(0)\">INICIATIVA P\u00c1SU A CESTY A MEZIN\u00c1RODN\u00cd POZEMN\u00cd A N\u00c1MO\u0158N\u00cd KORIDOR PRO ZAHRANI\u010cN\u00cd OBCHOD<\/a>\r\n\t\t\t\t\t\t\t<\/li>\r\n\t\t\t\t\t\t\t\t\t\t\t\t\t\t<li>\r\n\t\t\t\t\t\t\t\t<a data-filter=\".supply-chain-management-solutions-cs\" href=\"javascript:void(0)\">\u0158E\u0160EN\u00cd PRO \u0158\u00cdZEN\u00cd DODAVATELSK\u00c9HO \u0158ET\u011aZCE<\/a>\r\n\t\t\t\t\t\t\t<\/li>\r\n\t\t\t\t\t\t\t\t\t\t\t\t\t\t<li>\r\n\t\t\t\t\t\t\t\t<a data-filter=\".e-service-solutions-cs\" href=\"javascript:void(0)\">\u0158E\u0160EN\u00cd V R\u00c1MCI ELEKTRONICK\u00ddCH SLU\u017dEB<\/a>\r\n\t\t\t\t\t\t\t<\/li>\r\n\t\t\t\t\t\t\t\t\t\t\t\t\t\t<li>\r\n\t\t\t\t\t\t\t\t<a data-filter=\".hospital-inventory-management-cs\" href=\"javascript:void(0)\">\u0158\u00cdZEN\u00cd NEMOCNI\u010cN\u00cdCH Z\u00c1SOB NA SKLAD\u011a<\/a>\r\n\t\t\t\t\t\t\t<\/li>\r\n\t\t\t\t\t\t\t\t\t\t\t\t\t\t<li>\r\n\t\t\t\t\t\t\t\t<a data-filter=\".risk-management-and-business-continuity-plan-cs\" href=\"javascript:void(0)\">\u0158\u00cdZEN\u00cd RIZIK A PL\u00c1N OBCHODN\u00cdCH PODNIK\u016e<\/a>\r\n\t\t\t\t\t\t\t<\/li>\r\n\t\t\t\t\t\t\t\t\t\t\t\t\t\t<li>\r\n\t\t\t\t\t\t\t\t<a data-filter=\".returns-management-and-refurbishment-cs\" href=\"javascript:void(0)\">\u0158\u00cdZEN\u00cd VRATEK A P\u0158EPRACOV\u00c1N\u00cd<\/a>\r\n\t\t\t\t\t\t\t<\/li>\r\n\t\t\t\t\t\t\t\t\t\t\t\t\t\t<li>\r\n\t\t\t\t\t\t\t\t<a data-filter=\".warehousing-and-distribution-cs\" href=\"javascript:void(0)\">SKLADOV\u00c1N\u00cd A DISTRIBUCE<\/a>\r\n\t\t\t\t\t\t\t<\/li>\r\n\t\t\t\t\t\t\t\t\t\t\t\t\t\t<li>\r\n\t\t\t\t\t\t\t\t<a data-filter=\".value-added-services-cs\" href=\"javascript:void(0)\">SLU\u017dBY S P\u0158IDANOU HODNOTOU<\/a>\r\n\t\t\t\t\t\t\t<\/li>\r\n\t\t\t\t\t\t\t\t\t\t\t\t\t\t<li>\r\n\t\t\t\t\t\t\t\t<a data-filter=\".print-and-packaging-cs\" href=\"javascript:void(0)\">TISK A BALEN\u00cd<\/a>\r\n\t\t\t\t\t\t\t<\/li>\r\n\t\t\t\t\t\t\t\t\t\t\t\t\t\t<li>\r\n\t\t\t\t\t\t\t\t<a data-filter=\".custom-kitting-cs\" href=\"javascript:void(0)\">VLASTN\u00cd KOMPLETACE<\/a>\r\n\t\t\t\t\t\t\t<\/li>\r\n\t\t\t\t\t\t\t\t\t\t\t\t\t\t<li>\r\n\t\t\t\t\t\t\t\t<a data-filter=\".critical-healthcare-cs\" href=\"javascript:void(0)\">Z\u00c1SADN\u00cd ZDRAVOTN\u00cd P\u00c9\u010cE<\/a>\r\n\t\t\t\t\t\t\t<\/li>\r\n\t\t\t\t\t\t\t\t\t\t\t\t\t\t<li>\r\n\t\t\t\t\t\t\t\t<a data-filter=\".healthcare-service-solutions-cs\" href=\"javascript:void(0)\">ZDRAVOTN\u00cd P\u00c9\u010cE<\/a>\r\n\t\t\t\t\t\t\t<\/li>\r\n\t\t\t\t\t\t\t\t\t\t\t\t<\/ul>\r\n\t\t\t\t\t\t\t<\/div>\r\n\t\t\t\r\n\t\t\r\n\t\t<div class=\"portfolio-wrapper\">\r\n\t\t\t<div class=\"portfolio-isotope-container\">\r\n\t\t\t\t\t\t\t\t\t<div class=\"isotope-item  sterile-packaging-cleanroom-cs healthcare-service-solutions-cs\">\r\n\t\t\t\t\t\t<div class=\"portfolio-item\">\r\n\t\t\t\t\t\t\t<div class=\"portfolio-img\"><a href=\"https:\/\/www.mentormedia.com\/cs\/case_study\/ciste-prostory-pro-sterilni-baleni\/\" style=\"background-image: url(https:\/\/www.mentormedia.com\/wp-content\/uploads\/2026\/02\/MM-CASE-HC-STERILE.webp);\" class=\"custom-shape no_under\"><\/a><\/div>\r\n\t\t\t\t\t\t\t<a class=\"portfolio-info no_under\" href=\"https:\/\/www.mentormedia.com\/cs\/case_study\/ciste-prostory-pro-sterilni-baleni\/\">\r\n\t\t\t\t\t\t\t\t<div class=\"portfolio-title\"><h6>\u010cist\u00e9 prostory pro steriln\u00ed balen\u00ed<\/h6><\/div>\r\n\t\t\t\t\t\t\t<\/a>\r\n\t\t\t\t\t\t<\/div>\r\n\t\t\t\t\t<\/div>\r\n\t\t\t\t\t\t\t\t\t\t<div class=\"isotope-item  supply-chain-management-solutions-cs warehousing-and-distribution-cs\">\r\n\t\t\t\t\t\t<div class=\"portfolio-item\">\r\n\t\t\t\t\t\t\t<div class=\"portfolio-img\"><a href=\"https:\/\/www.mentormedia.com\/cs\/case_study\/prima-expedice-mentor-mds-zjednoduseni-dodavatelskeho-retezce\/\" style=\"background-image: url(https:\/\/www.mentormedia.com\/wp-content\/uploads\/2026\/02\/MM-case-Direct-Ship.webp);\" class=\"custom-shape no_under\"><\/a><\/div>\r\n\t\t\t\t\t\t\t<a class=\"portfolio-info no_under\" href=\"https:\/\/www.mentormedia.com\/cs\/case_study\/prima-expedice-mentor-mds-zjednoduseni-dodavatelskeho-retezce\/\">\r\n\t\t\t\t\t\t\t\t<div class=\"portfolio-title\"><h6>P\u0159\u00edm\u00e1 expedice Mentor (MDS)<\/h6><\/div>\r\n\t\t\t\t\t\t\t<\/a>\r\n\t\t\t\t\t\t<\/div>\r\n\t\t\t\t\t<\/div>\r\n\t\t\t\t\t\t\t\t\t\t<div class=\"isotope-item  hospital-inventory-management-cs healthcare-service-solutions-cs\">\r\n\t\t\t\t\t\t<div class=\"portfolio-item\">\r\n\t\t\t\t\t\t\t<div class=\"portfolio-img\"><a href=\"https:\/\/www.mentormedia.com\/cs\/case_study\/rizeni-nemocnicnich-zasob-na-sklade\/\" style=\"background-image: url(https:\/\/www.mentormedia.com\/wp-content\/uploads\/2026\/02\/MM-CASE-HC-HOSPITAL.webp);\" class=\"custom-shape no_under\"><\/a><\/div>\r\n\t\t\t\t\t\t\t<a class=\"portfolio-info no_under\" href=\"https:\/\/www.mentormedia.com\/cs\/case_study\/rizeni-nemocnicnich-zasob-na-sklade\/\">\r\n\t\t\t\t\t\t\t\t<div class=\"portfolio-title\"><h6>\u0158\u00edzen\u00ed nemocni\u010dn\u00edch z\u00e1sob na sklad\u011b<\/h6><\/div>\r\n\t\t\t\t\t\t\t<\/a>\r\n\t\t\t\t\t\t<\/div>\r\n\t\t\t\t\t<\/div>\r\n\t\t\t\t\t\t\t\t\t\t<div class=\"isotope-item  healthcare-distribution-centre-cs healthcare-service-solutions-cs\">\r\n\t\t\t\t\t\t<div class=\"portfolio-item\">\r\n\t\t\t\t\t\t\t<div class=\"portfolio-img\"><a href=\"https:\/\/www.mentormedia.com\/cs\/case_study\/centrum-distribuce-zdravotni-pece\/\" style=\"background-image: url(https:\/\/www.mentormedia.com\/wp-content\/uploads\/2026\/02\/MM-CASE-HC-DISTRIBUTIONC.webp);\" class=\"custom-shape no_under\"><\/a><\/div>\r\n\t\t\t\t\t\t\t<a class=\"portfolio-info no_under\" href=\"https:\/\/www.mentormedia.com\/cs\/case_study\/centrum-distribuce-zdravotni-pece\/\">\r\n\t\t\t\t\t\t\t\t<div class=\"portfolio-title\"><h6>Centrum distribuce zdravotn\u00ed p\u00e9\u010de<\/h6><\/div>\r\n\t\t\t\t\t\t\t<\/a>\r\n\t\t\t\t\t\t<\/div>\r\n\t\t\t\t\t<\/div>\r\n\t\t\t\t\t\t\t\t\t\t<div class=\"isotope-item  print-and-packaging-cs custom-kitting-cs\">\r\n\t\t\t\t\t\t<div class=\"portfolio-item\">\r\n\t\t\t\t\t\t\t<div class=\"portfolio-img\"><a href=\"https:\/\/www.mentormedia.com\/cs\/case_study\/vlastni-kompletace\/\" style=\"background-image: url(https:\/\/www.mentormedia.com\/wp-content\/uploads\/2026\/02\/MM-CASE-PP-CUST-KITT.webp);\" class=\"custom-shape no_under\"><\/a><\/div>\r\n\t\t\t\t\t\t\t<a class=\"portfolio-info no_under\" href=\"https:\/\/www.mentormedia.com\/cs\/case_study\/vlastni-kompletace\/\">\r\n\t\t\t\t\t\t\t\t<div class=\"portfolio-title\"><h6>Vlastn\u00ed kompletace<\/h6><\/div>\r\n\t\t\t\t\t\t\t<\/a>\r\n\t\t\t\t\t\t<\/div>\r\n\t\t\t\t\t<\/div>\r\n\t\t\t\t\t\t\t\t\t\t<div class=\"isotope-item  critical-healthcare-cs healthcare-service-solutions-cs\">\r\n\t\t\t\t\t\t<div class=\"portfolio-item\">\r\n\t\t\t\t\t\t\t<div class=\"portfolio-img\"><a href=\"https:\/\/www.mentormedia.com\/cs\/case_study\/zasadni-zdravotni-pece\/\" style=\"background-image: url(https:\/\/www.mentormedia.com\/wp-content\/uploads\/2026\/02\/MM-CASE-HC-CRITICAL.webp);\" class=\"custom-shape no_under\"><\/a><\/div>\r\n\t\t\t\t\t\t\t<a class=\"portfolio-info no_under\" href=\"https:\/\/www.mentormedia.com\/cs\/case_study\/zasadni-zdravotni-pece\/\">\r\n\t\t\t\t\t\t\t\t<div class=\"portfolio-title\"><h6>Z\u00e1sadn\u00ed zdravotn\u00ed p\u00e9\u010de<\/h6><\/div>\r\n\t\t\t\t\t\t\t<\/a>\r\n\t\t\t\t\t\t<\/div>\r\n\t\t\t\t\t<\/div>\r\n\t\t\t\t\t\t\t\t\t\t<div class=\"isotope-item  belt-road-initiative-bri-and-international-land-sea-trade-corridor-ilstc-cs value-added-services-cs\">\r\n\t\t\t\t\t\t<div class=\"portfolio-item\">\r\n\t\t\t\t\t\t\t<div class=\"portfolio-img\"><a href=\"https:\/\/www.mentormedia.com\/cs\/case_study\/iniciativa-pasu-a-cesty-bri-a-mezinarodni-pozemni-a-namorni-koridor-pro-zahranicni-obchod-ilstc\/\" style=\"background-image: url(https:\/\/www.mentormedia.com\/wp-content\/uploads\/2026\/02\/MM-CASE-VAS-BELT.webp);\" class=\"custom-shape no_under\"><\/a><\/div>\r\n\t\t\t\t\t\t\t<a class=\"portfolio-info no_under\" href=\"https:\/\/www.mentormedia.com\/cs\/case_study\/iniciativa-pasu-a-cesty-bri-a-mezinarodni-pozemni-a-namorni-koridor-pro-zahranicni-obchod-ilstc\/\">\r\n\t\t\t\t\t\t\t\t<div class=\"portfolio-title\"><h6>Iniciativa p\u00e1su a cesty (BRI) a Mezin\u00e1rodn\u00ed pozemn\u00ed a n\u00e1mo\u0159n\u00ed koridor pro zahrani\u010dn\u00ed obchod (ILSTC)<\/h6><\/div>\r\n\t\t\t\t\t\t\t<\/a>\r\n\t\t\t\t\t\t<\/div>\r\n\t\t\t\t\t<\/div>\r\n\t\t\t\t\t\t\t\t\t\t<div class=\"isotope-item  supply-chain-management-solutions-cs returns-management-and-refurbishment-cs\">\r\n\t\t\t\t\t\t<div class=\"portfolio-item\">\r\n\t\t\t\t\t\t\t<div class=\"portfolio-img\"><a href=\"https:\/\/www.mentormedia.com\/cs\/case_study\/velkoobchodni-b2b-podnikova-technologie\/\" style=\"background-image: url(https:\/\/www.mentormedia.com\/wp-content\/uploads\/2026\/02\/MM-case-b2b.webp);\" class=\"custom-shape no_under\"><\/a><\/div>\r\n\t\t\t\t\t\t\t<a class=\"portfolio-info no_under\" href=\"https:\/\/www.mentormedia.com\/cs\/case_study\/velkoobchodni-b2b-podnikova-technologie\/\">\r\n\t\t\t\t\t\t\t\t<div class=\"portfolio-title\"><h6>Velkoobchodn\u00ed (B2B) podnikov\u00e1 technologie<\/h6><\/div>\r\n\t\t\t\t\t\t\t<\/a>\r\n\t\t\t\t\t\t<\/div>\r\n\t\t\t\t\t<\/div>\r\n\t\t\t\t\t\t\t\t\t\t<div class=\"isotope-item  e-service-solutions-cs\">\r\n\t\t\t\t\t\t<div class=\"portfolio-item\">\r\n\t\t\t\t\t\t\t<div class=\"portfolio-img\"><a href=\"https:\/\/www.mentormedia.com\/cs\/case_study\/10-oem\/\" style=\"background-image: url(https:\/\/www.mentormedia.com\/wp-content\/uploads\/2026\/02\/MM-case-10oems.webp);\" class=\"custom-shape no_under\"><\/a><\/div>\r\n\t\t\t\t\t\t\t<a class=\"portfolio-info no_under\" href=\"https:\/\/www.mentormedia.com\/cs\/case_study\/10-oem\/\">\r\n\t\t\t\t\t\t\t\t<div class=\"portfolio-title\"><h6>10 OEM<\/h6><\/div>\r\n\t\t\t\t\t\t\t<\/a>\r\n\t\t\t\t\t\t<\/div>\r\n\t\t\t\t\t<\/div>\r\n\t\t\t\t\t\t\t\t\t\t<div class=\"isotope-item  risk-management-and-business-continuity-plan-cs value-added-services-cs\">\r\n\t\t\t\t\t\t<div class=\"portfolio-item\">\r\n\t\t\t\t\t\t\t<div class=\"portfolio-img\"><a href=\"https:\/\/www.mentormedia.com\/cs\/case_study\/plan-kontinuity-podnikani-bcp\/\" style=\"background-image: url(https:\/\/www.mentormedia.com\/wp-content\/uploads\/2022\/10\/BCP-case-2-teaser.jpeg);\" class=\"custom-shape no_under\"><\/a><\/div>\r\n\t\t\t\t\t\t\t<a class=\"portfolio-info no_under\" href=\"https:\/\/www.mentormedia.com\/cs\/case_study\/plan-kontinuity-podnikani-bcp\/\">\r\n\t\t\t\t\t\t\t\t<div class=\"portfolio-title\"><h6>Pl\u00e1n kontinuity podnik\u00e1n\u00ed (BCP)<\/h6><\/div>\r\n\t\t\t\t\t\t\t<\/a>\r\n\t\t\t\t\t\t<\/div>\r\n\t\t\t\t\t<\/div>\r\n\t\t\t\t\t\t\t\t<\/div>\r\n\t\t<\/div>\r\n\t<\/div>\r\n\t<\/div>\r\n\t\t","protected":false},"excerpt":{"rendered":"","protected":false},"author":1,"featured_media":0,"parent":0,"menu_order":0,"comment_status":"closed","ping_status":"closed","template":"","meta":{"footnotes":""},"class_list":["post-3116","page","type-page","status-publish","hentry"],"yoast_head":"<!-- This site is optimized with the Yoast SEO plugin v27.5 - https:\/\/yoast.com\/product\/yoast-seo-wordpress\/ -->\n<title>P\u0159\u00edpadov\u00e9 studie - Mentor Media<\/title>\n<meta name=\"robots\" content=\"index, follow, max-snippet:-1, max-image-preview:large, max-video-preview:-1\" \/>\n<link rel=\"canonical\" href=\"https:\/\/www.mentormedia.com\/case-studies\/\" \/>\n<meta property=\"og:locale\" content=\"cs_CZ\" \/>\n<meta property=\"og:type\" content=\"article\" \/>\n<meta property=\"og:title\" content=\"P\u0159\u00edpadov\u00e9 studie - Mentor Media\" \/>\n<meta property=\"og:url\" content=\"https:\/\/www.mentormedia.com\/case-studies\/\" \/>\n<meta property=\"og:site_name\" content=\"Mentor Media\" \/>\n<meta property=\"article:modified_time\" content=\"2023-05-17T13:24:15+00:00\" \/>\n<meta name=\"twitter:card\" content=\"summary_large_image\" \/>\n<script type=\"application\/ld+json\" class=\"yoast-schema-graph\">{\"@context\":\"https:\\\/\\\/schema.org\",\"@graph\":[{\"@type\":\"WebPage\",\"@id\":\"https:\\\/\\\/www.mentormedia.com\\\/case-studies\\\/\",\"url\":\"https:\\\/\\\/www.mentormedia.com\\\/case-studies\\\/\",\"name\":\"P\u0159\u00edpadov\u00e9 studie - Mentor Media\",\"isPartOf\":{\"@id\":\"https:\\\/\\\/www.mentormedia.com\\\/#website\"},\"datePublished\":\"2022-10-29T15:02:14+00:00\",\"dateModified\":\"2023-05-17T13:24:15+00:00\",\"breadcrumb\":{\"@id\":\"https:\\\/\\\/www.mentormedia.com\\\/case-studies\\\/#breadcrumb\"},\"inLanguage\":\"cs\",\"potentialAction\":[{\"@type\":\"ReadAction\",\"target\":[\"https:\\\/\\\/www.mentormedia.com\\\/case-studies\\\/\"]}]},{\"@type\":\"BreadcrumbList\",\"@id\":\"https:\\\/\\\/www.mentormedia.com\\\/case-studies\\\/#breadcrumb\",\"itemListElement\":[{\"@type\":\"ListItem\",\"position\":1,\"name\":\"Home\",\"item\":\"https:\\\/\\\/www.mentormedia.com\\\/cs\\\/\"},{\"@type\":\"ListItem\",\"position\":2,\"name\":\"P\u0159\u00edpadov\u00e9 studie\"}]},{\"@type\":\"WebSite\",\"@id\":\"https:\\\/\\\/www.mentormedia.com\\\/#website\",\"url\":\"https:\\\/\\\/www.mentormedia.com\\\/\",\"name\":\"Mentor Media\",\"description\":\"Global Supply Chain Solutions\",\"publisher\":{\"@id\":\"https:\\\/\\\/www.mentormedia.com\\\/#organization\"},\"potentialAction\":[{\"@type\":\"SearchAction\",\"target\":{\"@type\":\"EntryPoint\",\"urlTemplate\":\"https:\\\/\\\/www.mentormedia.com\\\/?s={search_term_string}\"},\"query-input\":{\"@type\":\"PropertyValueSpecification\",\"valueRequired\":true,\"valueName\":\"search_term_string\"}}],\"inLanguage\":\"cs\"},{\"@type\":\"Organization\",\"@id\":\"https:\\\/\\\/www.mentormedia.com\\\/#organization\",\"name\":\"Mentor Media\",\"url\":\"https:\\\/\\\/www.mentormedia.com\\\/\",\"logo\":{\"@type\":\"ImageObject\",\"inLanguage\":\"cs\",\"@id\":\"https:\\\/\\\/www.mentormedia.com\\\/#\\\/schema\\\/logo\\\/image\\\/\",\"url\":\"https:\\\/\\\/www.mentormedia.com\\\/wp-content\\\/uploads\\\/2026\\\/02\\\/logo-mentor-media.webp\",\"contentUrl\":\"https:\\\/\\\/www.mentormedia.com\\\/wp-content\\\/uploads\\\/2026\\\/02\\\/logo-mentor-media.webp\",\"width\":200,\"height\":82,\"caption\":\"Mentor Media\"},\"image\":{\"@id\":\"https:\\\/\\\/www.mentormedia.com\\\/#\\\/schema\\\/logo\\\/image\\\/\"}}]}<\/script>\n<!-- \/ Yoast SEO plugin. -->","yoast_head_json":{"title":"P\u0159\u00edpadov\u00e9 studie - Mentor Media","robots":{"index":"index","follow":"follow","max-snippet":"max-snippet:-1","max-image-preview":"max-image-preview:large","max-video-preview":"max-video-preview:-1"},"canonical":"https:\/\/www.mentormedia.com\/case-studies\/","og_locale":"cs_CZ","og_type":"article","og_title":"P\u0159\u00edpadov\u00e9 studie - Mentor Media","og_url":"https:\/\/www.mentormedia.com\/case-studies\/","og_site_name":"Mentor Media","article_modified_time":"2023-05-17T13:24:15+00:00","twitter_card":"summary_large_image","schema":{"@context":"https:\/\/schema.org","@graph":[{"@type":"WebPage","@id":"https:\/\/www.mentormedia.com\/case-studies\/","url":"https:\/\/www.mentormedia.com\/case-studies\/","name":"P\u0159\u00edpadov\u00e9 studie - Mentor Media","isPartOf":{"@id":"https:\/\/www.mentormedia.com\/#website"},"datePublished":"2022-10-29T15:02:14+00:00","dateModified":"2023-05-17T13:24:15+00:00","breadcrumb":{"@id":"https:\/\/www.mentormedia.com\/case-studies\/#breadcrumb"},"inLanguage":"cs","potentialAction":[{"@type":"ReadAction","target":["https:\/\/www.mentormedia.com\/case-studies\/"]}]},{"@type":"BreadcrumbList","@id":"https:\/\/www.mentormedia.com\/case-studies\/#breadcrumb","itemListElement":[{"@type":"ListItem","position":1,"name":"Home","item":"https:\/\/www.mentormedia.com\/cs\/"},{"@type":"ListItem","position":2,"name":"P\u0159\u00edpadov\u00e9 studie"}]},{"@type":"WebSite","@id":"https:\/\/www.mentormedia.com\/#website","url":"https:\/\/www.mentormedia.com\/","name":"Mentor Media","description":"Global Supply Chain Solutions","publisher":{"@id":"https:\/\/www.mentormedia.com\/#organization"},"potentialAction":[{"@type":"SearchAction","target":{"@type":"EntryPoint","urlTemplate":"https:\/\/www.mentormedia.com\/?s={search_term_string}"},"query-input":{"@type":"PropertyValueSpecification","valueRequired":true,"valueName":"search_term_string"}}],"inLanguage":"cs"},{"@type":"Organization","@id":"https:\/\/www.mentormedia.com\/#organization","name":"Mentor Media","url":"https:\/\/www.mentormedia.com\/","logo":{"@type":"ImageObject","inLanguage":"cs","@id":"https:\/\/www.mentormedia.com\/#\/schema\/logo\/image\/","url":"https:\/\/www.mentormedia.com\/wp-content\/uploads\/2026\/02\/logo-mentor-media.webp","contentUrl":"https:\/\/www.mentormedia.com\/wp-content\/uploads\/2026\/02\/logo-mentor-media.webp","width":200,"height":82,"caption":"Mentor Media"},"image":{"@id":"https:\/\/www.mentormedia.com\/#\/schema\/logo\/image\/"}}]}},"_links":{"self":[{"href":"https:\/\/www.mentormedia.com\/cs\/wp-json\/wp\/v2\/pages\/3116","targetHints":{"allow":["GET"]}}],"collection":[{"href":"https:\/\/www.mentormedia.com\/cs\/wp-json\/wp\/v2\/pages"}],"about":[{"href":"https:\/\/www.mentormedia.com\/cs\/wp-json\/wp\/v2\/types\/page"}],"author":[{"embeddable":true,"href":"https:\/\/www.mentormedia.com\/cs\/wp-json\/wp\/v2\/users\/1"}],"replies":[{"embeddable":true,"href":"https:\/\/www.mentormedia.com\/cs\/wp-json\/wp\/v2\/comments?post=3116"}],"version-history":[{"count":6,"href":"https:\/\/www.mentormedia.com\/cs\/wp-json\/wp\/v2\/pages\/3116\/revisions"}],"predecessor-version":[{"id":7525,"href":"https:\/\/www.mentormedia.com\/cs\/wp-json\/wp\/v2\/pages\/3116\/revisions\/7525"}],"wp:attachment":[{"href":"https:\/\/www.mentormedia.com\/cs\/wp-json\/wp\/v2\/media?parent=3116"}],"curies":[{"name":"wp","href":"https:\/\/api.w.org\/{rel}","templated":true}]}}